{"id":10,"date":"2016-10-11T21:22:16","date_gmt":"2016-10-11T21:22:16","guid":{"rendered":"http:\/\/www.cfmta.org\/archive\/?page_id=10"},"modified":"2020-11-05T17:05:28","modified_gmt":"2020-11-05T17:05:28","slug":"home","status":"publish","type":"page","link":"https:\/\/www.cfmta.org\/archive\/","title":{"rendered":"Home \/ Accueil"},"content":{"rendered":"<div id=\"pl-10\"  class=\"panel-layout\" ><div id=\"pg-10-0\"  class=\"panel-grid panel-no-style\" ><div id=\"pgc-10-0-0\"  class=\"panel-grid-cell panel-grid-cell-empty\" ><\/div><div id=\"pgc-10-0-1\"  class=\"panel-grid-cell\" ><div id=\"panel-10-0-1-0\" class=\"so-panel widget widget_black-studio-tinymce widget_black_studio_tinymce panel-first-child panel-last-child\" data-index=\"0\" ><div class=\"textwidget\"><p>The Archives form a valuable record of the CFMTA, founded in 1935. Under each of the headings, you will find various categories that represent our dedication\u00a0to the art of music teaching.<\/p>\n<p>This website is a \"work in progress\" and will be ongoing.<\/p>\n<\/div><\/div><\/div><div id=\"pgc-10-0-2\"  class=\"panel-grid-cell panel-grid-cell-mobile-last\" ><div id=\"panel-10-0-2-0\" class=\"so-panel widget widget_black-studio-tinymce widget_black_studio_tinymce panel-first-child panel-last-child\" data-index=\"1\" ><div class=\"textwidget\"><p style=\"text-align: right;\">Les Archives constituent un pr\u00e9cieux dossier de la FCAPM, fond\u00e9e en 1935. Sous chacune des rubriques, vous trouverez diff\u00e9rentes cat\u00e9gories qui repr\u00e9sentent notre d\u00e9vouement \u00e0 l'art de l'enseignement de la musique.<\/p>\n<p style=\"text-align: right;\">Ce site est en cours d\u2019\u00e9laboration<\/p>\n<\/div><\/div><\/div><div id=\"pgc-10-0-3\"  class=\"panel-grid-cell panel-grid-cell-empty\" ><\/div><\/div><\/div>","protected":false},"excerpt":{"rendered":"<p>The Archives form a valuable record of the CFMTA, founded in 1935. Under each of the headings, you will find various categories that represent our dedication\u00a0to the art of music teaching.This website is a &#8220;work in progress&#8221; and will be &hellip; <a class=\"kt-excerpt-readmore\" href=\"https:\/\/www.cfmta.org\/archive\/\" aria-label=\"Home \/ Accueil\">Read More<\/a><\/p>\n","protected":false},"author":3,"featured_media":0,"parent":0,"menu_order":0,"comment_status":"closed","ping_status":"closed","template":"page-fullwidth.php","meta":{"kt_blocks_editor_width":"","footnotes":""},"class_list":["post-10","page","type-page","status-publish","hentry"],"_links":{"self":[{"href":"https:\/\/www.cfmta.org\/archive\/wp-json\/wp\/v2\/pages\/10","targetHints":{"allow":["GET"]}}],"collection":[{"href":"https:\/\/www.cfmta.org\/archive\/wp-json\/wp\/v2\/pages"}],"about":[{"href":"https:\/\/www.cfmta.org\/archive\/wp-json\/wp\/v2\/types\/page"}],"author":[{"embeddable":true,"href":"https:\/\/www.cfmta.org\/archive\/wp-json\/wp\/v2\/users\/3"}],"replies":[{"embeddable":true,"href":"https:\/\/www.cfmta.org\/archive\/wp-json\/wp\/v2\/comments?post=10"}],"version-history":[{"count":5,"href":"https:\/\/www.cfmta.org\/archive\/wp-json\/wp\/v2\/pages\/10\/revisions"}],"predecessor-version":[{"id":1359,"href":"https:\/\/www.cfmta.org\/archive\/wp-json\/wp\/v2\/pages\/10\/revisions\/1359"}],"wp:attachment":[{"href":"https:\/\/www.cfmta.org\/archive\/wp-json\/wp\/v2\/media?parent=10"}],"curies":[{"name":"wp","href":"https:\/\/api.w.org\/{rel}","templated":true}]}}