{"id":39,"date":"2017-01-14T19:03:53","date_gmt":"2017-01-14T19:03:53","guid":{"rendered":"http:\/\/www.cfmta.org\/archive\/?page_id=39"},"modified":"2022-12-21T02:10:45","modified_gmt":"2022-12-21T02:10:45","slug":"william-andrews-award","status":"publish","type":"page","link":"https:\/\/www.cfmta.org\/archive\/william-andrews-award\/","title":{"rendered":"William Andrews Award \/ Le prix William Andrews"},"content":{"rendered":"<div id=\"pl-39\"  class=\"panel-layout\" ><div id=\"pg-39-0\"  class=\"panel-grid panel-no-style\" ><div id=\"pgc-39-0-0\"  class=\"panel-grid-cell panel-grid-cell-empty\" ><\/div><div id=\"pgc-39-0-1\"  class=\"panel-grid-cell\" ><div id=\"panel-39-0-1-0\" class=\"so-panel widget widget_black-studio-tinymce widget_black_studio_tinymce panel-first-child panel-last-child\" data-index=\"0\" ><div class=\"textwidget\"><p>CFMTA is presenting two awards of $250 each to the two entries judged as the most worthy by a panel of judges from across Canada. All branches in Canada are eligible to submit an application.<\/p>\n<p>These awards are made possible by the generous annual donation of William Andrews of Toronto, ON.<\/p>\n<p>William Andrews is an excellent musician and is supportive of young musicians. In addition to his financial support for CFMTA, he is our travel agent for delegate travel and special events.<\/p>\n<\/div><\/div><\/div><div id=\"pgc-39-0-2\"  class=\"panel-grid-cell panel-grid-cell-mobile-last\" ><div id=\"panel-39-0-2-0\" class=\"so-panel widget widget_black-studio-tinymce widget_black_studio_tinymce panel-first-child panel-last-child\" data-index=\"1\" ><div class=\"textwidget\"><p>La CFMTA\/FCAPM remet deux prix de 250 $ chacun aux deux candidatures jug\u00e9es comme \u00e9tant les plus m\u00e9ritantes par les membres du jury provenant de partout au Canada.<\/p>\n<p>Toutes les divisions canadiennes peuvent soumettre une demande.<br \/>Ces prix sont rendus possibles gr\u00e2ce aux g\u00e9n\u00e9reux dons annuels de William Andrews de Toronto, Ontario.<\/p>\n<p>M. Andrews est un musicien d'excellence qui appuie les jeunes musiciens. En plus de son soutien financier envers la FCAPM, il est l'agent de voyages de nos d\u00e9l\u00e9gu\u00e9s et lors de nos \u00e9v\u00e9nements sp\u00e9ciaux.<\/p>\n<\/div><\/div><\/div><div id=\"pgc-39-0-3\"  class=\"panel-grid-cell panel-grid-cell-empty\" ><\/div><\/div><div id=\"pg-39-1\"  class=\"panel-grid panel-no-style\" ><div id=\"pgc-39-1-0\"  class=\"panel-grid-cell panel-grid-cell-empty\" ><\/div><div id=\"pgc-39-1-1\"  class=\"panel-grid-cell panel-grid-cell-mobile-last\" ><div id=\"panel-39-1-1-0\" class=\"so-panel widget widget_black-studio-tinymce widget_black_studio_tinymce panel-first-child panel-last-child\" data-index=\"2\" ><div class=\"textwidget\"><h4>Past Winners \/\u00a0Gagnants pass\u00e9s<\/h4>\n<p><a href=\"https:\/\/www.cfmta.org\/docs\/reports\/cmw\/WWA2022.pdf\" target=\"_blank\" rel=\"noopener\">2022<\/a> - Central Toronto, Ontario - Halifax, Nova Scotia<\/p>\n<p><a href=\"https:\/\/www.cfmta.org\/archive\/wp-content\/uploads\/2022\/09\/WilliamAndrew2021.pdf\" target=\"_blank\" rel=\"noopener\">2021<\/a> - Coquitlam\/Maple Ridge, British Columbia - Newmarket &amp; Area, Ontario<\/p>\n<p><a href=\"https:\/\/www.cfmta.org\/archive\/wp-content\/uploads\/2021\/02\/2020_William_andrews.pdf\" target=\"_blank\" rel=\"noopener\">2020<\/a> - North Island, British Columbia<\/p>\n<p><a href=\"https:\/\/www.cfmta.org\/archive\/wp-content\/uploads\/2020\/09\/Williamandrews2019.pdf\" target=\"_blank\" rel=\"noopener\">2019<\/a> - Lethbridge, Alberta - Halifax, Nova Scotia<\/p>\n<p><a href=\"https:\/\/www.cfmta.org\/archive\/wp-content\/uploads\/2019\/01\/2018-William-Andrews-Awards.pdf\" target=\"_blank\" rel=\"noopener\">2018<\/a> - Prince Edward Island - Kitchener-Waterloo, Ontario<\/p>\n<p><a href=\"https:\/\/www.cfmta.org\/archive\/wp-content\/uploads\/2018\/04\/William-Andrews-Award-2017.pdf\">2017<\/a> - Abbotsford, British Columbia\u00a0 -\u00a0 North Island, British Columbia<\/p>\n<p><a href=\"https:\/\/www.cfmta.org\/archive\/wp-content\/uploads\/2017\/01\/2016-William-Andrews-Awards.pdf\" target=\"_blank\" rel=\"noopener\">2016<\/a> - Owen Sound, Ontario \u00a0- \u00a0Central Toronto, Ontario<\/p>\n<p><a href=\"https:\/\/www.cfmta.org\/archive\/wp-content\/uploads\/2017\/01\/2015-William-Andreew-Award.pdf\" target=\"_blank\" rel=\"noopener\">2015<\/a> - Swift Current, Saskatchewan \u00a0- \u00a0Kitchener-Waterloo, Ontario<\/p>\n<p><a href=\"https:\/\/www.cfmta.org\/archive\/wp-content\/uploads\/2017\/01\/2014_William_Andrew_Award_Recipients.pdf\" target=\"_blank\" rel=\"noopener\">2014<\/a> - North Shore, British Columbia \u00a0- \u00a0Barrie, Ontario<\/p>\n<p><a href=\"https:\/\/www.cfmta.org\/archive\/wp-content\/uploads\/2017\/01\/2013_William_Andrew_Award_Recipients.pdf\">2013<\/a> - North Shore, British Columbia \u00a0- \u00a0Halifax, Nova Scotia<\/p>\n<p><a href=\"https:\/\/www.cfmta.org\/archive\/wp-content\/uploads\/2017\/01\/William_Andrews_Award_2012.pdf\">2012 <\/a>- Newmarket &amp; Area, Ontario \u00a0- \u00a0Kitchener-Waterloo, Ontario<\/p>\n<p><a href=\"https:\/\/www.cfmta.org\/archive\/wp-content\/uploads\/2017\/01\/William_Andrews_Award_2011.pdf\">2011 <\/a>- Halifax, Nova Scotia<\/p>\n<p><a href=\"https:\/\/www.cfmta.org\/archive\/wp-content\/uploads\/2017\/01\/William_Andrews_Award_Recipients_2010.pdf\">2010<\/a> - North Island, British Columbia \u00a0- \u00a0Charlottetown - Prince Edward Island<\/p>\n<p><a href=\"https:\/\/www.cfmta.org\/archive\/wp-content\/uploads\/2017\/01\/William_Andrews_Award_Recipients_2009.pdf\">2009<\/a> - South Fraser, British Columbia \u00a0- \u00a0Halifax, Nova Scotia<\/p>\n<\/div><\/div><\/div><div id=\"pgc-39-1-2\"  class=\"panel-grid-cell panel-grid-cell-empty\" ><\/div><\/div><\/div>","protected":false},"excerpt":{"rendered":"<p>CFMTA is presenting two awards of $250 each to the two entries judged as the most worthy by a panel of judges from across Canada. All branches in Canada are eligible to submit an application.These awards are made possible by &hellip; <a class=\"kt-excerpt-readmore\" href=\"https:\/\/www.cfmta.org\/archive\/william-andrews-award\/\" aria-label=\"William Andrews Award \/ Le prix William Andrews\">Read More<\/a><\/p>\n","protected":false},"author":3,"featured_media":0,"parent":0,"menu_order":0,"comment_status":"closed","ping_status":"closed","template":"page-fullwidth.php","meta":{"kt_blocks_editor_width":"","footnotes":""},"class_list":["post-39","page","type-page","status-publish","hentry"],"_links":{"self":[{"href":"https:\/\/www.cfmta.org\/archive\/wp-json\/wp\/v2\/pages\/39","targetHints":{"allow":["GET"]}}],"collection":[{"href":"https:\/\/www.cfmta.org\/archive\/wp-json\/wp\/v2\/pages"}],"about":[{"href":"https:\/\/www.cfmta.org\/archive\/wp-json\/wp\/v2\/types\/page"}],"author":[{"embeddable":true,"href":"https:\/\/www.cfmta.org\/archive\/wp-json\/wp\/v2\/users\/3"}],"replies":[{"embeddable":true,"href":"https:\/\/www.cfmta.org\/archive\/wp-json\/wp\/v2\/comments?post=39"}],"version-history":[{"count":14,"href":"https:\/\/www.cfmta.org\/archive\/wp-json\/wp\/v2\/pages\/39\/revisions"}],"predecessor-version":[{"id":1655,"href":"https:\/\/www.cfmta.org\/archive\/wp-json\/wp\/v2\/pages\/39\/revisions\/1655"}],"wp:attachment":[{"href":"https:\/\/www.cfmta.org\/archive\/wp-json\/wp\/v2\/media?parent=39"}],"curies":[{"name":"wp","href":"https:\/\/api.w.org\/{rel}","templated":true}]}}