{"id":2364,"date":"2017-11-24T10:29:01","date_gmt":"2017-11-24T18:29:01","guid":{"rendered":"http:\/\/www.cfmta.org\/en\/?page_id=2364"},"modified":"2026-03-02T07:30:47","modified_gmt":"2026-03-02T15:30:47","slug":"call-for-compositions-appel-a-compositions","status":"publish","type":"page","link":"https:\/\/www.cfmta.org\/en\/call-for-compositions-appel-a-compositions\/","title":{"rendered":"Call for Compositions \/ Appel \u00e0 compositions"},"content":{"rendered":"<div id=\"pl-2364\"  class=\"panel-layout\" ><div id=\"pg-2364-0\"  class=\"panel-grid panel-no-style\" ><div id=\"pgc-2364-0-0\"  class=\"panel-grid-cell panel-grid-cell-empty\" ><\/div><div id=\"pgc-2364-0-1\"  class=\"panel-grid-cell panel-grid-cell-mobile-last\" ><div id=\"panel-2364-0-1-0\" class=\"so-panel widget widget_black-studio-tinymce widget_black_studio_tinymce panel-first-child panel-last-child\" data-index=\"0\" ><div class=\"textwidget\"><h5 style=\"text-align: center;\">2027<\/h5>\n<h5 style=\"text-align: center;\">Call for Compositions - Online Application\u00a0 \/\u00a0\u00a0Appel \u00e0 compositions \u2013 Inscription en ligne<\/h5>\n<p style=\"text-align: center;\">Application Deadline: March 1, 2027 \/ Date limite d'inscription : 1er mars 2027<\/p>\n<p>&nbsp;<\/p>\n<p>&nbsp;<\/p>\n<h5 style=\"text-align: center;\"><\/h5>\n<h5 style=\"text-align: center;\"><\/h5>\n<\/div><\/div><\/div><div id=\"pgc-2364-0-2\"  class=\"panel-grid-cell panel-grid-cell-empty\" ><\/div><\/div><div id=\"pg-2364-1\"  class=\"panel-grid panel-no-style\" ><div id=\"pgc-2364-1-0\"  class=\"panel-grid-cell\" ><div id=\"panel-2364-1-0-0\" class=\"so-panel widget widget_sow-editor panel-first-child panel-last-child\" data-index=\"1\" ><div\n\t\t\t\n\t\t\tclass=\"so-widget-sow-editor so-widget-sow-editor-base\"\n\t\t\t\n\t\t>\n<div class=\"siteorigin-widget-tinymce textwidget\">\n\t<ul>\n<li>Submissions must be new, unpublished pieces, not previously recorded in any form.<\/li>\n<li>One submission per composer per category.<\/li>\n<li>Applications will only be accepted online.<\/li>\n<li>Submission must be a written score (digital or handwritten).<\/li>\n<li>Only PDF will be accepted.<\/li>\n<li>Please include title on score but no name.<\/li>\n<li><em><strong>P<\/strong><\/em><em><strong>lease note<\/strong> - any submissions with name will not be considered.<\/em><\/li>\n<\/ul>\n<\/div>\n<\/div><\/div><\/div><div id=\"pgc-2364-1-1\"  class=\"panel-grid-cell\" ><div id=\"panel-2364-1-1-0\" class=\"so-panel widget widget_sow-editor panel-first-child panel-last-child\" data-index=\"2\" ><div\n\t\t\t\n\t\t\tclass=\"so-widget-sow-editor so-widget-sow-editor-base\"\n\t\t\t\n\t\t>\n<div class=\"siteorigin-widget-tinymce textwidget\">\n\t<ul style=\"font-weight: 400;\">\n<li>Il doit s\u2019agir d\u2019\u0153uvres in\u00e9dites n\u2019ayant jamais \u00e9t\u00e9 enregistr\u00e9es, peu importe le format.<\/li>\n<li>Une soumission par compositeur par cat\u00e9gorie.<\/li>\n<li>Les candidatures seront accept\u00e9es en ligne seulement.<\/li>\n<li>La composition soumise doit \u00eatre \u00e9crite (manuscrite ou num\u00e9rique).<\/li>\n<li>Seuls les fichiers PDF seront accept\u00e9s.<\/li>\n<li>Veuillez indiquer le titre, mais aucun nom.<\/li>\n<li><em><strong>Notez bien<\/strong>\u00a0: Toute composition comportant le nom du compositeur sera refus\u00e9e.<\/em><\/li>\n<\/ul>\n<\/div>\n<\/div><\/div><\/div><\/div><div id=\"pg-2364-2\"  class=\"panel-grid panel-no-style\" ><div id=\"pgc-2364-2-0\"  class=\"panel-grid-cell\" ><div id=\"panel-2364-2-0-0\" class=\"so-panel widget widget_wpforms-widget wpforms-widget panel-first-child panel-last-child\" data-index=\"3\" ><div class=\"wpforms-container wpforms-container-full\" id=\"wpforms-2339\"><form id=\"wpforms-form-2339\" class=\"wpforms-validate wpforms-form\" data-formid=\"2339\" method=\"post\" enctype=\"multipart\/form-data\" action=\"\/en\/wp-json\/wp\/v2\/pages\/2364?wpforms_form_id=2339\" data-token=\"ddd65d7b14f060a035c00212f5419872\" data-token-time=\"1775596032\"><noscript class=\"wpforms-error-noscript\">Please enable JavaScript in your browser to complete this form.<\/noscript><div class=\"wpforms-field-container\"><div id=\"wpforms-2339-field_1-container\" class=\"wpforms-field wpforms-field-text wpforms-one-half wpforms-first wpforms-moblie-full\" data-field-id=\"1\"><label class=\"wpforms-field-label\" for=\"wpforms-2339-field_1\">Name \/ Nom <span class=\"wpforms-required-label\">*<\/span><\/label><input type=\"text\" id=\"wpforms-2339-field_1\" class=\"wpforms-field-large wpforms-field-required\" name=\"wpforms[fields][1]\" required><\/div><div id=\"wpforms-2339-field_2-container\" class=\"wpforms-field wpforms-field-email wpforms-one-half wpforms-moblie-full\" data-field-id=\"2\"><label class=\"wpforms-field-label\" for=\"wpforms-2339-field_2\">Email \/ Courriel <span class=\"wpforms-required-label\">*<\/span><\/label><input type=\"email\" id=\"wpforms-2339-field_2\" class=\"wpforms-field-large wpforms-field-required\" name=\"wpforms[fields][2]\" spellcheck=\"false\" required><\/div><div id=\"wpforms-2339-field_3-container\" class=\"wpforms-field wpforms-field-text\" data-field-id=\"3\"><label class=\"wpforms-field-label\" for=\"wpforms-2339-field_3\">Address \/ Adresse <span class=\"wpforms-required-label\">*<\/span><\/label><input type=\"text\" id=\"wpforms-2339-field_3\" class=\"wpforms-field-large wpforms-field-required\" name=\"wpforms[fields][3]\" required><\/div><div id=\"wpforms-2339-field_15-container\" class=\"wpforms-field wpforms-field-text wpforms-one-half wpforms-first wpforms-mobile-full\" data-field-id=\"15\"><label class=\"wpforms-field-label\" for=\"wpforms-2339-field_15\">City \/ Ville <span class=\"wpforms-required-label\">*<\/span><\/label><input type=\"text\" id=\"wpforms-2339-field_15\" class=\"wpforms-field-large wpforms-field-required\" name=\"wpforms[fields][15]\" required><\/div><div id=\"wpforms-2339-field_16-container\" class=\"wpforms-field wpforms-field-text wpforms-one-half wpforms-mobile-full\" data-field-id=\"16\"><label class=\"wpforms-field-label\" for=\"wpforms-2339-field_16\">Province \/ Province <span class=\"wpforms-required-label\">*<\/span><\/label><input type=\"text\" id=\"wpforms-2339-field_16\" class=\"wpforms-field-large wpforms-field-required\" name=\"wpforms[fields][16]\" required><\/div><div id=\"wpforms-2339-field_4-container\" class=\"wpforms-field wpforms-field-text wpforms-one-half wpforms-first wpforms-mobile-full\" data-field-id=\"4\"><label class=\"wpforms-field-label\" for=\"wpforms-2339-field_4\">Postal Code \/ Code postal <span class=\"wpforms-required-label\">*<\/span><\/label><input type=\"text\" id=\"wpforms-2339-field_4\" class=\"wpforms-field-large wpforms-field-required\" name=\"wpforms[fields][4]\" required><\/div><div id=\"wpforms-2339-field_5-container\" class=\"wpforms-field wpforms-field-phone wpforms-one-half wpforms-mobile-full\" data-field-id=\"5\"><label class=\"wpforms-field-label\" for=\"wpforms-2339-field_5\">Phone \/ Num\u00e9ro de t\u00e9l\u00e9phone <span class=\"wpforms-required-label\">*<\/span><\/label><input type=\"tel\" id=\"wpforms-2339-field_5\" class=\"wpforms-field-large wpforms-field-required wpforms-masked-input\" data-inputmask=\"&#039;mask&#039;: &#039;(999) 999-9999&#039;\" data-rule-us-phone-field=\"true\" data-inputmask-inputmode=\"tel\" name=\"wpforms[fields][5]\" aria-label=\"Phone \/ Num\u00e9ro de t\u00e9l\u00e9phone\" required><\/div><div id=\"wpforms-2339-field_9-container\" class=\"wpforms-field wpforms-field-radio\" data-field-id=\"9\"><label class=\"wpforms-field-label\">Category \/ Cat\u00e9gorie <span class=\"wpforms-required-label\">*<\/span><\/label><ul id=\"wpforms-2339-field_9\" class=\"wpforms-field-required\"><li class=\"choice-1 depth-1\"><input type=\"radio\" id=\"wpforms-2339-field_9_1\" name=\"wpforms[fields][9]\" value=\"Piano \/ Harp  - Grades 3-4 | piano \/ harp - 3e-4e ann\u00e9es\" required ><label class=\"wpforms-field-label-inline\" for=\"wpforms-2339-field_9_1\">Piano \/ Harp  - Grades 3-4 | piano \/ harp - 3e-4e ann\u00e9es<\/label><\/li><li class=\"choice-2 depth-1\"><input type=\"radio\" id=\"wpforms-2339-field_9_2\" name=\"wpforms[fields][9]\" value=\"Piano \/ Harp  - Grades 5-6 | piano \/ harp - 5e-6e ann\u00e9es\" required ><label class=\"wpforms-field-label-inline\" for=\"wpforms-2339-field_9_2\">Piano \/ Harp  - Grades 5-6 | piano \/ harp - 5e-6e ann\u00e9es<\/label><\/li><li class=\"choice-3 depth-1\"><input type=\"radio\" id=\"wpforms-2339-field_9_3\" name=\"wpforms[fields][9]\" value=\"Vocal with accompaniment - Grades 3-4 \/ Chant accompagn\u00e9 - 3e-4e ann\u00e9es\" required ><label class=\"wpforms-field-label-inline\" for=\"wpforms-2339-field_9_3\">Vocal with accompaniment - Grades 3-4 \/ Chant accompagn\u00e9 - 3e-4e ann\u00e9es<\/label><\/li><li class=\"choice-5 depth-1\"><input type=\"radio\" id=\"wpforms-2339-field_9_5\" name=\"wpforms[fields][9]\" value=\"Vocal with accompaniment - Grades 5-6 \/ Chant accompagn\u00e9 -  5e-6e ann\u00e9es\" required ><label class=\"wpforms-field-label-inline\" for=\"wpforms-2339-field_9_5\">Vocal with accompaniment - Grades 5-6 \/ Chant accompagn\u00e9 -  5e-6e ann\u00e9es<\/label><\/li><li class=\"choice-4 depth-1\"><input type=\"radio\" id=\"wpforms-2339-field_9_4\" name=\"wpforms[fields][9]\" value=\"Instrumental with accompaniment - Grades 3-4 \/ Instrumental avec accompagnement - 3e-4e ann\u00e9es\" required ><label class=\"wpforms-field-label-inline\" for=\"wpforms-2339-field_9_4\">Instrumental with accompaniment - Grades 3-4 \/ Instrumental avec accompagnement - 3e-4e ann\u00e9es<\/label><\/li><li class=\"choice-6 depth-1\"><input type=\"radio\" id=\"wpforms-2339-field_9_6\" name=\"wpforms[fields][9]\" value=\"Instrumental with accompaniment - Grades 5-6 \/  Instrumental avec accompagnement - 5e-6e ann\u00e9es\" required ><label class=\"wpforms-field-label-inline\" for=\"wpforms-2339-field_9_6\">Instrumental with accompaniment - Grades 5-6 \/  Instrumental avec accompagnement - 5e-6e ann\u00e9es<\/label><\/li><\/ul><\/div><div id=\"wpforms-2339-field_10-container\" class=\"wpforms-field wpforms-field-text\" data-field-id=\"10\"><label class=\"wpforms-field-label\" for=\"wpforms-2339-field_10\">Composition Title \/ Titre de la   <span class=\"wpforms-required-label\">*<\/span><\/label><input type=\"text\" id=\"wpforms-2339-field_10\" class=\"wpforms-field-large wpforms-field-required\" name=\"wpforms[fields][10]\" required><div class=\"wpforms-field-description\">* Please submit entry without name on the composition \/ Veuillez soumettre une entr\u00e9e sans nom sur la composition<\/div><\/div><div id=\"wpforms-2339-field_11-container\" class=\"wpforms-field wpforms-field-file-upload\" data-field-id=\"11\"><label class=\"wpforms-field-label\" for=\"wpforms-2339-field_11\">File Upload \/ T\u00e9l\u00e9chargement de fichiers <span class=\"wpforms-required-label\">*<\/span><\/label><div\n\t\tclass=\"wpforms-uploader wpforms-field-required\"\n\t\tdata-field-id=\"11\"\n\t\tdata-form-id=\"2339\"\n\t\tdata-input-name=\"wpforms_2339_11\"\n\t\tdata-extensions=\"pdf\"\n\t\tdata-max-size=\"2097152\"\n\t\tdata-max-file-number=\"1\"\n\t\tdata-post-max-size=\"2097152\"\n\t\tdata-max-parallel-uploads=\"4\"\n\t\tdata-parallel-uploads=\"true\"\n\t\tdata-file-chunk-size=\"2097152\">\n\t<div class=\"dz-message\">\n\t\t<svg  viewBox=\"0 0 640 640\" focusable=\"false\" data-icon=\"inbox\" width=\"50px\" height=\"50px\" fill=\"currentColor\" aria-hidden=\"true\">\n\t\t\t<path d=\"M352 173.3L352 384C352 401.7 337.7 416 320 416C302.3 416 288 401.7 288 384L288 173.3L246.6 214.7C234.1 227.2 213.8 227.2 201.3 214.7C188.8 202.2 188.8 181.9 201.3 169.4L297.3 73.4C309.8 60.9 330.1 60.9 342.6 73.4L438.6 169.4C451.1 181.9 451.1 202.2 438.6 214.7C426.1 227.2 405.8 227.2 393.3 214.7L352 173.3zM320 464C364.2 464 400 428.2 400 384L480 384C515.3 384 544 412.7 544 448L544 480C544 515.3 515.3 544 480 544L160 544C124.7 544 96 515.3 96 480L96 448C96 412.7 124.7 384 160 384L240 384C240 428.2 275.8 464 320 464zM464 488C477.3 488 488 477.3 488 464C488 450.7 477.3 440 464 440C450.7 440 440 450.7 440 464C440 477.3 450.7 488 464 488z\"\/>\n\t\t<\/svg>\n\n\t\t<span class=\"modern-title\">\n\t\t\t\t\t\t\tDrag &amp; Drop Files, \t\t\t\t<span>Choose Files to Upload<\/span>\n\t\t\t\t\t<\/span>\n\n\t\t\t<\/div>\n<\/div>\n\n<input\n\t\ttype=\"text\"\n\t\tautocomplete=\"off\"\n\t\treadonly\n\t\tclass=\"dropzone-input\"\n\t\tstyle=\"position:absolute!important;clip:rect(0,0,0,0)!important;height:1px!important;width:1px!important;border:0!important;overflow:hidden!important;padding:0!important;margin:0!important;\"\n\t\tid=\"wpforms-2339-field_11\"\n\t\tname=\"wpforms_2339_11\" required\t\tvalue=\"\">\n<div class=\"wpforms-field-description\">Name file: TITLE_CATEGORY  \/  Nom du fichier: TITRE_CAT\u00c9GORIE - Please note only PDF files will be accepted \/ Seulement les fichiers PDF seront accept\u00e9s <\/div><\/div><div id=\"wpforms-2339-field_23-container\" class=\"wpforms-field wpforms-field-text\" data-field-id=\"23\"><label class=\"wpforms-field-label\" for=\"wpforms-2339-field_23\">Link to mp4 or wav file (optional) \/ Lien vers le fichier mp4 ou wav<\/label><input type=\"text\" id=\"wpforms-2339-field_23\" class=\"wpforms-field-large\" name=\"wpforms[fields][23]\" ><div class=\"wpforms-field-description\">This is not an upload - only include the link to the audio file (dropbox, google doc etc.)<\/div><\/div><div id=\"wpforms-2339-field_17-container\" class=\"wpforms-field wpforms-field-checkbox\" data-field-id=\"17\"><label class=\"wpforms-field-label\">I hereby certify that the attached submission for the CFMTA Call for Compositions is an original unpublished work, and not previously recorded.<\/label><ul id=\"wpforms-2339-field_17\"><li class=\"choice-1 depth-1\"><input type=\"checkbox\" id=\"wpforms-2339-field_17_1\" name=\"wpforms[fields][17][]\" value=\"Yes \/ Oui\"  ><label class=\"wpforms-field-label-inline\" for=\"wpforms-2339-field_17_1\">Yes \/ Oui<\/label><\/li><\/ul><div class=\"wpforms-field-description\">Par la pr\u00e9sente, je d\u00e9clare que la composition ci-jointe soumise \u00e0 l'Appel \u00e0 compositions de la FCAPM est une \u0153uvre originale qui n'a jamais \u00e9t\u00e9 publi\u00e9e ni enregistr\u00e9e.<\/div><\/div><div id=\"wpforms-2339-field_18-container\" class=\"wpforms-field wpforms-field-text\" data-field-id=\"18\"><label class=\"wpforms-field-label\" for=\"wpforms-2339-field_18\">Short Bio \/  courte biographie <span class=\"wpforms-required-label\">*<\/span><\/label><input type=\"text\" id=\"wpforms-2339-field_18\" class=\"wpforms-field-large wpforms-field-required\" name=\"wpforms[fields][18]\" required><div class=\"wpforms-field-description\">150 words \/ 150 mots<\/div><\/div><div id=\"wpforms-2339-field_19-container\" class=\"wpforms-field wpforms-field-file-upload\" data-field-id=\"19\"><label class=\"wpforms-field-label\" for=\"wpforms-2339-field_19\">Photo \/ photo <span class=\"wpforms-required-label\">*<\/span><\/label><div\n\t\tclass=\"wpforms-uploader wpforms-field-required\"\n\t\tdata-field-id=\"19\"\n\t\tdata-form-id=\"2339\"\n\t\tdata-input-name=\"wpforms_2339_19\"\n\t\tdata-extensions=\"jpg,jpeg,jpe,gif,png,bmp,tiff,tif,webp,avif,ico,heic,heif,heics,heifs,asf,asx,wmv,wmx,wm,avi,divx,mov,qt,mpeg,mpg,mpe,mp4,m4v,ogv,webm,mkv,3gp,3gpp,3g2,3gp2,txt,asc,c,cc,h,srt,csv,tsv,ics,rtx,css,vtt,mp3,m4a,m4b,aac,ra,ram,wav,x-wav,ogg,oga,flac,mid,midi,wma,wax,mka,rtf,pdf,class,tar,zip,gz,gzip,rar,7z,psd,xcf,doc,pot,pps,ppt,wri,xla,xls,xlt,xlw,mpp,docx,docm,dotx,dotm,xlsx,xlsm,xlsb,xltx,xltm,xlam,pptx,pptm,ppsx,ppsm,potx,potm,ppam,sldx,sldm,onetoc,onetoc2,onepkg,oxps,xps,odt,odp,ods,odg,odc,odb,odf,wp,wpd,key,numbers,pages,redux\"\n\t\tdata-max-size=\"2097152\"\n\t\tdata-max-file-number=\"1\"\n\t\tdata-post-max-size=\"2097152\"\n\t\tdata-max-parallel-uploads=\"4\"\n\t\tdata-parallel-uploads=\"true\"\n\t\tdata-file-chunk-size=\"2097152\">\n\t<div class=\"dz-message\">\n\t\t<svg  viewBox=\"0 0 640 640\" focusable=\"false\" data-icon=\"inbox\" width=\"50px\" height=\"50px\" fill=\"currentColor\" aria-hidden=\"true\">\n\t\t\t<path d=\"M352 173.3L352 384C352 401.7 337.7 416 320 416C302.3 416 288 401.7 288 384L288 173.3L246.6 214.7C234.1 227.2 213.8 227.2 201.3 214.7C188.8 202.2 188.8 181.9 201.3 169.4L297.3 73.4C309.8 60.9 330.1 60.9 342.6 73.4L438.6 169.4C451.1 181.9 451.1 202.2 438.6 214.7C426.1 227.2 405.8 227.2 393.3 214.7L352 173.3zM320 464C364.2 464 400 428.2 400 384L480 384C515.3 384 544 412.7 544 448L544 480C544 515.3 515.3 544 480 544L160 544C124.7 544 96 515.3 96 480L96 448C96 412.7 124.7 384 160 384L240 384C240 428.2 275.8 464 320 464zM464 488C477.3 488 488 477.3 488 464C488 450.7 477.3 440 464 440C450.7 440 440 450.7 440 464C440 477.3 450.7 488 464 488z\"\/>\n\t\t<\/svg>\n\n\t\t<span class=\"modern-title\">\n\t\t\t\t\t\t\tDrag &amp; Drop Files, \t\t\t\t<span>Choose Files to Upload<\/span>\n\t\t\t\t\t<\/span>\n\n\t\t\t<\/div>\n<\/div>\n\n<input\n\t\ttype=\"text\"\n\t\tautocomplete=\"off\"\n\t\treadonly\n\t\tclass=\"dropzone-input\"\n\t\tstyle=\"position:absolute!important;clip:rect(0,0,0,0)!important;height:1px!important;width:1px!important;border:0!important;overflow:hidden!important;padding:0!important;margin:0!important;\"\n\t\tid=\"wpforms-2339-field_19\"\n\t\tname=\"wpforms_2339_19\" required\t\tvalue=\"\">\n<\/div><div id=\"wpforms-2339-field_14-container\" class=\"wpforms-field wpforms-field-text\" data-field-id=\"14\"><label class=\"wpforms-field-label\" for=\"wpforms-2339-field_14\">Date of Application \/ Date d&#039;application <span class=\"wpforms-required-label\">*<\/span><\/label><input type=\"text\" id=\"wpforms-2339-field_14\" class=\"wpforms-field-large wpforms-field-required\" name=\"wpforms[fields][14]\" required><\/div><div id=\"wpforms-2339-field_21-container\" class=\"wpforms-field wpforms-field-html\" data-field-id=\"21\"><div id=\"wpforms-2339-field_21\"><p><strong>Please note:<\/strong> all winners and Honourable Mentions for programs and competitions will be acknowledged on some or all of the following platforms:\r\nCFMTA Social Media Posts \/ CFMTA Website \/ Canadian Music Teacher Magazine (CMT) \/ Of Note e-memo<\/p>\r\n<p><strong>Veuillez noter<\/strong> que tous les gagnants et r\u00e9cipiendaires de mentions honorables seront reconnus sur une ou toutes les plateformes suivantes :\r\nR\u00e9seaux sociaux de la FCAPM \/ Site Web de la FCAPM   \r\n \/ Magazine Le professeur de musique canadien (CMT) \/ M\u00e9mo Prenez note<\/p><\/div><\/div><div id=\"wpforms-2339-field_22-container\" class=\"wpforms-field wpforms-field-radio\" data-field-id=\"22\"><label class=\"wpforms-field-label wpforms-label-hide\">Media  <span class=\"wpforms-required-label\">*<\/span><\/label><ul id=\"wpforms-2339-field_22\" class=\"wpforms-field-required\"><li class=\"choice-1 depth-1\"><input type=\"radio\" id=\"wpforms-2339-field_22_1\" name=\"wpforms[fields][22]\" value=\"Yes \/ Oui\" required ><label class=\"wpforms-field-label-inline\" for=\"wpforms-2339-field_22_1\">Yes \/ Oui<\/label><\/li><\/ul><\/div><\/div><!-- .wpforms-field-container --><div class=\"wpforms-field wpforms-field-hp\"><label for=\"wpforms-2339-field-hp\" class=\"wpforms-field-label\">Phone<\/label><input type=\"text\" name=\"wpforms[hp]\" id=\"wpforms-2339-field-hp\" class=\"wpforms-field-medium\"><\/div><div class=\"wpforms-submit-container\" ><input type=\"hidden\" name=\"wpforms[id]\" value=\"2339\"><input type=\"hidden\" name=\"page_title\" value=\"\"><input type=\"hidden\" name=\"page_url\" value=\"https:\/\/www.cfmta.org\/en\/wp-json\/wp\/v2\/pages\/2364\"><input type=\"hidden\" name=\"url_referer\" value=\"\"><button type=\"submit\" name=\"wpforms[submit]\" id=\"wpforms-submit-2339\" class=\"wpforms-submit\" data-alt-text=\"Sending...\" data-submit-text=\"Submit \/ Soumettre\" aria-live=\"assertive\" value=\"wpforms-submit\">Submit \/ Soumettre<\/button><\/div><\/form><\/div>  <!-- .wpforms-container --><\/div><\/div><\/div><\/div>","protected":false},"excerpt":{"rendered":"<p>2027 Call for Compositions &#8211; Online Application\u00a0 \/\u00a0\u00a0Appel \u00e0 compositions \u2013 Inscription en ligne Application Deadline: March 1, 2027 \/ Date limite d&#8217;inscription : 1er mars 2027 &nbsp; &nbsp; Submissions must be new, unpublished pieces, not previously recorded in any &hellip; <a class=\"kt-excerpt-readmore\" href=\"https:\/\/www.cfmta.org\/en\/call-for-compositions-appel-a-compositions\/\" aria-label=\"Call for Compositions \/ Appel \u00e0 compositions\">Read More<\/a><\/p>\n","protected":false},"author":2,"featured_media":0,"parent":0,"menu_order":0,"comment_status":"closed","ping_status":"closed","template":"page-fullwidth.php","meta":{"kt_blocks_editor_width":"","footnotes":""},"class_list":["post-2364","page","type-page","status-publish","hentry"],"_links":{"self":[{"href":"https:\/\/www.cfmta.org\/en\/wp-json\/wp\/v2\/pages\/2364","targetHints":{"allow":["GET"]}}],"collection":[{"href":"https:\/\/www.cfmta.org\/en\/wp-json\/wp\/v2\/pages"}],"about":[{"href":"https:\/\/www.cfmta.org\/en\/wp-json\/wp\/v2\/types\/page"}],"author":[{"embeddable":true,"href":"https:\/\/www.cfmta.org\/en\/wp-json\/wp\/v2\/users\/2"}],"replies":[{"embeddable":true,"href":"https:\/\/www.cfmta.org\/en\/wp-json\/wp\/v2\/comments?post=2364"}],"version-history":[{"count":43,"href":"https:\/\/www.cfmta.org\/en\/wp-json\/wp\/v2\/pages\/2364\/revisions"}],"predecessor-version":[{"id":9401,"href":"https:\/\/www.cfmta.org\/en\/wp-json\/wp\/v2\/pages\/2364\/revisions\/9401"}],"wp:attachment":[{"href":"https:\/\/www.cfmta.org\/en\/wp-json\/wp\/v2\/media?parent=2364"}],"curies":[{"name":"wp","href":"https:\/\/api.w.org\/{rel}","templated":true}]}}