{"id":2435,"date":"2018-01-22T19:31:42","date_gmt":"2018-01-23T03:31:42","guid":{"rendered":"http:\/\/www.cfmta.org\/en\/?page_id=2435"},"modified":"2022-02-05T12:28:56","modified_gmt":"2022-02-05T20:28:56","slug":"prix-commemoratif-de-pedagogie-de-la-cfmta-fcapm","status":"publish","type":"page","link":"https:\/\/www.cfmta.org\/en\/prix-commemoratif-de-pedagogie-de-la-cfmta-fcapm\/","title":{"rendered":"Prix comm\u00e9moratif de p\u00e9dagogie de la CFMTA\/FCAPM"},"content":{"rendered":"<div id=\"pl-2435\"  class=\"panel-layout\" ><div id=\"pg-2435-0\"  class=\"panel-grid panel-no-style\" ><div id=\"pgc-2435-0-0\"  class=\"panel-grid-cell panel-grid-cell-empty\" ><\/div><div id=\"pgc-2435-0-1\"  class=\"panel-grid-cell panel-grid-cell-mobile-last\" ><div id=\"panel-2435-0-1-0\" class=\"so-panel widget widget_black-studio-tinymce widget_black_studio_tinymce panel-first-child\" data-index=\"0\" ><div class=\"textwidget\"><h4>Les demandes en ligne sont maintenant ferm\u00e9es<\/h4>\n<p>Veuillez faire parvenir la candidature \u00e0\u00a0:<\/p>\n<p>Lynn Ewing, responsable des Prix et concours<br \/>\n<a href=\"mailto:competitions@cfmta.org\">competitions@cfmta.org<\/a><\/p>\n<\/div><\/div><div id=\"panel-2435-0-1-1\" class=\"so-panel widget widget_wpforms-widget wpforms-widget panel-last-child\" data-index=\"1\" ><div class=\"wpforms-container wpforms-container-full\" id=\"wpforms-2434\"><form id=\"wpforms-form-2434\" class=\"wpforms-validate wpforms-form\" data-formid=\"2434\" method=\"post\" enctype=\"multipart\/form-data\" action=\"\/en\/wp-json\/wp\/v2\/pages\/2435?wpforms_form_id=2434\" data-token=\"1bc312ae1c2d7d562d4345060d1e9a58\" data-token-time=\"1775725104\"><noscript class=\"wpforms-error-noscript\">Please enable JavaScript in your browser to complete this form.<\/noscript><div class=\"wpforms-field-container\"><div id=\"wpforms-2434-field_5-container\" class=\"wpforms-field wpforms-field-divider\" data-field-id=\"5\"><h3 id=\"wpforms-2434-field_5\">Coordonn\u00e9es du candidat<\/h3><\/div><div id=\"wpforms-2434-field_33-container\" class=\"wpforms-field wpforms-field-text\" data-field-id=\"33\"><label class=\"wpforms-field-label\" for=\"wpforms-2434-field_33\">Nom <span class=\"wpforms-required-label\">*<\/span><\/label><input type=\"text\" id=\"wpforms-2434-field_33\" class=\"wpforms-field-large wpforms-field-required\" name=\"wpforms[fields][33]\" required><\/div><div id=\"wpforms-2434-field_25-container\" class=\"wpforms-field wpforms-field-text\" data-field-id=\"25\"><label class=\"wpforms-field-label\" for=\"wpforms-2434-field_25\">Adresse <span class=\"wpforms-required-label\">*<\/span><\/label><input type=\"text\" id=\"wpforms-2434-field_25\" class=\"wpforms-field-large wpforms-field-required\" name=\"wpforms[fields][25]\" required><\/div><div id=\"wpforms-2434-field_27-container\" class=\"wpforms-field wpforms-field-text wpforms-one-half wpforms-first\" data-field-id=\"27\"><label class=\"wpforms-field-label\" for=\"wpforms-2434-field_27\">Ville <span class=\"wpforms-required-label\">*<\/span><\/label><input type=\"text\" id=\"wpforms-2434-field_27\" class=\"wpforms-field-large wpforms-field-required\" name=\"wpforms[fields][27]\" required><\/div><div id=\"wpforms-2434-field_26-container\" class=\"wpforms-field wpforms-field-text wpforms-one-half\" data-field-id=\"26\"><label class=\"wpforms-field-label\" for=\"wpforms-2434-field_26\">Province <span class=\"wpforms-required-label\">*<\/span><\/label><input type=\"text\" id=\"wpforms-2434-field_26\" class=\"wpforms-field-large wpforms-field-required\" name=\"wpforms[fields][26]\" required><\/div><div id=\"wpforms-2434-field_28-container\" class=\"wpforms-field wpforms-field-text wpforms-one-half wpforms-first\" data-field-id=\"28\"><label class=\"wpforms-field-label\" for=\"wpforms-2434-field_28\">Code postal <span class=\"wpforms-required-label\">*<\/span><\/label><input type=\"text\" id=\"wpforms-2434-field_28\" class=\"wpforms-field-large wpforms-field-required\" name=\"wpforms[fields][28]\" required><\/div><div id=\"wpforms-2434-field_3-container\" class=\"wpforms-field wpforms-field-phone wpforms-one-half wpforms-first\" data-field-id=\"3\"><label class=\"wpforms-field-label\" for=\"wpforms-2434-field_3\">T\u00e9l\u00e9phone <span class=\"wpforms-required-label\">*<\/span><\/label><input type=\"tel\" id=\"wpforms-2434-field_3\" class=\"wpforms-field-large wpforms-field-required wpforms-masked-input\" data-inputmask=\"&#039;mask&#039;: &#039;(999) 999-9999&#039;\" data-rule-us-phone-field=\"true\" data-inputmask-inputmode=\"tel\" name=\"wpforms[fields][3]\" aria-label=\"T\u00e9l\u00e9phone\" required><\/div><div id=\"wpforms-2434-field_4-container\" class=\"wpforms-field wpforms-field-email wpforms-one-half\" data-field-id=\"4\"><label class=\"wpforms-field-label\" for=\"wpforms-2434-field_4\">Corriel <span class=\"wpforms-required-label\">*<\/span><\/label><input type=\"email\" id=\"wpforms-2434-field_4\" class=\"wpforms-field-large wpforms-field-required\" name=\"wpforms[fields][4]\" spellcheck=\"false\" required><\/div><div id=\"wpforms-2434-field_6-container\" class=\"wpforms-field wpforms-field-divider\" data-field-id=\"6\"><h3 id=\"wpforms-2434-field_6\">Coordonn\u00e9es du professeur<\/h3><\/div><div id=\"wpforms-2434-field_7-container\" class=\"wpforms-field wpforms-field-text wpforms-one-half wpforms-first\" data-field-id=\"7\"><label class=\"wpforms-field-label\" for=\"wpforms-2434-field_7\">Nom <span class=\"wpforms-required-label\">*<\/span><\/label><input type=\"text\" id=\"wpforms-2434-field_7\" class=\"wpforms-field-large wpforms-field-required\" name=\"wpforms[fields][7]\" required><\/div><div id=\"wpforms-2434-field_34-container\" class=\"wpforms-field wpforms-field-text wpforms-one-half\" data-field-id=\"34\"><label class=\"wpforms-field-label\" for=\"wpforms-2434-field_34\">Association r\u00e9gionale du professeur  <span class=\"wpforms-required-label\">*<\/span><\/label><input type=\"text\" id=\"wpforms-2434-field_34\" class=\"wpforms-field-large wpforms-field-required\" name=\"wpforms[fields][34]\" required><\/div><div id=\"wpforms-2434-field_32-container\" class=\"wpforms-field wpforms-field-text\" data-field-id=\"32\"><label class=\"wpforms-field-label\" for=\"wpforms-2434-field_32\">Adresse <span class=\"wpforms-required-label\">*<\/span><\/label><input type=\"text\" id=\"wpforms-2434-field_32\" class=\"wpforms-field-large wpforms-field-required\" name=\"wpforms[fields][32]\" required><\/div><div id=\"wpforms-2434-field_35-container\" class=\"wpforms-field wpforms-field-text wpforms-one-half wpforms-first\" data-field-id=\"35\"><label class=\"wpforms-field-label\" for=\"wpforms-2434-field_35\">Ville <span class=\"wpforms-required-label\">*<\/span><\/label><input type=\"text\" id=\"wpforms-2434-field_35\" class=\"wpforms-field-large wpforms-field-required\" name=\"wpforms[fields][35]\" required><\/div><div id=\"wpforms-2434-field_31-container\" class=\"wpforms-field wpforms-field-text wpforms-one-half\" data-field-id=\"31\"><label class=\"wpforms-field-label\" for=\"wpforms-2434-field_31\">Province <span class=\"wpforms-required-label\">*<\/span><\/label><input type=\"text\" id=\"wpforms-2434-field_31\" class=\"wpforms-field-large wpforms-field-required\" name=\"wpforms[fields][31]\" required><\/div><div id=\"wpforms-2434-field_36-container\" class=\"wpforms-field wpforms-field-text wpforms-one-half wpforms-first\" data-field-id=\"36\"><label class=\"wpforms-field-label\" for=\"wpforms-2434-field_36\">Code postal <span class=\"wpforms-required-label\">*<\/span><\/label><input type=\"text\" id=\"wpforms-2434-field_36\" class=\"wpforms-field-large wpforms-field-required\" name=\"wpforms[fields][36]\" required><\/div><div id=\"wpforms-2434-field_10-container\" class=\"wpforms-field wpforms-field-phone wpforms-one-half wpforms-first\" data-field-id=\"10\"><label class=\"wpforms-field-label\" for=\"wpforms-2434-field_10\">T\u00e9l\u00e9phone <span class=\"wpforms-required-label\">*<\/span><\/label><input type=\"tel\" id=\"wpforms-2434-field_10\" class=\"wpforms-field-large wpforms-field-required wpforms-masked-input\" data-inputmask=\"&#039;mask&#039;: &#039;(999) 999-9999&#039;\" data-rule-us-phone-field=\"true\" data-inputmask-inputmode=\"tel\" name=\"wpforms[fields][10]\" aria-label=\"T\u00e9l\u00e9phone\" required><\/div><div id=\"wpforms-2434-field_11-container\" class=\"wpforms-field wpforms-field-email wpforms-one-half\" data-field-id=\"11\"><label class=\"wpforms-field-label\" for=\"wpforms-2434-field_11\">Corriel <span class=\"wpforms-required-label\">*<\/span><\/label><input type=\"email\" id=\"wpforms-2434-field_11\" class=\"wpforms-field-large wpforms-field-required\" name=\"wpforms[fields][11]\" spellcheck=\"false\" required><\/div><div id=\"wpforms-2434-field_15-container\" class=\"wpforms-field wpforms-field-text wpforms-one-half wpforms-first\" data-field-id=\"15\"><label class=\"wpforms-field-label\" for=\"wpforms-2434-field_15\">Date de l&#039;examen \u00e9crit du professeur  <span class=\"wpforms-required-label\">*<\/span><\/label><input type=\"text\" id=\"wpforms-2434-field_15\" class=\"wpforms-field-large wpforms-field-required\" name=\"wpforms[fields][15]\" required><\/div><div id=\"wpforms-2434-field_16-container\" class=\"wpforms-field wpforms-field-text wpforms-one-half\" data-field-id=\"16\"><label class=\"wpforms-field-label\" for=\"wpforms-2434-field_16\">\u00c9tablissement (RCM ou CC) <span class=\"wpforms-required-label\">*<\/span><\/label><input type=\"text\" id=\"wpforms-2434-field_16\" class=\"wpforms-field-large wpforms-field-required\" name=\"wpforms[fields][16]\" required><\/div><div id=\"wpforms-2434-field_24-container\" class=\"wpforms-field wpforms-field-divider\" data-field-id=\"24\"><\/div><div id=\"wpforms-2434-field_17-container\" class=\"wpforms-field wpforms-field-divider\" data-field-id=\"17\"><h3 id=\"wpforms-2434-field_17\">Veuillez inclure <\/h3><\/div><div id=\"wpforms-2434-field_22-container\" class=\"wpforms-field wpforms-field-html\" data-field-id=\"22\"><div id=\"wpforms-2434-field_22\"><p>1. Une transcription officielle de la note obtenue \u00e0 l'examen \u00e9crit du professeur (num\u00e9riser ou photocopier est bien) <\/p>\r\n<p><b>AND<\/b><\/p>\r\n<p>2. Un r\u00e9sum\u00e9 dactylographi\u00e9 de votre formation musicale et des postes temporaires que vous avez occup\u00e9s en enseignement. <\/p><\/div><\/div><div id=\"wpforms-2434-field_18-container\" class=\"wpforms-field wpforms-field-file-upload wpforms-one-half wpforms-first\" data-field-id=\"18\"><label class=\"wpforms-field-label\" for=\"wpforms-2434-field_18\">Transcription officielle  <span class=\"wpforms-required-label\">*<\/span><\/label><div\n\t\tclass=\"wpforms-uploader wpforms-field-required\"\n\t\tdata-field-id=\"18\"\n\t\tdata-form-id=\"2434\"\n\t\tdata-input-name=\"wpforms_2434_18\"\n\t\tdata-extensions=\"jpg,jpeg,jpe,gif,png,bmp,tiff,tif,webp,avif,ico,heic,heif,heics,heifs,asf,asx,wmv,wmx,wm,avi,divx,mov,qt,mpeg,mpg,mpe,mp4,m4v,ogv,webm,mkv,3gp,3gpp,3g2,3gp2,txt,asc,c,cc,h,srt,csv,tsv,ics,rtx,css,vtt,mp3,m4a,m4b,aac,ra,ram,wav,x-wav,ogg,oga,flac,mid,midi,wma,wax,mka,rtf,pdf,class,tar,zip,gz,gzip,rar,7z,psd,xcf,doc,pot,pps,ppt,wri,xla,xls,xlt,xlw,mpp,docx,docm,dotx,dotm,xlsx,xlsm,xlsb,xltx,xltm,xlam,pptx,pptm,ppsx,ppsm,potx,potm,ppam,sldx,sldm,onetoc,onetoc2,onepkg,oxps,xps,odt,odp,ods,odg,odc,odb,odf,wp,wpd,key,numbers,pages,redux\"\n\t\tdata-max-size=\"2097152\"\n\t\tdata-max-file-number=\"1\"\n\t\tdata-post-max-size=\"2097152\"\n\t\tdata-max-parallel-uploads=\"4\"\n\t\tdata-parallel-uploads=\"true\"\n\t\tdata-file-chunk-size=\"2097152\">\n\t<div class=\"dz-message\">\n\t\t<svg  viewBox=\"0 0 640 640\" focusable=\"false\" data-icon=\"inbox\" width=\"50px\" height=\"50px\" fill=\"currentColor\" aria-hidden=\"true\">\n\t\t\t<path d=\"M352 173.3L352 384C352 401.7 337.7 416 320 416C302.3 416 288 401.7 288 384L288 173.3L246.6 214.7C234.1 227.2 213.8 227.2 201.3 214.7C188.8 202.2 188.8 181.9 201.3 169.4L297.3 73.4C309.8 60.9 330.1 60.9 342.6 73.4L438.6 169.4C451.1 181.9 451.1 202.2 438.6 214.7C426.1 227.2 405.8 227.2 393.3 214.7L352 173.3zM320 464C364.2 464 400 428.2 400 384L480 384C515.3 384 544 412.7 544 448L544 480C544 515.3 515.3 544 480 544L160 544C124.7 544 96 515.3 96 480L96 448C96 412.7 124.7 384 160 384L240 384C240 428.2 275.8 464 320 464zM464 488C477.3 488 488 477.3 488 464C488 450.7 477.3 440 464 440C450.7 440 440 450.7 440 464C440 477.3 450.7 488 464 488z\"\/>\n\t\t<\/svg>\n\n\t\t<span class=\"modern-title\">\n\t\t\t\t\t\t\tDrag &amp; Drop Files, \t\t\t\t<span>Choose Files to Upload<\/span>\n\t\t\t\t\t<\/span>\n\n\t\t\t<\/div>\n<\/div>\n\n<input\n\t\ttype=\"text\"\n\t\tautocomplete=\"off\"\n\t\treadonly\n\t\tclass=\"dropzone-input\"\n\t\tstyle=\"position:absolute!important;clip:rect(0,0,0,0)!important;height:1px!important;width:1px!important;border:0!important;overflow:hidden!important;padding:0!important;margin:0!important;\"\n\t\tid=\"wpforms-2434-field_18\"\n\t\tname=\"wpforms_2434_18\" required\t\tvalue=\"\">\n<\/div><div id=\"wpforms-2434-field_45-container\" class=\"wpforms-field wpforms-field-file-upload\" data-field-id=\"45\"><label class=\"wpforms-field-label\" for=\"wpforms-2434-field_45\">Lettre de recommandation <span class=\"wpforms-required-label\">*<\/span><\/label><div\n\t\tclass=\"wpforms-uploader wpforms-field-required\"\n\t\tdata-field-id=\"45\"\n\t\tdata-form-id=\"2434\"\n\t\tdata-input-name=\"wpforms_2434_45\"\n\t\tdata-extensions=\"jpg,jpeg,jpe,gif,png,bmp,tiff,tif,webp,avif,ico,heic,heif,heics,heifs,asf,asx,wmv,wmx,wm,avi,divx,mov,qt,mpeg,mpg,mpe,mp4,m4v,ogv,webm,mkv,3gp,3gpp,3g2,3gp2,txt,asc,c,cc,h,srt,csv,tsv,ics,rtx,css,vtt,mp3,m4a,m4b,aac,ra,ram,wav,x-wav,ogg,oga,flac,mid,midi,wma,wax,mka,rtf,pdf,class,tar,zip,gz,gzip,rar,7z,psd,xcf,doc,pot,pps,ppt,wri,xla,xls,xlt,xlw,mpp,docx,docm,dotx,dotm,xlsx,xlsm,xlsb,xltx,xltm,xlam,pptx,pptm,ppsx,ppsm,potx,potm,ppam,sldx,sldm,onetoc,onetoc2,onepkg,oxps,xps,odt,odp,ods,odg,odc,odb,odf,wp,wpd,key,numbers,pages,redux\"\n\t\tdata-max-size=\"2097152\"\n\t\tdata-max-file-number=\"1\"\n\t\tdata-post-max-size=\"2097152\"\n\t\tdata-max-parallel-uploads=\"4\"\n\t\tdata-parallel-uploads=\"true\"\n\t\tdata-file-chunk-size=\"2097152\">\n\t<div class=\"dz-message\">\n\t\t<svg  viewBox=\"0 0 640 640\" focusable=\"false\" data-icon=\"inbox\" width=\"50px\" height=\"50px\" fill=\"currentColor\" aria-hidden=\"true\">\n\t\t\t<path d=\"M352 173.3L352 384C352 401.7 337.7 416 320 416C302.3 416 288 401.7 288 384L288 173.3L246.6 214.7C234.1 227.2 213.8 227.2 201.3 214.7C188.8 202.2 188.8 181.9 201.3 169.4L297.3 73.4C309.8 60.9 330.1 60.9 342.6 73.4L438.6 169.4C451.1 181.9 451.1 202.2 438.6 214.7C426.1 227.2 405.8 227.2 393.3 214.7L352 173.3zM320 464C364.2 464 400 428.2 400 384L480 384C515.3 384 544 412.7 544 448L544 480C544 515.3 515.3 544 480 544L160 544C124.7 544 96 515.3 96 480L96 448C96 412.7 124.7 384 160 384L240 384C240 428.2 275.8 464 320 464zM464 488C477.3 488 488 477.3 488 464C488 450.7 477.3 440 464 440C450.7 440 440 450.7 440 464C440 477.3 450.7 488 464 488z\"\/>\n\t\t<\/svg>\n\n\t\t<span class=\"modern-title\">\n\t\t\t\t\t\t\tDrag &amp; Drop Files, \t\t\t\t<span>Choose Files to Upload<\/span>\n\t\t\t\t\t<\/span>\n\n\t\t\t<\/div>\n<\/div>\n\n<input\n\t\ttype=\"text\"\n\t\tautocomplete=\"off\"\n\t\treadonly\n\t\tclass=\"dropzone-input\"\n\t\tstyle=\"position:absolute!important;clip:rect(0,0,0,0)!important;height:1px!important;width:1px!important;border:0!important;overflow:hidden!important;padding:0!important;margin:0!important;\"\n\t\tid=\"wpforms-2434-field_45\"\n\t\tname=\"wpforms_2434_45\" required\t\tvalue=\"\">\n<div class=\"wpforms-field-description\">Cette lettre doit provenir d'un professeur membre de la FCAPM<\/div><\/div><div id=\"wpforms-2434-field_20-container\" class=\"wpforms-field wpforms-field-textarea\" data-field-id=\"20\"><label class=\"wpforms-field-label\" for=\"wpforms-2434-field_20\">Un r\u00e9sum\u00e9 dactylographi\u00e9 de votre formation musicale et des postes temporaires  <span class=\"wpforms-required-label\">*<\/span><\/label><textarea id=\"wpforms-2434-field_20\" class=\"wpforms-field-medium wpforms-field-required\" name=\"wpforms[fields][20]\" required><\/textarea><\/div><div id=\"wpforms-2434-field_21-container\" class=\"wpforms-field wpforms-field-html\" data-field-id=\"21\"><div id=\"wpforms-2434-field_21\"><p><b>NOTE:<\/b> REMARQUE :  Le candidat doit avoir satisfait aux exigences entre janvier 2016 et janvier 2018.  Les candidatures doivent \u00eatre transmises \u00e0 la responsable des Prix et concours au plus tard le 1er juin 2018.<\/p><\/div><\/div><div id=\"wpforms-2434-field_37-container\" class=\"wpforms-field wpforms-field-divider\" data-field-id=\"37\"><h3 id=\"wpforms-2434-field_37\">CONSENTEMENT M\u00c9DIATIQUE<\/h3><\/div><div id=\"wpforms-2434-field_38-container\" class=\"wpforms-field wpforms-field-html\" data-field-id=\"38\"><div id=\"wpforms-2434-field_38\"><p><strong>Veuillez noter<\/strong> que tous les gagnants et r\u00e9cipiendaires de mentions honorables seront reconnus sur une ou toutes les plateformes suivantes :\r\nR\u00e9seaux sociaux de la FCAPM \/ Site Web de la FCAPM \/ Magazine Le professeur de musique canadien (CMT) \/ M\u00e9mo Prenez note<\/p><\/div><\/div><div id=\"wpforms-2434-field_39-container\" class=\"wpforms-field wpforms-field-html\" data-field-id=\"39\"><div id=\"wpforms-2434-field_39\"><p><strong>Les \u00e9l\u00e9ments suivants seront publi\u00e9s :\r\nNom - Province - R\u00e9sultats - Bio (si requis par le CMT seulement)<\/strong><\/p><\/div><\/div><div id=\"wpforms-2434-field_40-container\" class=\"wpforms-field wpforms-field-radio\" data-field-id=\"40\"><ul id=\"wpforms-2434-field_40\" class=\"wpforms-field-required\"><li class=\"choice-1 depth-1\"><input type=\"radio\" id=\"wpforms-2434-field_40_1\" name=\"wpforms[fields][40]\" value=\"Oui\" required ><label class=\"wpforms-field-label-inline\" for=\"wpforms-2434-field_40_1\">Oui<\/label><\/li><\/ul><\/div><div id=\"wpforms-2434-field_41-container\" class=\"wpforms-field wpforms-field-html\" data-field-id=\"41\"><div id=\"wpforms-2434-field_41\"><p><strong> J\u2019accorde mon consentement \u00e0 ce que les informations suivantes soient publi\u00e9es :<\/strong><\/p><\/div><\/div><div id=\"wpforms-2434-field_42-container\" class=\"wpforms-field wpforms-field-radio\" data-field-id=\"42\"><label class=\"wpforms-field-label\">Photo <span class=\"wpforms-required-label\">*<\/span><\/label><ul id=\"wpforms-2434-field_42\" class=\"wpforms-field-required\"><li class=\"choice-1 depth-1\"><input type=\"radio\" id=\"wpforms-2434-field_42_1\" name=\"wpforms[fields][42]\" value=\"Oui\" required ><label class=\"wpforms-field-label-inline\" for=\"wpforms-2434-field_42_1\">Oui<\/label><\/li><li class=\"choice-2 depth-1\"><input type=\"radio\" id=\"wpforms-2434-field_42_2\" name=\"wpforms[fields][42]\" value=\"Non\" required ><label class=\"wpforms-field-label-inline\" for=\"wpforms-2434-field_42_2\">Non<\/label><\/li><\/ul><\/div><div id=\"wpforms-2434-field_43-container\" class=\"wpforms-field wpforms-field-radio\" data-field-id=\"43\"><label class=\"wpforms-field-label\">Vid\u00e9o (s\u2019il y a lieu) <span class=\"wpforms-required-label\">*<\/span><\/label><ul id=\"wpforms-2434-field_43\" class=\"wpforms-field-required\"><li class=\"choice-1 depth-1\"><input type=\"radio\" id=\"wpforms-2434-field_43_1\" name=\"wpforms[fields][43]\" value=\"Oui\" required ><label class=\"wpforms-field-label-inline\" for=\"wpforms-2434-field_43_1\">Oui<\/label><\/li><li class=\"choice-2 depth-1\"><input type=\"radio\" id=\"wpforms-2434-field_43_2\" name=\"wpforms[fields][43]\" value=\"Non\" required ><label class=\"wpforms-field-label-inline\" for=\"wpforms-2434-field_43_2\">Non<\/label><\/li><\/ul><\/div><div id=\"wpforms-2434-field_44-container\" class=\"wpforms-field wpforms-field-radio\" data-field-id=\"44\"><label class=\"wpforms-field-label\"> J\u2019ai pris connaissance des r\u00e8glements et consignes du programme [nom du programme] et je m\u2019engage \u00e0 les respecter <span class=\"wpforms-required-label\">*<\/span><\/label><ul id=\"wpforms-2434-field_44\" class=\"wpforms-field-required\"><li class=\"choice-1 depth-1\"><input type=\"radio\" id=\"wpforms-2434-field_44_1\" name=\"wpforms[fields][44]\" value=\"Oui\" required ><label class=\"wpforms-field-label-inline\" for=\"wpforms-2434-field_44_1\">Oui<\/label><\/li><\/ul><\/div><\/div><!-- .wpforms-field-container --><div class=\"wpforms-field wpforms-field-hp\"><label for=\"wpforms-2434-field-hp\" class=\"wpforms-field-label\">Email<\/label><input type=\"text\" name=\"wpforms[hp]\" id=\"wpforms-2434-field-hp\" class=\"wpforms-field-medium\"><\/div><div class=\"wpforms-submit-container\" ><input type=\"hidden\" name=\"wpforms[id]\" value=\"2434\"><input type=\"hidden\" name=\"page_title\" value=\"\"><input type=\"hidden\" name=\"page_url\" value=\"https:\/\/www.cfmta.org\/en\/wp-json\/wp\/v2\/pages\/2435\"><input type=\"hidden\" name=\"url_referer\" value=\"\"><button type=\"submit\" name=\"wpforms[submit]\" id=\"wpforms-submit-2434\" class=\"wpforms-submit\" data-alt-text=\"Sending...\" data-submit-text=\"Soumettre\" aria-live=\"assertive\" value=\"wpforms-submit\">Soumettre<\/button><\/div><\/form><\/div>  <!-- .wpforms-container --><\/div><\/div><div id=\"pgc-2435-0-2\"  class=\"panel-grid-cell panel-grid-cell-empty\" ><\/div><\/div><\/div>","protected":false},"excerpt":{"rendered":"<p>Les demandes en ligne sont maintenant ferm\u00e9es Veuillez faire parvenir la candidature \u00e0\u00a0: Lynn Ewing, responsable des Prix et concours competitions@cfmta.org<\/p>\n","protected":false},"author":2,"featured_media":0,"parent":0,"menu_order":0,"comment_status":"closed","ping_status":"closed","template":"page-fullwidth.php","meta":{"kt_blocks_editor_width":"","footnotes":""},"class_list":["post-2435","page","type-page","status-publish","hentry"],"_links":{"self":[{"href":"https:\/\/www.cfmta.org\/en\/wp-json\/wp\/v2\/pages\/2435","targetHints":{"allow":["GET"]}}],"collection":[{"href":"https:\/\/www.cfmta.org\/en\/wp-json\/wp\/v2\/pages"}],"about":[{"href":"https:\/\/www.cfmta.org\/en\/wp-json\/wp\/v2\/types\/page"}],"author":[{"embeddable":true,"href":"https:\/\/www.cfmta.org\/en\/wp-json\/wp\/v2\/users\/2"}],"replies":[{"embeddable":true,"href":"https:\/\/www.cfmta.org\/en\/wp-json\/wp\/v2\/comments?post=2435"}],"version-history":[{"count":7,"href":"https:\/\/www.cfmta.org\/en\/wp-json\/wp\/v2\/pages\/2435\/revisions"}],"predecessor-version":[{"id":6414,"href":"https:\/\/www.cfmta.org\/en\/wp-json\/wp\/v2\/pages\/2435\/revisions\/6414"}],"wp:attachment":[{"href":"https:\/\/www.cfmta.org\/en\/wp-json\/wp\/v2\/media?parent=2435"}],"curies":[{"name":"wp","href":"https:\/\/api.w.org\/{rel}","templated":true}]}}