{"id":2855,"date":"2018-07-20T14:24:57","date_gmt":"2018-07-20T21:24:57","guid":{"rendered":"https:\/\/www.cfmta.org\/en\/?page_id=2855"},"modified":"2026-03-04T07:37:28","modified_gmt":"2026-03-04T15:37:28","slug":"branching-out-online-application","status":"publish","type":"page","link":"https:\/\/www.cfmta.org\/en\/branching-out-online-application\/","title":{"rendered":"Branching Out &#8211; Online Application"},"content":{"rendered":"<div id=\"pl-2855\"  class=\"panel-layout\" ><div id=\"pg-2855-0\"  class=\"panel-grid panel-no-style\" ><div id=\"pgc-2855-0-0\"  class=\"panel-grid-cell\" ><div id=\"panel-2855-0-0-0\" class=\"so-panel widget widget_black-studio-tinymce widget_black_studio_tinymce panel-first-child\" data-index=\"0\" ><div class=\"textwidget\"><h4 style=\"text-align: center;\">Branching Out 2025 \/ 2026<\/h4>\n<h4 style=\"text-align: center;\">Online application submission deadline - March 31, 2026<br \/>\nDate limite de soumission des candidatures en ligne - 31 mars 2026<\/h4>\n<h5 style=\"text-align: center;\">Please note - any photos submitted must include a photo release - <a href=\"https:\/\/www.cfmta.org\/en\/wp-content\/uploads\/2019\/11\/Photo-Consent-Form-Group.pdf\" target=\"_blank\" rel=\"noopener\">download form<\/a><br \/>\nRemarque: toutes les photos soumises doivent inclure une autorisation de sortie de photos - formulaire de t\u00e9l\u00e9chargement<\/h5>\n<\/div><\/div><div id=\"panel-2855-0-0-1\" class=\"so-panel widget widget_wpforms-widget wpforms-widget panel-last-child\" data-index=\"1\" ><div class=\"wpforms-container wpforms-container-full\" id=\"wpforms-2853\"><form id=\"wpforms-form-2853\" class=\"wpforms-validate wpforms-form\" data-formid=\"2853\" method=\"post\" enctype=\"multipart\/form-data\" action=\"\/en\/wp-json\/wp\/v2\/pages\/2855?wpforms_form_id=2853\" data-token=\"88b688061f779ccefee8fc61e598673b\" data-token-time=\"1775757474\"><noscript class=\"wpforms-error-noscript\">Please enable JavaScript in your browser to complete this form.<\/noscript><div class=\"wpforms-field-container\"><div id=\"wpforms-2853-field_4-container\" class=\"wpforms-field wpforms-field-text wpforms-one-half wpforms-first\" data-field-id=\"4\"><label class=\"wpforms-field-label\" for=\"wpforms-2853-field_4\">Branch Name \/ Nom de l&#039;association r\u00e9gionale <span class=\"wpforms-required-label\">*<\/span><\/label><input type=\"text\" id=\"wpforms-2853-field_4\" class=\"wpforms-field-large wpforms-field-required\" name=\"wpforms[fields][4]\" required><\/div><div id=\"wpforms-2853-field_1-container\" class=\"wpforms-field wpforms-field-text wpforms-one-half\" data-field-id=\"1\"><label class=\"wpforms-field-label\" for=\"wpforms-2853-field_1\">Branch Contact Person \/ Personne ressource \u00e0 l&#039;association <span class=\"wpforms-required-label\">*<\/span><\/label><input type=\"text\" id=\"wpforms-2853-field_1\" class=\"wpforms-field-large wpforms-field-required\" name=\"wpforms[fields][1]\" required><\/div><div id=\"wpforms-2853-field_2-container\" class=\"wpforms-field wpforms-field-phone wpforms-one-half wpforms-first\" data-field-id=\"2\"><label class=\"wpforms-field-label\" for=\"wpforms-2853-field_2\">Contact Person - Phone \/ T\u00e9l\u00e9phone de la personne ressource <span class=\"wpforms-required-label\">*<\/span><\/label><input type=\"tel\" id=\"wpforms-2853-field_2\" class=\"wpforms-field-large wpforms-field-required wpforms-masked-input\" data-inputmask=\"&#039;mask&#039;: &#039;(999) 999-9999&#039;\" data-rule-us-phone-field=\"true\" data-inputmask-inputmode=\"tel\" name=\"wpforms[fields][2]\" aria-label=\"Contact Person - Phone \/ T\u00e9l\u00e9phone de la personne ressource\" required><\/div><div id=\"wpforms-2853-field_3-container\" class=\"wpforms-field wpforms-field-email wpforms-one-half\" data-field-id=\"3\"><label class=\"wpforms-field-label\" for=\"wpforms-2853-field_3\">Contact Person - Email \/ Courriel de la personne ressource <span class=\"wpforms-required-label\">*<\/span><\/label><input type=\"email\" id=\"wpforms-2853-field_3\" class=\"wpforms-field-large wpforms-field-required\" name=\"wpforms[fields][3]\" spellcheck=\"false\" required><\/div><div id=\"wpforms-2853-field_6-container\" class=\"wpforms-field wpforms-field-text\" data-field-id=\"6\"><label class=\"wpforms-field-label\" for=\"wpforms-2853-field_6\">Make cheque payable to \/ Faire le ch\u00e8que au nom de <span class=\"wpforms-required-label\">*<\/span><\/label><input type=\"text\" id=\"wpforms-2853-field_6\" class=\"wpforms-field-large wpforms-field-required\" name=\"wpforms[fields][6]\" required><\/div><div id=\"wpforms-2853-field_5-container\" class=\"wpforms-field wpforms-field-address\" data-field-id=\"5\"><label class=\"wpforms-field-label\">Mail cheque to \/Faire parvenir le ch\u00e8que \u00e0 <span class=\"wpforms-required-label\">*<\/span><\/label><div class=\"wpforms-field-row wpforms-field-large\"><div ><input type=\"text\" id=\"wpforms-2853-field_5\" class=\"wpforms-field-address-address1 wpforms-field-required\" name=\"wpforms[fields][5][address1]\" placeholder=\"Adresse ligne 1\" required><label for=\"wpforms-2853-field_5\" class=\"wpforms-field-sublabel after\">Address Line 1<\/label><\/div><\/div><div class=\"wpforms-field-row wpforms-field-large\"><div ><input type=\"text\" id=\"wpforms-2853-field_5-address2\" class=\"wpforms-field-address-address2\" name=\"wpforms[fields][5][address2]\" placeholder=\"Adresse ligne 2\" ><label for=\"wpforms-2853-field_5-address2\" class=\"wpforms-field-sublabel after\">Address Line 2<\/label><\/div><\/div><div class=\"wpforms-field-row wpforms-field-large\"><div class=\"wpforms-field-row-block wpforms-one-half wpforms-first\"><input type=\"text\" id=\"wpforms-2853-field_5-city\" class=\"wpforms-field-address-city wpforms-field-required\" name=\"wpforms[fields][5][city]\" placeholder=\"Ville\" required><label for=\"wpforms-2853-field_5-city\" class=\"wpforms-field-sublabel after\">City<\/label><\/div><div class=\"wpforms-field-row-block wpforms-one-half\"><input type=\"text\" id=\"wpforms-2853-field_5-state\" class=\"wpforms-field-address-state wpforms-field-required\" name=\"wpforms[fields][5][state]\" placeholder=\"Province\" required><label for=\"wpforms-2853-field_5-state\" class=\"wpforms-field-sublabel after\">State \/ Province \/ Region<\/label><\/div><\/div><div class=\"wpforms-field-row wpforms-field-large\"><div class=\"wpforms-field-row-block wpforms-one-half wpforms-first\"><input type=\"text\" id=\"wpforms-2853-field_5-postal\" class=\"wpforms-field-address-postal wpforms-field-required\" name=\"wpforms[fields][5][postal]\" placeholder=\"Code postal\" required><label for=\"wpforms-2853-field_5-postal\" class=\"wpforms-field-sublabel after\">Postal Code<\/label><\/div><\/div><\/div><div id=\"wpforms-2853-field_7-container\" class=\"wpforms-field wpforms-field-textarea\" data-field-id=\"7\"><label class=\"wpforms-field-label\" for=\"wpforms-2853-field_7\">Short Description of your event \/ Br\u00e8ve description de votre \u00e9v\u00e9nement <span class=\"wpforms-required-label\">*<\/span><\/label><textarea id=\"wpforms-2853-field_7\" class=\"wpforms-field-medium wpforms-field-required\" name=\"wpforms[fields][7]\" required><\/textarea><\/div><div id=\"wpforms-2853-field_8-container\" class=\"wpforms-field wpforms-field-file-upload\" data-field-id=\"8\"><label class=\"wpforms-field-label\" for=\"wpforms-2853-field_8\">Photo from the event \/ Photo prise lors de l&#039;\u00e9v\u00e9nement <span class=\"wpforms-required-label\">*<\/span><\/label><div\n\t\tclass=\"wpforms-uploader wpforms-field-required\"\n\t\tdata-field-id=\"8\"\n\t\tdata-form-id=\"2853\"\n\t\tdata-input-name=\"wpforms_2853_8\"\n\t\tdata-extensions=\"jpg,jpeg,jpe,gif,png,bmp,tiff,tif,webp,avif,ico,heic,heif,heics,heifs,asf,asx,wmv,wmx,wm,avi,divx,mov,qt,mpeg,mpg,mpe,mp4,m4v,ogv,webm,mkv,3gp,3gpp,3g2,3gp2,txt,asc,c,cc,h,srt,csv,tsv,ics,rtx,css,vtt,mp3,m4a,m4b,aac,ra,ram,wav,x-wav,ogg,oga,flac,mid,midi,wma,wax,mka,rtf,pdf,class,tar,zip,gz,gzip,rar,7z,psd,xcf,doc,pot,pps,ppt,wri,xla,xls,xlt,xlw,mpp,docx,docm,dotx,dotm,xlsx,xlsm,xlsb,xltx,xltm,xlam,pptx,pptm,ppsx,ppsm,potx,potm,ppam,sldx,sldm,onetoc,onetoc2,onepkg,oxps,xps,odt,odp,ods,odg,odc,odb,odf,wp,wpd,key,numbers,pages,redux\"\n\t\tdata-max-size=\"2097152\"\n\t\tdata-max-file-number=\"1\"\n\t\tdata-post-max-size=\"2097152\"\n\t\tdata-max-parallel-uploads=\"4\"\n\t\tdata-parallel-uploads=\"true\"\n\t\tdata-file-chunk-size=\"2097152\">\n\t<div class=\"dz-message\">\n\t\t<svg  viewBox=\"0 0 640 640\" focusable=\"false\" data-icon=\"inbox\" width=\"50px\" height=\"50px\" fill=\"currentColor\" aria-hidden=\"true\">\n\t\t\t<path d=\"M352 173.3L352 384C352 401.7 337.7 416 320 416C302.3 416 288 401.7 288 384L288 173.3L246.6 214.7C234.1 227.2 213.8 227.2 201.3 214.7C188.8 202.2 188.8 181.9 201.3 169.4L297.3 73.4C309.8 60.9 330.1 60.9 342.6 73.4L438.6 169.4C451.1 181.9 451.1 202.2 438.6 214.7C426.1 227.2 405.8 227.2 393.3 214.7L352 173.3zM320 464C364.2 464 400 428.2 400 384L480 384C515.3 384 544 412.7 544 448L544 480C544 515.3 515.3 544 480 544L160 544C124.7 544 96 515.3 96 480L96 448C96 412.7 124.7 384 160 384L240 384C240 428.2 275.8 464 320 464zM464 488C477.3 488 488 477.3 488 464C488 450.7 477.3 440 464 440C450.7 440 440 450.7 440 464C440 477.3 450.7 488 464 488z\"\/>\n\t\t<\/svg>\n\n\t\t<span class=\"modern-title\">\n\t\t\t\t\t\t\tDrag &amp; Drop Files, \t\t\t\t<span>Choose Files to Upload<\/span>\n\t\t\t\t\t<\/span>\n\n\t\t\t<\/div>\n<\/div>\n\n<input\n\t\ttype=\"text\"\n\t\tautocomplete=\"off\"\n\t\treadonly\n\t\tclass=\"dropzone-input\"\n\t\tstyle=\"position:absolute!important;clip:rect(0,0,0,0)!important;height:1px!important;width:1px!important;border:0!important;overflow:hidden!important;padding:0!important;margin:0!important;\"\n\t\tid=\"wpforms-2853-field_8\"\n\t\tname=\"wpforms_2853_8\" required\t\tvalue=\"\">\n<div class=\"wpforms-field-description\">File format - jpeg 1000 kb \/ Format de fichier - jpeg 1000 kb<\/div><\/div><div id=\"wpforms-2853-field_10-container\" class=\"wpforms-field wpforms-field-file-upload\" data-field-id=\"10\"><label class=\"wpforms-field-label\" for=\"wpforms-2853-field_10\">Photo release from the event \/ Communiqu\u00e9 photo de l&#039;\u00e9v\u00e9nement <span class=\"wpforms-required-label\">*<\/span><\/label><div\n\t\tclass=\"wpforms-uploader wpforms-field-required\"\n\t\tdata-field-id=\"10\"\n\t\tdata-form-id=\"2853\"\n\t\tdata-input-name=\"wpforms_2853_10\"\n\t\tdata-extensions=\"jpg,jpeg,jpe,gif,png,bmp,tiff,tif,webp,avif,ico,heic,heif,heics,heifs,asf,asx,wmv,wmx,wm,avi,divx,mov,qt,mpeg,mpg,mpe,mp4,m4v,ogv,webm,mkv,3gp,3gpp,3g2,3gp2,txt,asc,c,cc,h,srt,csv,tsv,ics,rtx,css,vtt,mp3,m4a,m4b,aac,ra,ram,wav,x-wav,ogg,oga,flac,mid,midi,wma,wax,mka,rtf,pdf,class,tar,zip,gz,gzip,rar,7z,psd,xcf,doc,pot,pps,ppt,wri,xla,xls,xlt,xlw,mpp,docx,docm,dotx,dotm,xlsx,xlsm,xlsb,xltx,xltm,xlam,pptx,pptm,ppsx,ppsm,potx,potm,ppam,sldx,sldm,onetoc,onetoc2,onepkg,oxps,xps,odt,odp,ods,odg,odc,odb,odf,wp,wpd,key,numbers,pages,redux\"\n\t\tdata-max-size=\"2097152\"\n\t\tdata-max-file-number=\"2\"\n\t\tdata-post-max-size=\"2097152\"\n\t\tdata-max-parallel-uploads=\"4\"\n\t\tdata-parallel-uploads=\"true\"\n\t\tdata-file-chunk-size=\"2097152\">\n\t<div class=\"dz-message\">\n\t\t<svg  viewBox=\"0 0 640 640\" focusable=\"false\" data-icon=\"inbox\" width=\"50px\" height=\"50px\" fill=\"currentColor\" aria-hidden=\"true\">\n\t\t\t<path d=\"M352 173.3L352 384C352 401.7 337.7 416 320 416C302.3 416 288 401.7 288 384L288 173.3L246.6 214.7C234.1 227.2 213.8 227.2 201.3 214.7C188.8 202.2 188.8 181.9 201.3 169.4L297.3 73.4C309.8 60.9 330.1 60.9 342.6 73.4L438.6 169.4C451.1 181.9 451.1 202.2 438.6 214.7C426.1 227.2 405.8 227.2 393.3 214.7L352 173.3zM320 464C364.2 464 400 428.2 400 384L480 384C515.3 384 544 412.7 544 448L544 480C544 515.3 515.3 544 480 544L160 544C124.7 544 96 515.3 96 480L96 448C96 412.7 124.7 384 160 384L240 384C240 428.2 275.8 464 320 464zM464 488C477.3 488 488 477.3 488 464C488 450.7 477.3 440 464 440C450.7 440 440 450.7 440 464C440 477.3 450.7 488 464 488z\"\/>\n\t\t<\/svg>\n\n\t\t<span class=\"modern-title\">\n\t\t\t\t\t\t\tDrag &amp; Drop Files, \t\t\t\t<span>Choose Files to Upload<\/span>\n\t\t\t\t\t<\/span>\n\n\t\t\t\t\t<span class=\"modern-hint\">You can upload up to 2 files.<\/span>\n\t\t\t<\/div>\n<\/div>\n\n<input\n\t\ttype=\"text\"\n\t\tautocomplete=\"off\"\n\t\treadonly\n\t\tclass=\"dropzone-input\"\n\t\tstyle=\"position:absolute!important;clip:rect(0,0,0,0)!important;height:1px!important;width:1px!important;border:0!important;overflow:hidden!important;padding:0!important;margin:0!important;\"\n\t\tid=\"wpforms-2853-field_10\"\n\t\tname=\"wpforms_2853_10\" required\t\tvalue=\"\">\n<div class=\"wpforms-field-description\">Up to two files are allowed.<\/div><\/div><div id=\"wpforms-2853-field_9-container\" class=\"wpforms-field wpforms-field-text\" data-field-id=\"9\"><label class=\"wpforms-field-label\" for=\"wpforms-2853-field_9\">Photo info<\/label><input type=\"text\" id=\"wpforms-2853-field_9\" class=\"wpforms-field-large\" name=\"wpforms[fields][9]\" ><div class=\"wpforms-field-description\">If you would like to include the names of the people in the photo - please list them \/ Si vous souhaitez inclure les noms des personnes sur la photo, veuillez les \u00e9num\u00e9rer.<\/div><\/div><div id=\"wpforms-2853-field_11-container\" class=\"wpforms-field wpforms-field-text\" data-field-id=\"11\"><label class=\"wpforms-field-label\" for=\"wpforms-2853-field_11\">How did you reach out to your attendees? \/ Comment avez-vous sollicit\u00e9 vos participants? <span class=\"wpforms-required-label\">*<\/span><\/label><input type=\"text\" id=\"wpforms-2853-field_11\" class=\"wpforms-field-large wpforms-field-required\" name=\"wpforms[fields][11]\" required><\/div><div id=\"wpforms-2853-field_12-container\" class=\"wpforms-field wpforms-field-text\" data-field-id=\"12\"><label class=\"wpforms-field-label\" for=\"wpforms-2853-field_12\">How many attendees? \/ Combien de participants?   <span class=\"wpforms-required-label\">*<\/span><\/label><input type=\"text\" id=\"wpforms-2853-field_12\" class=\"wpforms-field-large wpforms-field-required\" name=\"wpforms[fields][12]\" required><\/div><\/div><!-- .wpforms-field-container --><div class=\"wpforms-field wpforms-field-hp\"><label for=\"wpforms-2853-field-hp\" class=\"wpforms-field-label\">Email<\/label><input type=\"text\" name=\"wpforms[hp]\" id=\"wpforms-2853-field-hp\" class=\"wpforms-field-medium\"><\/div><div class=\"wpforms-submit-container\" ><input type=\"hidden\" name=\"wpforms[id]\" value=\"2853\"><input type=\"hidden\" name=\"page_title\" value=\"\"><input type=\"hidden\" name=\"page_url\" value=\"https:\/\/www.cfmta.org\/en\/wp-json\/wp\/v2\/pages\/2855\"><input type=\"hidden\" name=\"url_referer\" value=\"\"><button type=\"submit\" name=\"wpforms[submit]\" id=\"wpforms-submit-2853\" class=\"wpforms-submit\" data-alt-text=\"Sending...\" data-submit-text=\"Submit \/ Soumettre\" aria-live=\"assertive\" value=\"wpforms-submit\">Submit \/ Soumettre<\/button><\/div><\/form><\/div>  <!-- .wpforms-container --><\/div><\/div><\/div><\/div>","protected":false},"excerpt":{"rendered":"<p>Branching Out 2025 \/ 2026 Online application submission deadline &#8211; March 31, 2026 Date limite de soumission des candidatures en ligne &#8211; 31 mars 2026 Please note &#8211; any photos submitted must include a photo release &#8211; download form Remarque: &hellip; <a class=\"kt-excerpt-readmore\" href=\"https:\/\/www.cfmta.org\/en\/branching-out-online-application\/\" aria-label=\"Branching Out &#8211; Online Application\">Read More<\/a><\/p>\n","protected":false},"author":2,"featured_media":0,"parent":0,"menu_order":0,"comment_status":"closed","ping_status":"closed","template":"page-fullwidth.php","meta":{"kt_blocks_editor_width":"","footnotes":""},"class_list":["post-2855","page","type-page","status-publish","hentry"],"_links":{"self":[{"href":"https:\/\/www.cfmta.org\/en\/wp-json\/wp\/v2\/pages\/2855","targetHints":{"allow":["GET"]}}],"collection":[{"href":"https:\/\/www.cfmta.org\/en\/wp-json\/wp\/v2\/pages"}],"about":[{"href":"https:\/\/www.cfmta.org\/en\/wp-json\/wp\/v2\/types\/page"}],"author":[{"embeddable":true,"href":"https:\/\/www.cfmta.org\/en\/wp-json\/wp\/v2\/users\/2"}],"replies":[{"embeddable":true,"href":"https:\/\/www.cfmta.org\/en\/wp-json\/wp\/v2\/comments?post=2855"}],"version-history":[{"count":21,"href":"https:\/\/www.cfmta.org\/en\/wp-json\/wp\/v2\/pages\/2855\/revisions"}],"predecessor-version":[{"id":9408,"href":"https:\/\/www.cfmta.org\/en\/wp-json\/wp\/v2\/pages\/2855\/revisions\/9408"}],"wp:attachment":[{"href":"https:\/\/www.cfmta.org\/en\/wp-json\/wp\/v2\/media?parent=2855"}],"curies":[{"name":"wp","href":"https:\/\/api.w.org\/{rel}","templated":true}]}}