{"id":5627,"date":"2021-02-04T10:18:51","date_gmt":"2021-02-04T18:18:51","guid":{"rendered":"https:\/\/www.cfmta.org\/en\/?page_id=5627"},"modified":"2021-02-15T12:24:35","modified_gmt":"2021-02-15T20:24:35","slug":"online-submission","status":"publish","type":"page","link":"https:\/\/www.cfmta.org\/en\/online-submission\/","title":{"rendered":"Online Submission \/ Soumission en ligne"},"content":{"rendered":"<div id=\"pl-5627\"  class=\"panel-layout\" ><div id=\"pg-5627-0\"  class=\"panel-grid panel-no-style\" ><div id=\"pgc-5627-0-0\"  class=\"panel-grid-cell\" ><div id=\"panel-5627-0-0-0\" class=\"so-panel widget widget_wpforms-widget wpforms-widget panel-first-child panel-last-child\" data-index=\"0\" ><div class=\"wpforms-container wpforms-container-full\" id=\"wpforms-5623\"><form id=\"wpforms-form-5623\" class=\"wpforms-validate wpforms-form\" data-formid=\"5623\" method=\"post\" enctype=\"multipart\/form-data\" action=\"\/en\/wp-json\/wp\/v2\/pages\/5627?wpforms_form_id=5623\" data-token=\"b18b3c2a1b81b34ec5d8dde42eb2b40e\" data-token-time=\"1776107454\"><noscript class=\"wpforms-error-noscript\">Please enable JavaScript in your browser to complete this form.<\/noscript><div class=\"wpforms-field-container\"><div id=\"wpforms-5623-field_21-container\" class=\"wpforms-field wpforms-field-radio\" data-field-id=\"21\"><label class=\"wpforms-field-label\">Submission \/ Soumission<\/label><ul id=\"wpforms-5623-field_21\"><li class=\"choice-3 depth-1\"><input type=\"radio\" id=\"wpforms-5623-field_21_3\" name=\"wpforms[fields][21]\" value=\"Article \/Article\"  ><label class=\"wpforms-field-label-inline\" for=\"wpforms-5623-field_21_3\">Article \/Article<\/label><\/li><\/ul><\/div><div id=\"wpforms-5623-field_1-container\" class=\"wpforms-field wpforms-field-text wpforms-one-half wpforms-first wpforms-moblie-full\" data-field-id=\"1\"><label class=\"wpforms-field-label\" for=\"wpforms-5623-field_1\">Name \/ Nom <span class=\"wpforms-required-label\">*<\/span><\/label><input type=\"text\" id=\"wpforms-5623-field_1\" class=\"wpforms-field-large wpforms-field-required\" name=\"wpforms[fields][1]\" required><\/div><div id=\"wpforms-5623-field_16-container\" class=\"wpforms-field wpforms-field-text wpforms-one-half wpforms-mobile-full\" data-field-id=\"16\"><label class=\"wpforms-field-label\" for=\"wpforms-5623-field_16\">Province \/ Province <span class=\"wpforms-required-label\">*<\/span><\/label><input type=\"text\" id=\"wpforms-5623-field_16\" class=\"wpforms-field-large wpforms-field-required\" name=\"wpforms[fields][16]\" required><\/div><div id=\"wpforms-5623-field_2-container\" class=\"wpforms-field wpforms-field-email wpforms-one-half wpforms-first\" data-field-id=\"2\"><label class=\"wpforms-field-label\" for=\"wpforms-5623-field_2\">Email \/ Courriel <span class=\"wpforms-required-label\">*<\/span><\/label><input type=\"email\" id=\"wpforms-5623-field_2\" class=\"wpforms-field-large wpforms-field-required\" name=\"wpforms[fields][2]\" spellcheck=\"false\" required><\/div><div id=\"wpforms-5623-field_5-container\" class=\"wpforms-field wpforms-field-phone wpforms-one-half wpforms-mobile-full\" data-field-id=\"5\"><label class=\"wpforms-field-label\" for=\"wpforms-5623-field_5\">Phone \/ Num\u00e9ro de t\u00e9l\u00e9phone <span class=\"wpforms-required-label\">*<\/span><\/label><input type=\"tel\" id=\"wpforms-5623-field_5\" class=\"wpforms-field-large wpforms-field-required wpforms-masked-input\" data-inputmask=\"&#039;mask&#039;: &#039;(999) 999-9999&#039;\" data-rule-us-phone-field=\"true\" data-inputmask-inputmode=\"tel\" name=\"wpforms[fields][5]\" aria-label=\"Phone \/ Num\u00e9ro de t\u00e9l\u00e9phone\" required><\/div><div id=\"wpforms-5623-field_10-container\" class=\"wpforms-field wpforms-field-text\" data-field-id=\"10\"><label class=\"wpforms-field-label\" for=\"wpforms-5623-field_10\">Title \/ Titre  <span class=\"wpforms-required-label\">*<\/span><\/label><input type=\"text\" id=\"wpforms-5623-field_10\" class=\"wpforms-field-large wpforms-field-required\" name=\"wpforms[fields][10]\" required><\/div><div id=\"wpforms-5623-field_18-container\" class=\"wpforms-field wpforms-field-text\" data-field-id=\"18\"><label class=\"wpforms-field-label\" for=\"wpforms-5623-field_18\">Short Summary  \/ court r\u00e9sum\u00e9 <span class=\"wpforms-required-label\">*<\/span><\/label><input type=\"text\" id=\"wpforms-5623-field_18\" class=\"wpforms-field-large wpforms-field-required\" name=\"wpforms[fields][18]\" required><\/div><div id=\"wpforms-5623-field_11-container\" class=\"wpforms-field wpforms-field-file-upload\" data-field-id=\"11\"><label class=\"wpforms-field-label\" for=\"wpforms-5623-field_11\">File Upload \/ T\u00e9l\u00e9chargement de fichiers <span class=\"wpforms-required-label\">*<\/span><\/label><div\n\t\tclass=\"wpforms-uploader wpforms-field-required\"\n\t\tdata-field-id=\"11\"\n\t\tdata-form-id=\"5623\"\n\t\tdata-input-name=\"wpforms_5623_11\"\n\t\tdata-extensions=\"jpg,jpeg,jpe,gif,png,bmp,tiff,tif,webp,avif,ico,heic,heif,heics,heifs,asf,asx,wmv,wmx,wm,avi,divx,mov,qt,mpeg,mpg,mpe,mp4,m4v,ogv,webm,mkv,3gp,3gpp,3g2,3gp2,txt,asc,c,cc,h,srt,csv,tsv,ics,rtx,css,vtt,mp3,m4a,m4b,aac,ra,ram,wav,x-wav,ogg,oga,flac,mid,midi,wma,wax,mka,rtf,pdf,class,tar,zip,gz,gzip,rar,7z,psd,xcf,doc,pot,pps,ppt,wri,xla,xls,xlt,xlw,mpp,docx,docm,dotx,dotm,xlsx,xlsm,xlsb,xltx,xltm,xlam,pptx,pptm,ppsx,ppsm,potx,potm,ppam,sldx,sldm,onetoc,onetoc2,onepkg,oxps,xps,odt,odp,ods,odg,odc,odb,odf,wp,wpd,key,numbers,pages,redux\"\n\t\tdata-max-size=\"2097152\"\n\t\tdata-max-file-number=\"1\"\n\t\tdata-post-max-size=\"2097152\"\n\t\tdata-max-parallel-uploads=\"4\"\n\t\tdata-parallel-uploads=\"true\"\n\t\tdata-file-chunk-size=\"2097152\">\n\t<div class=\"dz-message\">\n\t\t<svg  viewBox=\"0 0 640 640\" focusable=\"false\" data-icon=\"inbox\" width=\"50px\" height=\"50px\" fill=\"currentColor\" aria-hidden=\"true\">\n\t\t\t<path d=\"M352 173.3L352 384C352 401.7 337.7 416 320 416C302.3 416 288 401.7 288 384L288 173.3L246.6 214.7C234.1 227.2 213.8 227.2 201.3 214.7C188.8 202.2 188.8 181.9 201.3 169.4L297.3 73.4C309.8 60.9 330.1 60.9 342.6 73.4L438.6 169.4C451.1 181.9 451.1 202.2 438.6 214.7C426.1 227.2 405.8 227.2 393.3 214.7L352 173.3zM320 464C364.2 464 400 428.2 400 384L480 384C515.3 384 544 412.7 544 448L544 480C544 515.3 515.3 544 480 544L160 544C124.7 544 96 515.3 96 480L96 448C96 412.7 124.7 384 160 384L240 384C240 428.2 275.8 464 320 464zM464 488C477.3 488 488 477.3 488 464C488 450.7 477.3 440 464 440C450.7 440 440 450.7 440 464C440 477.3 450.7 488 464 488z\"\/>\n\t\t<\/svg>\n\n\t\t<span class=\"modern-title\">\n\t\t\t\t\t\t\tDrag &amp; Drop Files, \t\t\t\t<span>Choose Files to Upload<\/span>\n\t\t\t\t\t<\/span>\n\n\t\t\t<\/div>\n<\/div>\n\n<input\n\t\ttype=\"text\"\n\t\tautocomplete=\"off\"\n\t\treadonly\n\t\tclass=\"dropzone-input\"\n\t\tstyle=\"position:absolute!important;clip:rect(0,0,0,0)!important;height:1px!important;width:1px!important;border:0!important;overflow:hidden!important;padding:0!important;margin:0!important;\"\n\t\tid=\"wpforms-5623-field_11\"\n\t\tname=\"wpforms_5623_11\" required\t\tvalue=\"\">\n<div class=\"wpforms-field-description\">Name file: NAME_TITLE \/  Nom du fichier: NOM_TITRE<\/div><\/div><div id=\"wpforms-5623-field_17-container\" class=\"wpforms-field wpforms-field-text\" data-field-id=\"17\"><label class=\"wpforms-field-label\" for=\"wpforms-5623-field_17\">Short Bio \/ courte biographie <span class=\"wpforms-required-label\">*<\/span><\/label><input type=\"text\" id=\"wpforms-5623-field_17\" class=\"wpforms-field-large wpforms-field-required\" name=\"wpforms[fields][17]\" required><div class=\"wpforms-field-description\">150 words \/ 150 mots<\/div><\/div><div id=\"wpforms-5623-field_19-container\" class=\"wpforms-field wpforms-field-file-upload\" data-field-id=\"19\"><label class=\"wpforms-field-label\" for=\"wpforms-5623-field_19\">Photo \/ photo <span class=\"wpforms-required-label\">*<\/span><\/label><div\n\t\tclass=\"wpforms-uploader wpforms-field-required\"\n\t\tdata-field-id=\"19\"\n\t\tdata-form-id=\"5623\"\n\t\tdata-input-name=\"wpforms_5623_19\"\n\t\tdata-extensions=\"jpg,jpeg,jpe,gif,png,bmp,tiff,tif,webp,avif,ico,heic,heif,heics,heifs,asf,asx,wmv,wmx,wm,avi,divx,mov,qt,mpeg,mpg,mpe,mp4,m4v,ogv,webm,mkv,3gp,3gpp,3g2,3gp2,txt,asc,c,cc,h,srt,csv,tsv,ics,rtx,css,vtt,mp3,m4a,m4b,aac,ra,ram,wav,x-wav,ogg,oga,flac,mid,midi,wma,wax,mka,rtf,pdf,class,tar,zip,gz,gzip,rar,7z,psd,xcf,doc,pot,pps,ppt,wri,xla,xls,xlt,xlw,mpp,docx,docm,dotx,dotm,xlsx,xlsm,xlsb,xltx,xltm,xlam,pptx,pptm,ppsx,ppsm,potx,potm,ppam,sldx,sldm,onetoc,onetoc2,onepkg,oxps,xps,odt,odp,ods,odg,odc,odb,odf,wp,wpd,key,numbers,pages,redux\"\n\t\tdata-max-size=\"2097152\"\n\t\tdata-max-file-number=\"1\"\n\t\tdata-post-max-size=\"2097152\"\n\t\tdata-max-parallel-uploads=\"4\"\n\t\tdata-parallel-uploads=\"true\"\n\t\tdata-file-chunk-size=\"2097152\">\n\t<div class=\"dz-message\">\n\t\t<svg  viewBox=\"0 0 640 640\" focusable=\"false\" data-icon=\"inbox\" width=\"50px\" height=\"50px\" fill=\"currentColor\" aria-hidden=\"true\">\n\t\t\t<path d=\"M352 173.3L352 384C352 401.7 337.7 416 320 416C302.3 416 288 401.7 288 384L288 173.3L246.6 214.7C234.1 227.2 213.8 227.2 201.3 214.7C188.8 202.2 188.8 181.9 201.3 169.4L297.3 73.4C309.8 60.9 330.1 60.9 342.6 73.4L438.6 169.4C451.1 181.9 451.1 202.2 438.6 214.7C426.1 227.2 405.8 227.2 393.3 214.7L352 173.3zM320 464C364.2 464 400 428.2 400 384L480 384C515.3 384 544 412.7 544 448L544 480C544 515.3 515.3 544 480 544L160 544C124.7 544 96 515.3 96 480L96 448C96 412.7 124.7 384 160 384L240 384C240 428.2 275.8 464 320 464zM464 488C477.3 488 488 477.3 488 464C488 450.7 477.3 440 464 440C450.7 440 440 450.7 440 464C440 477.3 450.7 488 464 488z\"\/>\n\t\t<\/svg>\n\n\t\t<span class=\"modern-title\">\n\t\t\t\t\t\t\tDrag &amp; Drop Files, \t\t\t\t<span>Choose Files to Upload<\/span>\n\t\t\t\t\t<\/span>\n\n\t\t\t<\/div>\n<\/div>\n\n<input\n\t\ttype=\"text\"\n\t\tautocomplete=\"off\"\n\t\treadonly\n\t\tclass=\"dropzone-input\"\n\t\tstyle=\"position:absolute!important;clip:rect(0,0,0,0)!important;height:1px!important;width:1px!important;border:0!important;overflow:hidden!important;padding:0!important;margin:0!important;\"\n\t\tid=\"wpforms-5623-field_19\"\n\t\tname=\"wpforms_5623_19\" required\t\tvalue=\"\">\n<\/div><div id=\"wpforms-5623-field_14-container\" class=\"wpforms-field wpforms-field-text\" data-field-id=\"14\"><label class=\"wpforms-field-label\" for=\"wpforms-5623-field_14\">Date of Application \/ Date d&#039;application <span class=\"wpforms-required-label\">*<\/span><\/label><input type=\"text\" id=\"wpforms-5623-field_14\" class=\"wpforms-field-large wpforms-field-required\" name=\"wpforms[fields][14]\" required><\/div><div id=\"wpforms-5623-field_20-container\" class=\"wpforms-field wpforms-field-checkbox\" data-field-id=\"20\"><label class=\"wpforms-field-label\">I have read and agree to the Letter of Agreement re: Publication in the Canadian Music Teacher Magazine \/ Je confirme avoir lu et accept\u00e9 la lettre d\u2019entente relative \u00e0 la publication dans Le Professeur de musique canadien <span class=\"wpforms-required-label\">*<\/span><\/label><ul id=\"wpforms-5623-field_20\" class=\"wpforms-field-required\"><li class=\"choice-1 depth-1\"><input type=\"checkbox\" id=\"wpforms-5623-field_20_1\" name=\"wpforms[fields][20][]\" value=\"Yes \/ Oui\" required ><label class=\"wpforms-field-label-inline\" for=\"wpforms-5623-field_20_1\">Yes \/ Oui<\/label><\/li><\/ul><\/div><\/div><!-- .wpforms-field-container --><div class=\"wpforms-field wpforms-field-hp\"><label for=\"wpforms-5623-field-hp\" class=\"wpforms-field-label\">Message<\/label><input type=\"text\" name=\"wpforms[hp]\" id=\"wpforms-5623-field-hp\" class=\"wpforms-field-medium\"><\/div><div class=\"wpforms-submit-container\" ><input type=\"hidden\" name=\"wpforms[id]\" value=\"5623\"><input type=\"hidden\" name=\"page_title\" value=\"\"><input type=\"hidden\" name=\"page_url\" value=\"https:\/\/www.cfmta.org\/en\/wp-json\/wp\/v2\/pages\/5627\"><input type=\"hidden\" name=\"url_referer\" value=\"\"><button type=\"submit\" name=\"wpforms[submit]\" id=\"wpforms-submit-5623\" class=\"wpforms-submit\" data-alt-text=\"Sending...\" data-submit-text=\"Submit \/ Soumettre\" aria-live=\"assertive\" value=\"wpforms-submit\">Submit \/ Soumettre<\/button><\/div><\/form><\/div>  <!-- .wpforms-container --><\/div><\/div><\/div><\/div>","protected":false},"excerpt":{"rendered":"<p>Please enable JavaScript in your browser to complete this form.Submission \/ SoumissionArticle \/ArticleName \/ Nom *Province \/ Province *Email \/ Courriel *Phone \/ Num\u00e9ro de t\u00e9l\u00e9phone *Title \/ Titre *Short Summary \/ court r\u00e9sum\u00e9 *File Upload \/ T\u00e9l\u00e9chargement de fichiers &hellip; <a class=\"kt-excerpt-readmore\" href=\"https:\/\/www.cfmta.org\/en\/online-submission\/\" aria-label=\"Online Submission \/ Soumission en ligne\">Read More<\/a><\/p>\n","protected":false},"author":2,"featured_media":0,"parent":0,"menu_order":0,"comment_status":"closed","ping_status":"closed","template":"page-fullwidth.php","meta":{"kt_blocks_editor_width":"","footnotes":""},"class_list":["post-5627","page","type-page","status-publish","hentry"],"_links":{"self":[{"href":"https:\/\/www.cfmta.org\/en\/wp-json\/wp\/v2\/pages\/5627","targetHints":{"allow":["GET"]}}],"collection":[{"href":"https:\/\/www.cfmta.org\/en\/wp-json\/wp\/v2\/pages"}],"about":[{"href":"https:\/\/www.cfmta.org\/en\/wp-json\/wp\/v2\/types\/page"}],"author":[{"embeddable":true,"href":"https:\/\/www.cfmta.org\/en\/wp-json\/wp\/v2\/users\/2"}],"replies":[{"embeddable":true,"href":"https:\/\/www.cfmta.org\/en\/wp-json\/wp\/v2\/comments?post=5627"}],"version-history":[{"count":4,"href":"https:\/\/www.cfmta.org\/en\/wp-json\/wp\/v2\/pages\/5627\/revisions"}],"predecessor-version":[{"id":5650,"href":"https:\/\/www.cfmta.org\/en\/wp-json\/wp\/v2\/pages\/5627\/revisions\/5650"}],"wp:attachment":[{"href":"https:\/\/www.cfmta.org\/en\/wp-json\/wp\/v2\/media?parent=5627"}],"curies":[{"name":"wp","href":"https:\/\/api.w.org\/{rel}","templated":true}]}}