{"id":6776,"date":"2022-08-06T09:14:29","date_gmt":"2022-08-06T16:14:29","guid":{"rendered":"https:\/\/www.cfmta.org\/en\/?page_id=6776"},"modified":"2025-12-10T11:41:57","modified_gmt":"2025-12-10T19:41:57","slug":"canada-music-week-poster-competition","status":"publish","type":"page","link":"https:\/\/www.cfmta.org\/en\/canada-music-week-poster-competition\/","title":{"rendered":"Canada Music Week Poster Competition"},"content":{"rendered":"<div id=\"pl-6776\"  class=\"panel-layout\" ><div id=\"pg-6776-0\"  class=\"panel-grid panel-no-style\" ><div id=\"pgc-6776-0-0\"  class=\"panel-grid-cell panel-grid-cell-empty\" ><\/div><div id=\"pgc-6776-0-1\"  class=\"panel-grid-cell\" ><div id=\"panel-6776-0-1-0\" class=\"so-panel widget widget_sow-editor panel-first-child panel-last-child\" data-index=\"0\" ><div\n\t\t\t\n\t\t\tclass=\"so-widget-sow-editor so-widget-sow-editor-base\"\n\t\t\t\n\t\t>\n<div class=\"siteorigin-widget-tinymce textwidget\">\n\t<p>CFMTA is calling all student artists to submit their artwork to be displayed on the 2027 Canada Music Week Poster!<\/p>\n<p>Artwork must be an original work of the student<\/p>\n<div>Don't forget to come back next year when the Canada Music Week Poster Competition theme will be<\/div>\n<div><strong>My Music Hero.<\/strong><\/div>\n<div><\/div>\n<div>Who is your music hero?<br \/>\nA Canadian Composer, your teacher, the person who drives you to your lessons, the pet who listens to you practice each day, or the artist you listen to for inspiration? Not all heroes wear capes! We can't wait to see what you create!<\/div>\n<p>&nbsp;<\/p>\n<p>Eligibility - Entrants must be:<\/p>\n<ul>\n<li>Canadian citizens or <strong><a href=\"https:\/\/ircc.canada.ca\/english\/helpcentre\/answer.asp?qnum=515&amp;top=15\" target=\"_blank\" rel=\"noopener\">legal residents<\/a><\/strong> of Canada AND<\/li>\n<li>Currently studying with a CFMTA member<\/li>\n<li>Open to all students aged 18 and under.<\/li>\n<li>Please submit your artwork, with your name, email, phone number, teacher and province by November 15<sup>th<\/sup> 2026.<\/li>\n<li>Digital tools are allowed with the exception of AI assisted imagery.<\/li>\n<li>Artists will be recognized for their original work, however, for fairness of judging please ensure that your name is not visible on the submitted image.<\/li>\n<li>Your 15x15cm (6x6 inch) art will be enhanced with a circular frame.<\/li>\n<li>For Winning artwork - committee's decision is final<\/li>\n<\/ul>\n<p>Winning artist will be acknowledged.<\/p>\n<p>For more information - <a href=\"mailto:canadamusicweek@cfmta.org\">canadamusicweek@cfmta.org<\/a><\/p>\n<p>&nbsp;<\/p>\n<h4><\/h4>\n<\/div>\n<\/div><\/div><\/div><div id=\"pgc-6776-0-2\"  class=\"panel-grid-cell\" ><div id=\"panel-6776-0-2-0\" class=\"so-panel widget widget_sow-editor panel-first-child panel-last-child\" data-index=\"1\" ><div\n\t\t\t\n\t\t\tclass=\"so-widget-sow-editor so-widget-sow-editor-base\"\n\t\t\t\n\t\t>\n<div class=\"siteorigin-widget-tinymce textwidget\">\n\t<h4><img loading=\"lazy\" decoding=\"async\" class=\"size-medium wp-image-9281 alignnone\" src=\"https:\/\/www.cfmta.org\/en\/wp-content\/uploads\/2025\/12\/CMW-posterart-2027-232x300.jpg\" alt=\"\" width=\"232\" height=\"300\" srcset=\"https:\/\/www.cfmta.org\/en\/wp-content\/uploads\/2025\/12\/CMW-posterart-2027-232x300.jpg 232w, https:\/\/www.cfmta.org\/en\/wp-content\/uploads\/2025\/12\/CMW-posterart-2027-791x1024.jpg 791w, https:\/\/www.cfmta.org\/en\/wp-content\/uploads\/2025\/12\/CMW-posterart-2027-768x994.jpg 768w, https:\/\/www.cfmta.org\/en\/wp-content\/uploads\/2025\/12\/CMW-posterart-2027-1187x1536.jpg 1187w, https:\/\/www.cfmta.org\/en\/wp-content\/uploads\/2025\/12\/CMW-posterart-2027-1583x2048.jpg 1583w, https:\/\/www.cfmta.org\/en\/wp-content\/uploads\/2025\/12\/CMW-posterart-2027-520x672.jpg 520w, https:\/\/www.cfmta.org\/en\/wp-content\/uploads\/2025\/12\/CMW-posterart-2027-260x336.jpg 260w, https:\/\/www.cfmta.org\/en\/wp-content\/uploads\/2025\/12\/CMW-posterart-2027.jpg 1700w\" sizes=\"auto, (max-width: 232px) 100vw, 232px\" \/><\/h4>\n<h4>Quick Links<\/h4>\n<p>Congratulations to Lily Yuen of British Columbia and her teacher Lillian Chan for the prize-winning submission to the 2025 Canada Music Week Poster Competition! Her art will be featured on the 2026 Canada Music Week Poster and will be pinned on studio bulletin boards\u00a0 from coast to coast. The committee was amazed at\u00a0 the interpretations of the suggested theme <strong>'A Musical Mosaic.' <\/strong>You can view all the entries here:<\/p>\n<ul>\n<li><a href=\"https:\/\/cfmta-fcapm.smugmug.com\/Events\/Canada-Music-Week\" target=\"_blank\" rel=\"noopener\">2026 Poster Competition Entries &amp; Winner\u00a0<\/a><\/li>\n<\/ul>\n<p>&nbsp;<\/p>\n<\/div>\n<\/div><\/div><\/div><\/div><div id=\"pg-6776-1\"  class=\"panel-grid panel-no-style\" ><div id=\"pgc-6776-1-0\"  class=\"panel-grid-cell\" ><div id=\"panel-6776-1-0-0\" class=\"so-panel widget widget_wpforms-widget wpforms-widget panel-first-child panel-last-child\" data-index=\"2\" ><div class=\"wpforms-container wpforms-container-full\" id=\"wpforms-6778\"><form id=\"wpforms-form-6778\" class=\"wpforms-validate wpforms-form wpforms-ajax-form\" data-formid=\"6778\" method=\"post\" enctype=\"multipart\/form-data\" action=\"\/en\/wp-json\/wp\/v2\/pages\/6776\" data-token=\"9598c1a218d499e8aab44a7d80a0d9be\" data-token-time=\"1776772582\"><noscript class=\"wpforms-error-noscript\">Please enable JavaScript in your browser to complete this form.<\/noscript><div class=\"wpforms-field-container\"><div id=\"wpforms-6778-field_1-container\" class=\"wpforms-field wpforms-field-name\" data-field-id=\"1\"><label class=\"wpforms-field-label\">Name \/ Nom <span class=\"wpforms-required-label\">*<\/span><\/label><div class=\"wpforms-field-row wpforms-field-large\"><div class=\"wpforms-field-row-block wpforms-first wpforms-one-half\"><input type=\"text\" id=\"wpforms-6778-field_1\" class=\"wpforms-field-name-first wpforms-field-required\" name=\"wpforms[fields][1][first]\" required><label for=\"wpforms-6778-field_1\" class=\"wpforms-field-sublabel after\">First<\/label><\/div><div class=\"wpforms-field-row-block wpforms-one-half\"><input type=\"text\" id=\"wpforms-6778-field_1-last\" class=\"wpforms-field-name-last wpforms-field-required\" name=\"wpforms[fields][1][last]\" required><label for=\"wpforms-6778-field_1-last\" class=\"wpforms-field-sublabel after\">Last<\/label><\/div><\/div><\/div><div id=\"wpforms-6778-field_15-container\" class=\"wpforms-field wpforms-field-layout\" data-field-id=\"15\"><div class=\"wpforms-field-layout-columns wpforms-field-layout-preset-33-33-33\"><div class=\"wpforms-layout-column wpforms-layout-column-33\" ><div id=\"wpforms-6778-field_2-container\" class=\"wpforms-field wpforms-field-email wpforms-one-half wpforms-first\" data-field-id=\"2\"><label class=\"wpforms-field-label\" for=\"wpforms-6778-field_2\">Email \/ Courriel <span class=\"wpforms-required-label\">*<\/span><\/label><input type=\"email\" id=\"wpforms-6778-field_2\" class=\"wpforms-field-large wpforms-field-required\" name=\"wpforms[fields][2]\" spellcheck=\"false\" required><\/div><div id=\"wpforms-6778-field_13-container\" class=\"wpforms-field wpforms-field-text\" data-field-id=\"13\"><label class=\"wpforms-field-label\" for=\"wpforms-6778-field_13\">Age \/ \u00e2ge<\/label><input type=\"text\" id=\"wpforms-6778-field_13\" class=\"wpforms-field-medium\" name=\"wpforms[fields][13]\" ><\/div><\/div><div class=\"wpforms-layout-column wpforms-layout-column-33\" ><div id=\"wpforms-6778-field_3-container\" class=\"wpforms-field wpforms-field-phone wpforms-one-half\" data-field-id=\"3\"><label class=\"wpforms-field-label\" for=\"wpforms-6778-field_3\">Phone \/ Phone<\/label><input type=\"tel\" id=\"wpforms-6778-field_3\" class=\"wpforms-field-large wpforms-smart-phone-field\" data-rule-smart-phone-field=\"true\" name=\"wpforms[fields][3]\" aria-label=\"Phone \/ Phone\" ><\/div><\/div><div class=\"wpforms-layout-column wpforms-layout-column-33\" ><div id=\"wpforms-6778-field_5-container\" class=\"wpforms-field wpforms-field-text wpforms-one-third\" data-field-id=\"5\"><label class=\"wpforms-field-label\" for=\"wpforms-6778-field_5\">Province \/ Province<\/label><input type=\"text\" id=\"wpforms-6778-field_5\" class=\"wpforms-field-large\" name=\"wpforms[fields][5]\" ><\/div><\/div><\/div><\/div><div id=\"wpforms-6778-field_16-container\" class=\"wpforms-field wpforms-field-layout\" data-field-id=\"16\"><div class=\"wpforms-field-layout-columns wpforms-field-layout-preset-50-50\"><div class=\"wpforms-layout-column wpforms-layout-column-50\" ><div id=\"wpforms-6778-field_4-container\" class=\"wpforms-field wpforms-field-text wpforms-two-thirds wpforms-first\" data-field-id=\"4\"><label class=\"wpforms-field-label\" for=\"wpforms-6778-field_4\">Teacher&#039;s name \/ Le nom de l&#039;enseignant<\/label><input type=\"text\" id=\"wpforms-6778-field_4\" class=\"wpforms-field-large\" name=\"wpforms[fields][4]\" ><\/div><\/div><div class=\"wpforms-layout-column wpforms-layout-column-50\" ><div id=\"wpforms-6778-field_11-container\" class=\"wpforms-field wpforms-field-email\" data-field-id=\"11\"><label class=\"wpforms-field-label\" for=\"wpforms-6778-field_11\">Teachers Email \/ courriel des enseignants <span class=\"wpforms-required-label\">*<\/span><\/label><input type=\"email\" id=\"wpforms-6778-field_11\" class=\"wpforms-field-large wpforms-field-required\" name=\"wpforms[fields][11]\" spellcheck=\"false\" required><\/div><\/div><\/div><\/div><div id=\"wpforms-6778-field_10-container\" class=\"wpforms-field wpforms-field-text\" data-field-id=\"10\"><label class=\"wpforms-field-label\" for=\"wpforms-6778-field_10\">Link to artwork \/ Lien pour le design<\/label><input type=\"text\" id=\"wpforms-6778-field_10\" class=\"wpforms-field-large\" name=\"wpforms[fields][10]\" ><div class=\"wpforms-field-description\">Please include a link - example:Dropbox, Google docs, One Drive \/ Veuillez inclure un lien, par exemple Dropbox, Google Docs, One Drive.<\/div><\/div><div id=\"wpforms-6778-field_7-container\" class=\"wpforms-field wpforms-field-html\" data-field-id=\"7\"><div id=\"wpforms-6778-field_7\"><p>I consent to the publication of my child's artwork on all Canadian Federation of Registered Music Teachers' Associations platforms without remuneration for the limited purpose of promoting Canada Music Week 2026 including but not limited to print, websites, and social media.<\/p>\r\n<br \/>\r\n<p>Je consens \u00e0 la publication de l\u2019\u0153uvre artistique de mon enfant sur toutes les plateformes de la F\u00e9d\u00e9ration canadienne des associations de professeurs de musique, y compris, sans s\u2019y limiter, l\u2019impression et la diffusion sur les sites Internet et r\u00e9seaux sociaux, et ce, sans r\u00e9mun\u00e9ration et dans le seul but de promouvoir la Semaine de la musique canadienne 2026.<\/p>\r\n<\/div><\/div><div id=\"wpforms-6778-field_9-container\" class=\"wpforms-field wpforms-field-signature\" data-field-id=\"9\"><label class=\"wpforms-field-label\" for=\"wpforms-6778-field_9\">Signature of Parent or Guardian \/ Signature du parent (ou tuteur)<\/label><input type=\"text\" id=\"wpforms-6778-field_9\" class=\"wpforms-signature-input wpforms-screen-reader-element\" data-is-wrapped-field=\"1\" name=\"wpforms[fields][9]\" autocomplete=\"off\" inputmode=\"none\" ><div class=\"wpforms-signature-wrap wpforms-field-row wpforms-field-large\"><canvas class=\"wpforms-signature-canvas\" id=\"wpforms-6778-field_9-signature\" data-color=\"#000000\"><\/canvas><div class=\"wpforms-signature-clear\" title=\"Clear Signature\" tabindex=\"0\">\n\t\t\t\t<svg xmlns=\"http:\/\/www.w3.org\/2000\/svg\" width=\"1em\" height=\"1em\" preserveAspectRatio=\"xMidYMid meet\" viewBox=\"0 0 1536 1536\">\n\t\t\t\t\t<path fill=\"var( --wpforms-field-text-color, rgba(0, 0, 0, 0.25) )\" d=\"M1149 994q0-26-19-45L949 768l181-181q19-19 19-45q0-27-19-46l-90-90q-19-19-46-19q-26 0-45 19L768 587L587 406q-19-19-45-19q-27 0-46 19l-90 90q-19 19-19 46q0 26 19 45l181 181l-181 181q-19 19-19 45q0 27 19 46l90 90q19 19 46 19q26 0 45-19l181-181l181 181q19 19 45 19q27 0 46-19l90-90q19-19 19-46zm387-226q0 209-103 385.5T1153.5 1433T768 1536t-385.5-103T103 1153.5T0 768t103-385.5T382.5 103T768 0t385.5 103T1433 382.5T1536 768z\"\/>\n\t\t\t\t<\/svg>\n\t\t\t\t<div class=\"wpforms-signature-clear-caption\">Clear Signature<\/div>\n\t\t\t<\/div><\/div><\/div><div id=\"wpforms-6778-field_14-container\" class=\"wpforms-field wpforms-field-layout\" data-field-id=\"14\"><div class=\"wpforms-field-layout-columns wpforms-field-layout-preset-50-50\"><div class=\"wpforms-layout-column wpforms-layout-column-50\" ><\/div><div class=\"wpforms-layout-column wpforms-layout-column-50\" ><\/div><\/div><\/div><\/div><!-- .wpforms-field-container --><div class=\"wpforms-submit-container\" ><input type=\"hidden\" name=\"wpforms[id]\" value=\"6778\"><input type=\"hidden\" name=\"page_title\" value=\"\"><input type=\"hidden\" name=\"page_url\" value=\"https:\/\/www.cfmta.org\/en\/wp-json\/wp\/v2\/pages\/6776\"><input type=\"hidden\" name=\"url_referer\" value=\"\"><button type=\"submit\" name=\"wpforms[submit]\" id=\"wpforms-submit-6778\" class=\"wpforms-submit\" data-alt-text=\"Sending...\" data-submit-text=\"Submit\" aria-live=\"assertive\" value=\"wpforms-submit\">Submit<\/button><img loading=\"lazy\" decoding=\"async\" src=\"https:\/\/www.cfmta.org\/en\/wp-content\/plugins\/wpforms\/assets\/images\/submit-spin.svg\" class=\"wpforms-submit-spinner\" style=\"display: none;\" width=\"26\" height=\"26\" alt=\"Loading\"><\/div><\/form><\/div>  <!-- .wpforms-container --><\/div><\/div><\/div><\/div>","protected":false},"excerpt":{"rendered":"<p>CFMTA is calling all student artists to submit their artwork to be displayed on the 2027 Canada Music Week Poster! Artwork must be an original work of the student Don&#8217;t forget to come back next year when the Canada Music &hellip; <a class=\"kt-excerpt-readmore\" href=\"https:\/\/www.cfmta.org\/en\/canada-music-week-poster-competition\/\" aria-label=\"Canada Music Week Poster Competition\">Read More<\/a><\/p>\n","protected":false},"author":2,"featured_media":0,"parent":0,"menu_order":0,"comment_status":"closed","ping_status":"closed","template":"page-fullwidth.php","meta":{"kt_blocks_editor_width":"","footnotes":""},"class_list":["post-6776","page","type-page","status-publish","hentry"],"_links":{"self":[{"href":"https:\/\/www.cfmta.org\/en\/wp-json\/wp\/v2\/pages\/6776","targetHints":{"allow":["GET"]}}],"collection":[{"href":"https:\/\/www.cfmta.org\/en\/wp-json\/wp\/v2\/pages"}],"about":[{"href":"https:\/\/www.cfmta.org\/en\/wp-json\/wp\/v2\/types\/page"}],"author":[{"embeddable":true,"href":"https:\/\/www.cfmta.org\/en\/wp-json\/wp\/v2\/users\/2"}],"replies":[{"embeddable":true,"href":"https:\/\/www.cfmta.org\/en\/wp-json\/wp\/v2\/comments?post=6776"}],"version-history":[{"count":59,"href":"https:\/\/www.cfmta.org\/en\/wp-json\/wp\/v2\/pages\/6776\/revisions"}],"predecessor-version":[{"id":9295,"href":"https:\/\/www.cfmta.org\/en\/wp-json\/wp\/v2\/pages\/6776\/revisions\/9295"}],"wp:attachment":[{"href":"https:\/\/www.cfmta.org\/en\/wp-json\/wp\/v2\/media?parent=6776"}],"curies":[{"name":"wp","href":"https:\/\/api.w.org\/{rel}","templated":true}]}}