{"id":7590,"date":"2023-05-19T08:24:04","date_gmt":"2023-05-19T15:24:04","guid":{"rendered":"https:\/\/www.cfmta.org\/en\/?page_id=7590"},"modified":"2023-05-31T11:01:38","modified_gmt":"2023-05-31T18:01:38","slug":"canada-helps","status":"publish","type":"page","link":"https:\/\/www.cfmta.org\/en\/canada-helps\/","title":{"rendered":"CanadaHelps"},"content":{"rendered":"<div id=\"pl-7590\"  class=\"panel-layout\" ><div id=\"pg-7590-0\"  class=\"panel-grid panel-no-style\" ><div id=\"pgc-7590-0-0\"  class=\"panel-grid-cell\" ><div id=\"panel-7590-0-0-0\" class=\"so-panel widget widget_sow-editor panel-first-child panel-last-child\" data-index=\"0\" ><div\n\t\t\t\n\t\t\tclass=\"so-widget-sow-editor so-widget-sow-editor-base\"\n\t\t\t\n\t\t>\n<div class=\"siteorigin-widget-tinymce textwidget\">\n\t<p><img loading=\"lazy\" decoding=\"async\" class=\"aligncenter size-medium wp-image-7596\" src=\"https:\/\/www.cfmta.org\/en\/wp-content\/uploads\/2023\/05\/CanadaHelps-Logo-PNG-English-Standard-Logotype-RBG-With-Tag-300x252.png\" alt=\"\" width=\"300\" height=\"252\" srcset=\"https:\/\/www.cfmta.org\/en\/wp-content\/uploads\/2023\/05\/CanadaHelps-Logo-PNG-English-Standard-Logotype-RBG-With-Tag-300x252.png 300w, https:\/\/www.cfmta.org\/en\/wp-content\/uploads\/2023\/05\/CanadaHelps-Logo-PNG-English-Standard-Logotype-RBG-With-Tag-1024x860.png 1024w, https:\/\/www.cfmta.org\/en\/wp-content\/uploads\/2023\/05\/CanadaHelps-Logo-PNG-English-Standard-Logotype-RBG-With-Tag-768x645.png 768w, https:\/\/www.cfmta.org\/en\/wp-content\/uploads\/2023\/05\/CanadaHelps-Logo-PNG-English-Standard-Logotype-RBG-With-Tag-1536x1291.png 1536w, https:\/\/www.cfmta.org\/en\/wp-content\/uploads\/2023\/05\/CanadaHelps-Logo-PNG-English-Standard-Logotype-RBG-With-Tag-2048x1721.png 2048w\" sizes=\"auto, (max-width: 300px) 100vw, 300px\" \/><\/p>\n<\/div>\n<\/div><\/div><\/div><div id=\"pgc-7590-0-1\"  class=\"panel-grid-cell\" ><div id=\"panel-7590-0-1-0\" class=\"so-panel widget widget_sow-editor panel-first-child panel-last-child\" data-index=\"1\" ><div\n\t\t\t\n\t\t\tclass=\"so-widget-sow-editor so-widget-sow-editor-base\"\n\t\t\t\n\t\t>\n<div class=\"siteorigin-widget-tinymce textwidget\">\n\t<div dir=\"ltr\">\n<div style=\"text-align: left;\">\n<h4 style=\"text-align: center;\">Thank you for your donation in honour of your teacher!<\/h4>\n<h4 style=\"text-align: center;\">Merci de votre don en l\u2019honneur de votre professeur!<\/h4>\n<p>&nbsp;<\/p>\n<p>As part of the \u201cGreat Canadian Giving Challenge\u201d through CanadaHelps, every dollar donated this month gives the Canadian Federation of Music Teachers\u2019 Associations (CFMTA) one entry in a draw to win $20,000 for our organization.<\/p>\n<p>Le d\u00e9fi \u00ab Great Canadian Giving Challenge \u00bb se faisant par le biais de CanaDon (CanadaHelps), chaque dollar amass\u00e9 donne \u00e0 la F\u00e9d\u00e9ration canadienne des associations de professeurs de musique (FCAPM) une chance de gagner 20,000 $ pour son organisation.<\/p>\n<\/div>\n<div><\/div>\n<\/div>\n<\/div>\n<\/div><\/div><\/div><\/div><div id=\"pg-7590-1\"  class=\"panel-grid panel-no-style\" ><div id=\"pgc-7590-1-0\"  class=\"panel-grid-cell\" ><div id=\"panel-7590-1-0-0\" class=\"so-panel widget widget_wpforms-widget wpforms-widget panel-first-child panel-last-child\" data-index=\"2\" ><div class=\"wpforms-container wpforms-container-full\" id=\"wpforms-7216\"><form id=\"wpforms-form-7216\" class=\"wpforms-validate wpforms-form wpforms-ajax-form\" data-formid=\"7216\" method=\"post\" enctype=\"multipart\/form-data\" action=\"\/en\/wp-json\/wp\/v2\/pages\/7590?wpforms_form_id=7216\" data-token=\"78f49eae7319118722f17a189d3b4a3c\" data-token-time=\"1775829894\"><noscript class=\"wpforms-error-noscript\">Please enable JavaScript in your browser to complete this form.<\/noscript><div class=\"wpforms-field-container\"><div id=\"wpforms-7216-field_11-container\" class=\"wpforms-field wpforms-field-layout\" data-field-id=\"11\"><div class=\"wpforms-field-layout-columns wpforms-field-layout-preset-50-50\"><div class=\"wpforms-layout-column wpforms-layout-column-50\" ><div id=\"wpforms-7216-field_12-container\" class=\"wpforms-field wpforms-field-text\" data-field-id=\"12\"><label class=\"wpforms-field-label\" for=\"wpforms-7216-field_12\">Donors Name \/ Nom des donateurs<\/label><input type=\"text\" id=\"wpforms-7216-field_12\" class=\"wpforms-field-medium\" name=\"wpforms[fields][12]\" ><\/div><\/div><div class=\"wpforms-layout-column wpforms-layout-column-50\" ><div id=\"wpforms-7216-field_2-container\" class=\"wpforms-field wpforms-field-email\" data-field-id=\"2\"><label class=\"wpforms-field-label\" for=\"wpforms-7216-field_2\">Donors Email \/ Email des donateurs <span class=\"wpforms-required-label\">*<\/span><\/label><input type=\"email\" id=\"wpforms-7216-field_2\" class=\"wpforms-field-medium wpforms-field-required\" name=\"wpforms[fields][2]\" spellcheck=\"false\" required><\/div><\/div><\/div><\/div><div id=\"wpforms-7216-field_6-container\" class=\"wpforms-field wpforms-field-name\" data-field-id=\"6\"><label class=\"wpforms-field-label\">Name of Honoree \/ Nom de la personne honor\u00e9e <span class=\"wpforms-required-label\">*<\/span><\/label><div class=\"wpforms-field-row wpforms-field-large\"><div class=\"wpforms-field-row-block wpforms-first wpforms-one-half\"><input type=\"text\" id=\"wpforms-7216-field_6\" class=\"wpforms-field-name-first wpforms-field-required\" name=\"wpforms[fields][6][first]\" required><label for=\"wpforms-7216-field_6\" class=\"wpforms-field-sublabel after\">First<\/label><\/div><div class=\"wpforms-field-row-block wpforms-one-half\"><input type=\"text\" id=\"wpforms-7216-field_6-last\" class=\"wpforms-field-name-last wpforms-field-required\" name=\"wpforms[fields][6][last]\" required><label for=\"wpforms-7216-field_6-last\" class=\"wpforms-field-sublabel after\">Last<\/label><\/div><\/div><\/div><div id=\"wpforms-7216-field_4-container\" class=\"wpforms-field wpforms-field-textarea\" data-field-id=\"4\"><label class=\"wpforms-field-label\" for=\"wpforms-7216-field_4\">Comments \/ Commentaires <span class=\"wpforms-required-label\">*<\/span><\/label><textarea id=\"wpforms-7216-field_4\" class=\"wpforms-field-medium wpforms-field-required\" name=\"wpforms[fields][4]\" required><\/textarea><div class=\"wpforms-field-description\">Limit 100 words \/ Limite 100 mots<\/div><\/div><div id=\"wpforms-7216-field_7-container\" class=\"wpforms-field wpforms-field-file-upload\" data-field-id=\"7\"><label class=\"wpforms-field-label\" for=\"wpforms-7216-field_7\">Photo<\/label><div\n\t\tclass=\"wpforms-uploader \"\n\t\tdata-field-id=\"7\"\n\t\tdata-form-id=\"7216\"\n\t\tdata-input-name=\"wpforms_7216_7\"\n\t\tdata-extensions=\"jpeg,png\"\n\t\tdata-max-size=\"2097152\"\n\t\tdata-max-file-number=\"1\"\n\t\tdata-post-max-size=\"2097152\"\n\t\tdata-max-parallel-uploads=\"4\"\n\t\tdata-parallel-uploads=\"true\"\n\t\tdata-file-chunk-size=\"2097152\">\n\t<div class=\"dz-message\">\n\t\t<svg  viewBox=\"0 0 640 640\" focusable=\"false\" data-icon=\"inbox\" width=\"50px\" height=\"50px\" fill=\"currentColor\" aria-hidden=\"true\">\n\t\t\t<path d=\"M352 173.3L352 384C352 401.7 337.7 416 320 416C302.3 416 288 401.7 288 384L288 173.3L246.6 214.7C234.1 227.2 213.8 227.2 201.3 214.7C188.8 202.2 188.8 181.9 201.3 169.4L297.3 73.4C309.8 60.9 330.1 60.9 342.6 73.4L438.6 169.4C451.1 181.9 451.1 202.2 438.6 214.7C426.1 227.2 405.8 227.2 393.3 214.7L352 173.3zM320 464C364.2 464 400 428.2 400 384L480 384C515.3 384 544 412.7 544 448L544 480C544 515.3 515.3 544 480 544L160 544C124.7 544 96 515.3 96 480L96 448C96 412.7 124.7 384 160 384L240 384C240 428.2 275.8 464 320 464zM464 488C477.3 488 488 477.3 488 464C488 450.7 477.3 440 464 440C450.7 440 440 450.7 440 464C440 477.3 450.7 488 464 488z\"\/>\n\t\t<\/svg>\n\n\t\t<span class=\"modern-title\">\n\t\t\t\t\t\t\tDrag &amp; Drop Files, \t\t\t\t<span>Choose Files to Upload<\/span>\n\t\t\t\t\t<\/span>\n\n\t\t\t<\/div>\n<\/div>\n\n<input\n\t\ttype=\"text\"\n\t\tautocomplete=\"off\"\n\t\treadonly\n\t\tclass=\"dropzone-input\"\n\t\tstyle=\"position:absolute!important;clip:rect(0,0,0,0)!important;height:1px!important;width:1px!important;border:0!important;overflow:hidden!important;padding:0!important;margin:0!important;\"\n\t\tid=\"wpforms-7216-field_7\"\n\t\tname=\"wpforms_7216_7\" \t\tvalue=\"\">\n<div class=\"wpforms-field-description\">Preferred file format \/ format de fichier pr\u00e9f\u00e9r\u00e9 : jpeg or png - under 500 kb<\/div><\/div><div id=\"wpforms-7216-field_10-container\" class=\"wpforms-field wpforms-field-html\" data-field-id=\"10\"><div id=\"wpforms-7216-field_10\"><p>Please note that if you choose to submit this information and photo, you acknowledge that the photo and text will be used for CFMTA promotional purposes online, social media and in print.<\/p>\r\n<p>Veuillez noter qu\u2019en soumettant ces informations et photos, vous consentez \u00e0 ce que celles-ci soient utilis\u00e9es par la FCAPM \u00e0 des fins promotionnelles, par \u00e9crit, en ligne, et sur les r\u00e9seaux sociaux.<\/p><\/div><\/div><div id=\"wpforms-7216-field_9-container\" class=\"wpforms-field wpforms-field-checkbox\" data-field-id=\"9\"><label class=\"wpforms-field-label\">I give permission to use this photo and information \/ J\u2019accorde la permission d\u2019utiliser ces informations et cette photo<\/label><ul id=\"wpforms-7216-field_9\"><li class=\"choice-1 depth-1\"><input type=\"checkbox\" id=\"wpforms-7216-field_9_1\" name=\"wpforms[fields][9][]\" value=\"Yes \/ Oui\"  ><label class=\"wpforms-field-label-inline\" for=\"wpforms-7216-field_9_1\">Yes \/ Oui<\/label><\/li><\/ul><\/div><\/div><!-- .wpforms-field-container --><div class=\"wpforms-submit-container\" ><input type=\"hidden\" name=\"wpforms[id]\" value=\"7216\"><input type=\"hidden\" name=\"page_title\" value=\"\"><input type=\"hidden\" name=\"page_url\" value=\"https:\/\/www.cfmta.org\/en\/wp-json\/wp\/v2\/pages\/7590\"><input type=\"hidden\" name=\"url_referer\" value=\"\"><button type=\"submit\" name=\"wpforms[submit]\" id=\"wpforms-submit-7216\" class=\"wpforms-submit\" data-alt-text=\"Sending...\" data-submit-text=\"Submit\" aria-live=\"assertive\" value=\"wpforms-submit\">Submit<\/button><img loading=\"lazy\" decoding=\"async\" src=\"https:\/\/www.cfmta.org\/en\/wp-content\/plugins\/wpforms\/assets\/images\/submit-spin.svg\" class=\"wpforms-submit-spinner\" style=\"display: none;\" width=\"26\" height=\"26\" alt=\"Loading\"><\/div><\/form><\/div>  <!-- .wpforms-container --><\/div><\/div><\/div><\/div>","protected":false},"excerpt":{"rendered":"<p>Thank you for your donation in honour of your teacher! Merci de votre don en l\u2019honneur de votre professeur! &nbsp; As part of the \u201cGreat Canadian Giving Challenge\u201d through CanadaHelps, every dollar donated this month gives the Canadian Federation of &hellip; <a class=\"kt-excerpt-readmore\" href=\"https:\/\/www.cfmta.org\/en\/canada-helps\/\" aria-label=\"CanadaHelps\">Read More<\/a><\/p>\n","protected":false},"author":2,"featured_media":0,"parent":0,"menu_order":0,"comment_status":"closed","ping_status":"closed","template":"page-fullwidth.php","meta":{"kt_blocks_editor_width":"","footnotes":""},"class_list":["post-7590","page","type-page","status-publish","hentry"],"_links":{"self":[{"href":"https:\/\/www.cfmta.org\/en\/wp-json\/wp\/v2\/pages\/7590","targetHints":{"allow":["GET"]}}],"collection":[{"href":"https:\/\/www.cfmta.org\/en\/wp-json\/wp\/v2\/pages"}],"about":[{"href":"https:\/\/www.cfmta.org\/en\/wp-json\/wp\/v2\/types\/page"}],"author":[{"embeddable":true,"href":"https:\/\/www.cfmta.org\/en\/wp-json\/wp\/v2\/users\/2"}],"replies":[{"embeddable":true,"href":"https:\/\/www.cfmta.org\/en\/wp-json\/wp\/v2\/comments?post=7590"}],"version-history":[{"count":23,"href":"https:\/\/www.cfmta.org\/en\/wp-json\/wp\/v2\/pages\/7590\/revisions"}],"predecessor-version":[{"id":7669,"href":"https:\/\/www.cfmta.org\/en\/wp-json\/wp\/v2\/pages\/7590\/revisions\/7669"}],"wp:attachment":[{"href":"https:\/\/www.cfmta.org\/en\/wp-json\/wp\/v2\/media?parent=7590"}],"curies":[{"name":"wp","href":"https:\/\/api.w.org\/{rel}","templated":true}]}}