{"id":8878,"date":"2025-04-15T14:38:06","date_gmt":"2025-04-15T21:38:06","guid":{"rendered":"https:\/\/www.cfmta.org\/en\/?page_id=8878"},"modified":"2025-07-15T13:31:33","modified_gmt":"2025-07-15T20:31:33","slug":"national-piano-competition-piano","status":"publish","type":"page","link":"https:\/\/www.cfmta.org\/en\/national-piano-competition-piano\/","title":{"rendered":"National Piano Competition &#8211; Piano"},"content":{"rendered":"<div id=\"pl-8878\"  class=\"panel-layout\" ><div id=\"pg-8878-0\"  class=\"panel-grid panel-no-style\" ><div id=\"pgc-8878-0-0\"  class=\"panel-grid-cell\" ><div id=\"panel-8878-0-0-0\" class=\"so-panel widget widget_sow-editor panel-first-child panel-last-child\" data-index=\"0\" ><div\n\t\t\t\n\t\t\tclass=\"so-widget-sow-editor so-widget-sow-editor-base\"\n\t\t\t\n\t\t>\n<div class=\"siteorigin-widget-tinymce textwidget\">\n\t<div>\n<p><strong>The winners:<\/strong><\/p>\n<div class=\"x14z9mp xat24cr x1lziwak x1vvkbs xtlvy1s x126k92a\"><\/div>\n<div class=\"x14z9mp xat24cr x1lziwak x1vvkbs xtlvy1s x126k92a\">\n<div dir=\"auto\">\n<p><b>1st Prize:<\/b> ($5000.00) Julien Gagn\u00e9 (Quebec)<\/p>\n<p><b>2nd Prize:<\/b> ($3000.00) Hamilton Lau (British Columbia)<\/p>\n<p><b>3rd Prize:<\/b> ($2000.00) Adam Zheng (Ontario)<\/p>\n<p>&nbsp;<\/p>\n<p><b>Other Awards:<\/b><b><\/b><\/p>\n<p><b>Ernst Schneider Canadian Music Award<\/b> ($1000)<\/p>\n<p>for the best performance of a Canadian Composition was awarded to Hamilton Lau (British Columbia)<\/p>\n<p>&nbsp;<\/p>\n<p><b>The Canadian Chopin Society Award<\/b> ($500)<\/p>\n<p>for the best performance of a Chopin Composition was awarded to Adam Zheng (Ontario)<\/p>\n<p>&nbsp;<\/p>\n<p><b>Quebec Musical Education Foundation Award<\/b> ($1000)<\/p>\n<p>for the most promising artist was awarded to Zija (Jaydon) Zhuang (Alberta)<\/p>\n<\/div>\n<\/div>\n<p>&nbsp;<\/p>\n<\/div>\n<h5><\/h5>\n<h5 style=\"font-weight: 400; text-align: center;\"><\/h5>\n<\/div>\n<\/div><\/div><\/div><div id=\"pgc-8878-0-1\"  class=\"panel-grid-cell\" ><div id=\"panel-8878-0-1-0\" class=\"so-panel widget widget_sow-editor panel-first-child\" data-index=\"1\" ><div\n\t\t\t\n\t\t\tclass=\"so-widget-sow-editor so-widget-sow-editor-base\"\n\t\t\t\n\t\t><h3 class=\"widget-title\">Alberta<\/h3>\n<div class=\"siteorigin-widget-tinymce textwidget\">\n\t<p><strong><img loading=\"lazy\" decoding=\"async\" class=\"size-medium wp-image-8879 alignleft\" src=\"https:\/\/www.cfmta.org\/en\/wp-content\/uploads\/2025\/04\/Jaydon-Photo-CFMTA-400760cd07d3dda33df872a99afe10e8-300x225.jpg\" alt=\"\" width=\"300\" height=\"225\" srcset=\"https:\/\/www.cfmta.org\/en\/wp-content\/uploads\/2025\/04\/Jaydon-Photo-CFMTA-400760cd07d3dda33df872a99afe10e8-300x225.jpg 300w, https:\/\/www.cfmta.org\/en\/wp-content\/uploads\/2025\/04\/Jaydon-Photo-CFMTA-400760cd07d3dda33df872a99afe10e8-1024x768.jpg 1024w, https:\/\/www.cfmta.org\/en\/wp-content\/uploads\/2025\/04\/Jaydon-Photo-CFMTA-400760cd07d3dda33df872a99afe10e8-768x576.jpg 768w, https:\/\/www.cfmta.org\/en\/wp-content\/uploads\/2025\/04\/Jaydon-Photo-CFMTA-400760cd07d3dda33df872a99afe10e8-1536x1152.jpg 1536w, https:\/\/www.cfmta.org\/en\/wp-content\/uploads\/2025\/04\/Jaydon-Photo-CFMTA-400760cd07d3dda33df872a99afe10e8-2048x1536.jpg 2048w\" sizes=\"auto, (max-width: 300px) 100vw, 300px\" \/>Jaydon Zijia Zhuang<\/strong><\/p>\n<p>Passionate, cheerful and easy-going, aspiring musician Zijia (Jaydon) Zhuang has been pursuing his dream of becoming a concert pianist, exploring the beauty of classical music and spreading the joy of it to the world. <span class=\"Apple-converted-space\">\u00a0<\/span><\/p>\n<p>Born in Edmonton, Alberta, Jaydon showed a great interest in music from a young age. He has studied with notable teachers in Alberta including Rosemarie Horne and, currently, Wolfram Linnebach and Zhenni Li-Cohen.<span class=\"Apple-converted-space\">\u00a0<\/span><\/p>\n<p>His growing accolades include winning the Grand Prize of the 2023 Canadian Music Competition in the 11-14 years old category and performing his debut concerto with orchestra with the Calgary Civic Symphony, 2nd place in the Canada West Performing Art Festival of 2023, 1st place at both the piano concerto and piano for ages 14 and under classes in the 2023 Alberta Provincial Music Festival, as well as multiple first prizes and scholarships in the Edmonton Music and Speech Arts Festival. Additionally, he won the Gold Award under the youth category of the Pacific Rim International Music Festival.<\/p>\n<p>He has performed in masterclasses with pianists, including Angela Cheng, Katherine Chi, Stephane Lemelin, Benedetto Lupo, Charles Richard-Hamelin, Henry Kramer, Ian Parker, Ilya Poletaev, Shai Wosner, and Philip Chiu.<span class=\"Apple-converted-space\">\u00a0<\/span><\/p>\n<p>Beyond his piano studies, he co-founded non-profit society Music Semplice, where he organizes Edmonton Young Artists and regularly performs young artist events for Edmonton's senior communities.<span class=\"Apple-converted-space\">\u00a0<\/span><\/p>\n<p>Outside of music, Jaydon enjoys teaching, reading and cooking.<\/p>\n<\/div>\n<\/div><\/div><div id=\"panel-8878-0-1-1\" class=\"so-panel widget widget_sow-editor\" data-index=\"2\" ><div\n\t\t\t\n\t\t\tclass=\"so-widget-sow-editor so-widget-sow-editor-base\"\n\t\t\t\n\t\t><h3 class=\"widget-title\">British Columbia<\/h3>\n<div class=\"siteorigin-widget-tinymce textwidget\">\n\t<p><strong><img loading=\"lazy\" decoding=\"async\" class=\"size-medium wp-image-8880 alignleft\" src=\"https:\/\/www.cfmta.org\/en\/wp-content\/uploads\/2025\/04\/Hamilton-Lau-Headshot-438801cec34b04742c7c86e803407adc-300x200.jpg\" alt=\"\" width=\"300\" height=\"200\" srcset=\"https:\/\/www.cfmta.org\/en\/wp-content\/uploads\/2025\/04\/Hamilton-Lau-Headshot-438801cec34b04742c7c86e803407adc-300x200.jpg 300w, https:\/\/www.cfmta.org\/en\/wp-content\/uploads\/2025\/04\/Hamilton-Lau-Headshot-438801cec34b04742c7c86e803407adc-1024x683.jpg 1024w, https:\/\/www.cfmta.org\/en\/wp-content\/uploads\/2025\/04\/Hamilton-Lau-Headshot-438801cec34b04742c7c86e803407adc-768x512.jpg 768w, https:\/\/www.cfmta.org\/en\/wp-content\/uploads\/2025\/04\/Hamilton-Lau-Headshot-438801cec34b04742c7c86e803407adc-1536x1024.jpg 1536w, https:\/\/www.cfmta.org\/en\/wp-content\/uploads\/2025\/04\/Hamilton-Lau-Headshot-438801cec34b04742c7c86e803407adc-2048x1365.jpg 2048w, https:\/\/www.cfmta.org\/en\/wp-content\/uploads\/2025\/04\/Hamilton-Lau-Headshot-438801cec34b04742c7c86e803407adc-272x182.jpg 272w\" sizes=\"auto, (max-width: 300px) 100vw, 300px\" \/>Hamilton Lau<\/strong><\/p>\n<p>Named by the Canadian Broadcasting Corporation (CBC) as one of \"30 Hot Canadian Classical Musicians Under 30,\" Hamilton Lau is establishing himself as a promising, energetic, and dedicated musician. Born and raised in Vancouver, British Columbia, he began his piano studies at the age of four, and he currently studies at the University of British Columbia with Corey Hamm.<\/p>\n<p>He has achieved awards from numerous competitions at the international, national, and provincial level. He won the Canadian Music Competition and the Performing Arts BC Provincial Festival, received the Silver Medal from the Vancouver International Music Competition, and earned Second Prize at the Shean National Piano Competition. Hamilton has performed concertos, solo recitals, and chamber concerts in Canada, the United States, and Europe, and has attended summer festivals such as the Sarasota Music Festival and Orford Musique. In 2025, he will embark on a solo recital tour of British Columbia, Canada.<span class=\"Apple-converted-space\">\u00a0<\/span><\/p>\n<\/div>\n<\/div><\/div><div id=\"panel-8878-0-1-2\" class=\"so-panel widget widget_sow-editor\" data-index=\"3\" ><div\n\t\t\t\n\t\t\tclass=\"so-widget-sow-editor so-widget-sow-editor-base\"\n\t\t\t\n\t\t><h3 class=\"widget-title\">Manitoba<\/h3>\n<div class=\"siteorigin-widget-tinymce textwidget\">\n\t<p><strong><img loading=\"lazy\" decoding=\"async\" class=\"alignleft size-medium wp-image-8881\" src=\"https:\/\/www.cfmta.org\/en\/wp-content\/uploads\/2025\/04\/Bogdan-Shunkov--300x200.jpg\" alt=\"\" width=\"300\" height=\"200\" srcset=\"https:\/\/www.cfmta.org\/en\/wp-content\/uploads\/2025\/04\/Bogdan-Shunkov--300x200.jpg 300w, https:\/\/www.cfmta.org\/en\/wp-content\/uploads\/2025\/04\/Bogdan-Shunkov--1024x682.jpg 1024w, https:\/\/www.cfmta.org\/en\/wp-content\/uploads\/2025\/04\/Bogdan-Shunkov--768x512.jpg 768w, https:\/\/www.cfmta.org\/en\/wp-content\/uploads\/2025\/04\/Bogdan-Shunkov--1536x1024.jpg 1536w, https:\/\/www.cfmta.org\/en\/wp-content\/uploads\/2025\/04\/Bogdan-Shunkov--2048x1365.jpg 2048w, https:\/\/www.cfmta.org\/en\/wp-content\/uploads\/2025\/04\/Bogdan-Shunkov--272x182.jpg 272w, https:\/\/www.cfmta.org\/en\/wp-content\/uploads\/2025\/04\/Bogdan-Shunkov-.jpg 2080w\" sizes=\"auto, (max-width: 300px) 100vw, 300px\" \/>Bogdan Shunkov<\/strong><\/p>\n<p>Bogdan Shunkov is a passionate and dedicated young pianist with five years of music education and performance experience in both Russia and Canada. He began piano studies at the age of seven at a specialized music school in St. Petersburg before continuing training in Winnipeg. Bogdan actively participates in local and international competitions, continually developing technical skills and musical artistry. He is driven by a deep love for music and a commitment to lifelong learning, striving toward the goal of becoming a professional pianist.<\/p>\n<\/div>\n<\/div><\/div><div id=\"panel-8878-0-1-3\" class=\"so-panel widget widget_sow-editor\" data-index=\"4\" ><div\n\t\t\t\n\t\t\tclass=\"so-widget-sow-editor so-widget-sow-editor-base\"\n\t\t\t\n\t\t><h3 class=\"widget-title\">New Brunswick<\/h3>\n<div class=\"siteorigin-widget-tinymce textwidget\">\n\t<p><strong><img loading=\"lazy\" decoding=\"async\" class=\"alignleft size-medium wp-image-8882\" src=\"https:\/\/www.cfmta.org\/en\/wp-content\/uploads\/2025\/04\/Screenshot-2024-12-05-234056-25d0f88935c60d82e86cd9e534c50b05-268x300.png\" alt=\"\" width=\"268\" height=\"300\" srcset=\"https:\/\/www.cfmta.org\/en\/wp-content\/uploads\/2025\/04\/Screenshot-2024-12-05-234056-25d0f88935c60d82e86cd9e534c50b05-268x300.png 268w, https:\/\/www.cfmta.org\/en\/wp-content\/uploads\/2025\/04\/Screenshot-2024-12-05-234056-25d0f88935c60d82e86cd9e534c50b05.png 735w\" sizes=\"auto, (max-width: 268px) 100vw, 268px\" \/>Blake Shepherd<\/strong><\/p>\n<p>Blake Shepherd is a performing musician from Cape Breton, Nova Scotia, specializing in organ and piano. Currently a Bachelor of Music student at Mount Allison University in Sackville, New Brunswick, Blake is dedicated to refining his abilities across multiple keyboard instruments. He actively participates in the University's Symphonic Band, demonstrating his versatility as a performer. In November of 2024, Blake won the Mount Allison Concerto Competition, performing the first movement of Grieg\u2019s <i>Piano Concerto in A minor<\/i>. Beyond his academic studies, Blake frequently performs in both local and regional festival competitions, playing with a variety of ensembles, including community concert bands, orchestras and youth ensembles. Blake has also done a substantial amount of work as a collaborative pianist and teacher, working with singers and teaching piano at Mount Allison. Blake's passion shines through in every performance, and he is excited to further his studies and continue communicating with audiences through music.<\/p>\n<\/div>\n<\/div><\/div><div id=\"panel-8878-0-1-4\" class=\"so-panel widget widget_sow-editor\" data-index=\"5\" ><div\n\t\t\t\n\t\t\tclass=\"so-widget-sow-editor so-widget-sow-editor-base\"\n\t\t\t\n\t\t><h3 class=\"widget-title\">Ontario<\/h3>\n<div class=\"siteorigin-widget-tinymce textwidget\">\n\t<p><strong><img loading=\"lazy\" decoding=\"async\" class=\"alignleft size-medium wp-image-8884\" src=\"https:\/\/www.cfmta.org\/en\/wp-content\/uploads\/2025\/04\/Adam-Zheng-0560c437ba79785230a6dac8fa040582-217x300.jpg\" alt=\"\" width=\"217\" height=\"300\" srcset=\"https:\/\/www.cfmta.org\/en\/wp-content\/uploads\/2025\/04\/Adam-Zheng-0560c437ba79785230a6dac8fa040582-217x300.jpg 217w, https:\/\/www.cfmta.org\/en\/wp-content\/uploads\/2025\/04\/Adam-Zheng-0560c437ba79785230a6dac8fa040582-740x1024.jpg 740w, https:\/\/www.cfmta.org\/en\/wp-content\/uploads\/2025\/04\/Adam-Zheng-0560c437ba79785230a6dac8fa040582-768x1063.jpg 768w, https:\/\/www.cfmta.org\/en\/wp-content\/uploads\/2025\/04\/Adam-Zheng-0560c437ba79785230a6dac8fa040582-1110x1536.jpg 1110w, https:\/\/www.cfmta.org\/en\/wp-content\/uploads\/2025\/04\/Adam-Zheng-0560c437ba79785230a6dac8fa040582-1479x2048.jpg 1479w, https:\/\/www.cfmta.org\/en\/wp-content\/uploads\/2025\/04\/Adam-Zheng-0560c437ba79785230a6dac8fa040582-scaled.jpg 1849w\" sizes=\"auto, (max-width: 217px) 100vw, 217px\" \/>Adam Zheng<\/strong><\/p>\n<p>Ottawa-born pianist Adam Zheng is a Grade 10 student at Merivale High School whose piano journey began at the age of six. Adam holds an RCM Licentiate Diploma (LRCM) in Piano Performance and is studying piano under Dr. Chunson Park.<\/p>\n<p>Since 2018, Adam has received awards at multiple regional and provincial piano competitions. He has reached multiple milestones, such as debuting as a piano soloist with the Divertimento Orchestra at age ten, winning the International Henle Piano Competition at age twelve, and receiving the RCM National Diploma Gold Medals for achieving the highest LRCM and ARCT piano exam marks in Canada during 2023-24 and 2021-22. In Summer 2024, Adam received first place at ORMTA Provincial Young Artist Competition and has delivered a Young Artist piano concert tour across Ontario.<span class=\"Apple-converted-space\">\u00a0<\/span><\/p>\n<p>Adam regularly delivers piano performances in public music events. Beyond his solo career, Adam performs chamber music with violinists.<span class=\"Apple-converted-space\">\u00a0<\/span><\/p>\n<\/div>\n<\/div><\/div><div id=\"panel-8878-0-1-5\" class=\"so-panel widget widget_sow-editor\" data-index=\"6\" ><div\n\t\t\t\n\t\t\tclass=\"so-widget-sow-editor so-widget-sow-editor-base\"\n\t\t\t\n\t\t><h3 class=\"widget-title\">Nova Scotia<\/h3>\n<div class=\"siteorigin-widget-tinymce textwidget\">\n\t<p><strong><img loading=\"lazy\" decoding=\"async\" class=\"alignleft size-medium wp-image-8883\" src=\"https:\/\/www.cfmta.org\/en\/wp-content\/uploads\/2025\/04\/2022NSTT_Jenny-Photo-9f6081e51a549ccb1f11da651d23d341-300x200.jpg\" alt=\"\" width=\"300\" height=\"200\" srcset=\"https:\/\/www.cfmta.org\/en\/wp-content\/uploads\/2025\/04\/2022NSTT_Jenny-Photo-9f6081e51a549ccb1f11da651d23d341-300x200.jpg 300w, https:\/\/www.cfmta.org\/en\/wp-content\/uploads\/2025\/04\/2022NSTT_Jenny-Photo-9f6081e51a549ccb1f11da651d23d341-1024x683.jpg 1024w, https:\/\/www.cfmta.org\/en\/wp-content\/uploads\/2025\/04\/2022NSTT_Jenny-Photo-9f6081e51a549ccb1f11da651d23d341-768x512.jpg 768w, https:\/\/www.cfmta.org\/en\/wp-content\/uploads\/2025\/04\/2022NSTT_Jenny-Photo-9f6081e51a549ccb1f11da651d23d341-1536x1024.jpg 1536w, https:\/\/www.cfmta.org\/en\/wp-content\/uploads\/2025\/04\/2022NSTT_Jenny-Photo-9f6081e51a549ccb1f11da651d23d341-2048x1365.jpg 2048w, https:\/\/www.cfmta.org\/en\/wp-content\/uploads\/2025\/04\/2022NSTT_Jenny-Photo-9f6081e51a549ccb1f11da651d23d341-272x182.jpg 272w\" sizes=\"auto, (max-width: 300px) 100vw, 300px\" \/>Jenny Chen<\/strong><\/p>\n<p>Fourteen-year-old Jenny Chen started her piano study in 2015 and<span class=\"Apple-converted-space\">\u00a0 <\/span>has been the recipient of many awards including the Nova Scotia Talent Trust Scholarship, the Nova Scotia Registered Music Teacher Association Scholarship, and the Royal Conservatory of Music Gold Medal in Piano. She has been the Senior Piano prize winner at the Nova Scotia Provincial Finals in the years of 2024, as well as the Junior Piano prize winner of the year 2023 and 2022. Jenny Chen was chosen to represent Nova Scotia at the 2023 Federation of Canadian Music Festival\u2019s National Competition where she was awarded the First Prize in the Developing Artist Stream. At age 11, Jenny won their concerto competition and appeared as the soloist to perform with Chebucto Symphony Orchestra. Jenny was the youngest pianist to be accepted as a scholarship student to the 2023 Orford Summer Music Academy where she studied with Andre Laplante and John Perry and was invited to perform at Gilles-Lefebvre Concert Hall.<\/p>\n<p>When not playing piano, Jenny enjoys swimming, reading, and bird watching.<span class=\"Apple-converted-space\">\u00a0<\/span><\/p>\n<\/div>\n<\/div><\/div><div id=\"panel-8878-0-1-6\" class=\"so-panel widget widget_sow-editor\" data-index=\"7\" ><div\n\t\t\t\n\t\t\tclass=\"so-widget-sow-editor so-widget-sow-editor-base\"\n\t\t\t\n\t\t><h3 class=\"widget-title\">Prince Edward Island<\/h3>\n<div class=\"siteorigin-widget-tinymce textwidget\">\n\t<figure id=\"attachment_8885\" class=\"thumbnail wp-caption alignleft\" style=\"width: 168px\"><img loading=\"lazy\" decoding=\"async\" class=\"size-medium wp-image-8885\" src=\"https:\/\/www.cfmta.org\/en\/wp-content\/uploads\/2025\/04\/lsc_1m-ed326bab49737db152142064e994fb7d-168x300.jpg\" alt=\"\" width=\"168\" height=\"300\" srcset=\"https:\/\/www.cfmta.org\/en\/wp-content\/uploads\/2025\/04\/lsc_1m-ed326bab49737db152142064e994fb7d-168x300.jpg 168w, https:\/\/www.cfmta.org\/en\/wp-content\/uploads\/2025\/04\/lsc_1m-ed326bab49737db152142064e994fb7d-573x1024.jpg 573w, https:\/\/www.cfmta.org\/en\/wp-content\/uploads\/2025\/04\/lsc_1m-ed326bab49737db152142064e994fb7d-768x1372.jpg 768w, https:\/\/www.cfmta.org\/en\/wp-content\/uploads\/2025\/04\/lsc_1m-ed326bab49737db152142064e994fb7d-860x1536.jpg 860w, https:\/\/www.cfmta.org\/en\/wp-content\/uploads\/2025\/04\/lsc_1m-ed326bab49737db152142064e994fb7d-1147x2048.jpg 1147w, https:\/\/www.cfmta.org\/en\/wp-content\/uploads\/2025\/04\/lsc_1m-ed326bab49737db152142064e994fb7d-scaled.jpg 1433w\" sizes=\"auto, (max-width: 168px) 100vw, 168px\" \/><figcaption class=\"caption wp-caption-text\">SONY DSC<\/figcaption><\/figure>\n<p><strong>Shing Chun Luk<\/strong><\/p>\n<p>Timothy Luk is currently studying piano at the University of Prince Edward Island. He has participated in competitions including the FCMF National Music Festival, where he received the Chopin Award, the Dr. Frances Gray Performance Competition, where he was awarded the first prize, and the Atlantic Young Artist Competition.<\/p>\n<p>Timothy performed in venues such as the Government House of Prince Edward Island. He has been collaborating and performing with the choral ensembles Island Choral Society and Luminos Ensemble, both directed by Margot Rejskind.<span class=\"Apple-converted-space\">\u00a0<\/span><\/p>\n<\/div>\n<\/div><\/div><div id=\"panel-8878-0-1-7\" class=\"so-panel widget widget_sow-editor\" data-index=\"8\" ><div\n\t\t\t\n\t\t\tclass=\"so-widget-sow-editor so-widget-sow-editor-base\"\n\t\t\t\n\t\t><h3 class=\"widget-title\">Qu\u00e9bec<\/h3>\n<div class=\"siteorigin-widget-tinymce textwidget\">\n\t<p><strong><img loading=\"lazy\" decoding=\"async\" class=\"alignleft size-medium wp-image-8886\" src=\"https:\/\/www.cfmta.org\/en\/wp-content\/uploads\/2025\/04\/DSF1635-aaa51978b851d106c0d296ccec57f3bf-300x200.jpeg\" alt=\"\" width=\"300\" height=\"200\" srcset=\"https:\/\/www.cfmta.org\/en\/wp-content\/uploads\/2025\/04\/DSF1635-aaa51978b851d106c0d296ccec57f3bf-300x200.jpeg 300w, https:\/\/www.cfmta.org\/en\/wp-content\/uploads\/2025\/04\/DSF1635-aaa51978b851d106c0d296ccec57f3bf-1024x683.jpeg 1024w, https:\/\/www.cfmta.org\/en\/wp-content\/uploads\/2025\/04\/DSF1635-aaa51978b851d106c0d296ccec57f3bf-768x512.jpeg 768w, https:\/\/www.cfmta.org\/en\/wp-content\/uploads\/2025\/04\/DSF1635-aaa51978b851d106c0d296ccec57f3bf-1536x1024.jpeg 1536w, https:\/\/www.cfmta.org\/en\/wp-content\/uploads\/2025\/04\/DSF1635-aaa51978b851d106c0d296ccec57f3bf-2048x1365.jpeg 2048w, https:\/\/www.cfmta.org\/en\/wp-content\/uploads\/2025\/04\/DSF1635-aaa51978b851d106c0d296ccec57f3bf-272x182.jpeg 272w\" sizes=\"auto, (max-width: 300px) 100vw, 300px\" \/>Julien Gagn\u00e9<\/strong><\/p>\n<p>\u00c9l\u00e8ve de Richard Raymond au Conservatoire de musique de Montr\u00e9al, Julien Gagn\u00e9 s\u2019est illustr\u00e9 dans plusieurs comp\u00e9titions. En effet, il obtient une premi\u00e8re place \u00e0 C\u00e9geps en Concert, le grand prix 15-18 ans au concours Classival, le deuxi\u00e8me grand prix au Festival-concours de musique de Sherbrooke et deux premi\u00e8res places au Concours de musique du Canada. Il se produit \u00e9galement avec l\u2019Orchestre symphonique des jeunes de Sherbrooke (2022), avec l\u2019Orchestre de l\u2019Universit\u00e9 de Sherbrooke (2023) et avec la Sinfonia de Lanaudi\u00e8re (2024). En 2023, au Concours de musique de la Capitale, il obtient une premi\u00e8re place dans la cat\u00e9gorie piano d\u00e9fi et en piano concerto de m\u00eame que le prix de la fondation des Violons du Roy qui lui a permis de se produire avec le c\u00e9l\u00e8bre orchestre en mars 2024. En outre, il a pu se perfectionner en classe de ma\u00eetre avec Andr\u00e9 Laplante, Benedetto Lupo, Charles-Richard Hamelin, Henry Kramer, Jean Saulnier et \u00c9ric Lesage. Il a \u00e9galement \u00e9tudi\u00e9 aupr\u00e8s de Line Villeneuve et Tristan Longval-Gagn\u00e9.<\/p>\n<\/div>\n<\/div><\/div><div id=\"panel-8878-0-1-8\" class=\"so-panel widget widget_sow-editor panel-last-child\" data-index=\"9\" ><div\n\t\t\t\n\t\t\tclass=\"so-widget-sow-editor so-widget-sow-editor-base\"\n\t\t\t\n\t\t><h3 class=\"widget-title\">Saskatchewan<\/h3>\n<div class=\"siteorigin-widget-tinymce textwidget\">\n\t<p><strong><img loading=\"lazy\" decoding=\"async\" class=\"alignleft size-medium wp-image-8887\" src=\"https:\/\/www.cfmta.org\/en\/wp-content\/uploads\/2025\/04\/IMG_2332-4c1d0e4e8fdd725b0f8cb5148261a201-229x300.jpg\" alt=\"\" width=\"229\" height=\"300\" srcset=\"https:\/\/www.cfmta.org\/en\/wp-content\/uploads\/2025\/04\/IMG_2332-4c1d0e4e8fdd725b0f8cb5148261a201-229x300.jpg 229w, https:\/\/www.cfmta.org\/en\/wp-content\/uploads\/2025\/04\/IMG_2332-4c1d0e4e8fdd725b0f8cb5148261a201-782x1024.jpg 782w, https:\/\/www.cfmta.org\/en\/wp-content\/uploads\/2025\/04\/IMG_2332-4c1d0e4e8fdd725b0f8cb5148261a201-768x1006.jpg 768w, https:\/\/www.cfmta.org\/en\/wp-content\/uploads\/2025\/04\/IMG_2332-4c1d0e4e8fdd725b0f8cb5148261a201-1173x1536.jpg 1173w, https:\/\/www.cfmta.org\/en\/wp-content\/uploads\/2025\/04\/IMG_2332-4c1d0e4e8fdd725b0f8cb5148261a201.jpg 1384w\" sizes=\"auto, (max-width: 229px) 100vw, 229px\" \/>Esther Zhu<\/strong><\/p>\n<p>Esther Zhu (ARCT, Piano Perf.) is an accomplished 18 year old pianist from Saskatoon, Saskatchewan. Previously taught by Adrianne Bank, Michelle Aalders, and Bonnie Nicholson, Esther currently studies with Kathleen Solose at the University of Saskatchewan.<span class=\"Apple-converted-space\">\u00a0<\/span><\/p>\n<p>Since age 3, Esther has been a frequent performer and volunteer, locally and multi-provincially, in the music festival community. She has received prestigious competitive awards including the top Senior Kinsmen Piano Award in Saskatoon (2024), the Garth Beckett\/Gustin House Senior Piano award in Saskatchewan (2024) and second place in the Can-West Multi \u2013 Provincial Competition (Edmonton, 2023). Esther has also won numerous ACNMP National awards for her performances of Canadian works by Louie, Coulthard and David L. McIntyre (2022-2024).<\/p>\n<p>In Saskatoon, Esther accompanies the Saskatoon Strings Youth Orchestra, is an active chamber musician and piano teacher. Esther gives the glory to God and is proud to represent Saskatchewan at the 2025 CFMTA Piano Competition.<span class=\"Apple-converted-space\">\u00a0<\/span><\/p>\n<\/div>\n<\/div><\/div><\/div><\/div><\/div>","protected":false},"excerpt":{"rendered":"<p>The winners: 1st Prize: ($5000.00) Julien Gagn\u00e9 (Quebec) 2nd Prize: ($3000.00) Hamilton Lau (British Columbia) 3rd Prize: ($2000.00) Adam Zheng (Ontario) &nbsp; Other Awards: Ernst Schneider Canadian Music Award ($1000) for the best performance of a Canadian Composition was awarded &hellip; <a class=\"kt-excerpt-readmore\" href=\"https:\/\/www.cfmta.org\/en\/national-piano-competition-piano\/\" aria-label=\"National Piano Competition &#8211; Piano\">Read More<\/a><\/p>\n","protected":false},"author":2,"featured_media":0,"parent":0,"menu_order":0,"comment_status":"closed","ping_status":"closed","template":"page-fullwidth.php","meta":{"kt_blocks_editor_width":"","footnotes":""},"class_list":["post-8878","page","type-page","status-publish","hentry"],"_links":{"self":[{"href":"https:\/\/www.cfmta.org\/en\/wp-json\/wp\/v2\/pages\/8878","targetHints":{"allow":["GET"]}}],"collection":[{"href":"https:\/\/www.cfmta.org\/en\/wp-json\/wp\/v2\/pages"}],"about":[{"href":"https:\/\/www.cfmta.org\/en\/wp-json\/wp\/v2\/types\/page"}],"author":[{"embeddable":true,"href":"https:\/\/www.cfmta.org\/en\/wp-json\/wp\/v2\/users\/2"}],"replies":[{"embeddable":true,"href":"https:\/\/www.cfmta.org\/en\/wp-json\/wp\/v2\/comments?post=8878"}],"version-history":[{"count":23,"href":"https:\/\/www.cfmta.org\/en\/wp-json\/wp\/v2\/pages\/8878\/revisions"}],"predecessor-version":[{"id":9130,"href":"https:\/\/www.cfmta.org\/en\/wp-json\/wp\/v2\/pages\/8878\/revisions\/9130"}],"wp:attachment":[{"href":"https:\/\/www.cfmta.org\/en\/wp-json\/wp\/v2\/media?parent=8878"}],"curies":[{"name":"wp","href":"https:\/\/api.w.org\/{rel}","templated":true}]}}