{"id":1167,"date":"2018-08-24T19:22:01","date_gmt":"2018-08-25T02:22:01","guid":{"rendered":"https:\/\/www.cfmta.org\/fr\/?page_id=1167"},"modified":"2026-04-02T11:19:38","modified_gmt":"2026-04-02T18:19:38","slug":"appel-a-compositions","status":"publish","type":"page","link":"https:\/\/www.cfmta.org\/fr\/appel-a-compositions\/","title":{"rendered":"Appel \u00e0 compositions"},"content":{"rendered":"<div id=\"pl-1167\"  class=\"panel-layout\" ><div id=\"pg-1167-0\"  class=\"panel-grid panel-no-style\" ><div id=\"pgc-1167-0-0\"  class=\"panel-grid-cell panel-grid-cell-empty\" ><\/div><div id=\"pgc-1167-0-1\"  class=\"panel-grid-cell panel-grid-cell-mobile-last\" ><div id=\"panel-1167-0-1-0\" class=\"so-panel widget widget_sow-editor panel-first-child panel-last-child\" data-index=\"0\" ><div\n\t\t\t\n\t\t\tclass=\"so-widget-sow-editor so-widget-sow-editor-base\"\n\t\t\t\n\t\t>\n<div class=\"siteorigin-widget-tinymce textwidget\">\n\t<p style=\"font-weight: 400;\">La FCAPM est heureuse de soutenir les compositeurs canadiens professionnels et en herbe et invite les candidats \u00e0 soumettre une composition originale \u00e0 interpr\u00e9ter lors de nos c\u00e9l\u00e9brations nationales de la Semaine de la musique canadienne en novembre.<\/p>\n<p style=\"font-weight: 400;\">La FCAPM recherche des \u0153uvres originales et in\u00e9dites aux niveaux suivants et avec les crit\u00e8res suivants :<\/p>\n<\/div>\n<\/div><\/div><\/div><div id=\"pgc-1167-0-2\"  class=\"panel-grid-cell panel-grid-cell-empty\" ><\/div><\/div><div id=\"pg-1167-1\"  class=\"panel-grid panel-no-style\" ><div id=\"pgc-1167-1-0\"  class=\"panel-grid-cell panel-grid-cell-empty\" ><\/div><div id=\"pgc-1167-1-1\"  class=\"panel-grid-cell\" ><div id=\"panel-1167-1-1-0\" class=\"so-panel widget widget_black-studio-tinymce widget_black_studio_tinymce panel-first-child panel-last-child\" data-index=\"1\" ><div class=\"textwidget\"><h5>Seront jou\u00e9es lors de la semaine de la musique canadienne<sup>\u00a0<\/sup>2027<\/h5>\n<h5>3e-4e ann\u00e9es \/ 5e-6e ann\u00e9es<\/h5>\n<ul>\n<li>Piano \/ Harp<\/li>\n<li>Instrumental avec accompagnement<\/li>\n<li>Chant accompagn\u00e9<\/li>\n<\/ul>\n<p><strong>Date limite<\/strong> : 1er mars 2027<br \/>\n<strong>Frais d\u2019inscription<\/strong> : Aucun<br \/>\n<strong>Th\u00e8me<\/strong> :<\/p>\n<p>&nbsp;<\/p>\n<p>&nbsp;<\/p>\n<\/div><\/div><\/div><div id=\"pgc-1167-1-2\"  class=\"panel-grid-cell\" ><div id=\"panel-1167-1-2-0\" class=\"so-panel widget widget_black-studio-tinymce widget_black_studio_tinymce panel-first-child panel-last-child\" data-index=\"2\" ><div class=\"textwidget\"><h4>Lens rapides<\/h4>\n<ul>\n<li><a href=\"https:\/\/www.cfmta.org\/fr\/appel-a-compositions-gagnants\/\" target=\"_blank\" rel=\"noopener\">Gagnants 2025<\/a><\/li>\n<li>Applications\u00a0- <a href=\"https:\/\/www.cfmta.org\/en\/call-for-compositions-appel-a-compositions\/\" target=\"_blank\" rel=\"noopener\">Applications en ligne<\/a><\/li>\n<li>Affiche\u00a0- <a href=\"https:\/\/www.cfmta.org\/fr\/wp-content\/uploads\/2025\/04\/branchingout20252.jpg\" target=\"_blank\" rel=\"noopener\">Couleur 8,5 x 11<\/a><\/li>\n<li>Pour les anciens gagnants - consultez notre <strong><a href=\"https:\/\/www.cfmta.org\/archive\/programs-competition\/\">site d'archives<\/a><\/strong><\/li>\n<\/ul>\n<p>Pour envoyer une \u0153uvre ou obtenir de plus\u00a0amples informations :\u00a0<a href=\"mailto:canadamusicweek@cfmta.org\">canadamusicweek@cfmta.org<\/a><\/p>\n<\/div><\/div><\/div><\/div><div id=\"pg-1167-2\"  class=\"panel-grid panel-no-style\" ><div id=\"pgc-1167-2-0\"  class=\"panel-grid-cell panel-grid-cell-empty\" ><\/div><div id=\"pgc-1167-2-1\"  class=\"panel-grid-cell panel-grid-cell-mobile-last\" ><div id=\"panel-1167-2-1-0\" class=\"so-panel widget widget_sow-editor panel-first-child panel-last-child\" data-index=\"3\" ><div\n\t\t\t\n\t\t\tclass=\"so-widget-sow-editor so-widget-sow-editor-base\"\n\t\t\t\n\t\t>\n<div class=\"siteorigin-widget-tinymce textwidget\">\n\t<p>Le concours est ouvert \u00e0 citoyen.ne canadien.ne ou <a href=\"https:\/\/ircc.canada.ca\/francais\/centre-aide\/reponse.asp?qnum=515&amp;top=15\" target=\"_blank\" rel=\"noopener\"><strong>r\u00e9sident.e<\/strong> <strong>permanent.e<\/strong><\/a> du Canada<\/p>\n<ul>\n<li>Il doit s\u2019agir d\u2019\u0153uvres in\u00e9dites n\u2019ayant jamais \u00e9t\u00e9 enregistr\u00e9es, peu importe le format.<\/li>\n<li>Une soumission par compositeur par cat\u00e9gorie.<\/li>\n<li>Les candidatures seront accept\u00e9es en ligne seulement.<\/li>\n<li>La composition soumise doit \u00eatre \u00e9crite (manuscrite ou num\u00e9rique).<\/li>\n<li>Seuls les fichiers PDF seront accept\u00e9s.<\/li>\n<li>Veuillez indiquer le titre, mais aucun nom.<\/li>\n<li><em><strong>Notez bien<\/strong>\u00a0: Toute composition comportant le nom du compositeur sera refus\u00e9e.<\/em><\/li>\n<\/ul>\n<p>La composition s\u00e9lectionn\u00e9e sera publi\u00e9e et pourra \u00eatre t\u00e9l\u00e9charg\u00e9e par le public directement sur le site de la CFMTA\/FCAPM jusqu\u2019au 30 novembre 2027.<\/p>\n<p>&nbsp;<\/p>\n<\/div>\n<\/div><\/div><\/div><div id=\"pgc-1167-2-2\"  class=\"panel-grid-cell panel-grid-cell-empty\" ><\/div><\/div><\/div>","protected":false},"excerpt":{"rendered":"<p>La FCAPM est heureuse de soutenir les compositeurs canadiens professionnels et en herbe et invite les candidats \u00e0 soumettre une composition originale \u00e0 interpr\u00e9ter lors de nos c\u00e9l\u00e9brations nationales de la Semaine de la musique canadienne en novembre. La FCAPM &hellip; <a class=\"kt-excerpt-readmore\" href=\"https:\/\/www.cfmta.org\/fr\/appel-a-compositions\/\" aria-label=\"Appel \u00e0 compositions\">Read More<\/a><\/p>\n","protected":false},"author":2,"featured_media":0,"parent":0,"menu_order":0,"comment_status":"closed","ping_status":"closed","template":"page-fullwidth.php","meta":{"kt_blocks_editor_width":"","footnotes":""},"class_list":["post-1167","page","type-page","status-publish","hentry"],"_links":{"self":[{"href":"https:\/\/www.cfmta.org\/fr\/wp-json\/wp\/v2\/pages\/1167","targetHints":{"allow":["GET"]}}],"collection":[{"href":"https:\/\/www.cfmta.org\/fr\/wp-json\/wp\/v2\/pages"}],"about":[{"href":"https:\/\/www.cfmta.org\/fr\/wp-json\/wp\/v2\/types\/page"}],"author":[{"embeddable":true,"href":"https:\/\/www.cfmta.org\/fr\/wp-json\/wp\/v2\/users\/2"}],"replies":[{"embeddable":true,"href":"https:\/\/www.cfmta.org\/fr\/wp-json\/wp\/v2\/comments?post=1167"}],"version-history":[{"count":35,"href":"https:\/\/www.cfmta.org\/fr\/wp-json\/wp\/v2\/pages\/1167\/revisions"}],"predecessor-version":[{"id":3489,"href":"https:\/\/www.cfmta.org\/fr\/wp-json\/wp\/v2\/pages\/1167\/revisions\/3489"}],"wp:attachment":[{"href":"https:\/\/www.cfmta.org\/fr\/wp-json\/wp\/v2\/media?parent=1167"}],"curies":[{"name":"wp","href":"https:\/\/api.w.org\/{rel}","templated":true}]}}