{"id":16,"date":"2015-11-09T13:56:23","date_gmt":"2015-11-09T21:56:23","guid":{"rendered":"http:\/\/www.cfmta.org\/fr\/?page_id=16"},"modified":"2023-04-12T14:07:35","modified_gmt":"2023-04-12T21:07:35","slug":"nous-contacter","status":"publish","type":"page","link":"https:\/\/www.cfmta.org\/fr\/nous-contacter\/","title":{"rendered":"Nous contacter"},"content":{"rendered":"<div id=\"pl-16\"  class=\"panel-layout\" ><div id=\"pg-16-0\"  class=\"panel-grid panel-no-style\" ><div id=\"pgc-16-0-0\"  class=\"panel-grid-cell panel-grid-cell-empty\" ><\/div><div id=\"pgc-16-0-1\"  class=\"panel-grid-cell panel-grid-cell-mobile-last\" ><div id=\"panel-16-0-1-0\" class=\"so-panel widget widget_black-studio-tinymce widget_black_studio_tinymce panel-first-child panel-last-child\" data-index=\"0\" ><div class=\"textwidget\"><p>Pour les renseignements g\u00e9n\u00e9raux, svp contacter : <strong>CFMTA\/FCAPM Secr\u00e9taire : <\/strong><\/p>\n<p>Heather Fyffe<br \/>\n<a href=\"mailto:admin@cfmta.org\">admin@cfmta.org<\/a><br \/>\n506.442.0684<\/p>\n<p>&nbsp;<\/p>\n<table>\n<tbody>\n<tr>\n<td colspan=\"8\">\n<h4>CFMTA\/FCAPM Heures de bureau<\/h4>\n<\/td>\n<\/tr>\n<tr>\n<td colspan=\"8\"><strong>Lundi - vendredi<\/strong><\/td>\n<\/tr>\n<tr>\n<td>Heure du Pacifique<\/td>\n<td>9 h 30 \u2013 11 h 30<\/td>\n<td><\/td>\n<td>Heure des Rocheuses<\/td>\n<td>10 h 30 \u2013 12 h 30<\/td>\n<td><\/td>\n<td>Heure du Centre<\/td>\n<td>10 h 30 \u2013 12 h 30<\/td>\n<\/tr>\n<tr>\n<td>Heure de l'Est<\/td>\n<td>12 h 30 \u2013 14 h 30<\/td>\n<td><\/td>\n<td>Heure de l\u2019Atlantique<\/td>\n<td>13 h 30 \u2013 15 h 30<\/td>\n<td><\/td>\n<td>Heure de Terre\u2010Neuve<\/td>\n<td>14 h 00 \u2013 15 h 00<\/td>\n<\/tr>\n<\/tbody>\n<\/table>\n<p>&nbsp;<\/p>\n<hr \/>\n<p>Pour les informations financi\u00e8res, svp contacter : <strong>CFTMA\/FCAPM Tr\u00e9sori\u00e8re : <\/strong>Lois Kerr \u00a0<a href=\"mailto:treasurer@cfmta.org\">treasurer@cfmta.org<\/a><\/p>\n<hr \/>\n<p>Pour contacter un pr\u00e9sident de comit\u00e9 en particulier, allez \u00e0 : <a href=\"https:\/\/www.cfmta.org\/fr\/directeurs-et-presidents-de-comites\/\" target=\"_blank\" rel=\"noopener\">https:\/\/www.cfmta.org\/fr\/directeurs-et-presidents-de-comites\/<\/a><\/p>\n<\/div><\/div><\/div><div id=\"pgc-16-0-2\"  class=\"panel-grid-cell panel-grid-cell-empty\" ><\/div><\/div><\/div>","protected":false},"excerpt":{"rendered":"<p>Pour les renseignements g\u00e9n\u00e9raux, svp contacter : CFMTA\/FCAPM Secr\u00e9taire : Heather Fyffe admin@cfmta.org 506.442.0684 &nbsp; CFMTA\/FCAPM Heures de bureau Lundi &#8211; vendredi Heure du Pacifique 9 h 30 \u2013 11 h 30 Heure des Rocheuses 10 h 30 \u2013 12 &hellip; <a class=\"kt-excerpt-readmore\" href=\"https:\/\/www.cfmta.org\/fr\/nous-contacter\/\" aria-label=\"Nous contacter\">Read More<\/a><\/p>\n","protected":false},"author":2,"featured_media":0,"parent":0,"menu_order":0,"comment_status":"closed","ping_status":"closed","template":"page-fullwidth.php","meta":{"kt_blocks_editor_width":"","footnotes":""},"class_list":["post-16","page","type-page","status-publish","hentry"],"_links":{"self":[{"href":"https:\/\/www.cfmta.org\/fr\/wp-json\/wp\/v2\/pages\/16","targetHints":{"allow":["GET"]}}],"collection":[{"href":"https:\/\/www.cfmta.org\/fr\/wp-json\/wp\/v2\/pages"}],"about":[{"href":"https:\/\/www.cfmta.org\/fr\/wp-json\/wp\/v2\/types\/page"}],"author":[{"embeddable":true,"href":"https:\/\/www.cfmta.org\/fr\/wp-json\/wp\/v2\/users\/2"}],"replies":[{"embeddable":true,"href":"https:\/\/www.cfmta.org\/fr\/wp-json\/wp\/v2\/comments?post=16"}],"version-history":[{"count":11,"href":"https:\/\/www.cfmta.org\/fr\/wp-json\/wp\/v2\/pages\/16\/revisions"}],"predecessor-version":[{"id":2865,"href":"https:\/\/www.cfmta.org\/fr\/wp-json\/wp\/v2\/pages\/16\/revisions\/2865"}],"wp:attachment":[{"href":"https:\/\/www.cfmta.org\/fr\/wp-json\/wp\/v2\/media?parent=16"}],"curies":[{"name":"wp","href":"https:\/\/api.w.org\/{rel}","templated":true}]}}