{"id":1684,"date":"2020-01-24T12:19:11","date_gmt":"2020-01-24T20:19:11","guid":{"rendered":"https:\/\/www.cfmta.org\/fr\/?page_id=1684"},"modified":"2024-07-28T10:09:47","modified_gmt":"2024-07-28T17:09:47","slug":"certificat-national-de-reconnaissance-dadhesion","status":"publish","type":"page","link":"https:\/\/www.cfmta.org\/fr\/certificat-national-de-reconnaissance-dadhesion\/","title":{"rendered":"Certificat national de reconnaissance d&#8217;adh\u00e9sion"},"content":{"rendered":"<div id=\"pl-1684\"  class=\"panel-layout\" ><div id=\"pg-1684-0\"  class=\"panel-grid panel-no-style\" ><div id=\"pgc-1684-0-0\"  class=\"panel-grid-cell panel-grid-cell-empty\" ><\/div><div id=\"pgc-1684-0-1\"  class=\"panel-grid-cell panel-grid-cell-mobile-last\" ><div id=\"panel-1684-0-1-0\" class=\"so-panel widget widget_black-studio-tinymce widget_black_studio_tinymce panel-first-child panel-last-child\" data-index=\"0\" ><div class=\"textwidget\"><h4>Lens rapides<\/h4>\n<ul>\n<li><a href=\"https:\/\/www.cfmta.org\/en\/national-membership-recognition-certificate-online-application\/\" target=\"_blank\" rel=\"noopener\">Candidature en ligne<\/a><\/li>\n<\/ul>\n<hr \/>\n<div>\n<p><span lang=\"FR-CA\">La FCAPM reconna\u00eet qu'il arrive qu'au cours de sa carri\u00e8re, un professeur de musique certifi\u00e9 transf\u00e8re son adh\u00e9sion d'une province ou d'un territoire \u00e0 un autre. Ce professeur peut accumuler des \u00e9l\u00e9ments de reconnaissance tout en \u00e9tant membre de plus d'une association, mais ne sera pas \u00e9ligible pour la reconnaissance au sein de son association provinciale\/territoriale.<\/span><i><\/i><\/div>\n<div>\n<p><span lang=\"FR-CA\">Le Certificat national de reconnaissance des membres offre une reconnaissance \u00e0 des professeurs de musique certifi\u00e9s de longue date qui sont membres en r\u00e8gle. Les certificats peuvent \u00eatre demand\u00e9s apr\u00e8s un total de 20 ans d'adh\u00e9sion et peuvent \u00eatre redemand\u00e9s tous les dix ans par la suite.<\/span><i><\/i><\/div>\n<hr \/>\n<p><strong>Crit\u00e8res<\/strong><\/p>\n<ul>\n<li>Fournir la ou les preuves, par le biais du registraire provincial\/territorial, des dates et statut de membre<\/li>\n<li>Fournir des preuves \u00e9crites stipulant que le demandeur est ou \u00e9tait bien un membre en r\u00e8gle dans chaque association provinciale\/territoriale<\/li>\n<li>Avoir \u00e9t\u00e9 membre un minimum de 20 ans<\/li>\n<\/ul>\n<p>&nbsp;<\/p>\n<p><strong>Formulaire de demande<\/strong><\/p>\n<ol>\n<li>Renseignements personnels du demandeur, incluant l'association provinciale\/territoriale dont il est membre actuellement<\/li>\n<li>Lettre d'appartenance comme membre de chaque province\/territoire indiquant la dur\u00e9e d'adh\u00e9sion \u00e0 cette association et confirmant que le demandeur en est ou en \u00e9tait un membre en r\u00e8gle<\/li>\n<li>Frais : 20 $ payable \u00e0 la FCAPM par PayPal<\/li>\n<\/ol>\n<p>&nbsp;<\/p>\n<p><strong>Certificat<\/strong><\/p>\n<p>Le certificat indiquera le nom du demandeur, le nombre total d'ann\u00e9e d'adh\u00e9sion, le logo de la FCAPM et la signature de la pr\u00e9sidente nationale. Nous sugg\u00e9rons de remettre ce certificat publiquement lors d'une c\u00e9r\u00e9monie de reconnaissance organis\u00e9e par l'association r\u00e9gionale \u00e0 laquelle appartient le demandeur.<\/p>\n<p>&nbsp;<\/p>\n<p>&nbsp;<\/p>\n<\/div><\/div><\/div><div id=\"pgc-1684-0-2\"  class=\"panel-grid-cell panel-grid-cell-empty\" ><\/div><\/div><\/div>","protected":false},"excerpt":{"rendered":"<p>Lens rapides Candidature en ligne La FCAPM reconna\u00eet qu&#8217;il arrive qu&#8217;au cours de sa carri\u00e8re, un professeur de musique certifi\u00e9 transf\u00e8re son adh\u00e9sion d&#8217;une province ou d&#8217;un territoire \u00e0 un autre. Ce professeur peut accumuler des \u00e9l\u00e9ments de reconnaissance tout &hellip; <a class=\"kt-excerpt-readmore\" href=\"https:\/\/www.cfmta.org\/fr\/certificat-national-de-reconnaissance-dadhesion\/\" aria-label=\"Certificat national de reconnaissance d&#8217;adh\u00e9sion\">Read More<\/a><\/p>\n","protected":false},"author":2,"featured_media":0,"parent":0,"menu_order":0,"comment_status":"closed","ping_status":"closed","template":"page-fullwidth.php","meta":{"kt_blocks_editor_width":"","footnotes":""},"class_list":["post-1684","page","type-page","status-publish","hentry"],"_links":{"self":[{"href":"https:\/\/www.cfmta.org\/fr\/wp-json\/wp\/v2\/pages\/1684","targetHints":{"allow":["GET"]}}],"collection":[{"href":"https:\/\/www.cfmta.org\/fr\/wp-json\/wp\/v2\/pages"}],"about":[{"href":"https:\/\/www.cfmta.org\/fr\/wp-json\/wp\/v2\/types\/page"}],"author":[{"embeddable":true,"href":"https:\/\/www.cfmta.org\/fr\/wp-json\/wp\/v2\/users\/2"}],"replies":[{"embeddable":true,"href":"https:\/\/www.cfmta.org\/fr\/wp-json\/wp\/v2\/comments?post=1684"}],"version-history":[{"count":6,"href":"https:\/\/www.cfmta.org\/fr\/wp-json\/wp\/v2\/pages\/1684\/revisions"}],"predecessor-version":[{"id":3178,"href":"https:\/\/www.cfmta.org\/fr\/wp-json\/wp\/v2\/pages\/1684\/revisions\/3178"}],"wp:attachment":[{"href":"https:\/\/www.cfmta.org\/fr\/wp-json\/wp\/v2\/media?parent=1684"}],"curies":[{"name":"wp","href":"https:\/\/api.w.org\/{rel}","templated":true}]}}