{"id":2098,"date":"2021-01-26T11:20:52","date_gmt":"2021-01-26T19:20:52","guid":{"rendered":"https:\/\/www.cfmta.org\/fr\/?page_id=2098"},"modified":"2021-01-26T11:21:02","modified_gmt":"2021-01-26T19:21:02","slug":"nouveau-concours","status":"publish","type":"page","link":"https:\/\/www.cfmta.org\/fr\/nouveau-concours\/","title":{"rendered":"Nouveau concours pour c\u00e9l\u00e9brer la diversit\u00e9 musicale canadienne"},"content":{"rendered":"<div id=\"pl-2098\"  class=\"panel-layout\" ><div id=\"pg-2098-0\"  class=\"panel-grid panel-no-style\" ><div id=\"pgc-2098-0-0\"  class=\"panel-grid-cell panel-grid-cell-empty\" ><\/div><div id=\"pgc-2098-0-1\"  class=\"panel-grid-cell panel-grid-cell-mobile-last\" ><div id=\"panel-2098-0-1-0\" class=\"so-panel widget widget_black-studio-tinymce widget_black_studio_tinymce panel-first-child panel-last-child\" data-index=\"0\" ><div class=\"textwidget\"><p><img loading=\"lazy\" decoding=\"async\" class=\"alignright size-medium wp-image-2049\" src=\"https:\/\/www.cfmta.org\/fr\/wp-content\/uploads\/2020\/12\/2020conference-500x300-1-300x180.jpg\" alt=\"\" width=\"300\" height=\"180\" srcset=\"https:\/\/www.cfmta.org\/fr\/wp-content\/uploads\/2020\/12\/2020conference-500x300-1-300x180.jpg 300w, https:\/\/www.cfmta.org\/fr\/wp-content\/uploads\/2020\/12\/2020conference-500x300-1-768x461.jpg 768w, https:\/\/www.cfmta.org\/fr\/wp-content\/uploads\/2020\/12\/2020conference-500x300-1.jpg 1000w\" sizes=\"auto, (max-width: 300px) 100vw, 300px\" \/>J\u2019ai le plaisir de vous annoncer que nous planifions ajouter un concours suppl\u00e9mentaire associ\u00e9 aux concours nationaux de piano et de chant 2021. Un prix de 500,00\u00a0$ sera offert dans chacune des cat\u00e9gories, piano et chant, pour la meilleure prestation d\u00e9montrant un aspect de la diversit\u00e9 musicale canadienne. Les concurrents sont donc invit\u00e9s \u00e0 inclure dans leur programme de concours une \u0153uvre qui r\u00e9v\u00e8le un certain \u00e9l\u00e9ment de diversit\u00e9. Un bref commentaire \u00e9crit (100 mots ou moins) pr\u00e9cisant la nature de cet \u00e9l\u00e9ment et sa signification pour le concurrent doit \u00eatre soumis avec le formulaire d\u2019inscription. Ce nouveau concours a \u00e9t\u00e9 cr\u00e9\u00e9 pour c\u00e9l\u00e9brer notre engagement envers la diversit\u00e9 musicale canadienne et s\u2019harmoniser parfaitement avec le th\u00e8me de notre congr\u00e8s 2021.<\/p>\n<\/div><\/div><\/div><div id=\"pgc-2098-0-2\"  class=\"panel-grid-cell panel-grid-cell-empty\" ><\/div><\/div><\/div>","protected":false},"excerpt":{"rendered":"<p>J\u2019ai le plaisir de vous annoncer que nous planifions ajouter un concours suppl\u00e9mentaire associ\u00e9 aux concours nationaux de piano et de chant 2021. Un prix de 500,00\u00a0$ sera offert dans chacune des cat\u00e9gories, piano et chant, pour la meilleure prestation &hellip; <a class=\"kt-excerpt-readmore\" href=\"https:\/\/www.cfmta.org\/fr\/nouveau-concours\/\" aria-label=\"Nouveau concours pour c\u00e9l\u00e9brer la diversit\u00e9 musicale canadienne\">Read More<\/a><\/p>\n","protected":false},"author":2,"featured_media":0,"parent":0,"menu_order":0,"comment_status":"closed","ping_status":"closed","template":"page-fullwidth.php","meta":{"kt_blocks_editor_width":"","footnotes":""},"class_list":["post-2098","page","type-page","status-publish","hentry"],"_links":{"self":[{"href":"https:\/\/www.cfmta.org\/fr\/wp-json\/wp\/v2\/pages\/2098","targetHints":{"allow":["GET"]}}],"collection":[{"href":"https:\/\/www.cfmta.org\/fr\/wp-json\/wp\/v2\/pages"}],"about":[{"href":"https:\/\/www.cfmta.org\/fr\/wp-json\/wp\/v2\/types\/page"}],"author":[{"embeddable":true,"href":"https:\/\/www.cfmta.org\/fr\/wp-json\/wp\/v2\/users\/2"}],"replies":[{"embeddable":true,"href":"https:\/\/www.cfmta.org\/fr\/wp-json\/wp\/v2\/comments?post=2098"}],"version-history":[{"count":2,"href":"https:\/\/www.cfmta.org\/fr\/wp-json\/wp\/v2\/pages\/2098\/revisions"}],"predecessor-version":[{"id":2100,"href":"https:\/\/www.cfmta.org\/fr\/wp-json\/wp\/v2\/pages\/2098\/revisions\/2100"}],"wp:attachment":[{"href":"https:\/\/www.cfmta.org\/fr\/wp-json\/wp\/v2\/media?parent=2098"}],"curies":[{"name":"wp","href":"https:\/\/api.w.org\/{rel}","templated":true}]}}