{"id":2231,"date":"2021-04-07T12:05:18","date_gmt":"2021-04-07T19:05:18","guid":{"rendered":"https:\/\/www.cfmta.org\/fr\/?page_id=2231"},"modified":"2025-04-29T08:52:52","modified_gmt":"2025-04-29T15:52:52","slug":"appel-a-compositions-gagnants","status":"publish","type":"page","link":"https:\/\/www.cfmta.org\/fr\/appel-a-compositions-gagnants\/","title":{"rendered":"Appel \u00e0 compositions &#8211; Gagnants 2025"},"content":{"rendered":"<div id=\"pl-2231\"  class=\"panel-layout\" ><div id=\"pg-2231-0\"  class=\"panel-grid panel-no-style\" ><div id=\"pgc-2231-0-0\"  class=\"panel-grid-cell panel-grid-cell-empty\" ><\/div><div id=\"pgc-2231-0-1\"  class=\"panel-grid-cell panel-grid-cell-mobile-last\" ><div id=\"panel-2231-0-1-0\" class=\"so-panel widget widget_black-studio-tinymce widget_black_studio_tinymce panel-first-child\" data-index=\"0\" ><div class=\"textwidget\"><p><em>Chaque ann\u00e9e, la FCAPM organise un appel \u00e0 compositions \u00e0 l\u2019occasion de la Semaine de la musique canadienne. Tous les compositeurs canadiens sont invit\u00e9s \u00e0 soumettre des \u0153uvres in\u00e9dites, vocales ou instrumentales. L\u2019\u00e9coute de ces compositions est disponible pour le public sur le site Web cfmta.org.<\/em><\/p>\n<p><em>Pour l\u2019appel \u00e0 compositions de 2024, les \u0153uvres suivantes ont \u00e9t\u00e9 s\u00e9lectionn\u00e9es. F\u00e9licitations et merci \u00e0 tous les compositeurs d\u2019avoir partag\u00e9 leurs cr\u00e9ations avec nous.<\/em><\/p>\n<p>&nbsp;<\/p>\n<table border=\"0\" width=\"560\" cellspacing=\"0\" cellpadding=\"0\">\n<colgroup>\n<col width=\"163\" \/>\n<col width=\"221\" \/>\n<col width=\"176\" \/><\/colgroup>\n<tbody>\n<tr>\n<td class=\"xl70\" colspan=\"3\" width=\"560\" height=\"21\"><strong>Compositions instrumentales avec accompagnement<\/strong><\/td>\n<\/tr>\n<tr>\n<td class=\"xl65\" height=\"18\"><b>Niveaux 3 - 4<\/b><\/td>\n<td>No Entry<\/td>\n<td><\/td>\n<\/tr>\n<tr>\n<td class=\"xl65\" height=\"18\"><b>Niveaux 5 - 6<\/b><\/td>\n<td><\/td>\n<td><\/td>\n<\/tr>\n<tr>\n<td class=\"xl68\" height=\"18\"><strong>Gagnante<\/strong><\/td>\n<td class=\"xl66\"><a href=\"https:\/\/www.cfmta.org\/docs\/callforcompositions\/Golden-Snow-Dragon.pdf\" target=\"_blank\" rel=\"noopener\">Golden Snow Dragon<\/a><\/td>\n<td>\u00a0Gloria Chu, AB<\/td>\n<\/tr>\n<tr>\n<td class=\"xl68\" height=\"18\">Mention honorable<\/td>\n<td><\/td>\n<td class=\"xl67\">Joyce Janzen, Abbotsford BC<\/td>\n<\/tr>\n<tr>\n<td class=\"xl69\" height=\"18\"><\/td>\n<td><\/td>\n<td class=\"xl67\">Amber Chow, Markham ON<\/td>\n<\/tr>\n<tr>\n<td height=\"18\"><\/td>\n<td><\/td>\n<td class=\"xl67\">Alice Dearden, Toronto ON<\/td>\n<\/tr>\n<tr>\n<td height=\"18\"><\/td>\n<td><\/td>\n<td class=\"xl67\">Neva Tesolin, St.Catharines, ON<\/td>\n<\/tr>\n<tr>\n<td class=\"xl70\" colspan=\"3\" height=\"18\"><strong>Piano \/ Harp<\/strong><\/td>\n<\/tr>\n<tr>\n<td class=\"xl65\" height=\"18\"><b>Niveaux 3 - 4<\/b><\/td>\n<td><\/td>\n<td><\/td>\n<\/tr>\n<tr>\n<td class=\"xl69\" height=\"18\"><strong>Gagnante<\/strong><\/td>\n<td class=\"xl66\"><a href=\"https:\/\/www.cfmta.org\/docs\/callforcompositions\/Snow-Day.pdf\" target=\"_blank\" rel=\"noopener\">Snow Day\u00a0<\/a><\/td>\n<td>Kathleen Feenstra, BC<\/td>\n<\/tr>\n<tr>\n<td><b>Niveaux 5 - 6<\/b><\/td>\n<td><\/td>\n<td><\/td>\n<\/tr>\n<tr>\n<td class=\"xl68\" height=\"18\"><strong>Gagnant<\/strong><\/td>\n<td class=\"xl66\"><span lang=\"EN\"><a href=\"https:\/\/www.cfmta.org\/docs\/callforcompositions\/A-lhorizon-la-cime.pdf\" target=\"_blank\" rel=\"noopener\">\u00c0 l\u2019horizon, la cime<\/a><\/span><\/td>\n<td>Christian Pacaud, QC<\/td>\n<\/tr>\n<tr>\n<td class=\"xl68\" height=\"18\">Mention honorable<\/td>\n<td class=\"xl66\"><\/td>\n<td class=\"xl67\">Raul Mendoza Azpiri, Victoria BC<\/td>\n<\/tr>\n<tr>\n<td height=\"18\"><\/td>\n<td><\/td>\n<td class=\"xl67\">Gloria Chu, Calgary AB<\/td>\n<\/tr>\n<tr>\n<td height=\"18\"><\/td>\n<td><\/td>\n<td class=\"xl67\">Val\u00e9rie Carreau, Montr\u00e9al QC<\/td>\n<\/tr>\n<tr>\n<td height=\"18\"><\/td>\n<td><\/td>\n<td class=\"xl67\">Owen Bloomfield, Cambridge ON<\/td>\n<\/tr>\n<tr>\n<td class=\"xl70\" colspan=\"3\" height=\"18\"><b>Chant accompagn\u00e9 <\/b><\/td>\n<\/tr>\n<tr>\n<td class=\"xl65\" height=\"18\"><b>Niveaux 3 - 4<\/b><\/td>\n<td><\/td>\n<td><\/td>\n<\/tr>\n<tr>\n<td class=\"xl68\" height=\"18\"><strong>Gagnante<\/strong><\/td>\n<td class=\"xl66\"><a href=\"https:\/\/www.cfmta.org\/docs\/callforcompositions\/The-Rain-Stomp.pdf\" target=\"_blank\" rel=\"noopener\">The Rain Stomp<\/a><\/td>\n<td>Joyce Janzen, BC<\/td>\n<\/tr>\n<tr>\n<td class=\"xl65\" height=\"18\"><b>Niveaux 5 - 6<\/b><\/td>\n<td><\/td>\n<td><\/td>\n<\/tr>\n<tr>\n<td class=\"xl68\" height=\"18\"><strong>Gagnante<\/strong><\/td>\n<td class=\"xl66\"><a href=\"https:\/\/www.cfmta.org\/docs\/callforcompositions\/Best-Friends.pdf\" target=\"_blank\" rel=\"noopener\">Best Friends<\/a><\/td>\n<td>Gloria Chu, AB<\/td>\n<\/tr>\n<\/tbody>\n<\/table>\n<\/div><\/div><div id=\"panel-2231-0-1-1\" class=\"so-panel widget widget_sow-editor panel-last-child\" data-index=\"1\" ><div\n\t\t\t\n\t\t\tclass=\"so-widget-sow-editor so-widget-sow-editor-base\"\n\t\t\t\n\t\t>\n<div class=\"siteorigin-widget-tinymce textwidget\">\n\t<h3 style=\"text-align: left;\">Notre pan\u00e9liste - Juges<\/h3>\n<ul>\n<li>Dr. Rick Covey<\/li>\n<li>Nadine Martin<\/li>\n<li>Wade Tarling<\/li>\n<\/ul>\n<\/div>\n<\/div><\/div><\/div><div id=\"pgc-2231-0-2\"  class=\"panel-grid-cell panel-grid-cell-empty\" ><\/div><\/div><div id=\"pg-2231-1\"  class=\"panel-grid panel-no-style\" ><div id=\"pgc-2231-1-0\"  class=\"panel-grid-cell panel-grid-cell-empty\" ><\/div><div id=\"pgc-2231-1-1\"  class=\"panel-grid-cell panel-grid-cell-mobile-last\" ><div id=\"panel-2231-1-1-0\" class=\"so-panel widget widget_black-studio-tinymce widget_black_studio_tinymce panel-first-child panel-last-child\" data-index=\"2\" ><div class=\"textwidget\"><hr \/>\n<h4>Gagnants pass\u00e9s<\/h4>\n<ul>\n<li>Pour les anciens gagnants - consultez notre\u00a0<strong><a href=\"https:\/\/www.cfmta.org\/archive\/call-for-compositions\/\">site d'archives<\/a><\/strong><\/li>\n<\/ul>\n<\/div><\/div><\/div><div id=\"pgc-2231-1-2\"  class=\"panel-grid-cell panel-grid-cell-empty\" ><\/div><\/div><\/div>","protected":false},"excerpt":{"rendered":"<p>Chaque ann\u00e9e, la FCAPM organise un appel \u00e0 compositions \u00e0 l\u2019occasion de la Semaine de la musique canadienne. Tous les compositeurs canadiens sont invit\u00e9s \u00e0 soumettre des \u0153uvres in\u00e9dites, vocales ou instrumentales. L\u2019\u00e9coute de ces compositions est disponible pour le &hellip; <a class=\"kt-excerpt-readmore\" href=\"https:\/\/www.cfmta.org\/fr\/appel-a-compositions-gagnants\/\" aria-label=\"Appel \u00e0 compositions &#8211; Gagnants 2025\">Read More<\/a><\/p>\n","protected":false},"author":2,"featured_media":0,"parent":0,"menu_order":0,"comment_status":"closed","ping_status":"closed","template":"page-fullwidth.php","meta":{"kt_blocks_editor_width":"","footnotes":""},"class_list":["post-2231","page","type-page","status-publish","hentry"],"_links":{"self":[{"href":"https:\/\/www.cfmta.org\/fr\/wp-json\/wp\/v2\/pages\/2231","targetHints":{"allow":["GET"]}}],"collection":[{"href":"https:\/\/www.cfmta.org\/fr\/wp-json\/wp\/v2\/pages"}],"about":[{"href":"https:\/\/www.cfmta.org\/fr\/wp-json\/wp\/v2\/types\/page"}],"author":[{"embeddable":true,"href":"https:\/\/www.cfmta.org\/fr\/wp-json\/wp\/v2\/users\/2"}],"replies":[{"embeddable":true,"href":"https:\/\/www.cfmta.org\/fr\/wp-json\/wp\/v2\/comments?post=2231"}],"version-history":[{"count":24,"href":"https:\/\/www.cfmta.org\/fr\/wp-json\/wp\/v2\/pages\/2231\/revisions"}],"predecessor-version":[{"id":3338,"href":"https:\/\/www.cfmta.org\/fr\/wp-json\/wp\/v2\/pages\/2231\/revisions\/3338"}],"wp:attachment":[{"href":"https:\/\/www.cfmta.org\/fr\/wp-json\/wp\/v2\/media?parent=2231"}],"curies":[{"name":"wp","href":"https:\/\/api.w.org\/{rel}","templated":true}]}}