{"id":2339,"date":"2021-08-11T16:49:30","date_gmt":"2021-08-11T23:49:30","guid":{"rendered":"https:\/\/www.cfmta.org\/fr\/?page_id=2339"},"modified":"2026-04-02T18:02:56","modified_gmt":"2026-04-03T01:02:56","slug":"connectons-le-canada","status":"publish","type":"page","link":"https:\/\/www.cfmta.org\/fr\/connectons-le-canada\/","title":{"rendered":"Connectons le Canada"},"content":{"rendered":"<div id=\"pl-2339\"  class=\"panel-layout\" ><div id=\"pg-2339-0\"  class=\"panel-grid panel-no-style\" ><div id=\"pgc-2339-0-0\"  class=\"panel-grid-cell panel-grid-cell-empty\" ><\/div><div id=\"pgc-2339-0-1\"  class=\"panel-grid-cell\" ><div id=\"panel-2339-0-1-0\" class=\"so-panel widget widget_sow-editor panel-first-child panel-last-child\" data-index=\"0\" ><div\n\t\t\t\n\t\t\tclass=\"so-widget-sow-editor so-widget-sow-editor-base\"\n\t\t\t\n\t\t>\n<div class=\"siteorigin-widget-tinymce textwidget\">\n\t<p><img loading=\"lazy\" decoding=\"async\" class=\"aligncenter size-medium wp-image-2049\" src=\"https:\/\/www.cfmta.org\/fr\/wp-content\/uploads\/2020\/12\/2020conference-500x300-1-300x180.jpg\" alt=\"\" width=\"300\" height=\"180\" srcset=\"https:\/\/www.cfmta.org\/fr\/wp-content\/uploads\/2020\/12\/2020conference-500x300-1-300x180.jpg 300w, https:\/\/www.cfmta.org\/fr\/wp-content\/uploads\/2020\/12\/2020conference-500x300-1-768x461.jpg 768w, https:\/\/www.cfmta.org\/fr\/wp-content\/uploads\/2020\/12\/2020conference-500x300-1.jpg 1000w\" sizes=\"auto, (max-width: 300px) 100vw, 300px\" \/><\/p>\n<h3 style=\"text-align: center;\">Connectons le Canada 2026 : Une vie consacr\u00e9e \u00e0 l\u2019\u00e9ducation musicale<\/h3>\n<h4 style=\"text-align: center;\">PARTICIPEZ \u00c0 14 ATELIERS DYNAMIQUES CON\u00c7US POUR MAXIMISER VOTRE R\u00c9USSITE :<\/h4>\n<h5 style=\"text-align: center;\">Technique et musicalit\u00e9<\/h5>\n<h5 style=\"text-align: center;\">Technologie pour le studio d\u2019aujourd\u2019hui<\/h5>\n<h5 style=\"text-align: center;\">Gestion et croissance du studio<\/h5>\n<h5 style=\"text-align: center;\">P\u00e9dagogie innovante<\/h5>\n<p><b>Forfait complet :<\/b><span class=\"Apple-converted-space\">\u00a0 <\/span>80 $<br \/>\nInt\u00e9ress\u00e9 par certaines ateliers ? <span class=\"Apple-converted-space\">\u00a0 <\/span>Inscrivez-vous \u00e0 la semaine :<span class=\"Apple-converted-space\">\u00a0 <\/span>25 $<img loading=\"lazy\" decoding=\"async\" class=\"alignright size-medium wp-image-3473\" src=\"https:\/\/www.cfmta.org\/fr\/wp-content\/uploads\/2026\/03\/CrowdCast-logo-COLOUR-300x71.png\" alt=\"\" width=\"300\" height=\"71\" srcset=\"https:\/\/www.cfmta.org\/fr\/wp-content\/uploads\/2026\/03\/CrowdCast-logo-COLOUR-300x71.png 300w, https:\/\/www.cfmta.org\/fr\/wp-content\/uploads\/2026\/03\/CrowdCast-logo-COLOUR-1024x242.png 1024w, https:\/\/www.cfmta.org\/fr\/wp-content\/uploads\/2026\/03\/CrowdCast-logo-COLOUR-768x181.png 768w, https:\/\/www.cfmta.org\/fr\/wp-content\/uploads\/2026\/03\/CrowdCast-logo-COLOUR-1536x363.png 1536w, https:\/\/www.cfmta.org\/fr\/wp-content\/uploads\/2026\/03\/CrowdCast-logo-COLOUR.png 1724w\" sizes=\"auto, (max-width: 300px) 100vw, 300px\" \/><\/p>\n<p>Contenu hebdomadaire en direct et en pr\u00e9enregistr\u00e9 diffus\u00e9 sur <b>crowdcast<\/b><b><\/b><\/p>\n<p>Acc\u00e9dez \u00e0 tous les enregistrements, aux s\u00e9ances de questions, et aux \u00e9changes entre coll\u00e8gues jusqu\u2019au 31 ao\u00fbt 2026<\/p>\n<p>&nbsp;<\/p>\n<p>Inscrivez-vous - <a href=\"https:\/\/www.crowdcast.io\/@cfmta\" target=\"_blank\" rel=\"noopener\"><strong>cliquez ici<\/strong><\/a><\/p>\n<p>Site de l'\u00e9v\u00e9nement - <strong><a href=\"https:\/\/sites.google.com\/view\/cfmta-cc\" target=\"_blank\" rel=\"noopener\">cliquez ici<\/a><\/strong><\/p>\n<\/div>\n<\/div><\/div><\/div><\/div><div id=\"pg-2339-1\"  class=\"panel-grid panel-no-style\" ><div id=\"pgc-2339-1-0\"  class=\"panel-grid-cell\" ><div id=\"panel-2339-1-0-0\" class=\"so-panel widget widget_sow-editor panel-first-child panel-last-child\" data-index=\"1\" ><div\n\t\t\t\n\t\t\tclass=\"so-widget-sow-editor so-widget-sow-editor-base\"\n\t\t\t\n\t\t>\n<div class=\"siteorigin-widget-tinymce textwidget\">\n\t<p><b>6 juillet<br \/>\n<\/b><strong>Technique et musicalit\u00e9<\/strong><b><\/b><\/p>\n<p><b>Ian Campbell<br \/>\n<\/b><b><\/b><i>From Theory to Creative Practice: Teaching Harmony Through Improvisation and Composition \/ De la th\u00e9orie \u00e0 la pratique cr\u00e9ative : l\u2019enseignement de l\u2019harmonie par l\u2019improvisation et la composition<\/i><\/p>\n<p><b>Nita Pelletier &amp; Joyce Janzen<br \/>\n<\/b><i>Easy Improv at the Piano \/ Une approche accessible de l\u2019impro au piano<\/i><i><\/i><\/p>\n<p><b>Xun \u201cRichard\u201d Xu<br \/>\n<\/b><b><\/b><i>A Frog-First Approach to \u0160ev\u010d\u00edk Op. 3: Developing Reliable Bow Control \/ <\/i><i>Le \u0160ev\u010d\u00edk, op. 3 : pour acqu\u00e9rir un contr\u00f4le s\u00fbr de l\u2019archet<\/i><i><\/i><\/p>\n<p><b>Jarred Dunn<br \/>\n<\/b><b><\/b><i>Progressive Etudes: Imagination and Integration \/ <\/i><i>Les \u00e9tudes progressives : imagination et int\u00e9gration des acquis<\/i><\/p>\n<p><b>Nicole Chan<br \/>\n<\/b><b><\/b><i>It Can be Sung: Italian Lyric Diction for Cantonese Singers \/ <\/i><i>\u00c7a peut se chanter : diction lyrique italienne pour chanteurs cantonais<\/i><i><\/i><\/p>\n<\/div>\n<\/div><\/div><\/div><div id=\"pgc-2339-1-1\"  class=\"panel-grid-cell\" ><div id=\"panel-2339-1-1-0\" class=\"so-panel widget widget_sow-editor panel-first-child panel-last-child\" data-index=\"2\" ><div\n\t\t\t\n\t\t\tclass=\"so-widget-sow-editor so-widget-sow-editor-base\"\n\t\t\t\n\t\t>\n<div class=\"siteorigin-widget-tinymce textwidget\">\n\t<p><b>13 juillet<br \/>\n<\/b><strong>Technologie pour le studio d\u2019aujourd\u2019hui<\/strong><\/p>\n<p><b>Chee Hyeon Choi<br \/>\n<\/b><i>Navigating AI in Piano Pedagogy: Challenges, Possibilities, and Purpose \/ <\/i><i>L\u2019IA en p\u00e9dagogie du piano : d\u00e9fis, possibilit\u00e9s et finalit\u00e9<\/i><i><\/i><\/p>\n<p><b>Dina Pollock<br \/>\n<\/b><i>Digital Music \/ La musique num\u00e9rique<\/i><i><\/i><\/p>\n<p><b>Diana Dumlavwalla &amp; Molly Morrison<br \/>\n<\/b><i>\u201cModern Family\u201d: How to Navigate Teaching in Today\u2019s Society \/ <\/i><i>Familles modernes : enseigner dans la soci\u00e9t\u00e9 d\u2019aujourd\u2019hui<\/i><\/p>\n<\/div>\n<\/div><\/div><\/div><div id=\"pgc-2339-1-2\"  class=\"panel-grid-cell\" ><div id=\"panel-2339-1-2-0\" class=\"so-panel widget widget_sow-editor panel-first-child panel-last-child\" data-index=\"3\" ><div\n\t\t\t\n\t\t\tclass=\"so-widget-sow-editor so-widget-sow-editor-base\"\n\t\t\t\n\t\t>\n<div class=\"siteorigin-widget-tinymce textwidget\">\n\t<p><b>20 juillet<br \/>\n<\/b><strong>Gestion et croissance du studio<\/strong><\/p>\n<p><b>Anne Marie McIntyre<br \/>\n<\/b><i>From Burnout to Sustainable Joy: Embodied Studio Business Transformation for Music Teachers \/ <\/i><i>De l\u2019\u00e9puisement \u00e0 la joie durable : une transformation compl\u00e8te de la gestion de l\u2019entreprise<\/i><\/p>\n<p><b>Barbara Levorson<br \/>\n<\/b><i>Making a Living as a Music Educator \/ Vivre de l\u2019enseignement de la musique<\/i><i><\/i><\/p>\n<p><b>Brendan Jacklin<br \/>\n<\/b><i>The Limitations of Once-A-Week Lessons \/ Les limites de la le\u00e7on hebdomadaire<\/i><\/p>\n<\/div>\n<\/div><\/div><\/div><div id=\"pgc-2339-1-3\"  class=\"panel-grid-cell\" ><div id=\"panel-2339-1-3-0\" class=\"so-panel widget widget_sow-editor panel-first-child panel-last-child\" data-index=\"4\" ><div\n\t\t\t\n\t\t\tclass=\"so-widget-sow-editor so-widget-sow-editor-base\"\n\t\t\t\n\t\t>\n<div class=\"siteorigin-widget-tinymce textwidget\">\n\t<p><b>27 juillet<br \/>\n<\/b><strong>P\u00e9dagogie innovante<\/strong><b><\/b><\/p>\n<p><b>Helena Aung<br \/>\n<\/b><i>From the Gym to the Keyboard Lab: Rethinking Group Piano through Engagement and Spiral Learning \/ <\/i><i>De la gym \u00e0 la musique : revisitons les cours de groupe en favorisant la participation active<span class=\"Apple-converted-space\">\u00a0<\/span><\/i><i>et l\u2019apprentissage spiral\u00e9<\/i><\/p>\n<p><b>Merlin Thompson<br \/>\n<\/b><i>Repertoire Review\/Refinement: Lessons from the Language Learning Model \/ <\/i><i>Analyse critique et affinement du r\u00e9pertoire : le\u00e7ons du mod\u00e8le d\u2019apprentissage des langues<\/i><i><\/i><\/p>\n<p><b>Erin Parkes, Jeff Sabo, Olivia Adams<br \/>\n<\/b><i>Beyond Accommodations: Taking a Positive Approach to Teaching Neurodivergent Students \/ <\/i><i>Au del\u00e0 des accommodements : une approche positive de l\u2019enseignement des \u00e9l\u00e8ves neurodivergents<\/i><\/p>\n<\/div>\n<\/div><\/div><\/div><\/div><\/div>","protected":false},"excerpt":{"rendered":"<p>Connectons le Canada 2026 : Une vie consacr\u00e9e \u00e0 l\u2019\u00e9ducation musicale PARTICIPEZ \u00c0 14 ATELIERS DYNAMIQUES CON\u00c7US POUR MAXIMISER VOTRE R\u00c9USSITE : Technique et musicalit\u00e9 Technologie pour le studio d\u2019aujourd\u2019hui Gestion et croissance du studio P\u00e9dagogie innovante Forfait complet :\u00a0 &hellip; <a class=\"kt-excerpt-readmore\" href=\"https:\/\/www.cfmta.org\/fr\/connectons-le-canada\/\" aria-label=\"Connectons le Canada\">Read More<\/a><\/p>\n","protected":false},"author":2,"featured_media":0,"parent":0,"menu_order":0,"comment_status":"closed","ping_status":"closed","template":"page-fullwidth.php","meta":{"kt_blocks_editor_width":"","footnotes":""},"class_list":["post-2339","page","type-page","status-publish","hentry"],"_links":{"self":[{"href":"https:\/\/www.cfmta.org\/fr\/wp-json\/wp\/v2\/pages\/2339","targetHints":{"allow":["GET"]}}],"collection":[{"href":"https:\/\/www.cfmta.org\/fr\/wp-json\/wp\/v2\/pages"}],"about":[{"href":"https:\/\/www.cfmta.org\/fr\/wp-json\/wp\/v2\/types\/page"}],"author":[{"embeddable":true,"href":"https:\/\/www.cfmta.org\/fr\/wp-json\/wp\/v2\/users\/2"}],"replies":[{"embeddable":true,"href":"https:\/\/www.cfmta.org\/fr\/wp-json\/wp\/v2\/comments?post=2339"}],"version-history":[{"count":32,"href":"https:\/\/www.cfmta.org\/fr\/wp-json\/wp\/v2\/pages\/2339\/revisions"}],"predecessor-version":[{"id":3502,"href":"https:\/\/www.cfmta.org\/fr\/wp-json\/wp\/v2\/pages\/2339\/revisions\/3502"}],"wp:attachment":[{"href":"https:\/\/www.cfmta.org\/fr\/wp-json\/wp\/v2\/media?parent=2339"}],"curies":[{"name":"wp","href":"https:\/\/api.w.org\/{rel}","templated":true}]}}