{"id":2368,"date":"2021-08-29T20:32:55","date_gmt":"2021-08-30T03:32:55","guid":{"rendered":"https:\/\/www.cfmta.org\/fr\/?page_id=2368"},"modified":"2026-03-21T15:06:35","modified_gmt":"2026-03-21T22:06:35","slug":"postes-offerts","status":"publish","type":"page","link":"https:\/\/www.cfmta.org\/fr\/postes-offerts\/","title":{"rendered":"Postes offerts"},"content":{"rendered":"<div id=\"pl-2368\"  class=\"panel-layout\" ><div id=\"pg-2368-0\"  class=\"panel-grid panel-no-style\" ><div id=\"pgc-2368-0-0\"  class=\"panel-grid-cell panel-grid-cell-empty\" ><\/div><div id=\"pgc-2368-0-1\"  class=\"panel-grid-cell panel-grid-cell-mobile-last\" ><div id=\"panel-2368-0-1-0\" class=\"so-panel widget widget_sow-editor panel-first-child\" data-index=\"0\" ><div\n\t\t\t\n\t\t\tclass=\"so-widget-sow-editor so-widget-sow-editor-base\"\n\t\t\t\n\t\t>\n<div class=\"siteorigin-widget-tinymce textwidget\">\n\t<h4>FAITES PARTIE DE L\u2019\u00c9QUIPE<\/h4>\n<div>\n<p>Toutes les informations sur chaque poste se trouvent dans le Manuel des politiques et proc\u00e9dures sur<span class=\"apple-converted-space\">\u00a0<\/span><a href=\"http:\/\/cfmta.org\/\">CFMTA.org<\/a>, dans la section R\u00e9serv\u00e9e aux membres.<\/p>\n<\/div>\n<ul>\n<li dir=\"ltr\">\n<div><span lang=\"FR-CA\">Tr\u00e9sorier<\/span><\/div>\n<\/li>\n<li dir=\"ltr\">Concours d\u2019essai litt\u00e9raire<\/li>\n<li dir=\"ltr\">Perfectionnement professionnel<\/li>\n<li dir=\"ltr\">Financement des programmes et demandes de subvention<\/li>\n<li dir=\"ltr\">Relations publiques et marketing<\/li>\n<li dir=\"ltr\">Traduction<\/li>\n<\/ul>\n<p>&nbsp;<\/p>\n<\/div>\n<\/div><\/div><div id=\"panel-2368-0-1-1\" class=\"so-panel widget widget_kadence_tabs_content_widget kadence_tabs_content_widget panel-last-child\" data-index=\"1\" >\t\t\t<div class=\"kadence-accordion-container\">\n\t\t\t\t\t\t\t\t\t\t\t\t\t<div class=\"panel-group kt-accordion\" id=\"accordionnamewidget-0-1-1\">\n\t\t\t\t\t\t\t\t\t\t\t\t\t\t<div class=\"panel panel-default panel-even\">\n\t\t\t\t\t\t\t\t\t<div class=\"panel-heading\">\n\t\t\t\t\t\t\t\t\t\t<a class=\"accordion-toggle  collapsed\" data-toggle=\"collapse\" data-parent=\"#accordionnamewidget-0-1-1\" href=\"#collapsewidget-0-1-1-tr\u00e9sorier\">\n\t\t\t\t\t\t\t\t\t\t\t<h5><i class=\"kt-icon-minus\"><\/i><i class=\"kt-icon-plus\"><\/i>Tr\u00e9sorier<\/h5>\n\t\t\t\t\t\t\t\t\t\t<\/a>\n\t\t\t\t\t\t\t\t\t<\/div>\n\t\t\t\t\t\t\t\t\t<div id=\"collapsewidget-0-1-1-tr\u00e9sorier\" class=\"panel-collapse collapse\">\n\t\t\t\t\t\t\t\t\t\t<div class=\"panel-body postclass\">\n\t\t\t\t\t\t\t\t\t\t\t<div id=\"pl-w69bf166ba3c81\"  class=\"panel-layout\" ><div id=\"pg-w69bf166ba3c81-0\"  class=\"panel-grid panel-no-style\" ><div id=\"pgc-w69bf166ba3c81-0-0\"  class=\"panel-grid-cell\" ><div id=\"panel-w69bf166ba3c81-0-0-0\" class=\"so-panel widget widget_sow-editor panel-first-child panel-last-child\" data-index=\"0\" ><div class=\"panel-widget-style panel-widget-style-for-w69bf166ba3c81-0-0-0\" ><div\n\t\t\t\n\t\t\tclass=\"so-widget-sow-editor so-widget-sow-editor-base\"\n\t\t\t\n\t\t>\n<div class=\"siteorigin-widget-tinymce textwidget\">\n\t<p style=\"font-weight: 400;\"><strong>Description<\/strong><\/p>\n<ul>\n<li>La FCAPM est \u00e0 la recherche d\u2019une personne pour occuper le poste de tr\u00e9sorier, \u00e0 compter du 1er ao\u00fbt 2026.<\/li>\n<li>Ce poste consiste \u00e0 superviser les op\u00e9rations financi\u00e8res, les politiques et les investissements de la F\u00e9d\u00e9ration, conform\u00e9ment au Manuel des politiques et proc\u00e9dures 2025\u20112026 disponible sur le site de la FCAPM.<\/li>\n<\/ul>\n<p style=\"font-weight: 400;\"><strong>Renseignements sur le poste<\/strong><\/p>\n<ul>\n<li>La fonction de tr\u00e9sorier, exerc\u00e9e sans droit de vote, est attribu\u00e9e et encadr\u00e9e par le Conseil d\u2019administration.<\/li>\n<li>L\u2019horaire est flexible et repr\u00e9sente en moyenne 40 heures par mois, avec des variations selon les programmes, \u00e9v\u00e9nements et activit\u00e9s de l\u2019Association.<\/li>\n<li>Une v\u00e9rification des ant\u00e9c\u00e9dents criminels est requise avant l\u2019entr\u00e9e en fonction.<\/li>\n<\/ul>\n<p style=\"font-weight: 400;\"><strong>R\u00e9mun\u00e9ration<\/strong><\/p>\n<ul>\n<li>Une p\u00e9riode de transition r\u00e9mun\u00e9r\u00e9e est pr\u00e9vue du 1er mai au 1er ao\u00fbt 2026.<\/li>\n<li>Le salaire mensuel d\u00e9butera le 1er ao\u00fbt 2026, au taux annuel de 14 000,00 $.<\/li>\n<\/ul>\n<p style=\"font-weight: 400;\"><strong>Comp\u00e9tences et qualifications<\/strong><\/p>\n<ul>\n<li>Les personnes retenues auront de l\u2019exp\u00e9rience dans la tenue de livres avec QuickBooks Online, la production d\u2019\u00e9tats financiers, l\u2019utilisation d\u2019Excel et l\u2019achat de CPG.<\/li>\n<li>Avoir de solides comp\u00e9tences en communication \u00e9crite et orale, ainsi que des aptitudes interpersonnelles et organisationnelles.<\/li>\n<li>Avoir de bonnes comp\u00e9tences en technologies internet et en informatique, et se tenir \u00e0 jour sur les technologies comptables \u00e9mergentes.<\/li>\n<li>Une exp\u00e9rience de travail ou d\u2019engagement au sein d\u2019un organisme sans but lucratif ou d\u2019un groupe communautaire constitue un atout.<\/li>\n<li>Une pr\u00e9f\u00e9rence sera accord\u00e9e \u00e0 une personne ayant une formation musical.<\/li>\n<\/ul>\n<p style=\"font-weight: 400;\">Les candidatures (lettre de pr\u00e9sentation, curriculum vit\u00e6 et trois lettres de recommandation) doivent \u00eatre envoy\u00e9es \u00e0 president@cfmta.org.<\/p>\n<p style=\"font-weight: 400;\">L\u2019examen des candidatures d\u00e9butera \u00e0 la mi\u2011mars 2026 et se poursuivra jusqu\u2019\u00e0 ce que le poste soit pourvu.<\/p>\n<hr \/>\n<p style=\"font-weight: 400;\"><strong>Politiques et proc\u00e9dures du tr\u00e9sorier de la FCAPM ci\u2011jointes<\/strong><\/p>\n<p style=\"font-weight: 400;\"><strong>Tr\u00e9sorier<\/strong> <em>(Extrait des Politiques et proc\u00e9dures 2025<\/em><em>\u20112026)<\/em><\/p>\n<p style=\"font-weight: 400;\"><strong>R\u00e9sum\u00e9<\/strong><\/p>\n<p style=\"font-weight: 400;\">Le tr\u00e9sorier est un employ\u00e9 r\u00e9mun\u00e9r\u00e9 exer\u00e7ant une fonction sans droit de vote et charg\u00e9 de superviser les op\u00e9rations financi\u00e8res, les politiques et les investissements de la F\u00e9d\u00e9ration.<\/p>\n<p style=\"font-weight: 400;\"><strong>Modalit\u00e9s d\u2019emploi<\/strong><\/p>\n<p style=\"font-weight: 400;\">Le tr\u00e9sorier devra :<\/p>\n<ol>\n<li>Exercer une fonction sans droit de vote au sein de la F\u00e9d\u00e9ration canadienne des associations de professeurs de musique, fonction attribu\u00e9e et encadr\u00e9e par le Conseil d\u2019administration.<\/li>\n<li>\u00catre engag\u00e9 pour des mandats renouvelables de deux ans, avec une r\u00e9mun\u00e9ration d\u00e9termin\u00e9e par les dirigeants et le Comit\u00e9 des finances, puis approuv\u00e9e par le Conseil d\u2019administration.<\/li>\n<li>Assister aux r\u00e9unions des dirigeants, aux r\u00e9unions du Conseil d\u2019administration, \u00e0 l\u2019Assembl\u00e9e g\u00e9n\u00e9rale annuelle et \u00e0 toute r\u00e9union extraordinaire convoqu\u00e9e par la Pr\u00e9sidence.<\/li>\n<li>\u00catre rembours\u00e9 pour les frais engag\u00e9s (d\u00e9placements, h\u00e9bergement, repas) ainsi que pour les fournitures n\u00e9cessaires au fonctionnement du bureau de la FCAPM.<\/li>\n<li>\u00catre membre du Comit\u00e9 des finances.<\/li>\n<li>Tenir un registre des t\u00e2ches effectu\u00e9es et des heures travaill\u00e9es.<\/li>\n<li>Fournir son propre t\u00e9l\u00e9phone avec messagerie vocale, un ordinateur personnel avec connexion internet et une imprimante.<\/li>\n<li>Se procurer les fournitures de bureau n\u00e9cessaires \u00e0 l\u2019ex\u00e9cution de sa fonction et en et fournir les re\u00e7us.<\/li>\n<\/ol>\n<p style=\"font-weight: 400;\"><strong>Fonctions et responsabilit\u00e9s<\/strong><\/p>\n<p style=\"font-weight: 400;\">Le tr\u00e9sorier devra :<\/p>\n<ol>\n<li>Agir comme fiduciaire des fonds et valeurs mobili\u00e8res de la F\u00e9d\u00e9ration et d\u00e9poser toutes les sommes et effets de valeur au nom de la F\u00e9d\u00e9ration.<\/li>\n<li>R\u00e9gler les comptes pour lesquels des factures approuv\u00e9es ou des demandes de remboursement admissibles ont \u00e9t\u00e9 soumises, au moyen de ch\u00e8ques tir\u00e9s sur le compte bancaire de la F\u00e9d\u00e9ration et contresign\u00e9s par le ou la pr\u00e9sidence ou la premi\u00e8re vice-pr\u00e9sidence.<\/li>\n<li>Tenir un registre complet des transactions financi\u00e8res, incluant :\n<ul>\n<li>a)La tenue de registres comptables complets selon les principes comptables reconnus ;<\/li>\n<li>b) Les rapprochements mensuels des comptes bancaires, PayPal et VISA, transmis au Comit\u00e9 des finances dans les 45 jours suivant la date du relev\u00e9 ;<\/li>\n<li>c) La production d\u2019\u00e9tats financiers trimestriels comprenant le budget annuel, les revenus et d\u00e9penses \u00e0 ce jour, et l\u2019\u00e9tat des soldes des fonds, transmis aux dirigeants et au Comit\u00e9 des finances, puis aux d\u00e9l\u00e9gu\u00e9s provinciaux\/territoriaux et aux pr\u00e9sidences de comit\u00e9 apr\u00e8s approbation ;<\/li>\n<li>d) La pr\u00e9sentation des dossiers au cabinet comptable autoris\u00e9 pour la v\u00e9rification annuelle, la transmission d\u2019un r\u00e9sum\u00e9 pour publication dans le <em>Professeur de musique canadien<\/em>, et la remise de la version compl\u00e8te pour mise en ligne ;<\/li>\n<li>e) Les d\u00e9clarations \u00e0 l\u2019Agence du revenu du Canada (ARC), incluant :\n<ul>\n<li>Les paiements ou demandes de remboursement de TPS et TVP ;<\/li>\n<li>Les d\u00e9clarations de renseignements d\u2019organisme de bienfaisance enregistr\u00e9 ;<\/li>\n<li>La liste des re\u00e7us officiels de dons d\u00e9livr\u00e9s par la FCAPM ;<\/li>\n<li>Les renseignements relatifs \u00e0 des fonds d\u00e9tenus en fiducie ;<\/li>\n<\/ul>\n<\/li>\n<li>f) La v\u00e9rification de l\u2019exactitude financi\u00e8re des communications internes ;<\/li>\n<li>g) Le suivi des comptes via QuickBooks.<\/li>\n<\/ul>\n<\/li>\n<li>Acqu\u00e9rir des CPG pour chacun des fonds, en consultation avec le Comit\u00e9 des finances.<\/li>\n<li>Fournir au Comit\u00e9 des finances toute information financi\u00e8re demand\u00e9e.<\/li>\n<li>\u00catre responsable des aspects financiers de toutes les op\u00e9rations et activit\u00e9s de la CFMTA, y compris, mais sans s\u2019y limiter\u00a0:\n<ul>\n<li>a) Percevoir tous les frais, paiements et autres revenus, inscrire les recettes dans le fonds appropri\u00e9 et \u00e9mettre des re\u00e7us au besoin ;<\/li>\n<li>b) \u00c9mettre des re\u00e7us officiels de don aux donateurs effectuant un don de plus de 25,00 $ \u00e0 tout fonds de la CFMTA. Les re\u00e7us pour dons en nature doivent \u00eatre accompagn\u00e9s de la documentation exig\u00e9e par l\u2019ARC ;<\/li>\n<li>c) R\u00e9gler les factures et verser les prix d\u00e8s r\u00e9ception des pi\u00e8ces justificatives compl\u00e8tes et avec l\u2019approbation d\u2019une tierce personne autoris\u00e9e ;<\/li>\n<li>d) Facturer aux associations provinciales\/territoriales leur part des d\u00e9penses que la CFMTA a effectu\u00e9es pour leur compte ;<\/li>\n<li>e) Soutenir le travail des pr\u00e9sidents de comit\u00e9 en fournissant les informations financi\u00e8res li\u00e9es \u00e0 leur portefeuille ;<\/li>\n<li>f) Recueillir les informations et \u00e9mettre les feuillets T4A conform\u00e9ment \u00e0 l\u2019ARC ;<\/li>\n<li>g) Informer la pr\u00e9sidence d\u2019un comit\u00e9 qu\u2019un don a \u00e9t\u00e9 affect\u00e9 \u00e0 son programme d\u00e8s que le don est re\u00e7u.<\/li>\n<\/ul>\n<\/li>\n<li>Pr\u00e9parer les documents budg\u00e9taires annuels en collaboration avec le Comit\u00e9 des finances.<\/li>\n<li>Administrer les fonds d\u00e9tenus par la CFMTA pour le compte de tiers. Cela inclut :<\/li>\n<\/ol>\n<ul>\n<li style=\"list-style-type: none;\">\n<ul>\n<li>a) \u00c9mettre les re\u00e7us officiels correspondant aux dons vers\u00e9s \u00e0 ces fonds ;<\/li>\n<li>b) Transf\u00e9rer les dons confi\u00e9s en fiducie au b\u00e9n\u00e9ficiaire conform\u00e9ment aux instructions du donateur ou de l\u2019administrateur du fonds ;<\/li>\n<li>c) Collaborer avec les administrateurs des fonds et fournir les <strong>renseignements financiers<\/strong> sur demande ;<\/li>\n<li>d) Faciliter le processus de versement de dons par l\u2019interm\u00e9diaire de la CFMTA ou d\u2019un service tel que CanaDon ;<\/li>\n<li>e) Investir les fonds dans des CPG.<\/li>\n<\/ul>\n<\/li>\n<\/ul>\n<\/div>\n<\/div><\/div><\/div><\/div><\/div><\/div>\t\t\t\t\t\t\t\t\t\t<\/div>\n\t\t\t\t\t\t\t\t\t<\/div>\n\t\t\t\t\t\t\t\t<\/div>\n\t\t\t\t\t\t\t\t\t\t\t\t\t\t\t<div class=\"panel panel-default panel-odd\">\n\t\t\t\t\t\t\t\t\t<div class=\"panel-heading\">\n\t\t\t\t\t\t\t\t\t\t<a class=\"accordion-toggle  collapsed\" data-toggle=\"collapse\" data-parent=\"#accordionnamewidget-0-1-1\" href=\"#collapsewidget-0-1-1-concours-dessai-litt\u00e9raire\">\n\t\t\t\t\t\t\t\t\t\t\t<h5><i class=\"kt-icon-minus\"><\/i><i class=\"kt-icon-plus\"><\/i>Concours d\u2019essai litt\u00e9raire<\/h5>\n\t\t\t\t\t\t\t\t\t\t<\/a>\n\t\t\t\t\t\t\t\t\t<\/div>\n\t\t\t\t\t\t\t\t\t<div id=\"collapsewidget-0-1-1-concours-dessai-litt\u00e9raire\" class=\"panel-collapse collapse\">\n\t\t\t\t\t\t\t\t\t\t<div class=\"panel-body postclass\">\n\t\t\t\t\t\t\t\t\t\t\t<div id=\"pl-w69bf166ba3c8a\"  class=\"panel-layout\" ><div id=\"pg-w69bf166ba3c8a-0\"  class=\"panel-grid panel-no-style\" ><div id=\"pgc-w69bf166ba3c8a-0-0\"  class=\"panel-grid-cell\" ><div id=\"panel-w69bf166ba3c8a-0-0-0\" class=\"so-panel widget widget_sow-editor panel-first-child panel-last-child\" data-index=\"0\" ><div class=\"panel-widget-style panel-widget-style-for-w69bf166ba3c8a-0-0-0\" ><div\n\t\t\t\n\t\t\tclass=\"so-widget-sow-editor so-widget-sow-editor-base\"\n\t\t\t\n\t\t>\n<div class=\"siteorigin-widget-tinymce textwidget\">\n\t<p><strong>Concours d\u2019essai litt\u00e9raire<\/strong> \u2013 Responsabilit\u00e9s : organiser le concours chaque ann\u00e9e en coordination avec le Comit\u00e9 et superviser la mise \u00e0 jour de la liste sur le site internet.<\/p>\n<div>\n<p>&nbsp;<\/p>\n<p>Toutes les informations sur chaque poste se trouvent dans le Manuel des politiques et proc\u00e9dures sur<span class=\"apple-converted-space\">\u00a0<\/span><a href=\"http:\/\/cfmta.org\/\">CFMTA.org<\/a>, dans la section R\u00e9serv\u00e9e aux membres. Contact :<span class=\"apple-converted-space\">\u00a0<\/span><a href=\"mailto:1stvicepresident@cfmta.org\">1stvicepresident@cfmta.org<\/a><\/p>\n<\/div>\n<\/div>\n<\/div><\/div><\/div><\/div><\/div><\/div>\t\t\t\t\t\t\t\t\t\t<\/div>\n\t\t\t\t\t\t\t\t\t<\/div>\n\t\t\t\t\t\t\t\t<\/div>\n\t\t\t\t\t\t\t\t\t\t\t\t\t\t\t<div class=\"panel panel-default panel-even\">\n\t\t\t\t\t\t\t\t\t<div class=\"panel-heading\">\n\t\t\t\t\t\t\t\t\t\t<a class=\"accordion-toggle  collapsed\" data-toggle=\"collapse\" data-parent=\"#accordionnamewidget-0-1-1\" href=\"#collapsewidget-0-1-1-perfectionnement-professionnel\">\n\t\t\t\t\t\t\t\t\t\t\t<h5><i class=\"kt-icon-minus\"><\/i><i class=\"kt-icon-plus\"><\/i>Perfectionnement professionnel<\/h5>\n\t\t\t\t\t\t\t\t\t\t<\/a>\n\t\t\t\t\t\t\t\t\t<\/div>\n\t\t\t\t\t\t\t\t\t<div id=\"collapsewidget-0-1-1-perfectionnement-professionnel\" class=\"panel-collapse collapse\">\n\t\t\t\t\t\t\t\t\t\t<div class=\"panel-body postclass\">\n\t\t\t\t\t\t\t\t\t\t\t<div id=\"pl-w69bf166ba3c8f\"  class=\"panel-layout\" ><div id=\"pg-w69bf166ba3c8f-0\"  class=\"panel-grid panel-no-style\" ><div id=\"pgc-w69bf166ba3c8f-0-0\"  class=\"panel-grid-cell\" ><div id=\"panel-w69bf166ba3c8f-0-0-0\" class=\"so-panel widget widget_sow-editor panel-first-child panel-last-child\" data-index=\"0\" ><div class=\"panel-widget-style panel-widget-style-for-w69bf166ba3c8f-0-0-0\" ><div\n\t\t\t\n\t\t\tclass=\"so-widget-sow-editor so-widget-sow-editor-base\"\n\t\t\t\n\t\t>\n<div class=\"siteorigin-widget-tinymce textwidget\">\n\t<div>\n<p><strong>Perfectionnement professionnel<\/strong> \u2013 Responsabilit\u00e9s : promouvoir les activit\u00e9s de perfectionnement en coordination avec le Comit\u00e9 et superviser la Biblioth\u00e8que de ressources vid\u00e9o.<\/p>\n<\/div>\n<p>&nbsp;<\/p>\n<p>Toutes les informations sur chaque poste se trouvent dans le Manuel des politiques et proc\u00e9dures sur CFMTA.org, dans la section R\u00e9serv\u00e9e aux membres.<br \/>\nContact : <a href=\"mailto:1stvicepresident@cfmta.org\">1stvicepresident@cfmta.org<\/a><\/p>\n<\/div>\n<\/div><\/div><\/div><\/div><\/div><\/div>\t\t\t\t\t\t\t\t\t\t<\/div>\n\t\t\t\t\t\t\t\t\t<\/div>\n\t\t\t\t\t\t\t\t<\/div>\n\t\t\t\t\t\t\t\t\t\t\t\t\t\t\t<div class=\"panel panel-default panel-odd\">\n\t\t\t\t\t\t\t\t\t<div class=\"panel-heading\">\n\t\t\t\t\t\t\t\t\t\t<a class=\"accordion-toggle  collapsed\" data-toggle=\"collapse\" data-parent=\"#accordionnamewidget-0-1-1\" href=\"#collapsewidget-0-1-1-financement-des-programmes-et-demandes-de-subvention\">\n\t\t\t\t\t\t\t\t\t\t\t<h5><i class=\"kt-icon-minus\"><\/i><i class=\"kt-icon-plus\"><\/i>Financement des programmes et demandes de subvention<\/h5>\n\t\t\t\t\t\t\t\t\t\t<\/a>\n\t\t\t\t\t\t\t\t\t<\/div>\n\t\t\t\t\t\t\t\t\t<div id=\"collapsewidget-0-1-1-financement-des-programmes-et-demandes-de-subvention\" class=\"panel-collapse collapse\">\n\t\t\t\t\t\t\t\t\t\t<div class=\"panel-body postclass\">\n\t\t\t\t\t\t\t\t\t\t\t<div id=\"pl-w69bf166ba3c95\"  class=\"panel-layout\" ><div id=\"pg-w69bf166ba3c95-0\"  class=\"panel-grid panel-no-style\" ><div id=\"pgc-w69bf166ba3c95-0-0\"  class=\"panel-grid-cell\" ><div id=\"panel-w69bf166ba3c95-0-0-0\" class=\"so-panel widget widget_sow-editor panel-first-child panel-last-child\" data-index=\"0\" ><div class=\"panel-widget-style panel-widget-style-for-w69bf166ba3c95-0-0-0\" ><div\n\t\t\t\n\t\t\tclass=\"so-widget-sow-editor so-widget-sow-editor-base\"\n\t\t\t\n\t\t>\n<div class=\"siteorigin-widget-tinymce textwidget\">\n\t<div>\n<p><strong>Financement des programmes et demandes de subvention<\/strong> \u2013 Responsabilit\u00e9s : examiner les possibilit\u00e9s de financement offertes par les programmes du gouvernement du Canada, par les entreprises nationales dans le cadre de leurs programmes de bienfaisance, ainsi que par les dons priv\u00e9s d\u2019individus, d\u2019entreprises ou de soci\u00e9t\u00e9s, en coordination avec le Comit\u00e9.<\/p>\n<\/div>\n<p>&nbsp;<\/p>\n<p>Toutes les informations sur chaque poste se trouvent dans le Manuel des politiques et proc\u00e9dures sur CFMTA.org, dans la section R\u00e9serv\u00e9e aux membres.<br \/>\nContact : <a href=\"mailto:1stvicepresident@cfmta.org\">1stvicepresident@cfmta.org<\/a><\/p>\n<\/div>\n<\/div><\/div><\/div><\/div><\/div><\/div>\t\t\t\t\t\t\t\t\t\t<\/div>\n\t\t\t\t\t\t\t\t\t<\/div>\n\t\t\t\t\t\t\t\t<\/div>\n\t\t\t\t\t\t\t\t\t\t\t\t\t\t\t<div class=\"panel panel-default panel-even\">\n\t\t\t\t\t\t\t\t\t<div class=\"panel-heading\">\n\t\t\t\t\t\t\t\t\t\t<a class=\"accordion-toggle  collapsed\" data-toggle=\"collapse\" data-parent=\"#accordionnamewidget-0-1-1\" href=\"#collapsewidget-0-1-1-relations-publiques-et-marketing\">\n\t\t\t\t\t\t\t\t\t\t\t<h5><i class=\"kt-icon-minus\"><\/i><i class=\"kt-icon-plus\"><\/i>Relations publiques et marketing<\/h5>\n\t\t\t\t\t\t\t\t\t\t<\/a>\n\t\t\t\t\t\t\t\t\t<\/div>\n\t\t\t\t\t\t\t\t\t<div id=\"collapsewidget-0-1-1-relations-publiques-et-marketing\" class=\"panel-collapse collapse\">\n\t\t\t\t\t\t\t\t\t\t<div class=\"panel-body postclass\">\n\t\t\t\t\t\t\t\t\t\t\t<div id=\"pl-w69bf166ba3c9b\"  class=\"panel-layout\" ><div id=\"pg-w69bf166ba3c9b-0\"  class=\"panel-grid panel-no-style\" ><div id=\"pgc-w69bf166ba3c9b-0-0\"  class=\"panel-grid-cell\" ><div id=\"panel-w69bf166ba3c9b-0-0-0\" class=\"so-panel widget widget_sow-editor panel-first-child panel-last-child\" data-index=\"0\" ><div class=\"panel-widget-style panel-widget-style-for-w69bf166ba3c9b-0-0-0\" ><div\n\t\t\t\n\t\t\tclass=\"so-widget-sow-editor so-widget-sow-editor-base\"\n\t\t\t\n\t\t>\n<div class=\"siteorigin-widget-tinymce textwidget\">\n\t<div>\n<p><strong>Relations publiques et marketing<\/strong> \u2013 Responsabilit\u00e9s : entretenir les liens avec les organisations et institutions musicales et explorer les moyens d\u2019accro\u00eetre la visibilit\u00e9 de la CFMTA\/FCAPM.<\/p>\n<\/div>\n<p>&nbsp;<\/p>\n<p>Toutes les informations sur chaque poste se trouvent dans le Manuel des politiques et proc\u00e9dures sur CFMTA.org, dans la section R\u00e9serv\u00e9e aux membres.<br \/>\nContact : <a href=\"mailto:1stvicepresident@cfmta.org\">1stvicepresident@cfmta.org<\/a><\/p>\n<\/div>\n<\/div><\/div><\/div><\/div><\/div><\/div>\t\t\t\t\t\t\t\t\t\t<\/div>\n\t\t\t\t\t\t\t\t\t<\/div>\n\t\t\t\t\t\t\t\t<\/div>\n\t\t\t\t\t\t\t\t\t\t\t\t\t\t\t<div class=\"panel panel-default panel-odd\">\n\t\t\t\t\t\t\t\t\t<div class=\"panel-heading\">\n\t\t\t\t\t\t\t\t\t\t<a class=\"accordion-toggle  collapsed\" data-toggle=\"collapse\" data-parent=\"#accordionnamewidget-0-1-1\" href=\"#collapsewidget-0-1-1-traduction\">\n\t\t\t\t\t\t\t\t\t\t\t<h5><i class=\"kt-icon-minus\"><\/i><i class=\"kt-icon-plus\"><\/i>Traduction<\/h5>\n\t\t\t\t\t\t\t\t\t\t<\/a>\n\t\t\t\t\t\t\t\t\t<\/div>\n\t\t\t\t\t\t\t\t\t<div id=\"collapsewidget-0-1-1-traduction\" class=\"panel-collapse collapse\">\n\t\t\t\t\t\t\t\t\t\t<div class=\"panel-body postclass\">\n\t\t\t\t\t\t\t\t\t\t\t<div id=\"pl-w69bf166ba3ca0\"  class=\"panel-layout\" ><div id=\"pg-w69bf166ba3ca0-0\"  class=\"panel-grid panel-no-style\" ><div id=\"pgc-w69bf166ba3ca0-0-0\"  class=\"panel-grid-cell\" ><div id=\"panel-w69bf166ba3ca0-0-0-0\" class=\"so-panel widget widget_sow-editor panel-first-child panel-last-child\" data-index=\"0\" ><div class=\"panel-widget-style panel-widget-style-for-w69bf166ba3ca0-0-0-0\" ><div\n\t\t\t\n\t\t\tclass=\"so-widget-sow-editor so-widget-sow-editor-base\"\n\t\t\t\n\t\t>\n<div class=\"siteorigin-widget-tinymce textwidget\">\n\t<div>\n<p><strong>Traduction<\/strong> \u2013 Cette fonction n\u00e9cessite une personne bilingue. Responsabilit\u00e9s : servir de lien entre la CFMTA\/FCAPM et le traducteur, superviser la section fran\u00e7aise du site internet et orienter les projets selon les besoins.<\/p>\n<\/div>\n<p>&nbsp;<\/p>\n<p>Toutes les informations sur chaque poste se trouvent dans le Manuel des politiques et proc\u00e9dures sur CFMTA.org, dans la section R\u00e9serv\u00e9e aux membres.<br \/>\nContact : <a href=\"mailto:1stvicepresident@cfmta.org\">1stvicepresident@cfmta.org<\/a><\/p>\n<\/div>\n<\/div><\/div><\/div><\/div><\/div><\/div>\t\t\t\t\t\t\t\t\t\t<\/div>\n\t\t\t\t\t\t\t\t\t<\/div>\n\t\t\t\t\t\t\t\t<\/div>\n\t\t\t\t\t\t\t\t\t\t\t\t<\/div>\n\t\t\t\t\t\t\t<\/div>\n\n\t\t\t<\/div><\/div><div id=\"pgc-2368-0-2\"  class=\"panel-grid-cell panel-grid-cell-empty\" ><\/div><\/div><\/div>","protected":false},"excerpt":{"rendered":"<p>FAITES PARTIE DE L\u2019\u00c9QUIPE Toutes les informations sur chaque poste se trouvent dans le Manuel des politiques et proc\u00e9dures sur\u00a0CFMTA.org, dans la section R\u00e9serv\u00e9e aux membres. Tr\u00e9sorier Concours d\u2019essai litt\u00e9raire Perfectionnement professionnel Financement des programmes et demandes de subvention Relations &hellip; <a class=\"kt-excerpt-readmore\" href=\"https:\/\/www.cfmta.org\/fr\/postes-offerts\/\" aria-label=\"Postes offerts\">Read More<\/a><\/p>\n","protected":false},"author":2,"featured_media":0,"parent":0,"menu_order":0,"comment_status":"closed","ping_status":"closed","template":"page-fullwidth.php","meta":{"kt_blocks_editor_width":"","footnotes":""},"class_list":["post-2368","page","type-page","status-publish","hentry"],"_links":{"self":[{"href":"https:\/\/www.cfmta.org\/fr\/wp-json\/wp\/v2\/pages\/2368","targetHints":{"allow":["GET"]}}],"collection":[{"href":"https:\/\/www.cfmta.org\/fr\/wp-json\/wp\/v2\/pages"}],"about":[{"href":"https:\/\/www.cfmta.org\/fr\/wp-json\/wp\/v2\/types\/page"}],"author":[{"embeddable":true,"href":"https:\/\/www.cfmta.org\/fr\/wp-json\/wp\/v2\/users\/2"}],"replies":[{"embeddable":true,"href":"https:\/\/www.cfmta.org\/fr\/wp-json\/wp\/v2\/comments?post=2368"}],"version-history":[{"count":20,"href":"https:\/\/www.cfmta.org\/fr\/wp-json\/wp\/v2\/pages\/2368\/revisions"}],"predecessor-version":[{"id":3479,"href":"https:\/\/www.cfmta.org\/fr\/wp-json\/wp\/v2\/pages\/2368\/revisions\/3479"}],"wp:attachment":[{"href":"https:\/\/www.cfmta.org\/fr\/wp-json\/wp\/v2\/media?parent=2368"}],"curies":[{"name":"wp","href":"https:\/\/api.w.org\/{rel}","templated":true}]}}