{"id":2417,"date":"2021-10-07T10:50:01","date_gmt":"2021-10-07T17:50:01","guid":{"rendered":"https:\/\/www.cfmta.org\/fr\/?page_id=2417"},"modified":"2025-09-25T10:41:24","modified_gmt":"2025-09-25T17:41:24","slug":"a-propos-de-la-fcapm","status":"publish","type":"page","link":"https:\/\/www.cfmta.org\/fr\/a-propos-de-la-fcapm\/","title":{"rendered":"\u00c0 propos de la FCAPM"},"content":{"rendered":"<div id=\"pl-2417\"  class=\"panel-layout\" ><div id=\"pg-2417-0\"  class=\"panel-grid panel-no-style\" ><div id=\"pgc-2417-0-0\"  class=\"panel-grid-cell panel-grid-cell-empty\" ><\/div><div id=\"pgc-2417-0-1\"  class=\"panel-grid-cell panel-grid-cell-mobile-last\" ><div id=\"panel-2417-0-1-0\" class=\"so-panel widget widget_sow-editor panel-first-child\" data-index=\"0\" ><div\n\t\t\t\n\t\t\tclass=\"so-widget-sow-editor so-widget-sow-editor-base\"\n\t\t\t\n\t\t>\n<div class=\"siteorigin-widget-tinymce textwidget\">\n\t<h4>QU\u2019EST-CE QUE LA FCAPM?<\/h4>\n<p>&nbsp;<\/p>\n<h5>D\u00e9finition<\/h5>\n<p>La F\u00e9d\u00e9ration canadienne des associations de professeurs de musique (FCAPM) est une coalition d\u2019associations provinciales et territoriales de professeurs de musique, o\u00f9 chaque membre conserve la gestion ind\u00e9pendante de sa propre entreprise.<\/p>\n<p style=\"font-weight: 400;\">La FCMTA pr\u00f4ne un standard d'\u00e9ducation musicale de haut niveau pour chaque Canadien. En collaboration avec les associations provinciales et territoriales de professeurs de musique certifi\u00e9s, la FCAPM soutient les musiciens canadiens et leur contribution \u00e0 notre culture canadienne unique, tout en offrant \u00e0 ses membres des opportunit\u00e9s d'am\u00e9liorer les exp\u00e9riences musicales dans leurs communaut\u00e9s respectives. La FCAPM est fi\u00e8re de repr\u00e9senter ses membres aupr\u00e8s des organisations d'\u00e9ducation musicale au niveau tant national qu'international.<\/p>\n<p style=\"font-weight: 400;\">Aidez la CFMTA\/FCAPM \u00e0 continuer de promouvoir une \u00e9ducation musicale de qualit\u00e9 au Canada en FAISANT UN DON d\u00e8s aujourd'hui.<\/p>\n<p>&nbsp;<\/p>\n<h4>Dirigeants<\/h4>\n<p style=\"padding-left: 40px;\"><strong>Pr\u00e9sidente <\/strong>: Marlaine Osgood<\/p>\n<p style=\"padding-left: 40px;\"><b>1 Vice-pr\u00e9sidente <\/b>: Barbara Siemens<\/p>\n<p style=\"padding-left: 40px;\"><b>2 Vice-pr\u00e9sidente <\/b>: Laura Liu<\/p>\n<p style=\"padding-left: 40px;\"><strong>Tr\u00e9soriere <\/strong>: Lois Kerr<\/p>\n<p style=\"padding-left: 40px;\"><strong>Secr\u00e9taire <\/strong>: Heather Fyffe<\/p>\n<p style=\"padding-left: 40px;\">\n<hr \/>\n<p>&nbsp;<\/p>\n<\/div>\n<\/div><\/div><div id=\"panel-2417-0-1-1\" class=\"so-panel widget widget_sow-editor\" data-index=\"1\" ><div\n\t\t\t\n\t\t\tclass=\"so-widget-sow-editor so-widget-sow-editor-base\"\n\t\t\t\n\t\t>\n<div class=\"siteorigin-widget-tinymce textwidget\">\n\t<h4><img loading=\"lazy\" decoding=\"async\" class=\"alignleft size-medium wp-image-350\" src=\"https:\/\/www.cfmta.org\/fr\/wp-content\/uploads\/2015\/11\/logo-and-text-192x300.jpg\" alt=\"\" width=\"192\" height=\"300\" srcset=\"https:\/\/www.cfmta.org\/fr\/wp-content\/uploads\/2015\/11\/logo-and-text-192x300.jpg 192w, https:\/\/www.cfmta.org\/fr\/wp-content\/uploads\/2015\/11\/logo-and-text-768x1199.jpg 768w, https:\/\/www.cfmta.org\/fr\/wp-content\/uploads\/2015\/11\/logo-and-text-656x1024.jpg 656w, https:\/\/www.cfmta.org\/fr\/wp-content\/uploads\/2015\/11\/logo-and-text.jpg 897w\" sizes=\"auto, (max-width: 192px) 100vw, 192px\" \/><\/h4>\n<h4>L\u2019\u00e9nonc\u00e9 de mission de la FCAPM<\/h4>\n<h4><\/h4>\n<h4><em>La FCAPM est un organisme national qui fait autorit\u00e9 en mati\u00e8re d\u2019\u00e9ducation musicale \u00e0 travers le Canada.<\/em><\/h4>\n<h4><em>Nous adh\u00e9rons aux plus hauts standards d\u2019enseignement chez nos membres des provinces et territoires du Canada.<\/em><\/h4>\n<\/div>\n<\/div><\/div><div id=\"panel-2417-0-1-2\" class=\"so-panel widget widget_sow-editor panel-last-child\" data-index=\"2\" ><div\n\t\t\t\n\t\t\tclass=\"so-widget-sow-editor so-widget-sow-editor-base\"\n\t\t\t\n\t\t>\n<div class=\"siteorigin-widget-tinymce textwidget\">\n\t<p><strong>Dans toute notre action\u00a0:<\/strong><\/p>\n<ul>\n<li>Nous faisons en sorte que l\u2019\u00e9ducation musicale fasse partie int\u00e9grante de la vie des Canadiens;<\/li>\n<li>Nous fournissons \u00e0 nos membres les moyens d\u2019accro\u00eetre le savoir musical chez les Canadiens;<\/li>\n<li>Nous soutenons la musique canadienne et nous honorons son apport \u00e0 la culture;<\/li>\n<li>Nous repr\u00e9sentons nos membres aupr\u00e8s des autres organisations musicales des quatre coins du pays et \u00e0 travers le monde.<\/li>\n<\/ul>\n<p>&nbsp;<\/p>\n<p><div class=\"entry-content-asset videofit\"><iframe loading=\"lazy\" title=\"CFMTA\/FCAPM - Vid\u00e9o promotionnelle\" width=\"500\" height=\"281\" src=\"https:\/\/www.youtube.com\/embed\/HjXyAPUl2gU?feature=oembed\" frameborder=\"0\" allow=\"accelerometer; autoplay; clipboard-write; encrypted-media; gyroscope; picture-in-picture; web-share\" referrerpolicy=\"strict-origin-when-cross-origin\" allowfullscreen><\/iframe><\/div><\/p>\n<\/div>\n<\/div><\/div><\/div><div id=\"pgc-2417-0-2\"  class=\"panel-grid-cell panel-grid-cell-empty\" ><\/div><\/div><\/div>","protected":false},"excerpt":{"rendered":"<p>QU\u2019EST-CE QUE LA FCAPM? &nbsp; D\u00e9finition La F\u00e9d\u00e9ration canadienne des associations de professeurs de musique (FCAPM) est une coalition d\u2019associations provinciales et territoriales de professeurs de musique, o\u00f9 chaque membre conserve la gestion ind\u00e9pendante de sa propre entreprise. La FCMTA &hellip; <a class=\"kt-excerpt-readmore\" href=\"https:\/\/www.cfmta.org\/fr\/a-propos-de-la-fcapm\/\" aria-label=\"\u00c0 propos de la FCAPM\">Read More<\/a><\/p>\n","protected":false},"author":2,"featured_media":0,"parent":0,"menu_order":0,"comment_status":"closed","ping_status":"closed","template":"page-fullwidth.php","meta":{"kt_blocks_editor_width":"","footnotes":""},"class_list":["post-2417","page","type-page","status-publish","hentry"],"_links":{"self":[{"href":"https:\/\/www.cfmta.org\/fr\/wp-json\/wp\/v2\/pages\/2417","targetHints":{"allow":["GET"]}}],"collection":[{"href":"https:\/\/www.cfmta.org\/fr\/wp-json\/wp\/v2\/pages"}],"about":[{"href":"https:\/\/www.cfmta.org\/fr\/wp-json\/wp\/v2\/types\/page"}],"author":[{"embeddable":true,"href":"https:\/\/www.cfmta.org\/fr\/wp-json\/wp\/v2\/users\/2"}],"replies":[{"embeddable":true,"href":"https:\/\/www.cfmta.org\/fr\/wp-json\/wp\/v2\/comments?post=2417"}],"version-history":[{"count":7,"href":"https:\/\/www.cfmta.org\/fr\/wp-json\/wp\/v2\/pages\/2417\/revisions"}],"predecessor-version":[{"id":3419,"href":"https:\/\/www.cfmta.org\/fr\/wp-json\/wp\/v2\/pages\/2417\/revisions\/3419"}],"wp:attachment":[{"href":"https:\/\/www.cfmta.org\/fr\/wp-json\/wp\/v2\/media?parent=2417"}],"curies":[{"name":"wp","href":"https:\/\/api.w.org\/{rel}","templated":true}]}}