{"id":2466,"date":"2022-01-27T11:43:37","date_gmt":"2022-01-27T19:43:37","guid":{"rendered":"https:\/\/www.cfmta.org\/fr\/?page_id=2466"},"modified":"2026-01-29T17:14:24","modified_gmt":"2026-01-30T01:14:24","slug":"la-retrospective-de-lannee","status":"publish","type":"page","link":"https:\/\/www.cfmta.org\/fr\/la-retrospective-de-lannee\/","title":{"rendered":"La R\u00e9trospective de l\u2019ann\u00e9e 2025"},"content":{"rendered":"<div id=\"pl-2466\"  class=\"panel-layout\" ><div id=\"pg-2466-0\"  class=\"panel-grid panel-no-style\" ><div id=\"pgc-2466-0-0\"  class=\"panel-grid-cell panel-grid-cell-empty\" ><\/div><div id=\"pgc-2466-0-1\"  class=\"panel-grid-cell panel-grid-cell-mobile-last\" ><div id=\"panel-2466-0-1-0\" class=\"so-panel widget widget_sow-editor panel-first-child panel-last-child\" data-index=\"0\" ><div\n\t\t\t\n\t\t\tclass=\"so-widget-sow-editor so-widget-sow-editor-base\"\n\t\t\t\n\t\t>\n<div class=\"siteorigin-widget-tinymce textwidget\">\n\t<p style=\"text-align: center;\"><img loading=\"lazy\" decoding=\"async\" class=\"aligncenter size-medium wp-image-3463\" src=\"https:\/\/www.cfmta.org\/fr\/wp-content\/uploads\/2026\/01\/coveryir-232x300.jpg\" alt=\"\" width=\"232\" height=\"300\" srcset=\"https:\/\/www.cfmta.org\/fr\/wp-content\/uploads\/2026\/01\/coveryir-232x300.jpg 232w, https:\/\/www.cfmta.org\/fr\/wp-content\/uploads\/2026\/01\/coveryir-791x1024.jpg 791w, https:\/\/www.cfmta.org\/fr\/wp-content\/uploads\/2026\/01\/coveryir-768x994.jpg 768w, https:\/\/www.cfmta.org\/fr\/wp-content\/uploads\/2026\/01\/coveryir-1187x1536.jpg 1187w, https:\/\/www.cfmta.org\/fr\/wp-content\/uploads\/2026\/01\/coveryir-1583x2048.jpg 1583w, https:\/\/www.cfmta.org\/fr\/wp-content\/uploads\/2026\/01\/coveryir.jpg 1700w\" sizes=\"auto, (max-width: 232px) 100vw, 232px\" \/><\/p>\n<p style=\"text-align: center;\"><a href=\"https:\/\/www.cfmta.org\/docs\/magazines\/yir\/yir2025.pdf\" target=\"_blank\" rel=\"noopener\"><strong>La R\u00e9trospective de l\u2019ann\u00e9e <\/strong><\/a>\u00a0est maintenant accessible.<\/p>\n<p style=\"text-align: center;\">T\u00e9l\u00e9chargez votre copie et d\u00e9couvrez toutes nos brillantes r\u00e9alisations en 2025!<\/p>\n<\/div>\n<\/div><\/div><\/div><div id=\"pgc-2466-0-2\"  class=\"panel-grid-cell panel-grid-cell-empty\" ><\/div><\/div><\/div>","protected":false},"excerpt":{"rendered":"<p>La R\u00e9trospective de l\u2019ann\u00e9e \u00a0est maintenant accessible. T\u00e9l\u00e9chargez votre copie et d\u00e9couvrez toutes nos brillantes r\u00e9alisations en 2025!<\/p>\n","protected":false},"author":2,"featured_media":0,"parent":0,"menu_order":0,"comment_status":"closed","ping_status":"closed","template":"","meta":{"kt_blocks_editor_width":"","footnotes":""},"class_list":["post-2466","page","type-page","status-publish","hentry"],"_links":{"self":[{"href":"https:\/\/www.cfmta.org\/fr\/wp-json\/wp\/v2\/pages\/2466","targetHints":{"allow":["GET"]}}],"collection":[{"href":"https:\/\/www.cfmta.org\/fr\/wp-json\/wp\/v2\/pages"}],"about":[{"href":"https:\/\/www.cfmta.org\/fr\/wp-json\/wp\/v2\/types\/page"}],"author":[{"embeddable":true,"href":"https:\/\/www.cfmta.org\/fr\/wp-json\/wp\/v2\/users\/2"}],"replies":[{"embeddable":true,"href":"https:\/\/www.cfmta.org\/fr\/wp-json\/wp\/v2\/comments?post=2466"}],"version-history":[{"count":8,"href":"https:\/\/www.cfmta.org\/fr\/wp-json\/wp\/v2\/pages\/2466\/revisions"}],"predecessor-version":[{"id":3464,"href":"https:\/\/www.cfmta.org\/fr\/wp-json\/wp\/v2\/pages\/2466\/revisions\/3464"}],"wp:attachment":[{"href":"https:\/\/www.cfmta.org\/fr\/wp-json\/wp\/v2\/media?parent=2466"}],"curies":[{"name":"wp","href":"https:\/\/api.w.org\/{rel}","templated":true}]}}