{"id":2605,"date":"2022-08-15T14:33:19","date_gmt":"2022-08-15T21:33:19","guid":{"rendered":"https:\/\/www.cfmta.org\/fr\/?page_id=2605"},"modified":"2025-12-10T11:40:47","modified_gmt":"2025-12-10T19:40:47","slug":"concours-de-conception-daffiche-publicitaire-de-la-semaine-de-la-musique-canadiennemd","status":"publish","type":"page","link":"https:\/\/www.cfmta.org\/fr\/concours-de-conception-daffiche-publicitaire-de-la-semaine-de-la-musique-canadiennemd\/","title":{"rendered":"Concours de conception d\u2019affiche publicitaire de la Semaine de la musique canadienne"},"content":{"rendered":"<div id=\"pl-2605\"  class=\"panel-layout\" ><div id=\"pg-2605-0\"  class=\"panel-grid panel-no-style\" ><div id=\"pgc-2605-0-0\"  class=\"panel-grid-cell panel-grid-cell-empty\" ><\/div><div id=\"pgc-2605-0-1\"  class=\"panel-grid-cell\" ><div id=\"panel-2605-0-1-0\" class=\"so-panel widget widget_sow-editor panel-first-child panel-last-child\" data-index=\"0\" ><div\n\t\t\t\n\t\t\tclass=\"so-widget-sow-editor so-widget-sow-editor-base\"\n\t\t\t\n\t\t>\n<div class=\"siteorigin-widget-tinymce textwidget\">\n\t<h3 style=\"font-weight: 400;\">Concours de conception d\u2019affiche publicitaire de la Semaine de la musique canadienne<sup><br \/>\n<\/sup><\/h3>\n<p style=\"font-weight: 400;\">La FCAPM invite tous les \u00e9l\u00e8ves artistes \u00e0 soumettre leurs \u0153uvres d\u2019art pour l\u2019affiche 2027 de la Semaine de la musique canadienne.<\/p>\n<p>L\u2019\u00e9tudiant doit consid\u00e9rer le th\u00e8me:<\/p>\n<p><strong>Mon h\u00e9ros musical<\/strong><br \/>\nQui est votre h\u00e9ros musical ?<\/p>\n<p>Admissibilit\u00e9 - Le ou la concurrent.e doit \u00eatre :<\/p>\n<ul>\n<li>citoyen.ne canadien.ne ou <a href=\"https:\/\/ircc.canada.ca\/francais\/centre-aide\/reponse.asp?qnum=515&amp;top=15\" target=\"_blank\" rel=\"noopener\"><strong>r\u00e9sident.e permanent.e<\/strong><\/a> du Canada ET<\/li>\n<li>suivre des \u00e9tudes musicales avec un.e professeur.e membre de la FCAPM<\/li>\n<li>de 18 ans et moins<\/li>\n<li>Veuillez soumettre votre \u0153uvre, avec votre nom, courriel, num\u00e9ro de t\u00e9l\u00e9phone, enseignant et province avant le 15 novembre 2026.<\/li>\n<li>Les outils num\u00e9riques sont autoris\u00e9s \u00e0 l\u2019exception de l\u2019imagerie assist\u00e9e par l\u2019IA.<\/li>\n<li>Les artistes seront reconnus pour leur travail original. Cependant, pour des raisons d'\u00e9quit\u00e9 du jugement, veuillez vous assurer que votre nom n'est pas visible sur l'image soumise.<\/li>\n<li>Votre \u0153uvre d'art de 15 x 15 cm (6 x 6 pouces) sera rehauss\u00e9e d'un cadre circulaire.<\/li>\n<li>Pour l'\u0153uvre d'art gagnante\u00a0: la d\u00e9cision du comit\u00e9 est d\u00e9finitive<\/li>\n<\/ul>\n<p>&nbsp;<\/p>\n<p style=\"font-weight: 400;\">Le nom du gagnant ou de la gagnante sera annonc\u00e9 et son \u0153uvre sera cr\u00e9dit\u00e9e.<\/p>\n<p>Pour plus de pr\u00e9cisions, visitez cfmta.org ou contactez -<a href=\"mailto:canadamusicweek@cfmta.org\">canadamusicweek@cfmta.org<\/a><\/p>\n<h5><a href=\"https:\/\/www.cfmta.org\/en\/canada-music-week-poster-competition\/\" target=\"_blank\" rel=\"noopener\">ENTRER ICI<\/a><\/h5>\n<p>&nbsp;<\/p>\n<\/div>\n<\/div><\/div><\/div><div id=\"pgc-2605-0-2\"  class=\"panel-grid-cell\" ><div id=\"panel-2605-0-2-0\" class=\"so-panel widget widget_sow-editor panel-first-child panel-last-child\" data-index=\"1\" ><div\n\t\t\t\n\t\t\tclass=\"so-widget-sow-editor so-widget-sow-editor-base\"\n\t\t\t\n\t\t>\n<div class=\"siteorigin-widget-tinymce textwidget\">\n\t<h4><img loading=\"lazy\" decoding=\"async\" class=\"aligncenter size-medium wp-image-3442\" src=\"https:\/\/www.cfmta.org\/fr\/wp-content\/uploads\/2025\/12\/CMW-posterart-20272-1-232x300.jpg\" alt=\"\" width=\"232\" height=\"300\" srcset=\"https:\/\/www.cfmta.org\/fr\/wp-content\/uploads\/2025\/12\/CMW-posterart-20272-1-232x300.jpg 232w, https:\/\/www.cfmta.org\/fr\/wp-content\/uploads\/2025\/12\/CMW-posterart-20272-1-791x1024.jpg 791w, https:\/\/www.cfmta.org\/fr\/wp-content\/uploads\/2025\/12\/CMW-posterart-20272-1-768x994.jpg 768w, https:\/\/www.cfmta.org\/fr\/wp-content\/uploads\/2025\/12\/CMW-posterart-20272-1-1187x1536.jpg 1187w, https:\/\/www.cfmta.org\/fr\/wp-content\/uploads\/2025\/12\/CMW-posterart-20272-1-1583x2048.jpg 1583w, https:\/\/www.cfmta.org\/fr\/wp-content\/uploads\/2025\/12\/CMW-posterart-20272-1.jpg 1700w\" sizes=\"auto, (max-width: 232px) 100vw, 232px\" \/><\/h4>\n<h4>Lens rapides<\/h4>\n<p>F\u00e9licitations \u00e0 Lily Yuen, de la Colombie-Britannique, et \u00e0 son professeur Lillian Chan pour l\u2019\u0153uvre prim\u00e9e au concours de design d\u2019affiche de la Semaine de la musique canadienne 2025 ! L'llustration de Lily figurera sur l\u2019affiche de la Semaine de la musique canadienne 2026, qui sera \u00e9pingl\u00e9e sur les babillards des studios d\u2019un oc\u00e9an \u00e0 l\u2019autre. Le comit\u00e9 s\u2019est dit impressionn\u00e9 par les fa\u00e7ons dont le th\u00e8me \u2018Une mosa\u00efque musicale\u2019 a \u00e9t\u00e9 abord\u00e9.<\/p>\n<p>Vous pouvez d\u00e9couvrir toutes les \u0153uvres ici.<\/p>\n<ul>\n<li><a href=\"https:\/\/cfmta-fcapm.smugmug.com\/Events\/Canada-Music-Week\" target=\"_blank\" rel=\"noopener\">Gagnant du concours d'affiches 2026<\/a><\/li>\n<\/ul>\n<\/div>\n<\/div><\/div><\/div><\/div><\/div>","protected":false},"excerpt":{"rendered":"<p>Concours de conception d\u2019affiche publicitaire de la Semaine de la musique canadienne La FCAPM invite tous les \u00e9l\u00e8ves artistes \u00e0 soumettre leurs \u0153uvres d\u2019art pour l\u2019affiche 2027 de la Semaine de la musique canadienne. L\u2019\u00e9tudiant doit consid\u00e9rer le th\u00e8me: Mon &hellip; <a class=\"kt-excerpt-readmore\" href=\"https:\/\/www.cfmta.org\/fr\/concours-de-conception-daffiche-publicitaire-de-la-semaine-de-la-musique-canadiennemd\/\" aria-label=\"Concours de conception d\u2019affiche publicitaire de la Semaine de la musique canadienne\">Read More<\/a><\/p>\n","protected":false},"author":2,"featured_media":0,"parent":0,"menu_order":0,"comment_status":"closed","ping_status":"closed","template":"page-fullwidth.php","meta":{"kt_blocks_editor_width":"","footnotes":""},"class_list":["post-2605","page","type-page","status-publish","hentry"],"_links":{"self":[{"href":"https:\/\/www.cfmta.org\/fr\/wp-json\/wp\/v2\/pages\/2605","targetHints":{"allow":["GET"]}}],"collection":[{"href":"https:\/\/www.cfmta.org\/fr\/wp-json\/wp\/v2\/pages"}],"about":[{"href":"https:\/\/www.cfmta.org\/fr\/wp-json\/wp\/v2\/types\/page"}],"author":[{"embeddable":true,"href":"https:\/\/www.cfmta.org\/fr\/wp-json\/wp\/v2\/users\/2"}],"replies":[{"embeddable":true,"href":"https:\/\/www.cfmta.org\/fr\/wp-json\/wp\/v2\/comments?post=2605"}],"version-history":[{"count":21,"href":"https:\/\/www.cfmta.org\/fr\/wp-json\/wp\/v2\/pages\/2605\/revisions"}],"predecessor-version":[{"id":3444,"href":"https:\/\/www.cfmta.org\/fr\/wp-json\/wp\/v2\/pages\/2605\/revisions\/3444"}],"wp:attachment":[{"href":"https:\/\/www.cfmta.org\/fr\/wp-json\/wp\/v2\/media?parent=2605"}],"curies":[{"name":"wp","href":"https:\/\/api.w.org\/{rel}","templated":true}]}}