{"id":29,"date":"2015-11-12T11:43:34","date_gmt":"2015-11-12T19:43:34","guid":{"rendered":"http:\/\/www.cfmta.org\/fr\/?page_id=29"},"modified":"2025-10-10T15:50:05","modified_gmt":"2025-10-10T22:50:05","slug":"historique","status":"publish","type":"page","link":"https:\/\/www.cfmta.org\/fr\/historique\/","title":{"rendered":"Historique"},"content":{"rendered":"<div id=\"pl-29\"  class=\"panel-layout\" ><div id=\"pg-29-0\"  class=\"panel-grid panel-no-style\" ><div id=\"pgc-29-0-0\"  class=\"panel-grid-cell panel-grid-cell-empty\" ><\/div><div id=\"pgc-29-0-1\"  class=\"panel-grid-cell panel-grid-cell-mobile-last\" ><div id=\"panel-29-0-1-0\" class=\"so-panel widget widget_black-studio-tinymce widget_black_studio_tinymce panel-first-child panel-last-child\" data-index=\"0\" ><div class=\"textwidget\"><p>La CFMTA\/FCAPM fut fond\u00e9e le 24 ao\u00fbt 1935 \u00e0 Vancouver par un groupe de musiciens professionnels qui \u00e9taient \u00e9galement des professeurs de renom. Ils repr\u00e9sentent les associations provinciales de la Colombie-Britannique, de l'Alberta, de la Saskatchewan et du Manitoba. L'impulsion qui a men\u00e9 \u00e0 la formation de cette organisation est issue de la correspondance que se sont \u00e9chang\u00e9e Minnie Boyd de Winnipeg et Roy Robertson de Vancouver, en plus des consultations qui ont eu lieu avec les diff\u00e9rents pr\u00e9sidents fondateurs des organisations provinciales. Des personnes \u00e9lues pour diriger cette nouvelle f\u00e9d\u00e9ration furent : Pr\u00e9sident - M. Roy Robertson (Vancouver); Vice-pr\u00e9sidente - Mme O. J. Walker (Edmonton); Secr\u00e9taire-tr\u00e9sori\u00e8re - Mme Minnie Boyd (Winnipeg). Le 26 ao\u00fbt 1935, on fit l'\u00e9bauche des r\u00e8glements et de la constitution.<\/p>\n<p>D'autres organismes provinciaux s'affili\u00e8rent peu \u00e0 peu \u00e0 la CFMTA\/FCAPM : l'Ontario en 1942, la Nouvelle-\u00c9cosse en 1944, le Qu\u00e9bec en 1945, le Nouveau-Brunswick en 1955, Terre-Neuve en 1987 et l'\u00cele-du-Prince-\u00c9douard en 1955. Le territoire du Yukon s'y joignit en 2011 et les Territoires du Nord-Ouest en 2021.<\/p>\n<blockquote><p>\u00a0\u00ab C'est en juillet 1936 \u00e0 Vancouver qu'eut lieu le premier congr\u00e8s de la CFMTA\/FCAPM... \u00bb<\/p><\/blockquote>\n<p>C'est en juillet 1936 \u00e0 Vancouver qu'eut lieu le premier congr\u00e8s de la CFMTA\/FCAPM alors que cent quatorze d\u00e9l\u00e9gu\u00e9s s'y \u00e9taient inscrits. L'ann\u00e9e suivante, le congr\u00e8s prit place \u00e0 Winnipeg. Par la suite, les congr\u00e8s devinrent des \u00e9v\u00e9nements biennaux organis\u00e9s par les organisations provinciales\/territoriales, et la plupart d'entre elles ont assum\u00e9 ce r\u00f4le \u00e0 plusieurs reprises. L'Assembl\u00e9e d'affaires annuelle a lieu pendant la semaine o\u00f9 a lieu le congr\u00e8s afin de permettre au conseil ex\u00e9cutif d'aborder certaines questions et aux membres de la CFMTA\/FCAPM de se familiariser avec tout ce qui concerne l'organisation nationale. L'ann\u00e9e o\u00f9 il n'y a pas de congr\u00e8s, les d\u00e9l\u00e9gu\u00e9s provinciaux et territoriaux participent \u00e0 des r\u00e9unions d'affaires et organisent l'Assembl\u00e9e g\u00e9n\u00e9rale annuelle.<\/p>\n<p>\u00c0 l'heure actuelle, la F\u00e9d\u00e9ration canadienne des associations de professeurs de musique englobe toutes les provinces et le Yukon et compte approximativement 3500 membres. Nous offrons des programmes susceptibles d'int\u00e9resser l'ensemble des Canadiens, notamment la Semaine de la musique canadienne, les tourn\u00e9es de jeunes artistes (Young Artist) dans toutes les r\u00e9gions canadiennes et la comp\u00e9tition nationale de piano qui a lieu tous les deux ans pendant nos congr\u00e8s biennaux. Nous encourageons l'excellence musicale par le biais des nombreux ateliers, des classes de ma\u00eetre et des \u00e9v\u00e9nements musicaux qu'organisent nos provinces et territoires membres et nos associations partout au Canada. Nous collaborons avec des organisations musicales afin de promouvoir l'enseignement musical progressif au Canada et nous communiquons par le biais de notre publication \u00ab Le professeur de musique canadien \u00bb et de notre site Web.<\/p>\n<p><em>Cette historique fut compil\u00e9 par Mme Margaret M. Westdal et mis \u00e0 jour par Mmes Barbara Clarke et Darlene Brigidear.<\/em><\/p>\n<p style=\"padding-left: 30px;\">\n<\/div><\/div><\/div><div id=\"pgc-29-0-2\"  class=\"panel-grid-cell panel-grid-cell-empty\" ><\/div><\/div><div id=\"pg-29-1\"  class=\"panel-grid panel-no-style\" ><div id=\"pgc-29-1-0\"  class=\"panel-grid-cell panel-grid-cell-empty\" ><\/div><div id=\"pgc-29-1-1\"  class=\"panel-grid-cell\" ><div id=\"panel-29-1-1-0\" class=\"so-panel widget widget_black-studio-tinymce widget_black_studio_tinymce panel-first-child panel-last-child\" data-index=\"1\" ><div class=\"textwidget\"><p style=\"padding-left: 30px;\"><b>Liste des anciens pr\u00e9sidents<\/b><\/p>\n<p style=\"padding-left: 30px;\">1935 \u2013 1937 \u00a0Roy Robertson, Vancouver, BC<br \/>\n1937 \u2013 1939 \u00a0Minnie Boyd, Winnipeg, MB<br \/>\n1939 \u2013 1941 \u00a0May James, Vancouver, BC<br \/>\n1941 \u2013 1946 \u00a0Lyle Gustin, Saskatoon, SK<br \/>\n1946 \u2013 1951 \u00a0Edna-Marie Hawkin, Montreal, QC<br \/>\n1951 \u2013 1955 \u00a0Dan A. Cameron, Winnipeg, MB<br \/>\n1955 \u2013 1959 \u00a0B. Violet Isfeld, Winnipeg, MB<br \/>\n1959 \u2013 1963 \u00a0Reginald Bedford, Hamilton, ON<br \/>\n1963 \u2013 1967 \u00a0Robert Pounder, Edmonton, AB<br \/>\n1967 \u2013 1971 \u00a0Flora Goulden, Ottawa, ON<br \/>\n1971 \u2013 1975 \u00a0Helen Dahlstrom, Trail, BC<br \/>\n1975 \u2013 1979 \u00a0Thelma Wilson, Winnipeg, MB<br \/>\n1979 \u2013 1983 \u00a0Kathleen Fensom, Sackville, NS<br \/>\n1983 \u2013 1987 \u00a0Ernst Schneider, Pentiction, BC<br \/>\n1987 \u2013 1989 \u00a0Jean Broadfoot, Winnipeg, MB<br \/>\n1989 \u2013 1991 \u00a0Matt Hughes, Halifax, NS<br \/>\n1991 \u2013 1993 \u00a0Marjorie Temple, Prince Albert, SK<br \/>\n1993 \u2013 1995 \u00a0Carol Mellors, Edmonton, AB<br \/>\n1995 \u2013 1997 \u00a0Virginia Heinrichs, Winnipeg, MB<br \/>\n1997 \u2013 1999 \u00a0Hugheen Ferguson, Kingston, ON<br \/>\n1999 \u2013 2001 \u00a0Marilyn King, Swift Current, SK<br \/>\n2001 \u2013 2003 \u00a0Barbara Clarke, St, John\u2019s, NL<br \/>\n2003 \u2013 2005 \u00a0Victoria Warwick, London, ON<br \/>\n2005 \u2013 2007 \u00a0Patricia Frehlich, Edmonton, AB<br \/>\n2007 \u2013 2009 \u00a0Peggy L'Hoir, Biggar, SK<br \/>\n2009 \u2013 2011 \u00a0Darlene Brigidear, Surrey, BC<br \/>\n2011 \u2013 2013 \u00a0Lorna Wanzel,\u00a0 Halifax, NS<br \/>\n2013 \u2013 2015 \u00a0Charline Farrell, London, ON<br \/>\n2015 - 2017 \u00a0Cynthia Taylor, Campbell River, BC<br \/>\n2017 - 2019 \u00a0Tiffany Wilson, Winnipeg, MB<br \/>\n2019 - 2021\u00a0 Laureen Kells, Tuffnell, SK<br \/>\n2021 - 2024 \u00a0Laura Gray, Harriston, ON<br \/>\n2024 - 2026 \u00a0Marlaine Osgood, AB<\/p>\n<\/div><\/div><\/div><div id=\"pgc-29-1-2\"  class=\"panel-grid-cell panel-grid-cell-mobile-last\" ><div id=\"panel-29-1-2-0\" class=\"so-panel widget widget_sow-editor panel-first-child panel-last-child\" data-index=\"2\" ><div\n\t\t\t\n\t\t\tclass=\"so-widget-sow-editor so-widget-sow-editor-base\"\n\t\t\t\n\t\t>\n<div class=\"siteorigin-widget-tinymce textwidget\">\n\t<h4 class=\"entry-title\" style=\"text-align: center;\">Pr\u00e9sident honoraire<\/h4>\n<h4 style=\"text-align: center;\"><a href=\"https:\/\/youtu.be\/QI5a7tJyOUc\" target=\"_blank\" rel=\"noopener\">Peggy L'Hoir<\/a><\/h4>\n<p><img loading=\"lazy\" decoding=\"async\" class=\"aligncenter size-medium wp-image-3375\" src=\"https:\/\/www.cfmta.org\/fr\/wp-content\/uploads\/2025\/07\/Screenshot-2025-07-04-114953-256x300.png\" alt=\"\" width=\"256\" height=\"300\" srcset=\"https:\/\/www.cfmta.org\/fr\/wp-content\/uploads\/2025\/07\/Screenshot-2025-07-04-114953-256x300.png 256w, https:\/\/www.cfmta.org\/fr\/wp-content\/uploads\/2025\/07\/Screenshot-2025-07-04-114953.png 352w\" sizes=\"auto, (max-width: 256px) 100vw, 256px\" \/><\/p>\n<div>\n<p><span lang=\"FR-CA\">Peggy L\u2019Hoir est une p\u00e9dagogue, clinicienne, artiste collaboratrice, examinatrice et compositrice enthousiaste et novatrice. \u00c0 l\u2019\u00e9chelle locale, provinciale et nationale, ses priorit\u00e9s et ses passions reposent sur la connexion, la communaut\u00e9 et la collaboration.<\/span><\/p>\n<\/div>\n<div>\n<p><span lang=\"FR-CA\">Depuis plus de cinquante ans, Peggy partage sa joie de la musique avec ses \u00e9l\u00e8ves. Convaincue de la valeur de l\u2019apprentissage tout au long de la vie, elle saisit chaque occasion d\u2019en apprendre davantage sur l\u2019art d\u2019enseigner, de jouer et de composer.<\/span><\/p>\n<\/div>\n<div>\n<p><span lang=\"FR-CA\">Peggy croit que la musique est \u00e0 la port\u00e9e de tous. Cette conviction l\u2019a men\u00e9e dans de nombreuses directions, notamment la direction chorale et orchestrale de com\u00e9dies musicales locales, la participation en tant que clavi\u00e9riste dans divers ensembles pop et jazz, la composition, ainsi que la mise sur pied de nombreux projets communautaires et provinciaux, tels que <em>From Prairie to Pine \u2013 Piano Solos by Saskatchewan Composers<\/em>, le <em>CNCM Summer Sizzle Keyboard Kamp and Pedagogy Symposium<\/em> \u00e0 Biggar, le <em>West Central Contemporary Showcase<\/em> et le <em>Heart of the City Piano Program<\/em>.<\/span><\/p>\n<\/div>\n<div>\n<p><span lang=\"FR-CA\">Elle a mis son expertise au service de nombreuses organisations, dont le <em>Sask Arts Board<\/em>, le <em>Biggar Music Festival<\/em>, le <em>Biggar Majestic Theatre<\/em>, les <em>West Central Registered Music Teachers<\/em> et l\u2019<em>Alliance for Canadian New Music Projects<\/em>. Peggy a \u00e9galement \u00e9t\u00e9 pr\u00e9sidente de la F\u00e9d\u00e9ration canadienne des professeurs de musique (CFMTA) et de l\u2019Association des professeurs de musique de la Saskatchewan (SRMTA).<\/span><\/p>\n<\/div>\n<div>\n<p><span lang=\"FR-CA\">Reconnaissante envers ses nombreux coll\u00e8gues et mentors, Peggy a re\u00e7u au fil des ans plusieurs distinctions : le <em>RCM 40 Years of Dedicated Service Award<\/em> (2019), le <em>SMFA Adjudicating Excellence Award<\/em> (2022), le <em>CFMTA Hugheen Fergusson Distinguished Teaching Award<\/em> (2024). Elle occupe actuellement, avec humilit\u00e9 et gratitude, le poste de pr\u00e9sidente honoraire de la CFMTA.<\/span><\/p>\n<\/div>\n<div>\n<p><span lang=\"FR-CA\">Parmi ses passe-temps favoris figurent la pratique musicale, la lecture, la p\u00eache, l\u2019artisanat et les moments pass\u00e9s avec sa grande famille et ses amis.<\/span><\/p>\n<\/div>\n<p style=\"font-weight: 400;\">\n<\/div>\n<\/div><\/div><\/div><div id=\"pgc-29-1-3\"  class=\"panel-grid-cell panel-grid-cell-empty\" ><\/div><\/div><\/div>","protected":false},"excerpt":{"rendered":"<p>La CFMTA\/FCAPM fut fond\u00e9e le 24 ao\u00fbt 1935 \u00e0 Vancouver par un groupe de musiciens professionnels qui \u00e9taient \u00e9galement des professeurs de renom. Ils repr\u00e9sentent les associations provinciales de la Colombie-Britannique, de l&#8217;Alberta, de la Saskatchewan et du Manitoba. L&#8217;impulsion &hellip; <a class=\"kt-excerpt-readmore\" href=\"https:\/\/www.cfmta.org\/fr\/historique\/\" aria-label=\"Historique\">Read More<\/a><\/p>\n","protected":false},"author":2,"featured_media":0,"parent":0,"menu_order":0,"comment_status":"closed","ping_status":"closed","template":"page-fullwidth.php","meta":{"kt_blocks_editor_width":"","footnotes":""},"class_list":["post-29","page","type-page","status-publish","hentry"],"_links":{"self":[{"href":"https:\/\/www.cfmta.org\/fr\/wp-json\/wp\/v2\/pages\/29","targetHints":{"allow":["GET"]}}],"collection":[{"href":"https:\/\/www.cfmta.org\/fr\/wp-json\/wp\/v2\/pages"}],"about":[{"href":"https:\/\/www.cfmta.org\/fr\/wp-json\/wp\/v2\/types\/page"}],"author":[{"embeddable":true,"href":"https:\/\/www.cfmta.org\/fr\/wp-json\/wp\/v2\/users\/2"}],"replies":[{"embeddable":true,"href":"https:\/\/www.cfmta.org\/fr\/wp-json\/wp\/v2\/comments?post=29"}],"version-history":[{"count":15,"href":"https:\/\/www.cfmta.org\/fr\/wp-json\/wp\/v2\/pages\/29\/revisions"}],"predecessor-version":[{"id":3424,"href":"https:\/\/www.cfmta.org\/fr\/wp-json\/wp\/v2\/pages\/29\/revisions\/3424"}],"wp:attachment":[{"href":"https:\/\/www.cfmta.org\/fr\/wp-json\/wp\/v2\/media?parent=29"}],"curies":[{"name":"wp","href":"https:\/\/api.w.org\/{rel}","templated":true}]}}