{"id":3152,"date":"2024-07-11T14:08:02","date_gmt":"2024-07-11T21:08:02","guid":{"rendered":"https:\/\/www.cfmta.org\/fr\/?page_id=3152"},"modified":"2025-08-27T08:02:19","modified_gmt":"2025-08-27T15:02:19","slug":"trouvez-un-professeur","status":"publish","type":"page","link":"https:\/\/www.cfmta.org\/fr\/trouvez-un-professeur\/","title":{"rendered":"Trouvez un professeur"},"content":{"rendered":"<div id=\"pl-3152\"  class=\"panel-layout\" ><div id=\"pg-3152-0\"  class=\"panel-grid panel-no-style\" ><div id=\"pgc-3152-0-0\"  class=\"panel-grid-cell\" ><div id=\"panel-3152-0-0-0\" class=\"so-panel widget widget_sow-editor panel-first-child panel-last-child\" data-index=\"0\" ><div\n\t\t\t\n\t\t\tclass=\"so-widget-sow-editor so-widget-sow-editor-base\"\n\t\t\t\n\t\t>\n<div class=\"siteorigin-widget-tinymce textwidget\">\n\t<h5>Cherchez-vous un professeur de musique accr\u00e9dit\u00e9?<\/h5>\n<p style=\"font-weight: 400;\">\u00cates-vous pr\u00eat, ou votre \u00e9l\u00e8ve est-il pr\u00eat, \u00e0 travailler avec un professeur de musique certifi\u00e9 (PMC) ? Utilisez alors le lien de votre province ou territoire pour rechercher les associations membres de la CFMTA\/FCAPM et trouver un professeur qualifi\u00e9 pr\u00e8s de chez vous.<\/p>\n<div>\n<p><span lang=\"FR-CA\">Un professeur de musique certifi\u00e9 (PMC) est une personne hautement qualifi\u00e9e qui d\u00e9tient des dipl\u00f4mes en musique, poss\u00e8de un certain niveau d'exp\u00e9rience p\u00e9dagogique et qui s'est engag\u00e9e dans la profession musicale dans le but de fournir aux musiciens en herbe une base musicale solide tout en favorisant l'excellence chez la prochaine g\u00e9n\u00e9ration de musiciens canadiens. <\/span><\/p>\n<\/div>\n<div>\n<p><span lang=\"FR-CA\">Les \u00e9l\u00e8ves des PMCs peuvent \u00eatre assur\u00e9s de recevoir un enseignement comp\u00e9tent, qualifi\u00e9 et inform\u00e9 de la part d'un professeur qui est non seulement certifi\u00e9 pour enseigner, mais \u00e9galement d\u00e9di\u00e9 au perfectionnement professionnel continu, offrant ainsi \u00e0 tous ses \u00e9l\u00e8ves des opportunit\u00e9s de participer \u00e0 des concours exclusifs et \u00e0 des prestations en compagnie des \u00e9l\u00e8ves d'autres PMCs.<\/span><\/p>\n<\/div>\n<\/div>\n<\/div><\/div><\/div><div id=\"pgc-3152-0-1\"  class=\"panel-grid-cell\" ><div id=\"panel-3152-0-1-0\" class=\"so-panel widget widget_black-studio-tinymce widget_black_studio_tinymce panel-first-child panel-last-child\" data-index=\"1\" ><div class=\"textwidget\"><h4><\/h4>\n<table>\n<tbody>\n<tr>\n<td><img loading=\"lazy\" decoding=\"async\" class=\"aligncenter wp-image-2560\" src=\"https:\/\/www.cfmta.org\/fr\/wp-content\/uploads\/2022\/05\/ARMTA_Logo_Hor_Sig_Colour-300x178.jpg\" alt=\"\" width=\"151\" height=\"90\" srcset=\"https:\/\/www.cfmta.org\/fr\/wp-content\/uploads\/2022\/05\/ARMTA_Logo_Hor_Sig_Colour-300x178.jpg 300w, https:\/\/www.cfmta.org\/fr\/wp-content\/uploads\/2022\/05\/ARMTA_Logo_Hor_Sig_Colour-1024x609.jpg 1024w, https:\/\/www.cfmta.org\/fr\/wp-content\/uploads\/2022\/05\/ARMTA_Logo_Hor_Sig_Colour-768x457.jpg 768w, https:\/\/www.cfmta.org\/fr\/wp-content\/uploads\/2022\/05\/ARMTA_Logo_Hor_Sig_Colour.jpg 1511w\" sizes=\"auto, (max-width: 151px) 100vw, 151px\" \/><\/td>\n<td>Alberta<\/td>\n<td>\u00a0<a href=\"http:\/\/armta.ca\/find-a-teacher\/#!directory\/map\" target=\"_blank\" rel=\"noopener\">armta.ca<\/a><\/td>\n<\/tr>\n<tr>\n<td><img loading=\"lazy\" decoding=\"async\" class=\"aligncenter wp-image-630\" src=\"https:\/\/www.cfmta.org\/fr\/wp-content\/uploads\/2015\/11\/BC-Music-Teachers-Lyre-232x300.jpg\" alt=\"\" width=\"77\" height=\"100\" srcset=\"https:\/\/www.cfmta.org\/fr\/wp-content\/uploads\/2015\/11\/BC-Music-Teachers-Lyre-232x300.jpg 232w, https:\/\/www.cfmta.org\/fr\/wp-content\/uploads\/2015\/11\/BC-Music-Teachers-Lyre.jpg 612w\" sizes=\"auto, (max-width: 77px) 100vw, 77px\" \/><\/td>\n<td>Colombie-Britannique<\/td>\n<td>\u00a0<a href=\"http:\/\/www.bcrmta.bc.ca\/locator\/\" target=\"_blank\" rel=\"noopener\">bcrmta.bc.ca<\/a><\/td>\n<\/tr>\n<tr>\n<td><img loading=\"lazy\" decoding=\"async\" class=\"aligncenter wp-image-1648\" src=\"https:\/\/www.cfmta.org\/fr\/wp-content\/uploads\/2019\/12\/MRMTA-logo-K-300x194.jpg\" alt=\"\" width=\"140\" height=\"90\" srcset=\"https:\/\/www.cfmta.org\/fr\/wp-content\/uploads\/2019\/12\/MRMTA-logo-K-300x194.jpg 300w, https:\/\/www.cfmta.org\/fr\/wp-content\/uploads\/2019\/12\/MRMTA-logo-K-80x50.jpg 80w, https:\/\/www.cfmta.org\/fr\/wp-content\/uploads\/2019\/12\/MRMTA-logo-K.jpg 572w\" sizes=\"auto, (max-width: 140px) 100vw, 140px\" \/><\/td>\n<td>Manitoba<\/td>\n<td>\u00a0<a href=\"http:\/\/mrmta.org\/?page_id=475\" target=\"_blank\" rel=\"noopener\">mrmta.org<\/a><\/td>\n<\/tr>\n<tr>\n<td><img loading=\"lazy\" decoding=\"async\" class=\"aligncenter wp-image-1842\" src=\"https:\/\/www.cfmta.org\/fr\/wp-content\/uploads\/2020\/07\/New-Brunswick-logo_updated_v3-300x238.jpg\" alt=\"\" width=\"126\" height=\"100\" srcset=\"https:\/\/www.cfmta.org\/fr\/wp-content\/uploads\/2020\/07\/New-Brunswick-logo_updated_v3-300x238.jpg 300w, https:\/\/www.cfmta.org\/fr\/wp-content\/uploads\/2020\/07\/New-Brunswick-logo_updated_v3.jpg 600w\" sizes=\"auto, (max-width: 126px) 100vw, 126px\" \/><\/td>\n<td>Nouveau-Brunswick<\/td>\n<td>\u00a0<a href=\"http:\/\/www.nbrmta.com\/find-a-teacher-2\/\" target=\"_blank\" rel=\"noopener\">nbrmta.com<\/a><\/td>\n<\/tr>\n<tr>\n<td><img loading=\"lazy\" decoding=\"async\" class=\"aligncenter wp-image-627\" src=\"https:\/\/www.cfmta.org\/fr\/wp-content\/uploads\/2015\/11\/new-nfld-logo-jpeg-275x300.jpg\" alt=\"\" width=\"92\" height=\"100\" srcset=\"https:\/\/www.cfmta.org\/fr\/wp-content\/uploads\/2015\/11\/new-nfld-logo-jpeg-275x300.jpg 275w, https:\/\/www.cfmta.org\/fr\/wp-content\/uploads\/2015\/11\/new-nfld-logo-jpeg.jpg 555w\" sizes=\"auto, (max-width: 92px) 100vw, 92px\" \/><\/td>\n<td>Terre-Neuve et Labrador<\/td>\n<td>\u00a0<a href=\"http:\/\/www.nlrmta.org\/directory_reg.html\" target=\"_blank\" rel=\"noopener\">nlrmta.org<\/a><\/td>\n<\/tr>\n<tr>\n<td><img loading=\"lazy\" decoding=\"async\" class=\"aligncenter wp-image-622\" src=\"https:\/\/www.cfmta.org\/fr\/wp-content\/uploads\/2015\/11\/nsrmta_logo_hor_colour_cmyk-300x105.png\" alt=\"\" width=\"228\" height=\"80\" srcset=\"https:\/\/www.cfmta.org\/fr\/wp-content\/uploads\/2015\/11\/nsrmta_logo_hor_colour_cmyk-300x105.png 300w, https:\/\/www.cfmta.org\/fr\/wp-content\/uploads\/2015\/11\/nsrmta_logo_hor_colour_cmyk.png 728w\" sizes=\"auto, (max-width: 228px) 100vw, 228px\" \/><\/td>\n<td>Nouvelle-\u00c9cosse<\/td>\n<td>\u00a0<a href=\"https:\/\/www.nsrmta.ca\/find-a-teacher\" target=\"_blank\" rel=\"noopener\">nsrmta.ca<\/a><\/td>\n<\/tr>\n<tr>\n<td><img loading=\"lazy\" decoding=\"async\" class=\"aligncenter wp-image-1460\" src=\"https:\/\/www.cfmta.org\/fr\/wp-content\/uploads\/2019\/05\/Official_Logo_ORMTA_2-300x100.png\" alt=\"\" width=\"240\" height=\"80\" srcset=\"https:\/\/www.cfmta.org\/fr\/wp-content\/uploads\/2019\/05\/Official_Logo_ORMTA_2-300x100.png 300w, https:\/\/www.cfmta.org\/fr\/wp-content\/uploads\/2019\/05\/Official_Logo_ORMTA_2-768x256.png 768w, https:\/\/www.cfmta.org\/fr\/wp-content\/uploads\/2019\/05\/Official_Logo_ORMTA_2-1024x341.png 1024w, https:\/\/www.cfmta.org\/fr\/wp-content\/uploads\/2019\/05\/Official_Logo_ORMTA_2.png 1920w\" sizes=\"auto, (max-width: 240px) 100vw, 240px\" \/><\/td>\n<td>Ontario<\/td>\n<td>\u00a0<a href=\"http:\/\/www.ormta.org\/find-a-teacher\" target=\"_blank\" rel=\"noopener\">ormta.org<\/a><\/td>\n<\/tr>\n<tr>\n<td><img loading=\"lazy\" decoding=\"async\" class=\"aligncenter wp-image-2750\" src=\"https:\/\/www.cfmta.org\/fr\/wp-content\/uploads\/2023\/02\/PEIRMTA-Logo-Final-Large-rgb-300x119.png\" alt=\"\" width=\"202\" height=\"80\" srcset=\"https:\/\/www.cfmta.org\/fr\/wp-content\/uploads\/2023\/02\/PEIRMTA-Logo-Final-Large-rgb-300x119.png 300w, https:\/\/www.cfmta.org\/fr\/wp-content\/uploads\/2023\/02\/PEIRMTA-Logo-Final-Large-rgb-1024x406.png 1024w, https:\/\/www.cfmta.org\/fr\/wp-content\/uploads\/2023\/02\/PEIRMTA-Logo-Final-Large-rgb-768x305.png 768w, https:\/\/www.cfmta.org\/fr\/wp-content\/uploads\/2023\/02\/PEIRMTA-Logo-Final-Large-rgb-1536x609.png 1536w, https:\/\/www.cfmta.org\/fr\/wp-content\/uploads\/2023\/02\/PEIRMTA-Logo-Final-Large-rgb-2048x813.png 2048w\" sizes=\"auto, (max-width: 202px) 100vw, 202px\" \/><\/td>\n<td>\u00cele-du-Prince-\u00c9douard<\/td>\n<td>\u00a0<a href=\"http:\/\/www.peirmta.ca\/\" target=\"_blank\" rel=\"noopener\">peirmta.ca<\/a><\/td>\n<\/tr>\n<tr>\n<td><img loading=\"lazy\" decoding=\"async\" class=\"aligncenter wp-image-626\" src=\"https:\/\/www.cfmta.org\/fr\/wp-content\/uploads\/2015\/11\/quebec.jpg\" alt=\"\" width=\"223\" height=\"80\" \/><\/td>\n<td>Qu\u00e9bec<\/td>\n<td>English - <a href=\"https:\/\/www.apmqmta.org\/en-ca\" target=\"_blank\" rel=\"noopener\">apmqmta.org\/en-ca<\/a><\/p>\n<p>French - <a href=\"https:\/\/www.apmqmta.org\/fr-ca\" target=\"_blank\" rel=\"noopener\">apmqmta.org\/fr-ca<\/a><\/td>\n<\/tr>\n<tr>\n<td><img loading=\"lazy\" decoding=\"async\" class=\"aligncenter wp-image-2751\" src=\"https:\/\/www.cfmta.org\/fr\/wp-content\/uploads\/2023\/02\/SRMTA_Logo_Blue-300x211.png\" alt=\"\" width=\"114\" height=\"80\" srcset=\"https:\/\/www.cfmta.org\/fr\/wp-content\/uploads\/2023\/02\/SRMTA_Logo_Blue-300x211.png 300w, https:\/\/www.cfmta.org\/fr\/wp-content\/uploads\/2023\/02\/SRMTA_Logo_Blue-1024x720.png 1024w, https:\/\/www.cfmta.org\/fr\/wp-content\/uploads\/2023\/02\/SRMTA_Logo_Blue-768x540.png 768w, https:\/\/www.cfmta.org\/fr\/wp-content\/uploads\/2023\/02\/SRMTA_Logo_Blue.png 1500w\" sizes=\"auto, (max-width: 114px) 100vw, 114px\" \/><\/td>\n<td>Saskatchewan<\/td>\n<td>\u00a0<a href=\"http:\/\/www.srmta.com\/find-a-teacher.html\" target=\"_blank\" rel=\"noopener\">srmta.com<\/a><\/td>\n<\/tr>\n<tr>\n<td><img loading=\"lazy\" decoding=\"async\" class=\"aligncenter wp-image-2262\" src=\"https:\/\/www.cfmta.org\/fr\/wp-content\/uploads\/2021\/04\/NWT-MTAlogoB-300x287.png\" alt=\"\" width=\"94\" height=\"90\" srcset=\"https:\/\/www.cfmta.org\/fr\/wp-content\/uploads\/2021\/04\/NWT-MTAlogoB-300x287.png 300w, https:\/\/www.cfmta.org\/fr\/wp-content\/uploads\/2021\/04\/NWT-MTAlogoB-1024x980.png 1024w, https:\/\/www.cfmta.org\/fr\/wp-content\/uploads\/2021\/04\/NWT-MTAlogoB-768x735.png 768w, https:\/\/www.cfmta.org\/fr\/wp-content\/uploads\/2021\/04\/NWT-MTAlogoB-1536x1469.png 1536w, https:\/\/www.cfmta.org\/fr\/wp-content\/uploads\/2021\/04\/NWT-MTAlogoB.png 1731w\" sizes=\"auto, (max-width: 94px) 100vw, 94px\" \/><\/td>\n<td>Territoires du Nord-Ouest<\/td>\n<td><a href=\"http:\/\/www.musicteachersnwt.com\/\" target=\"_blank\" rel=\"noopener\">musicteachersnwt.com<\/a><\/td>\n<\/tr>\n<tr>\n<td><img loading=\"lazy\" decoding=\"async\" class=\"aligncenter wp-image-623\" src=\"https:\/\/www.cfmta.org\/fr\/wp-content\/uploads\/2015\/11\/Yukon-300x120.jpg\" alt=\"\" width=\"200\" height=\"80\" srcset=\"https:\/\/www.cfmta.org\/fr\/wp-content\/uploads\/2015\/11\/Yukon-300x120.jpg 300w, https:\/\/www.cfmta.org\/fr\/wp-content\/uploads\/2015\/11\/Yukon-768x307.jpg 768w, https:\/\/www.cfmta.org\/fr\/wp-content\/uploads\/2015\/11\/Yukon.jpg 800w\" sizes=\"auto, (max-width: 200px) 100vw, 200px\" \/><\/td>\n<td>Yukon<\/td>\n<td>\u00a0<a href=\"https:\/\/www.yrmta.ca\/teacher-s-list\" target=\"_blank\" rel=\"noopener\">yrmta.ca<\/a><\/td>\n<\/tr>\n<\/tbody>\n<\/table>\n<\/div><\/div><\/div><\/div><\/div>","protected":false},"excerpt":{"rendered":"<p>Cherchez-vous un professeur de musique accr\u00e9dit\u00e9? \u00cates-vous pr\u00eat, ou votre \u00e9l\u00e8ve est-il pr\u00eat, \u00e0 travailler avec un professeur de musique certifi\u00e9 (PMC) ? Utilisez alors le lien de votre province ou territoire pour rechercher les associations membres de la CFMTA\/FCAPM &hellip; <a class=\"kt-excerpt-readmore\" href=\"https:\/\/www.cfmta.org\/fr\/trouvez-un-professeur\/\" aria-label=\"Trouvez un professeur\">Read More<\/a><\/p>\n","protected":false},"author":2,"featured_media":0,"parent":0,"menu_order":0,"comment_status":"closed","ping_status":"closed","template":"page-fullwidth.php","meta":{"kt_blocks_editor_width":"","footnotes":""},"class_list":["post-3152","page","type-page","status-publish","hentry"],"_links":{"self":[{"href":"https:\/\/www.cfmta.org\/fr\/wp-json\/wp\/v2\/pages\/3152","targetHints":{"allow":["GET"]}}],"collection":[{"href":"https:\/\/www.cfmta.org\/fr\/wp-json\/wp\/v2\/pages"}],"about":[{"href":"https:\/\/www.cfmta.org\/fr\/wp-json\/wp\/v2\/types\/page"}],"author":[{"embeddable":true,"href":"https:\/\/www.cfmta.org\/fr\/wp-json\/wp\/v2\/users\/2"}],"replies":[{"embeddable":true,"href":"https:\/\/www.cfmta.org\/fr\/wp-json\/wp\/v2\/comments?post=3152"}],"version-history":[{"count":6,"href":"https:\/\/www.cfmta.org\/fr\/wp-json\/wp\/v2\/pages\/3152\/revisions"}],"predecessor-version":[{"id":3290,"href":"https:\/\/www.cfmta.org\/fr\/wp-json\/wp\/v2\/pages\/3152\/revisions\/3290"}],"wp:attachment":[{"href":"https:\/\/www.cfmta.org\/fr\/wp-json\/wp\/v2\/media?parent=3152"}],"curies":[{"name":"wp","href":"https:\/\/api.w.org\/{rel}","templated":true}]}}