{"id":3426,"date":"2025-10-10T16:04:05","date_gmt":"2025-10-10T23:04:05","guid":{"rendered":"https:\/\/www.cfmta.org\/fr\/?page_id=3426"},"modified":"2025-10-10T16:05:00","modified_gmt":"2025-10-10T23:05:00","slug":"membres","status":"publish","type":"page","link":"https:\/\/www.cfmta.org\/fr\/membres\/","title":{"rendered":"Membres"},"content":{"rendered":"<div id=\"pl-3426\"  class=\"panel-layout\" ><div id=\"pg-3426-0\"  class=\"panel-grid panel-no-style\" ><div id=\"pgc-3426-0-0\"  class=\"panel-grid-cell panel-grid-cell-empty\" ><\/div><div id=\"pgc-3426-0-1\"  class=\"panel-grid-cell panel-grid-cell-mobile-last\" ><div id=\"panel-3426-0-1-0\" class=\"so-panel widget widget_sow-editor panel-first-child panel-last-child\" data-index=\"0\" ><div\n\t\t\t\n\t\t\tclass=\"so-widget-sow-editor so-widget-sow-editor-base\"\n\t\t\t\n\t\t>\n<div class=\"siteorigin-widget-tinymce textwidget\">\n\t<p>Les membres peuvent trouver les informations suivantes dans cette zone prot\u00e9g\u00e9e par mot de passe<\/p>\n<ul>\n<li>Directeurs et pr\u00e9sidents de comit\u00e9s<\/li>\n<li>Connectons le Canada toute l\u2019ann\u00e9e<\/li>\n<li>Ressources pour les membres\n<ol>\n<li>Affiches du programme<\/li>\n<li>Assurances<\/li>\n<li>Certificat national de reconnaissance d\u2019adh\u00e9sion<\/li>\n<li>Correspondance<\/li>\n<li>Droits d\u2019auteur<\/li>\n<li>Information concemant le Cr\u00e9dit d\u2019imp\u00f4t pour activit\u00e9s des enfants<\/li>\n<li>Informations sur les cr\u00e9dits d\u2019\u00e9tudes<\/li>\n<li>Logo - Membres<\/li>\n<li>Magazine Le professeur de musique canadien<\/li>\n<li>Photographie<\/li>\n<li>Rapports \/ Reglements \/ Politiques et procedures \/ Prenez note<\/li>\n<li>Renonciation et d\u00e9charge<\/li>\n<li>Ressources vid\u00e9o<\/li>\n<li>Ressources pour les dirigeants et pr\u00e9sidents de comit\u00e9s<\/li>\n<li>R\u00e9unions - Assembl\u00e9e g\u00e9n\u00e9rale annuelle \/ R\u00e9union annuelle du conseil de direction<\/li>\n<li><em>Le Temps de Construire<\/em><\/li>\n<\/ol>\n<\/li>\n<li>Associations-provinciales-territoriales<\/li>\n<li>Liens utiles aux professeurs<\/li>\n<\/ul>\n<p><strong><a href=\"https:\/\/www.cfmta.org\/fr\/ressources-pour-les-membres\/\" target=\"_blank\" rel=\"noopener\">Cliquez ici pour la page r\u00e9serv\u00e9e aux membres<\/a><\/strong><\/p>\n<p>&nbsp;<\/p>\n<\/div>\n<\/div><\/div><\/div><div id=\"pgc-3426-0-2\"  class=\"panel-grid-cell panel-grid-cell-empty\" ><\/div><\/div><\/div>","protected":false},"excerpt":{"rendered":"<p>Les membres peuvent trouver les informations suivantes dans cette zone prot\u00e9g\u00e9e par mot de passe Directeurs et pr\u00e9sidents de comit\u00e9s Connectons le Canada toute l\u2019ann\u00e9e Ressources pour les membres Affiches du programme Assurances Certificat national de reconnaissance d\u2019adh\u00e9sion Correspondance Droits &hellip; <a class=\"kt-excerpt-readmore\" href=\"https:\/\/www.cfmta.org\/fr\/membres\/\" aria-label=\"Membres\">Read More<\/a><\/p>\n","protected":false},"author":2,"featured_media":0,"parent":0,"menu_order":0,"comment_status":"closed","ping_status":"closed","template":"page-fullwidth.php","meta":{"kt_blocks_editor_width":"","footnotes":""},"class_list":["post-3426","page","type-page","status-publish","hentry"],"_links":{"self":[{"href":"https:\/\/www.cfmta.org\/fr\/wp-json\/wp\/v2\/pages\/3426","targetHints":{"allow":["GET"]}}],"collection":[{"href":"https:\/\/www.cfmta.org\/fr\/wp-json\/wp\/v2\/pages"}],"about":[{"href":"https:\/\/www.cfmta.org\/fr\/wp-json\/wp\/v2\/types\/page"}],"author":[{"embeddable":true,"href":"https:\/\/www.cfmta.org\/fr\/wp-json\/wp\/v2\/users\/2"}],"replies":[{"embeddable":true,"href":"https:\/\/www.cfmta.org\/fr\/wp-json\/wp\/v2\/comments?post=3426"}],"version-history":[{"count":2,"href":"https:\/\/www.cfmta.org\/fr\/wp-json\/wp\/v2\/pages\/3426\/revisions"}],"predecessor-version":[{"id":3429,"href":"https:\/\/www.cfmta.org\/fr\/wp-json\/wp\/v2\/pages\/3426\/revisions\/3429"}],"wp:attachment":[{"href":"https:\/\/www.cfmta.org\/fr\/wp-json\/wp\/v2\/media?parent=3426"}],"curies":[{"name":"wp","href":"https:\/\/api.w.org\/{rel}","templated":true}]}}