{"id":35,"date":"2015-11-12T11:57:57","date_gmt":"2015-11-12T19:57:57","guid":{"rendered":"http:\/\/www.cfmta.org\/fr\/?page_id=35"},"modified":"2026-04-02T11:09:58","modified_gmt":"2026-04-02T18:09:58","slug":"calendrier","status":"publish","type":"page","link":"https:\/\/www.cfmta.org\/fr\/calendrier\/","title":{"rendered":"Calendrier"},"content":{"rendered":"<div id=\"pl-35\"  class=\"panel-layout\" ><div id=\"pg-35-0\"  class=\"panel-grid panel-no-style\" ><div id=\"pgc-35-0-0\"  class=\"panel-grid-cell panel-grid-cell-empty\" ><\/div><div id=\"pgc-35-0-1\"  class=\"panel-grid-cell\" ><div id=\"panel-35-0-1-0\" class=\"so-panel widget widget_black-studio-tinymce widget_black_studio_tinymce panel-first-child panel-last-child\" data-index=\"0\" ><div class=\"textwidget\"><h3>Marquez vos calendrier<img loading=\"lazy\" decoding=\"async\" class=\"size-full wp-image-2553 alignright\" src=\"https:\/\/www.cfmta.org\/fr\/wp-content\/uploads\/2022\/05\/side-panel4.png\" alt=\"\" width=\"250\" height=\"1000\" srcset=\"https:\/\/www.cfmta.org\/fr\/wp-content\/uploads\/2022\/05\/side-panel4.png 250w, https:\/\/www.cfmta.org\/fr\/wp-content\/uploads\/2022\/05\/side-panel4-75x300.png 75w\" sizes=\"auto, (max-width: 250px) 100vw, 250px\" \/><\/h3>\n<p>&nbsp;<\/p>\n<p><strong>Connecter le Canada toute l\u2019ann\u00e9e - <\/strong><a href=\"https:\/\/www.cfmta.org\/fr\/connecter-le-canada-toute-lannee\/\" target=\"_blank\" rel=\"noopener\">https:\/\/www.cfmta.org\/fr\/connecter-le-canada-toute-lannee\/<\/a><\/p>\n<p>&nbsp;<\/p>\n<p><strong>Concours national d\u2019essai litt\u00e9raire <\/strong>- 1<sup>er<\/sup> mai 2026<\/p>\n<p><strong>Prix comm\u00e9moratif de p\u00e9dagogie -\u00a0<\/strong>1<sup>er<\/sup> mai 2026<\/p>\n<p><strong>Concours pour jeunes compositeurs - <\/strong>1<sup>er<\/sup> juin 2026<\/p>\n<p class=\"entry-title\"><strong>Connectons le Canada perfectionement professionnel <\/strong>\u00a0- juillet 2026<\/p>\n<p><strong>Concours de conception d\u2019affiche publicitaire de la Semaine de la musique canadienne\u00a0<\/strong>- 15 novembre 2026<\/p>\n<p><strong>Semaine de la musique canadienne <\/strong>- 22 - 28 novembre 2026<\/p>\n<p><strong>Appel \u00e0 compositions - <\/strong>1<sup>er<\/sup> mars 2027<\/p>\n<p><strong>On se rassemble <\/strong>- 15 mars 2027 - soumission en ligne avant le 31 mars 2027<\/p>\n<p class=\"entry-title\"><strong>Prix Hugheen-Ferguson du professeur distingu\u00e9<\/strong> - 1<sup>er<\/sup> mai 2027<\/p>\n<p><strong>FCAPM Ass\u00e9mblee g\u00e9n\u00e9rale annuelle<\/strong> - juin 2027<\/p>\n<p><strong>FCAPM R\u00e9union du conseil d\u2019administration<\/strong> - juillet 2027<\/p>\n<p><strong>Congr\u00e8s national de la FCAPM - <\/strong>Wolfville Nova Scotia \u00a0juillet 2027<\/p>\n<p>&nbsp;<\/p>\n<p>&nbsp;<\/p>\n<p>&nbsp;<\/p>\n<\/div><\/div><\/div><div id=\"pgc-35-0-2\"  class=\"panel-grid-cell panel-grid-cell-empty panel-grid-cell-mobile-last\" ><\/div><div id=\"pgc-35-0-3\"  class=\"panel-grid-cell panel-grid-cell-empty\" ><\/div><\/div><\/div>","protected":false},"excerpt":{"rendered":"<p>Marquez vos calendrier &nbsp; Connecter le Canada toute l\u2019ann\u00e9e &#8211; https:\/\/www.cfmta.org\/fr\/connecter-le-canada-toute-lannee\/ &nbsp; Concours national d\u2019essai litt\u00e9raire &#8211; 1er mai 2026 Prix comm\u00e9moratif de p\u00e9dagogie &#8211;\u00a01er mai 2026 Concours pour jeunes compositeurs &#8211; 1er juin 2026 Connectons le Canada perfectionement professionnel &hellip; <a class=\"kt-excerpt-readmore\" href=\"https:\/\/www.cfmta.org\/fr\/calendrier\/\" aria-label=\"Calendrier\">Read More<\/a><\/p>\n","protected":false},"author":2,"featured_media":0,"parent":0,"menu_order":0,"comment_status":"closed","ping_status":"closed","template":"page-fullwidth.php","meta":{"kt_blocks_editor_width":"","footnotes":""},"class_list":["post-35","page","type-page","status-publish","hentry"],"_links":{"self":[{"href":"https:\/\/www.cfmta.org\/fr\/wp-json\/wp\/v2\/pages\/35","targetHints":{"allow":["GET"]}}],"collection":[{"href":"https:\/\/www.cfmta.org\/fr\/wp-json\/wp\/v2\/pages"}],"about":[{"href":"https:\/\/www.cfmta.org\/fr\/wp-json\/wp\/v2\/types\/page"}],"author":[{"embeddable":true,"href":"https:\/\/www.cfmta.org\/fr\/wp-json\/wp\/v2\/users\/2"}],"replies":[{"embeddable":true,"href":"https:\/\/www.cfmta.org\/fr\/wp-json\/wp\/v2\/comments?post=35"}],"version-history":[{"count":102,"href":"https:\/\/www.cfmta.org\/fr\/wp-json\/wp\/v2\/pages\/35\/revisions"}],"predecessor-version":[{"id":3482,"href":"https:\/\/www.cfmta.org\/fr\/wp-json\/wp\/v2\/pages\/35\/revisions\/3482"}],"wp:attachment":[{"href":"https:\/\/www.cfmta.org\/fr\/wp-json\/wp\/v2\/media?parent=35"}],"curies":[{"name":"wp","href":"https:\/\/api.w.org\/{rel}","templated":true}]}}