{"id":37,"date":"2015-11-12T11:59:13","date_gmt":"2015-11-12T19:59:13","guid":{"rendered":"http:\/\/www.cfmta.org\/fr\/?page_id=37"},"modified":"2022-05-10T08:50:40","modified_gmt":"2022-05-10T15:50:40","slug":"avantages-a-etre-membre","status":"publish","type":"page","link":"https:\/\/www.cfmta.org\/fr\/avantages-a-etre-membre\/","title":{"rendered":"Avantages \u00e0 \u00eatre membre"},"content":{"rendered":"<div id=\"pl-37\"  class=\"panel-layout\" ><div id=\"pg-37-0\"  class=\"panel-grid panel-no-style\" ><div id=\"pgc-37-0-0\"  class=\"panel-grid-cell panel-grid-cell-empty\" ><\/div><div id=\"pgc-37-0-1\"  class=\"panel-grid-cell panel-grid-cell-mobile-last\" ><div id=\"panel-37-0-1-0\" class=\"so-panel widget widget_black-studio-tinymce widget_black_studio_tinymce panel-first-child panel-last-child\" data-index=\"0\" ><div class=\"textwidget\"><h2>Avantages \u00e0 \u00eatre membre<img loading=\"lazy\" decoding=\"async\" class=\"alignright size-full wp-image-2553\" src=\"https:\/\/www.cfmta.org\/fr\/wp-content\/uploads\/2022\/05\/side-panel4.png\" alt=\"\" width=\"250\" height=\"1000\" srcset=\"https:\/\/www.cfmta.org\/fr\/wp-content\/uploads\/2022\/05\/side-panel4.png 250w, https:\/\/www.cfmta.org\/fr\/wp-content\/uploads\/2022\/05\/side-panel4-75x300.png 75w\" sizes=\"auto, (max-width: 250px) 100vw, 250px\" \/><\/h2>\n<p>La FCAPM offre aux professeurs de musique comp\u00e9tents la possibilit\u00e9 de devenir membre par le biais de leur association provinciale. Les exigences peuvent diff\u00e9rer d'une province \u00e0 l'autre. Pour plus de d\u00e9tails, visitez le site Web de votre association provinciale pour obtenir les coordonn\u00e9es de la personne \u00e0 contacter.<\/p>\n<p>Avantages d'\u00eatre membre de votre association provinciale\/territoriale de professeurs de musique certifi\u00e9s et de la FCAPM<\/p>\n<ul>\n<li>Un appui par le biais de la communication, la sensibilisation et le perfectionnement professionnel<\/li>\n<li>Notre magazine officiel \u00ab Le professeur de musique canadien \u00bb publi\u00e9 trois fois par ann\u00e9e et qui contient des articles et des critiques<\/li>\n<li>Des nouvelles sur les premi\u00e8res parutions<\/li>\n<li>Des congr\u00e8s bisannuels<\/li>\n<li>Des bourses d'\u00e9tudes et des prix pour les \u00e9l\u00e8ves<\/li>\n<li>Un acc\u00e8s aux s\u00e9ries Jeune artiste (Young Artist Series)<\/li>\n<li>Le concours de composition pour \u00e9l\u00e8ves<\/li>\n<li>Des prix pour les professeurs<\/li>\n<li>Une couverture de 5 millions de dollars en responsabilit\u00e9 civile<\/li>\n<li>Des r\u00e9f\u00e9rences de professeurs\/d'\u00e9l\u00e8ves par l'entremise de ses associations provinciales<\/li>\n<li>Une participation aux \u00e9v\u00e9nements collaboratifs aux niveaux national et international<\/li>\n<li>Un acc\u00e8s \u00e0 une organisation nationale qui aide \u00e0 fa\u00e7onner l'avenir de l'enseignement musical au Canada<\/li>\n<li>Des offres d'assurances habitation et auto \u00e0 taux r\u00e9duits gr\u00e2ce \u00e0 la compagnie d'assurance La Personnelle<\/li>\n<li>Un acc\u00e8s \u00e0 une assurance m\u00e9dicale collective avec Morneau Shepell<\/li>\n<li>Repr\u00e9sentants provinciaux\/territoriaux<\/li>\n<\/ul>\n<h2>Comment adh\u00e9rer<\/h2>\n<table style=\"width: 500px;\">\n<tbody>\n<tr>\n<td colspan=\"2\"><strong>Provincial Links \u00a0<\/strong><\/td>\n<\/tr>\n<tr>\n<td width=\"250\">Alberta<\/td>\n<td width=\"250\">\u00a0<a href=\"http:\/\/armta.ca\/\" target=\"_blank\" rel=\"noopener\">armta.ca<\/a><\/td>\n<\/tr>\n<tr>\n<td>Colombie-Britannique<\/td>\n<td>\u00a0<a href=\"http:\/\/bcrmta.bc.ca\/\" target=\"_blank\" rel=\"noopener\">bcrmta.bc.ca<\/a><\/td>\n<\/tr>\n<tr>\n<td>Manitoba<\/td>\n<td>\u00a0<a href=\"http:\/\/mrmta.org\/\" target=\"_blank\" rel=\"noopener\">mrmta.org<\/a><\/td>\n<\/tr>\n<tr>\n<td>Nouveau-Brunswick<\/td>\n<td>\u00a0<a href=\"http:\/\/www.nbrmta.com\/\" target=\"_blank\" rel=\"noopener\">nbrmta.com<\/a><\/td>\n<\/tr>\n<tr>\n<td>Nouvelle-\u00c9cosse<\/td>\n<td>\u00a0<a href=\"http:\/\/www.nsrmta.ca\/\" target=\"_blank\" rel=\"noopener\">nsrmta.ca<\/a><\/td>\n<\/tr>\n<tr>\n<td>Ontario<\/td>\n<td>\u00a0<a href=\"http:\/\/www.ormta.org\/\" target=\"_blank\" rel=\"noopener\">ormta.org<\/a><\/td>\n<\/tr>\n<tr>\n<td>\u00cele-du-Prince-\u00c9douard<\/td>\n<td>\u00a0<a href=\"http:\/\/www.peirmta.ca\/\" target=\"_blank\" rel=\"noopener\">peirmta.ca<\/a><\/td>\n<\/tr>\n<tr>\n<td>Qu\u00e9bec<\/td>\n<td>\u00a0<a href=\"http:\/\/www.apmqmta.org\/en\" target=\"_blank\" rel=\"noopener\">apmqmta.org<\/a><\/td>\n<\/tr>\n<tr>\n<td>Saskatchewan<\/td>\n<td>\u00a0<a href=\"http:\/\/www.srmta.com\/\" target=\"_blank\" rel=\"noopener\">srmta.com<\/a><\/td>\n<\/tr>\n<tr>\n<td>Terre-Neuve et Labrador<\/td>\n<td>\u00a0<a href=\"http:\/\/www.nlrmta.ca\/\" target=\"_blank\" rel=\"noopener\">nlrmta.ca<\/a><\/td>\n<\/tr>\n<tr>\n<td>Territoires du Nord-Quest<\/td>\n<td><a href=\"http:\/\/www.musicteachersnwt.com\/\" target=\"_blank\" rel=\"noopener\">musicteachersnwt.com<\/a><\/td>\n<\/tr>\n<tr>\n<td>Yukon<\/td>\n<td>\u00a0<a href=\"http:\/\/www.yrmta.ca\/\">yrmta.ca<\/a><\/td>\n<\/tr>\n<\/tbody>\n<\/table>\n<\/div><\/div><\/div><div id=\"pgc-37-0-2\"  class=\"panel-grid-cell panel-grid-cell-empty\" ><\/div><\/div><\/div>","protected":false},"excerpt":{"rendered":"<p>Avantages \u00e0 \u00eatre membre La FCAPM offre aux professeurs de musique comp\u00e9tents la possibilit\u00e9 de devenir membre par le biais de leur association provinciale. Les exigences peuvent diff\u00e9rer d&#8217;une province \u00e0 l&#8217;autre. Pour plus de d\u00e9tails, visitez le site Web &hellip; <a class=\"kt-excerpt-readmore\" href=\"https:\/\/www.cfmta.org\/fr\/avantages-a-etre-membre\/\" aria-label=\"Avantages \u00e0 \u00eatre membre\">Read More<\/a><\/p>\n","protected":false},"author":2,"featured_media":0,"parent":0,"menu_order":0,"comment_status":"closed","ping_status":"closed","template":"page-fullwidth.php","meta":{"kt_blocks_editor_width":"","footnotes":""},"class_list":["post-37","page","type-page","status-publish","hentry"],"_links":{"self":[{"href":"https:\/\/www.cfmta.org\/fr\/wp-json\/wp\/v2\/pages\/37","targetHints":{"allow":["GET"]}}],"collection":[{"href":"https:\/\/www.cfmta.org\/fr\/wp-json\/wp\/v2\/pages"}],"about":[{"href":"https:\/\/www.cfmta.org\/fr\/wp-json\/wp\/v2\/types\/page"}],"author":[{"embeddable":true,"href":"https:\/\/www.cfmta.org\/fr\/wp-json\/wp\/v2\/users\/2"}],"replies":[{"embeddable":true,"href":"https:\/\/www.cfmta.org\/fr\/wp-json\/wp\/v2\/comments?post=37"}],"version-history":[{"count":14,"href":"https:\/\/www.cfmta.org\/fr\/wp-json\/wp\/v2\/pages\/37\/revisions"}],"predecessor-version":[{"id":2555,"href":"https:\/\/www.cfmta.org\/fr\/wp-json\/wp\/v2\/pages\/37\/revisions\/2555"}],"wp:attachment":[{"href":"https:\/\/www.cfmta.org\/fr\/wp-json\/wp\/v2\/media?parent=37"}],"curies":[{"name":"wp","href":"https:\/\/api.w.org\/{rel}","templated":true}]}}