{"id":49,"date":"2015-11-12T12:14:10","date_gmt":"2015-11-12T20:14:10","guid":{"rendered":"http:\/\/www.cfmta.org\/fr\/?page_id=49"},"modified":"2025-08-11T10:19:07","modified_gmt":"2025-08-11T17:19:07","slug":"concours-de-dessai","status":"publish","type":"page","link":"https:\/\/www.cfmta.org\/fr\/concours-de-dessai\/","title":{"rendered":"Concours national d\u2019essai litt\u00e9raire"},"content":{"rendered":"<div id=\"pl-49\"  class=\"panel-layout\" ><div id=\"pg-49-0\"  class=\"panel-grid panel-no-style\" ><div id=\"pgc-49-0-0\"  class=\"panel-grid-cell panel-grid-cell-empty\" ><\/div><div id=\"pgc-49-0-1\"  class=\"panel-grid-cell\" ><div id=\"panel-49-0-1-0\" class=\"so-panel widget widget_black-studio-tinymce widget_black_studio_tinymce panel-first-child panel-last-child\" data-index=\"0\" ><div class=\"textwidget\"><p style=\"font-weight: 400;\"><img loading=\"lazy\" decoding=\"async\" class=\"alignleft size-medium wp-image-3192\" src=\"https:\/\/www.cfmta.org\/fr\/wp-content\/uploads\/2024\/07\/Essay20252-232x300.jpg\" alt=\"\" width=\"232\" height=\"300\" srcset=\"https:\/\/www.cfmta.org\/fr\/wp-content\/uploads\/2024\/07\/Essay20252-232x300.jpg 232w, https:\/\/www.cfmta.org\/fr\/wp-content\/uploads\/2024\/07\/Essay20252-791x1024.jpg 791w, https:\/\/www.cfmta.org\/fr\/wp-content\/uploads\/2024\/07\/Essay20252-768x994.jpg 768w, https:\/\/www.cfmta.org\/fr\/wp-content\/uploads\/2024\/07\/Essay20252-1187x1536.jpg 1187w, https:\/\/www.cfmta.org\/fr\/wp-content\/uploads\/2024\/07\/Essay20252-520x672.jpg 520w, https:\/\/www.cfmta.org\/fr\/wp-content\/uploads\/2024\/07\/Essay20252-260x336.jpg 260w, https:\/\/www.cfmta.org\/fr\/wp-content\/uploads\/2024\/07\/Essay20252-600x776.jpg 600w, https:\/\/www.cfmta.org\/fr\/wp-content\/uploads\/2024\/07\/Essay20252-300x388.jpg 300w, https:\/\/www.cfmta.org\/fr\/wp-content\/uploads\/2024\/07\/Essay20252.jpg 1275w\" sizes=\"auto, (max-width: 232px) 100vw, 232px\" \/>La F\u00e9d\u00e9ration canadienne des associations de professeurs de musique vous invite \u00e0 participer au Concours d\u2019essai litt\u00e9raire de la FCAPM.<\/p>\n<p style=\"font-weight: 400;\">La FCAPM s\u2019implique dans l\u2019\u00e9ducation musicale au Canada depuis sa fondation en 1935. Nous promouvons l\u2019excellence musicale au moyen d\u2019ateliers, de cours de ma\u00eetre et d\u2019\u00e9v\u00e9nements musicaux organis\u00e9s par nos filiales provinciales\/territoriales \u00e0 travers le Canada et nous collaborons avec divers organismes afin de favoriser l\u2019avancement de l\u2019enseignement de la musique au Canada.<\/p>\n<div>\n<p style=\"font-weight: 400;\">Le Concours national d\u2019essai litt\u00e9raire de la CFMTA\/FCAPM vous invite \u00e0 soumettre un essai ayant pour th\u00e8me une recherche sur l\u2019enseignement de la musique, la p\u00e9dagogie ou l\u2019interpr\u00e9tation musicale. Le concours est ouvert \u00e0 tous les r\u00e9sidents du Canada qui sont en cours de formation acad\u00e9mique aux niveaux secondaire, coll\u00e9gial, ou universitaire.<\/p>\n<p style=\"font-weight: 400;\">Le prix du niveau doctorat a \u00e9t\u00e9 offert par la FCAPM en l'honneur de Lorna Wanzel, D.Mus., fondatrice et principale contributrice du concours d'essai litt\u00e9raire.<\/p>\n<p>Cette ann\u00e9e, les prix des cycles sup\u00e9rieurs, du premier cycle et du secondaire sont offerts par de g\u00e9n\u00e9reux donateurs.<\/p><\/div>\n<p>La date limite du prochain concours de r\u00e9daction est le 1<sup>er<\/sup> mai 2026<\/p>\n<hr \/>\n<h4>Anciens laur\u00e9ats<\/h4>\n<ul>\n<li>Pour les anciens gagnants - consultez notre <a href=\"https:\/\/www.cfmta.org\/archive\/programs-competition\/\"><strong>site d'archives<\/strong><\/a><\/li>\n<\/ul>\n<\/div><\/div><\/div><div id=\"pgc-49-0-2\"  class=\"panel-grid-cell\" ><div id=\"panel-49-0-2-0\" class=\"so-panel widget widget_black-studio-tinymce widget_black_studio_tinymce panel-first-child panel-last-child\" data-index=\"1\" ><div class=\"textwidget\"><h4>Lens rapides<\/h4>\n<ul>\n<li><a href=\"https:\/\/www.cfmta.org\/fr\/concours-national-dessai-gagnant\/\" target=\"_blank\" rel=\"noopener\">Gagnants 2025<\/a><\/li>\n<li><a href=\"https:\/\/www.cfmta.org\/en\/essay-competition-winners-bios-photos\/\" target=\"_blank\" rel=\"noopener\">Gagnants 2025 - biographie\/ photo<\/a><\/li>\n<li><a href=\"https:\/\/www.cfmta.org\/fr\/directives-relatives-aux-inscriptions\/\" target=\"_blank\" rel=\"noopener\">Lignes directrices<\/a><\/li>\n<li>l'affiche\u00a0Couleur\u00a0- <a href=\"https:\/\/www.cfmta.org\/fr\/ressources-pour-les-membres\/\" target=\"_blank\" rel=\"noopener\">8.5 x 11<\/a><\/li>\n<li>Appilcations <a href=\"https:\/\/www.cfmta.org\/en\/essay-entry-form\/\" target=\"_blank\" rel=\"noopener\">En ligne seulement<\/a><\/li>\n<\/ul>\n<p>Pour envoyer une \u0153uvre ou obtenir de plus amples informations :<br \/>\nCatherine Finch Bartlett - <a href=\"mailto:essaycompetition@cfmta.org\">essaycompetition@cfmta.org<\/a><\/p>\n<p>&nbsp;<\/p>\n<\/div><\/div><\/div><\/div><\/div>","protected":false},"excerpt":{"rendered":"<p>La F\u00e9d\u00e9ration canadienne des associations de professeurs de musique vous invite \u00e0 participer au Concours d\u2019essai litt\u00e9raire de la FCAPM. La FCAPM s\u2019implique dans l\u2019\u00e9ducation musicale au Canada depuis sa fondation en 1935. Nous promouvons l\u2019excellence musicale au moyen d\u2019ateliers, &hellip; <a class=\"kt-excerpt-readmore\" href=\"https:\/\/www.cfmta.org\/fr\/concours-de-dessai\/\" aria-label=\"Concours national d\u2019essai litt\u00e9raire\">Read More<\/a><\/p>\n","protected":false},"author":2,"featured_media":0,"parent":0,"menu_order":0,"comment_status":"closed","ping_status":"closed","template":"page-fullwidth.php","meta":{"kt_blocks_editor_width":"","footnotes":""},"class_list":["post-49","page","type-page","status-publish","hentry"],"_links":{"self":[{"href":"https:\/\/www.cfmta.org\/fr\/wp-json\/wp\/v2\/pages\/49","targetHints":{"allow":["GET"]}}],"collection":[{"href":"https:\/\/www.cfmta.org\/fr\/wp-json\/wp\/v2\/pages"}],"about":[{"href":"https:\/\/www.cfmta.org\/fr\/wp-json\/wp\/v2\/types\/page"}],"author":[{"embeddable":true,"href":"https:\/\/www.cfmta.org\/fr\/wp-json\/wp\/v2\/users\/2"}],"replies":[{"embeddable":true,"href":"https:\/\/www.cfmta.org\/fr\/wp-json\/wp\/v2\/comments?post=49"}],"version-history":[{"count":49,"href":"https:\/\/www.cfmta.org\/fr\/wp-json\/wp\/v2\/pages\/49\/revisions"}],"predecessor-version":[{"id":3405,"href":"https:\/\/www.cfmta.org\/fr\/wp-json\/wp\/v2\/pages\/49\/revisions\/3405"}],"wp:attachment":[{"href":"https:\/\/www.cfmta.org\/fr\/wp-json\/wp\/v2\/media?parent=49"}],"curies":[{"name":"wp","href":"https:\/\/api.w.org\/{rel}","templated":true}]}}