{"id":51,"date":"2015-11-12T12:14:50","date_gmt":"2015-11-12T20:14:50","guid":{"rendered":"http:\/\/www.cfmta.org\/fr\/?page_id=51"},"modified":"2025-08-15T21:55:30","modified_gmt":"2025-08-16T04:55:30","slug":"concours-de-composition","status":"publish","type":"page","link":"https:\/\/www.cfmta.org\/fr\/concours-de-composition\/","title":{"rendered":"Concours de composition pour jeunes"},"content":{"rendered":"<div id=\"pl-51\"  class=\"panel-layout\" ><div id=\"pg-51-0\"  class=\"panel-grid panel-no-style\" ><div id=\"pgc-51-0-0\"  class=\"panel-grid-cell panel-grid-cell-empty\" ><\/div><div id=\"pgc-51-0-1\"  class=\"panel-grid-cell\" ><div id=\"panel-51-0-1-0\" class=\"so-panel widget widget_black-studio-tinymce widget_black_studio_tinymce panel-first-child panel-last-child\" data-index=\"0\" ><div class=\"textwidget\"><p><img loading=\"lazy\" decoding=\"async\" class=\"alignleft size-medium wp-image-3325\" src=\"https:\/\/www.cfmta.org\/fr\/wp-content\/uploads\/2025\/04\/Student-Composer_2025-232x300.jpg\" alt=\"\" width=\"232\" height=\"300\" srcset=\"https:\/\/www.cfmta.org\/fr\/wp-content\/uploads\/2025\/04\/Student-Composer_2025-232x300.jpg 232w, https:\/\/www.cfmta.org\/fr\/wp-content\/uploads\/2025\/04\/Student-Composer_2025-791x1024.jpg 791w, https:\/\/www.cfmta.org\/fr\/wp-content\/uploads\/2025\/04\/Student-Composer_2025-768x994.jpg 768w, https:\/\/www.cfmta.org\/fr\/wp-content\/uploads\/2025\/04\/Student-Composer_2025-1187x1536.jpg 1187w, https:\/\/www.cfmta.org\/fr\/wp-content\/uploads\/2025\/04\/Student-Composer_2025-1583x2048.jpg 1583w, https:\/\/www.cfmta.org\/fr\/wp-content\/uploads\/2025\/04\/Student-Composer_2025-520x672.jpg 520w, https:\/\/www.cfmta.org\/fr\/wp-content\/uploads\/2025\/04\/Student-Composer_2025-260x336.jpg 260w, https:\/\/www.cfmta.org\/fr\/wp-content\/uploads\/2025\/04\/Student-Composer_2025.jpg 1700w\" sizes=\"auto, (max-width: 232px) 100vw, 232px\" \/>Le Concours de composition pour jeunes de la FCAPM\/CFMTA est un concours national r\u00e9serv\u00e9 aux laur\u00e9ats des premiers prix des concours de composition provinciaux. Les \u0153uvres sont soumises \u00e0 un jury pancanadien par les coordonnateurs provinciaux de la Semaine de la musique canadienne avant le 1<sup>er<\/sup> juin de chaque an. Des bourses d'\u00e9tudes sont remises aux laur\u00e9ats de chacune des cat\u00e9gories et le prix Helen Dahlstrom est remis annuellement pour la meilleure composition nationale s\u00e9lectionn\u00e9e par le juge. Helen Dahlstrom est la fondatrice de la Semaine de la musique canadienne.<\/p>\n<h5><\/h5>\n<\/div><\/div><\/div><div id=\"pgc-51-0-2\"  class=\"panel-grid-cell\" ><div id=\"panel-51-0-2-0\" class=\"so-panel widget widget_sow-editor panel-first-child panel-last-child\" data-index=\"1\" ><div\n\t\t\t\n\t\t\tclass=\"so-widget-sow-editor so-widget-sow-editor-base\"\n\t\t\t\n\t\t>\n<div class=\"siteorigin-widget-tinymce textwidget\">\n\t<h4>Lens rapides<\/h4>\n<ul>\n<li>Concours pour jeunes compositeurs\u2013 <a href=\"https:\/\/www.cfmta.org\/fr\/concours-de-composition-pour-eleves-gagnants\/\" target=\"_blank\" rel=\"noopener\">Gagnants 2025<\/a><\/li>\n<li><a href=\"https:\/\/www.cfmta.org\/fr\/regles-du-concours-de-composition-pour-jeunes\/\" target=\"_blank\" rel=\"noopener\">R\u00e8gles du concours pour jeunes compositeurs<\/a><\/li>\n<li><a href=\"https:\/\/www.cfmta.org\/docs\/posters\/Student_Composer_2025_11.pdf\" target=\"_blank\" rel=\"noopener\">Affiche<\/a><\/li>\n<li>Concours pour jeunes compositeurs - <a href=\"https:\/\/www.cfmta.org\/en\/student-composer-competition-online-application-2\/\" target=\"_blank\" rel=\"noopener\">Inscription en ligne<\/a><\/li>\n<li><a href=\"https:\/\/www.cfmta.org\/en\/student-composers-provincial-winners-submission\/\" target=\"_blank\" rel=\"noopener\">Soumission du gagnant provincial territorial\u00a0<\/a><\/li>\n<li>Pour envoyer une \u0153uvre ou obtenir de plus amples informations : <a href=\"mailto:studentcomposer@cfmta.org\"><strong>studentcomposer@cfmta.org<\/strong><\/a><\/li>\n<\/ul>\n<h4><\/h4>\n<p>&nbsp;<\/p>\n<h4>Anciens laur\u00e9ats<\/h4>\n<ul>\n<li>Pour les anciens gagnants - consultez notre <a href=\"https:\/\/www.cfmta.org\/archive\/programs-competition\/\">site d'archives<\/a><\/li>\n<\/ul>\n<\/div>\n<\/div><\/div><\/div><\/div><\/div>","protected":false},"excerpt":{"rendered":"<p>Le Concours de composition pour jeunes de la FCAPM\/CFMTA est un concours national r\u00e9serv\u00e9 aux laur\u00e9ats des premiers prix des concours de composition provinciaux. Les \u0153uvres sont soumises \u00e0 un jury pancanadien par les coordonnateurs provinciaux de la Semaine de &hellip; <a class=\"kt-excerpt-readmore\" href=\"https:\/\/www.cfmta.org\/fr\/concours-de-composition\/\" aria-label=\"Concours de composition pour jeunes\">Read More<\/a><\/p>\n","protected":false},"author":2,"featured_media":0,"parent":0,"menu_order":0,"comment_status":"closed","ping_status":"closed","template":"page-fullwidth.php","meta":{"kt_blocks_editor_width":"","footnotes":""},"class_list":["post-51","page","type-page","status-publish","hentry"],"_links":{"self":[{"href":"https:\/\/www.cfmta.org\/fr\/wp-json\/wp\/v2\/pages\/51","targetHints":{"allow":["GET"]}}],"collection":[{"href":"https:\/\/www.cfmta.org\/fr\/wp-json\/wp\/v2\/pages"}],"about":[{"href":"https:\/\/www.cfmta.org\/fr\/wp-json\/wp\/v2\/types\/page"}],"author":[{"embeddable":true,"href":"https:\/\/www.cfmta.org\/fr\/wp-json\/wp\/v2\/users\/2"}],"replies":[{"embeddable":true,"href":"https:\/\/www.cfmta.org\/fr\/wp-json\/wp\/v2\/comments?post=51"}],"version-history":[{"count":43,"href":"https:\/\/www.cfmta.org\/fr\/wp-json\/wp\/v2\/pages\/51\/revisions"}],"predecessor-version":[{"id":3408,"href":"https:\/\/www.cfmta.org\/fr\/wp-json\/wp\/v2\/pages\/51\/revisions\/3408"}],"wp:attachment":[{"href":"https:\/\/www.cfmta.org\/fr\/wp-json\/wp\/v2\/media?parent=51"}],"curies":[{"name":"wp","href":"https:\/\/api.w.org\/{rel}","templated":true}]}}