{"id":53,"date":"2015-11-12T12:15:19","date_gmt":"2015-11-12T20:15:19","guid":{"rendered":"http:\/\/www.cfmta.org\/fr\/?page_id=53"},"modified":"2026-04-02T11:14:33","modified_gmt":"2026-04-02T18:14:33","slug":"on-se-rassemble","status":"publish","type":"page","link":"https:\/\/www.cfmta.org\/fr\/on-se-rassemble\/","title":{"rendered":"On se rassemble"},"content":{"rendered":"<div id=\"pl-53\"  class=\"panel-layout\" ><div id=\"pg-53-0\"  class=\"panel-grid panel-no-style\" ><div id=\"pgc-53-0-0\"  class=\"panel-grid-cell panel-grid-cell-empty\" ><\/div><div id=\"pgc-53-0-1\"  class=\"panel-grid-cell\" ><div id=\"panel-53-0-1-0\" class=\"so-panel widget widget_black-studio-tinymce widget_black_studio_tinymce panel-first-child panel-last-child\" data-index=\"0\" ><div class=\"textwidget\"><p><strong><img loading=\"lazy\" decoding=\"async\" class=\"alignleft wp-image-3483 size-medium\" src=\"https:\/\/www.cfmta.org\/fr\/wp-content\/uploads\/2026\/04\/branchingout20262-232x300.jpg\" alt=\"\" width=\"232\" height=\"300\" srcset=\"https:\/\/www.cfmta.org\/fr\/wp-content\/uploads\/2026\/04\/branchingout20262-232x300.jpg 232w, https:\/\/www.cfmta.org\/fr\/wp-content\/uploads\/2026\/04\/branchingout20262-791x1024.jpg 791w, https:\/\/www.cfmta.org\/fr\/wp-content\/uploads\/2026\/04\/branchingout20262-768x994.jpg 768w, https:\/\/www.cfmta.org\/fr\/wp-content\/uploads\/2026\/04\/branchingout20262-1187x1536.jpg 1187w, https:\/\/www.cfmta.org\/fr\/wp-content\/uploads\/2026\/04\/branchingout20262-1583x2048.jpg 1583w, https:\/\/www.cfmta.org\/fr\/wp-content\/uploads\/2026\/04\/branchingout20262-520x672.jpg 520w, https:\/\/www.cfmta.org\/fr\/wp-content\/uploads\/2026\/04\/branchingout20262-260x336.jpg 260w, https:\/\/www.cfmta.org\/fr\/wp-content\/uploads\/2026\/04\/branchingout20262.jpg 1700w\" sizes=\"auto, (max-width: 232px) 100vw, 232px\" \/>On se rassemble 2026 - 2027 : Le r\u00e9confort par la musique<\/strong><\/p>\n<div>\n<p style=\"font-weight: 400;\">La musique a le pouvoir de soulager et de r\u00e9conforter dans les circonstances les plus difficiles. Nous pouvons aider nos \u00e9l\u00e8ves \u00e0 mieux saisir la n\u00e9cessit\u00e9 de faire preuve de compassion et \u00e0 trouver des fa\u00e7ons de renouveler notre \u00e9nergie. Avec\u00a0<em>Le r\u00e9confort par la musique<\/em>, nous pouvons les encourager \u00e0 offrir des concerts pour le mieux-\u00eatre des autres \u2014 et le leur.<\/p>\n<p style=\"font-weight: 400;\">Les \u00e9l\u00e8ves peuvent partager leur musique :<\/p>\n<ul>\n<li style=\"font-weight: 400;\">dans des r\u00e9sidences pour personnes \u00e2g\u00e9es<\/li>\n<li style=\"font-weight: 400;\">dans des espaces publics : biblioth\u00e8ques, h\u00f4tel de ville, parcs, unit\u00e9s de soins palliatifs<\/li>\n<li style=\"font-weight: 400;\">en prestation musicale de rue (busking)<\/li>\n<\/ul>\n<p style=\"font-weight: 400;\">\n<\/div>\n<div>\n<p>Des dons \"On se rassemble\" de 100$ seront tir\u00e9s au hasard parmi les associations provinciales apr\u00e8s le 31 mars 2027.<\/p><\/div>\n<div>\n<p>Toutes les propositions seront publi\u00e9es dans le num\u00e9ro de revue de l'ann\u00e9e du PMC.<\/p><\/div>\n<div>\n<p>Les candidatures devront \u00eatre soumises en ligne \u00e0 www.cfmta.org et inclure une description de l'\u00e9v\u00e9nement, une photo et un formulaire de consentement pour la diffusion de la photo. La date limite des soumissions est le 31 mars 2027.<\/p><\/div>\n<p style=\"font-weight: 400;\">Pour plus d'informations, contactez Heather Fyffe \u00e0 l'adresse \u00a0<a href=\"mailto:admin@cfmta.org\">admin@cfmta.org<\/a>.<\/p>\n<\/div><\/div><\/div><div id=\"pgc-53-0-2\"  class=\"panel-grid-cell\" ><div id=\"panel-53-0-2-0\" class=\"so-panel widget widget_sow-editor panel-first-child panel-last-child\" data-index=\"1\" ><div\n\t\t\t\n\t\t\tclass=\"so-widget-sow-editor so-widget-sow-editor-base\"\n\t\t\t\n\t\t>\n<div class=\"siteorigin-widget-tinymce textwidget\">\n\t<h4>Liens rapides<\/h4>\n<ul>\n<li><strong>Candidatures en ligne<\/strong> - <strong><a href=\"https:\/\/www.cfmta.org\/en\/branching-out-online-application\/\" target=\"_blank\" rel=\"noopener\">cliquez ici<\/a><\/strong><\/li>\n<li>Poster - <a href=\"https:\/\/www.cfmta.org\/fr\/wp-content\/uploads\/2026\/04\/branchingout2026_02.pdf\" target=\"_blank\" rel=\"noopener\">8,5 x 11\u00a0- couleur<\/a><\/li>\n<li><strong>Photo de presse<\/strong>\n<ul>\n<li><a href=\"http:\/\/www.cfmta.org\/fr\/wp-content\/uploads\/2015\/11\/Photo-Consent-Form_FR.pdf\" target=\"_blank\" rel=\"noopener\">photo formulaire de consentement<\/a><\/li>\n<li><a href=\"http:\/\/www.cfmta.org\/fr\/wp-content\/uploads\/2015\/11\/Photo-Consent-Form_adults_FR.pdf\" target=\"_blank\" rel=\"noopener\">photo formulaire de consentement<\/a> - adulte<\/li>\n<li><a href=\"https:\/\/www.cfmta.org\/fr\/wp-content\/uploads\/2019\/11\/Photo-Consent-Form-Group-french.pdf\" target=\"_blank\" rel=\"noopener\">photo formulaire de consentement<\/a> - groupe<\/li>\n<\/ul>\n<\/li>\n<li><strong>Communiqu\u00e9 de presse pour les associations provinciales \u00e0 utiliser lors de leurs \u00e9v\u00e9nements provinciaux et r\u00e9gionaux<\/strong>\n<ul>\n<li><a href=\"https:\/\/www.cfmta.org\/fr\/wp-content\/uploads\/2018\/06\/Press_Release_CFMTA_Branching_Out_pre_event_Provincial_NB_FR.docx\" target=\"_blank\" rel=\"noopener\">Communiqu\u00e9 de presse pr\u00e9-\u00e9v\u00e9nement<\/a><\/li>\n<li><a href=\"https:\/\/www.cfmta.org\/fr\/wp-content\/uploads\/2018\/06\/Press_Release_CFMTA_Branching_Out_post_event_Provincial_NB_FR.docx\" target=\"_blank\" rel=\"noopener\">Communiqu\u00e9 de presse post-\u00e9v\u00e9nement<\/a><\/li>\n<\/ul>\n<\/li>\n<\/ul>\n<\/div>\n<\/div><\/div><\/div><\/div><\/div>","protected":false},"excerpt":{"rendered":"<p>On se rassemble 2026 &#8211; 2027 : Le r\u00e9confort par la musique La musique a le pouvoir de soulager et de r\u00e9conforter dans les circonstances les plus difficiles. Nous pouvons aider nos \u00e9l\u00e8ves \u00e0 mieux saisir la n\u00e9cessit\u00e9 de faire &hellip; <a class=\"kt-excerpt-readmore\" href=\"https:\/\/www.cfmta.org\/fr\/on-se-rassemble\/\" aria-label=\"On se rassemble\">Read More<\/a><\/p>\n","protected":false},"author":2,"featured_media":0,"parent":0,"menu_order":0,"comment_status":"closed","ping_status":"closed","template":"page-fullwidth.php","meta":{"kt_blocks_editor_width":"","footnotes":""},"class_list":["post-53","page","type-page","status-publish","hentry"],"_links":{"self":[{"href":"https:\/\/www.cfmta.org\/fr\/wp-json\/wp\/v2\/pages\/53","targetHints":{"allow":["GET"]}}],"collection":[{"href":"https:\/\/www.cfmta.org\/fr\/wp-json\/wp\/v2\/pages"}],"about":[{"href":"https:\/\/www.cfmta.org\/fr\/wp-json\/wp\/v2\/types\/page"}],"author":[{"embeddable":true,"href":"https:\/\/www.cfmta.org\/fr\/wp-json\/wp\/v2\/users\/2"}],"replies":[{"embeddable":true,"href":"https:\/\/www.cfmta.org\/fr\/wp-json\/wp\/v2\/comments?post=53"}],"version-history":[{"count":29,"href":"https:\/\/www.cfmta.org\/fr\/wp-json\/wp\/v2\/pages\/53\/revisions"}],"predecessor-version":[{"id":3485,"href":"https:\/\/www.cfmta.org\/fr\/wp-json\/wp\/v2\/pages\/53\/revisions\/3485"}],"wp:attachment":[{"href":"https:\/\/www.cfmta.org\/fr\/wp-json\/wp\/v2\/media?parent=53"}],"curies":[{"name":"wp","href":"https:\/\/api.w.org\/{rel}","templated":true}]}}