{"id":55,"date":"2015-11-12T12:15:42","date_gmt":"2015-11-12T20:15:42","guid":{"rendered":"http:\/\/www.cfmta.org\/fr\/?page_id=55"},"modified":"2025-07-16T09:55:26","modified_gmt":"2025-07-16T16:55:26","slug":"prix-hugheen-ferguson-du-professeur-distingue","status":"publish","type":"page","link":"https:\/\/www.cfmta.org\/fr\/prix-hugheen-ferguson-du-professeur-distingue\/","title":{"rendered":"Prix Hugheen-Ferguson du professeur distingu\u00e9"},"content":{"rendered":"<div id=\"pl-55\"  class=\"panel-layout\" ><div id=\"pg-55-0\"  class=\"panel-grid panel-no-style\" ><div id=\"pgc-55-0-0\"  class=\"panel-grid-cell panel-grid-cell-empty\" ><\/div><div id=\"pgc-55-0-1\"  class=\"panel-grid-cell\" ><div id=\"panel-55-0-1-0\" class=\"so-panel widget widget_black-studio-tinymce widget_black_studio_tinymce panel-first-child panel-last-child\" data-index=\"0\" ><div class=\"textwidget\"><p><img loading=\"lazy\" decoding=\"async\" class=\"alignright wp-image-228 size-thumbnail\" src=\"https:\/\/www.cfmta.org\/fr\/wp-content\/uploads\/2015\/11\/Hugheen-Fergurson-135x150.jpg\" alt=\"Hugheen Fergurson\" width=\"135\" height=\"150\" \/><\/p>\n<p style=\"font-weight: 400;\">Le prix Hugheen-Ferguson du professeur distingu\u00e9 a \u00e9t\u00e9 cr\u00e9\u00e9 en m\u00e9moire de feue Hugheen Ferguson, pr\u00e9sidente de la FCAPM de 1997 \u00e0 1999. Tout au long de sa vie, elle fut une enseignante, une administratrice et une extraordinaire personne de soutien pour l'Association et les arts. Les r\u00e9cipiendaires de ce prix prestigieux sont nomm\u00e9s par leurs pairs membres de la FCAPM, en reconnaissance de leurs contributions dans le domaine de l'\u00e9ducation musicale et de leurs services \u00e0 la communaut\u00e9 artistique.<\/p>\n<p style=\"font-weight: 400;\">Les consignes suivantes pour les nominations sont recommand\u00e9es :<\/p>\n<ul>\n<li>Le ou la candidat.e a eu un impact significatif dans sa communaut\u00e9.<\/li>\n<li>Le ou la candidat.e a fourni un service exceptionnel \u00e0 la FCAPM ou \u00e0 son association provinciale de professeurs de musique certifi\u00e9s.<\/li>\n<li>Le ou la candidat.e a eu une carri\u00e8re d'enseignant.e exemplaire.<\/li>\n<\/ul>\n<p style=\"font-weight: 400;\">Les r\u00e9cipiendaires seront reconnus lors du congr\u00e8s national biennal de la FCAPM, obtiendront un billet gratuit pour le gala du congr\u00e8s, un certificat de reconnaissance, et seront reconnus dans l'\u00e9dition de la Semaine de la musique canadienne du journal \u00ab Le Professeur de musique canadien \u00bb.<\/p>\n<p style=\"font-weight: 400;\">L'association provinciale\/territoriale nominatrice est encourag\u00e9e \u00e0 contribuer au fonds permanent afin que ce prix puisse continuer \u00e0 honorer Hugheen Ferguson et les nombreux r\u00e9cipiendaires du prix. \u00c0 sa discr\u00e9tion, l'association nominatrice peut joindre un don \u00e0 ce titre \u00e0 son formulaire de candidature d\u00fbment rempli. Dans le cas o\u00f9 le r\u00e9cipiendaire ne pourrait pas assister \u00e0 la conf\u00e9rence nationale, le certificat sera envoy\u00e9 \u00e0 l'association provinciale du professeur distingu\u00e9.<\/p>\n<p><a href=\"https:\/\/www.cfmta.org\/en\/hugheen-ferguson-distinguished-teacher-award-online-application\/\" target=\"_blank\" rel=\"noopener\">Demandes en ligne<\/a> - Date limite du 1er mai 2025<\/p>\n<hr \/>\n<h4 style=\"text-align: left;\">R\u00e9cipiendaires pass\u00e9s<\/h4>\n<ul>\n<li>\n<p style=\"text-align: left;\">Pour le r\u00e9cipiendaires pass\u00e9s\u00a0- consultez notre <strong><a href=\"https:\/\/www.cfmta.org\/archive\/programs-competition\/\">site d'archives<\/a><\/strong><\/p>\n<\/li>\n<\/ul>\n<\/div><\/div><\/div><div id=\"pgc-55-0-2\"  class=\"panel-grid-cell\" ><div id=\"panel-55-0-2-0\" class=\"so-panel widget widget_sow-editor panel-first-child panel-last-child\" data-index=\"1\" ><div\n\t\t\t\n\t\t\tclass=\"so-widget-sow-editor so-widget-sow-editor-base\"\n\t\t\t\n\t\t>\n<div class=\"siteorigin-widget-tinymce textwidget\">\n\t<h4>Lens rapides<\/h4>\n<ul>\n<li><a href=\"https:\/\/www.cfmta.org\/fr\/prix-hugheen-ferguson-du-professeur-distingue-2025\/\" target=\"_blank\" rel=\"noopener\">Prix Hugheen-Ferguson du professeur distingu\u00e9 2025<\/a><\/li>\n<li><a href=\"https:\/\/www.cfmta.org\/en\/hugheen-ferguson-distinguished-teacher-award-online-application\/\" target=\"_blank\" rel=\"noopener\">Inscription en ligne<\/a><\/li>\n<li>Pour plus d'informations,<br \/>\ncontactez: <a href=\"mailto:competitions@cfmta.org\">competitions@cfmta.org<\/a><\/li>\n<\/ul>\n<\/div>\n<\/div><\/div><\/div><\/div><\/div>","protected":false},"excerpt":{"rendered":"<p>Le prix Hugheen-Ferguson du professeur distingu\u00e9 a \u00e9t\u00e9 cr\u00e9\u00e9 en m\u00e9moire de feue Hugheen Ferguson, pr\u00e9sidente de la FCAPM de 1997 \u00e0 1999. Tout au long de sa vie, elle fut une enseignante, une administratrice et une extraordinaire personne de &hellip; <a class=\"kt-excerpt-readmore\" href=\"https:\/\/www.cfmta.org\/fr\/prix-hugheen-ferguson-du-professeur-distingue\/\" aria-label=\"Prix Hugheen-Ferguson du professeur distingu\u00e9\">Read More<\/a><\/p>\n","protected":false},"author":2,"featured_media":0,"parent":0,"menu_order":0,"comment_status":"closed","ping_status":"closed","template":"page-fullwidth.php","meta":{"kt_blocks_editor_width":"","footnotes":""},"class_list":["post-55","page","type-page","status-publish","hentry"],"_links":{"self":[{"href":"https:\/\/www.cfmta.org\/fr\/wp-json\/wp\/v2\/pages\/55","targetHints":{"allow":["GET"]}}],"collection":[{"href":"https:\/\/www.cfmta.org\/fr\/wp-json\/wp\/v2\/pages"}],"about":[{"href":"https:\/\/www.cfmta.org\/fr\/wp-json\/wp\/v2\/types\/page"}],"author":[{"embeddable":true,"href":"https:\/\/www.cfmta.org\/fr\/wp-json\/wp\/v2\/users\/2"}],"replies":[{"embeddable":true,"href":"https:\/\/www.cfmta.org\/fr\/wp-json\/wp\/v2\/comments?post=55"}],"version-history":[{"count":21,"href":"https:\/\/www.cfmta.org\/fr\/wp-json\/wp\/v2\/pages\/55\/revisions"}],"predecessor-version":[{"id":3382,"href":"https:\/\/www.cfmta.org\/fr\/wp-json\/wp\/v2\/pages\/55\/revisions\/3382"}],"wp:attachment":[{"href":"https:\/\/www.cfmta.org\/fr\/wp-json\/wp\/v2\/media?parent=55"}],"curies":[{"name":"wp","href":"https:\/\/api.w.org\/{rel}","templated":true}]}}