{"id":57,"date":"2015-11-12T12:16:08","date_gmt":"2015-11-12T20:16:08","guid":{"rendered":"http:\/\/www.cfmta.org\/fr\/?page_id=57"},"modified":"2025-02-14T10:38:55","modified_gmt":"2025-02-14T18:38:55","slug":"prix-commemoratif-de-pedagogie","status":"publish","type":"page","link":"https:\/\/www.cfmta.org\/fr\/prix-commemoratif-de-pedagogie\/","title":{"rendered":"Prix comm\u00e9moratif de p\u00e9dagogie"},"content":{"rendered":"<div id=\"pl-57\"  class=\"panel-layout\" ><div id=\"pg-57-0\"  class=\"panel-grid panel-no-style\" ><div id=\"pgc-57-0-0\"  class=\"panel-grid-cell panel-grid-cell-empty\" ><\/div><div id=\"pgc-57-0-1\"  class=\"panel-grid-cell panel-grid-cell-mobile-last\" ><div id=\"panel-57-0-1-0\" class=\"so-panel widget widget_black-studio-tinymce widget_black_studio_tinymce panel-first-child panel-last-child\" data-index=\"0\" ><div class=\"textwidget\"><h4>Lens rapides<\/h4>\n<ul>\n<li><a href=\"https:\/\/www.cfmta.org\/en\/prix-commemoratif-de-pedagogie-de-la-cfmta-fcapm\/\" target=\"_blank\" rel=\"noopener\">Inscription en ligne<\/a><\/li>\n<li>Pour plus d'informations se il vous pla\u00eet contacter :\u00a0Pr\u00e9sidente du prix et concours <a href=\"mailto:competitions@cfmta.org\">competitions@cfmta.org<\/a><\/li>\n<\/ul>\n<hr \/>\n<p style=\"font-weight: 400;\"><strong>LE PRIX<\/strong><\/p>\n<p style=\"font-weight: 400;\">Le Prix comm\u00e9moratif de p\u00e9dagogie a \u00e9t\u00e9 instaur\u00e9 lors du d\u00e9c\u00e8s de Robert Pounder, premier pr\u00e9sident honoraire de la FCAPM, de 1975 \u00e0 1996. La FCAPM octroie ce prix annuel au candidat qui re\u00e7oit la plus haute note \u00e0 l\u2019examen \u00e9crit de p\u00e9dagogie de dipl\u00f4me d\u2019associ\u00e9 d\u2019une institution d\u2019enseignement de niveau national offrant des examens dans toutes les provinces et territoires. Le prix se compose d\u2019une bourse de 500\u00a0$ et d\u2019une inscription \u00e0 la prochaine s\u00e9ance p\u00e9dagogique virtuelle de \u201cConnectons le Canada\u201d.<\/p>\n<p style=\"font-weight: 400;\"><strong>QUI PEUT S\u2019INSCRIRE<\/strong><\/p>\n<ul style=\"font-weight: 400;\">\n<li>Le candidat doit \u00e9tudier la p\u00e9dagogie avec un membre individuel de la FCAPM;<\/li>\n<li>Le candidat doit \u00eatre citoyen canadien ou <a href=\"https:\/\/ircc.canada.ca\/francais\/centre-aide\/reponse.asp?qnum=515&amp;top=15\" target=\"_blank\" rel=\"noopener\"><strong>r\u00e9sident.e permanent.e<\/strong><\/a> du Canada;<\/li>\n<li>Le candidat doit avoir re\u00e7u la note minimale de 85 % \u00e0 un examen \u00e9crit de p\u00e9dagogie d\u2019un dipl\u00f4me d\u2019associ\u00e9;<\/li>\n<li>L\u2019examen doit avoir \u00e9t\u00e9 soumis par une institution d\u2019enseignement de niveau national offrant des examens dans toutes les provinces et territoires. Toutes disciplines p\u00e9dagogiques sont accept\u00e9es.<\/li>\n<li>Les dates d\u2019examen de janvier \u00e0 d\u00e9cembre de l\u2019ann\u00e9e pr\u00e9c\u00e9dente pourront \u00eatre approuv\u00e9es.<\/li>\n<li>Un candidat ne peut gagner ce prix plus d\u2019une fois.<\/li>\n<\/ul>\n<p style=\"font-weight: 400;\"><strong>COMMENT S\u2019INSCRIRE<\/strong><\/p>\n<p style=\"font-weight: 400;\">Les candidats doivent soumettre leurs candidatures en ligne avant le 1<sup>er<\/sup> mai de chaque ann\u00e9e, en ayant soin d\u2019inclure les documents suivants :<\/p>\n<ul style=\"font-weight: 400;\">\n<li>Une transcription num\u00e9rique, capture d\u2019\u00e9cran, ou t\u00e9l\u00e9copie du relev\u00e9 de note obtenu \u00e0 l\u2019examen \u00e9crit de dipl\u00f4me associ\u00e9 en p\u00e9dagogie.<\/li>\n<li>Une lettre de confirmation de la part du professeur membre de la FCAPM qui parraine le candidat.<\/li>\n<li>Les grandes lignes du parcours du candidat\u00a0: formation musicale, exp\u00e9rience d\u2019enseignement int\u00e9rimaire et plan de carri\u00e8re, au cas o\u00f9 il y aurait ex aequo.<\/li>\n<\/ul>\n<p>Date limite le 1 mai<\/p>\n<hr \/>\n<p><strong>Laur\u00e9ats ant\u00e9rieurs:<\/strong><\/p>\n<ul>\n<li>Pour les anciens gagnants - consultez notre <a href=\"https:\/\/www.cfmta.org\/archive\/programs-competition\/\"><strong>site d'archives<\/strong><\/a><\/li>\n<\/ul>\n<\/div><\/div><\/div><div id=\"pgc-57-0-2\"  class=\"panel-grid-cell panel-grid-cell-empty\" ><\/div><\/div><\/div>","protected":false},"excerpt":{"rendered":"<p>Lens rapides Inscription en ligne Pour plus d&#8217;informations se il vous pla\u00eet contacter :\u00a0Pr\u00e9sidente du prix et concours competitions@cfmta.org LE PRIX Le Prix comm\u00e9moratif de p\u00e9dagogie a \u00e9t\u00e9 instaur\u00e9 lors du d\u00e9c\u00e8s de Robert Pounder, premier pr\u00e9sident honoraire de la &hellip; <a class=\"kt-excerpt-readmore\" href=\"https:\/\/www.cfmta.org\/fr\/prix-commemoratif-de-pedagogie\/\" aria-label=\"Prix comm\u00e9moratif de p\u00e9dagogie\">Read More<\/a><\/p>\n","protected":false},"author":2,"featured_media":0,"parent":0,"menu_order":0,"comment_status":"closed","ping_status":"closed","template":"page-fullwidth.php","meta":{"kt_blocks_editor_width":"","footnotes":""},"class_list":["post-57","page","type-page","status-publish","hentry"],"_links":{"self":[{"href":"https:\/\/www.cfmta.org\/fr\/wp-json\/wp\/v2\/pages\/57","targetHints":{"allow":["GET"]}}],"collection":[{"href":"https:\/\/www.cfmta.org\/fr\/wp-json\/wp\/v2\/pages"}],"about":[{"href":"https:\/\/www.cfmta.org\/fr\/wp-json\/wp\/v2\/types\/page"}],"author":[{"embeddable":true,"href":"https:\/\/www.cfmta.org\/fr\/wp-json\/wp\/v2\/users\/2"}],"replies":[{"embeddable":true,"href":"https:\/\/www.cfmta.org\/fr\/wp-json\/wp\/v2\/comments?post=57"}],"version-history":[{"count":19,"href":"https:\/\/www.cfmta.org\/fr\/wp-json\/wp\/v2\/pages\/57\/revisions"}],"predecessor-version":[{"id":3304,"href":"https:\/\/www.cfmta.org\/fr\/wp-json\/wp\/v2\/pages\/57\/revisions\/3304"}],"wp:attachment":[{"href":"https:\/\/www.cfmta.org\/fr\/wp-json\/wp\/v2\/media?parent=57"}],"curies":[{"name":"wp","href":"https:\/\/api.w.org\/{rel}","templated":true}]}}