{"id":67,"date":"2015-11-12T12:19:22","date_gmt":"2015-11-12T20:19:22","guid":{"rendered":"http:\/\/www.cfmta.org\/fr\/?page_id=67"},"modified":"2025-12-18T10:48:15","modified_gmt":"2025-12-18T18:48:15","slug":"magazine-le-professeur-de-musique-canadien","status":"publish","type":"page","link":"https:\/\/www.cfmta.org\/fr\/magazine-le-professeur-de-musique-canadien\/","title":{"rendered":"Magazine Le professeur de musique canadien"},"content":{"rendered":"<div id=\"pl-67\"  class=\"panel-layout\" ><div id=\"pg-67-0\"  class=\"panel-grid panel-no-style\" ><div id=\"pgc-67-0-0\"  class=\"panel-grid-cell\" ><div id=\"panel-67-0-0-0\" class=\"so-panel widget widget_black-studio-tinymce widget_black_studio_tinymce panel-first-child panel-last-child\" data-index=\"0\" ><div class=\"textwidget\"><h4 style=\"text-align: left;\"><img loading=\"lazy\" decoding=\"async\" class=\"aligncenter size-medium wp-image-3447\" src=\"https:\/\/www.cfmta.org\/fr\/wp-content\/uploads\/2025\/12\/CFMTA-winter-2026-cover-232x300.jpg\" alt=\"\" width=\"232\" height=\"300\" srcset=\"https:\/\/www.cfmta.org\/fr\/wp-content\/uploads\/2025\/12\/CFMTA-winter-2026-cover-232x300.jpg 232w, https:\/\/www.cfmta.org\/fr\/wp-content\/uploads\/2025\/12\/CFMTA-winter-2026-cover-791x1024.jpg 791w, https:\/\/www.cfmta.org\/fr\/wp-content\/uploads\/2025\/12\/CFMTA-winter-2026-cover-768x994.jpg 768w, https:\/\/www.cfmta.org\/fr\/wp-content\/uploads\/2025\/12\/CFMTA-winter-2026-cover-1187x1536.jpg 1187w, https:\/\/www.cfmta.org\/fr\/wp-content\/uploads\/2025\/12\/CFMTA-winter-2026-cover-1583x2048.jpg 1583w, https:\/\/www.cfmta.org\/fr\/wp-content\/uploads\/2025\/12\/CFMTA-winter-2026-cover.jpg 1700w\" sizes=\"auto, (max-width: 232px) 100vw, 232px\" \/><\/h4>\n<h4 style=\"text-align: center;\"><span style=\"color: inherit; font-family: inherit;\">Notre num\u00e9ro courant<\/span><\/h4>\n<h4 style=\"text-align: center;\"><a href=\"https:\/\/www.cfmta.org\/docs\/magazines\/2020\/77-2.pdf\" target=\"_blank\" rel=\"noopener\">Hiver 2026<\/a><\/h4>\n<p style=\"text-align: center;\">Le Professeur de musique canadien peut maintenant \u00eatre t\u00e9l\u00e9charg\u00e9 \u00e0 partir de<\/p>\n<p style=\"text-align: center;\">Rechercher \u00ab\u00a0The Canadian Music Teacher\u00a0\u00bb.<\/p>\n<p style=\"text-align: center;\"><a href=\"https:\/\/www.cfmta.org\/fr\/wp-content\/uploads\/2015\/11\/apple-app-store-icon.png\"><img loading=\"lazy\" decoding=\"async\" class=\"wp-image-644 aligncenter\" src=\"https:\/\/www.cfmta.org\/fr\/wp-content\/uploads\/2015\/11\/apple-app-store-icon-300x104.png\" alt=\"\" width=\"200\" height=\"70\" srcset=\"https:\/\/www.cfmta.org\/fr\/wp-content\/uploads\/2015\/11\/apple-app-store-icon-300x104.png 300w, https:\/\/www.cfmta.org\/fr\/wp-content\/uploads\/2015\/11\/apple-app-store-icon.png 500w\" sizes=\"auto, (max-width: 200px) 100vw, 200px\" \/><\/a><a href=\"https:\/\/www.cfmta.org\/fr\/wp-content\/uploads\/2015\/11\/download.png\"><img loading=\"lazy\" decoding=\"async\" class=\"wp-image-643 aligncenter\" src=\"https:\/\/www.cfmta.org\/fr\/wp-content\/uploads\/2015\/11\/download-300x98.png\" alt=\"\" width=\"200\" height=\"66\" srcset=\"https:\/\/www.cfmta.org\/fr\/wp-content\/uploads\/2015\/11\/download-300x98.png 300w, https:\/\/www.cfmta.org\/fr\/wp-content\/uploads\/2015\/11\/download-768x252.png 768w, https:\/\/www.cfmta.org\/fr\/wp-content\/uploads\/2015\/11\/download-1024x336.png 1024w\" sizes=\"auto, (max-width: 200px) 100vw, 200px\" \/><\/a><\/p>\n<p style=\"text-align: center;\">\n<\/div><\/div><\/div><div id=\"pgc-67-0-1\"  class=\"panel-grid-cell\" ><div id=\"panel-67-0-1-0\" class=\"so-panel widget widget_black-studio-tinymce widget_black_studio_tinymce panel-first-child panel-last-child\" data-index=\"1\" ><div class=\"textwidget\"><h4 style=\"text-align: center;\">Veuillez encourager nos annonceurs<\/h4>\n<p style=\"text-align: center;\"><img loading=\"lazy\" decoding=\"async\" class=\"aligncenter size-full wp-image-3256\" src=\"https:\/\/www.cfmta.org\/fr\/wp-content\/uploads\/2024\/12\/CMFAA-logo-RGB-300x123-1.jpg\" alt=\"\" width=\"300\" height=\"123\" \/><\/p>\n<p><img loading=\"lazy\" decoding=\"async\" class=\"aligncenter size-medium wp-image-3415\" src=\"https:\/\/www.cfmta.org\/fr\/wp-content\/uploads\/2025\/08\/viscount_organs-300x127.jpg\" alt=\"\" width=\"300\" height=\"127\" srcset=\"https:\/\/www.cfmta.org\/fr\/wp-content\/uploads\/2025\/08\/viscount_organs-300x127.jpg 300w, https:\/\/www.cfmta.org\/fr\/wp-content\/uploads\/2025\/08\/viscount_organs-1024x435.jpg 1024w, https:\/\/www.cfmta.org\/fr\/wp-content\/uploads\/2025\/08\/viscount_organs-768x326.jpg 768w, https:\/\/www.cfmta.org\/fr\/wp-content\/uploads\/2025\/08\/viscount_organs-1536x652.jpg 1536w, https:\/\/www.cfmta.org\/fr\/wp-content\/uploads\/2025\/08\/viscount_organs-2048x870.jpg 2048w\" sizes=\"auto, (max-width: 300px) 100vw, 300px\" \/><\/p>\n<h4 style=\"text-align: center;\"><img loading=\"lazy\" decoding=\"async\" class=\"aligncenter wp-image-583 size-medium\" src=\"https:\/\/www.cfmta.org\/fr\/wp-content\/uploads\/2015\/11\/ConservatoryCanada-300x79.png\" alt=\"conservatorycanada\" width=\"300\" height=\"79\" srcset=\"https:\/\/www.cfmta.org\/fr\/wp-content\/uploads\/2015\/11\/ConservatoryCanada-300x79.png 300w, https:\/\/www.cfmta.org\/fr\/wp-content\/uploads\/2015\/11\/ConservatoryCanada-768x202.png 768w, https:\/\/www.cfmta.org\/fr\/wp-content\/uploads\/2015\/11\/ConservatoryCanada-1024x269.png 1024w, https:\/\/www.cfmta.org\/fr\/wp-content\/uploads\/2015\/11\/ConservatoryCanada.png 1181w\" sizes=\"auto, (max-width: 300px) 100vw, 300px\" \/><\/h4>\n<p style=\"text-align: center;\"><img loading=\"lazy\" decoding=\"async\" class=\"aligncenter size-medium wp-image-3448\" src=\"https:\/\/www.cfmta.org\/fr\/wp-content\/uploads\/2025\/12\/Summerschool-300x103.jpeg\" alt=\"\" width=\"300\" height=\"103\" srcset=\"https:\/\/www.cfmta.org\/fr\/wp-content\/uploads\/2025\/12\/Summerschool-300x103.jpeg 300w, https:\/\/www.cfmta.org\/fr\/wp-content\/uploads\/2025\/12\/Summerschool-768x264.jpeg 768w, https:\/\/www.cfmta.org\/fr\/wp-content\/uploads\/2025\/12\/Summerschool.jpeg 991w\" sizes=\"auto, (max-width: 300px) 100vw, 300px\" \/><\/p>\n<p style=\"text-align: center;\"><img loading=\"lazy\" decoding=\"async\" class=\"aligncenter size-medium wp-image-3454\" src=\"https:\/\/www.cfmta.org\/fr\/wp-content\/uploads\/2025\/12\/Harbridge-Wanless-Music-Logo-300x104.png\" alt=\"\" width=\"300\" height=\"104\" srcset=\"https:\/\/www.cfmta.org\/fr\/wp-content\/uploads\/2025\/12\/Harbridge-Wanless-Music-Logo-300x104.png 300w, https:\/\/www.cfmta.org\/fr\/wp-content\/uploads\/2025\/12\/Harbridge-Wanless-Music-Logo-1024x356.png 1024w, https:\/\/www.cfmta.org\/fr\/wp-content\/uploads\/2025\/12\/Harbridge-Wanless-Music-Logo-768x267.png 768w, https:\/\/www.cfmta.org\/fr\/wp-content\/uploads\/2025\/12\/Harbridge-Wanless-Music-Logo-1536x533.png 1536w, https:\/\/www.cfmta.org\/fr\/wp-content\/uploads\/2025\/12\/Harbridge-Wanless-Music-Logo-2048x711.png 2048w\" sizes=\"auto, (max-width: 300px) 100vw, 300px\" \/><\/p>\n<h4 style=\"text-align: center;\"><img loading=\"lazy\" decoding=\"async\" class=\"aligncenter wp-image-585 size-medium\" src=\"https:\/\/www.cfmta.org\/fr\/wp-content\/uploads\/2015\/11\/LM-Logo-Colour-Letter-Size-300x68.png\" alt=\"lm-logo-colour-letter-size\" width=\"300\" height=\"68\" srcset=\"https:\/\/www.cfmta.org\/fr\/wp-content\/uploads\/2015\/11\/LM-Logo-Colour-Letter-Size-300x68.png 300w, https:\/\/www.cfmta.org\/fr\/wp-content\/uploads\/2015\/11\/LM-Logo-Colour-Letter-Size-768x175.png 768w, https:\/\/www.cfmta.org\/fr\/wp-content\/uploads\/2015\/11\/LM-Logo-Colour-Letter-Size-1024x234.png 1024w\" sizes=\"auto, (max-width: 300px) 100vw, 300px\" \/><\/h4>\n<h4 style=\"text-align: center;\"><\/h4>\n<h4 style=\"text-align: center;\"><a href=\"https:\/\/www.cfmta.org\/fr\/wp-content\/uploads\/2015\/11\/Horizontal-Logo.png\"><img loading=\"lazy\" decoding=\"async\" class=\"aligncenter wp-image-584 size-medium\" src=\"https:\/\/www.cfmta.org\/fr\/wp-content\/uploads\/2015\/11\/Horizontal-Logo-300x127.png\" alt=\"horizontal-logo\" width=\"300\" height=\"127\" srcset=\"https:\/\/www.cfmta.org\/fr\/wp-content\/uploads\/2015\/11\/Horizontal-Logo-300x127.png 300w, https:\/\/www.cfmta.org\/fr\/wp-content\/uploads\/2015\/11\/Horizontal-Logo-768x325.png 768w, https:\/\/www.cfmta.org\/fr\/wp-content\/uploads\/2015\/11\/Horizontal-Logo-1024x434.png 1024w, https:\/\/www.cfmta.org\/fr\/wp-content\/uploads\/2015\/11\/Horizontal-Logo.png 1567w\" sizes=\"auto, (max-width: 300px) 100vw, 300px\" \/><\/a><\/h4>\n<h4 style=\"text-align: center;\">Music Theory Plaground<\/h4>\n<h4 style=\"text-align: center;\"><img loading=\"lazy\" decoding=\"async\" class=\"aligncenter wp-image-587 size-medium\" src=\"https:\/\/www.cfmta.org\/fr\/wp-content\/uploads\/2015\/11\/mms-logo-300x50.png\" alt=\"mms-logo\" width=\"300\" height=\"50\" srcset=\"https:\/\/www.cfmta.org\/fr\/wp-content\/uploads\/2015\/11\/mms-logo-300x50.png 300w, https:\/\/www.cfmta.org\/fr\/wp-content\/uploads\/2015\/11\/mms-logo-768x127.png 768w, https:\/\/www.cfmta.org\/fr\/wp-content\/uploads\/2015\/11\/mms-logo-1024x170.png 1024w, https:\/\/www.cfmta.org\/fr\/wp-content\/uploads\/2015\/11\/mms-logo.png 1230w\" sizes=\"auto, (max-width: 300px) 100vw, 300px\" \/><img loading=\"lazy\" decoding=\"async\" class=\"aligncenter size-full wp-image-3452\" src=\"https:\/\/www.cfmta.org\/fr\/wp-content\/uploads\/2025\/12\/cncmlogo-crop.png\" alt=\"\" width=\"200\" height=\"197\" \/><br \/>\n<img loading=\"lazy\" decoding=\"async\" class=\"aligncenter size-medium wp-image-588\" src=\"https:\/\/www.cfmta.org\/fr\/wp-content\/uploads\/2015\/11\/RCM-300x100-300x150.jpg\" alt=\"\" width=\"300\" height=\"150\" \/><img loading=\"lazy\" decoding=\"async\" class=\"aligncenter wp-image-586\" src=\"https:\/\/www.cfmta.org\/fr\/wp-content\/uploads\/2015\/11\/leaf-300x300.jpg\" alt=\"\" width=\"150\" height=\"150\" srcset=\"https:\/\/www.cfmta.org\/fr\/wp-content\/uploads\/2015\/11\/leaf-300x300.jpg 300w, https:\/\/www.cfmta.org\/fr\/wp-content\/uploads\/2015\/11\/leaf-150x150.jpg 150w, https:\/\/www.cfmta.org\/fr\/wp-content\/uploads\/2015\/11\/leaf.jpg 450w\" sizes=\"auto, (max-width: 150px) 100vw, 150px\" \/><br \/>\n<img loading=\"lazy\" decoding=\"async\" class=\"aligncenter size-medium wp-image-3453\" src=\"https:\/\/www.cfmta.org\/fr\/wp-content\/uploads\/2025\/12\/TGM-Logo-BLK-600x600-crop-300x188.png\" alt=\"\" width=\"300\" height=\"188\" srcset=\"https:\/\/www.cfmta.org\/fr\/wp-content\/uploads\/2025\/12\/TGM-Logo-BLK-600x600-crop-300x188.png 300w, https:\/\/www.cfmta.org\/fr\/wp-content\/uploads\/2025\/12\/TGM-Logo-BLK-600x600-crop-80x50.png 80w, https:\/\/www.cfmta.org\/fr\/wp-content\/uploads\/2025\/12\/TGM-Logo-BLK-600x600-crop.png 600w\" sizes=\"auto, (max-width: 300px) 100vw, 300px\" \/><\/h4>\n<h4 style=\"text-align: center;\"><img loading=\"lazy\" decoding=\"async\" class=\"aligncenter wp-image-589 size-medium\" src=\"https:\/\/www.cfmta.org\/fr\/wp-content\/uploads\/2015\/11\/Yamaha_black-300x68.png\" alt=\"\" width=\"300\" height=\"68\" srcset=\"https:\/\/www.cfmta.org\/fr\/wp-content\/uploads\/2015\/11\/Yamaha_black-300x68.png 300w, https:\/\/www.cfmta.org\/fr\/wp-content\/uploads\/2015\/11\/Yamaha_black-768x174.png 768w, https:\/\/www.cfmta.org\/fr\/wp-content\/uploads\/2015\/11\/Yamaha_black-1024x232.png 1024w, https:\/\/www.cfmta.org\/fr\/wp-content\/uploads\/2015\/11\/Yamaha_black.png 1180w\" sizes=\"auto, (max-width: 300px) 100vw, 300px\" \/><\/h4>\n<p>&nbsp;<\/p>\n<\/div><\/div><\/div><div id=\"pgc-67-0-2\"  class=\"panel-grid-cell\" ><div id=\"panel-67-0-2-0\" class=\"so-panel widget widget_sow-editor panel-first-child panel-last-child\" data-index=\"2\" ><div\n\t\t\t\n\t\t\tclass=\"so-widget-sow-editor so-widget-sow-editor-base\"\n\t\t\t\n\t\t>\n<div class=\"siteorigin-widget-tinymce textwidget\">\n\t<h4>Liens rapides<\/h4>\n<ul>\n<li>\n<p class=\"entry-title\"><a href=\"https:\/\/www.cfmta.org\/fr\/le-professeur-de-musique-canadien-consignes-pour-les-collaborateurs\/\" target=\"_blank\" rel=\"noopener\">Le professeur de musique canadien \u2013 Consignes pour les collaborateurs<\/a><\/p>\n<\/li>\n<li>\n<p class=\"entry-title\"><a href=\"https:\/\/www.cfmta.org\/en\/online-submission\/\" target=\"_blank\" rel=\"noopener\">Soumission en ligne<\/a><\/p>\n<\/li>\n<li>Le professeur de musique canadien\n<ul>\n<li><a href=\"https:\/\/www.cfmta.org\/en\/wp-content\/uploads\/2022\/12\/CMT-Information-orderform-2023.pdf\" target=\"_blank\" rel=\"noopener\">Formulaire de commande d'annonces<\/a><\/li>\n<li><a href=\"https:\/\/www.cfmta.org\/en\/canadian-music-teacher-payment-for-ads\/\" target=\"_blank\" rel=\"noopener\">Paiement des annonces<\/a><\/li>\n<li><a href=\"https:\/\/www.cfmta.org\/en\/canadian-music-teacher-magazine-subsciption\/\" target=\"_blank\" rel=\"noopener\">Abonnement au magazine Le professeur de musique canadien<\/a><\/li>\n<li><a href=\"https:\/\/www.cfmta.org\/en\/canadian-music-teacher-update-address\/\" target=\"_blank\" rel=\"noopener\">Mettre \u00e0 jour de l'adresse<\/a><\/li>\n<\/ul>\n<\/li>\n<\/ul>\n<\/div>\n<\/div><\/div><\/div><\/div><\/div>","protected":false},"excerpt":{"rendered":"<p>Notre num\u00e9ro courant Hiver 2026 Le Professeur de musique canadien peut maintenant \u00eatre t\u00e9l\u00e9charg\u00e9 \u00e0 partir de Rechercher \u00ab\u00a0The Canadian Music Teacher\u00a0\u00bb. Veuillez encourager nos annonceurs Music Theory Plaground &nbsp; Liens rapides Le professeur de musique canadien \u2013 Consignes pour &hellip; <a class=\"kt-excerpt-readmore\" href=\"https:\/\/www.cfmta.org\/fr\/magazine-le-professeur-de-musique-canadien\/\" aria-label=\"Magazine Le professeur de musique canadien\">Read More<\/a><\/p>\n","protected":false},"author":2,"featured_media":0,"parent":0,"menu_order":0,"comment_status":"closed","ping_status":"closed","template":"page-fullwidth.php","meta":{"kt_blocks_editor_width":"","footnotes":""},"class_list":["post-67","page","type-page","status-publish","hentry"],"_links":{"self":[{"href":"https:\/\/www.cfmta.org\/fr\/wp-json\/wp\/v2\/pages\/67","targetHints":{"allow":["GET"]}}],"collection":[{"href":"https:\/\/www.cfmta.org\/fr\/wp-json\/wp\/v2\/pages"}],"about":[{"href":"https:\/\/www.cfmta.org\/fr\/wp-json\/wp\/v2\/types\/page"}],"author":[{"embeddable":true,"href":"https:\/\/www.cfmta.org\/fr\/wp-json\/wp\/v2\/users\/2"}],"replies":[{"embeddable":true,"href":"https:\/\/www.cfmta.org\/fr\/wp-json\/wp\/v2\/comments?post=67"}],"version-history":[{"count":65,"href":"https:\/\/www.cfmta.org\/fr\/wp-json\/wp\/v2\/pages\/67\/revisions"}],"predecessor-version":[{"id":3456,"href":"https:\/\/www.cfmta.org\/fr\/wp-json\/wp\/v2\/pages\/67\/revisions\/3456"}],"wp:attachment":[{"href":"https:\/\/www.cfmta.org\/fr\/wp-json\/wp\/v2\/media?parent=67"}],"curies":[{"name":"wp","href":"https:\/\/api.w.org\/{rel}","templated":true}]}}