{"id":69,"date":"2015-11-12T12:20:31","date_gmt":"2015-11-12T20:20:31","guid":{"rendered":"http:\/\/www.cfmta.org\/fr\/?page_id=69"},"modified":"2025-07-16T09:57:53","modified_gmt":"2025-07-16T16:57:53","slug":"congres-national","status":"publish","type":"page","link":"https:\/\/www.cfmta.org\/fr\/congres-national\/","title":{"rendered":"Congr\u00e8s national"},"content":{"rendered":"<div id=\"pl-69\"  class=\"panel-layout\" ><div id=\"pg-69-0\"  class=\"panel-grid panel-no-style\" ><div id=\"pgc-69-0-0\"  class=\"panel-grid-cell panel-grid-cell-empty\" ><\/div><div id=\"pgc-69-0-1\"  class=\"panel-grid-cell panel-grid-cell-mobile-last\" ><div id=\"panel-69-0-1-0\" class=\"so-panel widget widget_black-studio-tinymce widget_black_studio_tinymce panel-first-child\" data-index=\"0\" ><div class=\"textwidget\"><h4 style=\"text-align: center;\">FCAPM\/CFMTA \u2013 2027 Conf\u00e8rence<\/h4>\n<h4 style=\"text-align: center;\">juillet 2027 - Wolfville, Nova Scotia<\/h4>\n<h4><\/h4>\n<p>&nbsp;<\/p>\n<\/div><\/div><div id=\"panel-69-0-1-1\" class=\"so-panel widget widget_black-studio-tinymce widget_black_studio_tinymce panel-last-child\" data-index=\"1\" ><div class=\"textwidget\"><hr \/>\n<p><strong>Conf\u00e9rence pass\u00e9e<\/strong><\/p>\n<ul>\n<li><a href=\"https:\/\/www.cfmta.org\/archive\/national-conference\/\" target=\"_blank\" rel=\"noopener\">consultez notre site d'archives<\/a><\/li>\n<li><a href=\"https:\/\/cfmta-fcapm.smugmug.com\/\" target=\"_blank\" rel=\"noopener\">Visitez notre galerie de photos<\/a><\/li>\n<\/ul>\n<\/div><\/div><\/div><div id=\"pgc-69-0-2\"  class=\"panel-grid-cell panel-grid-cell-empty\" ><\/div><\/div><\/div>","protected":false},"excerpt":{"rendered":"<p>FCAPM\/CFMTA \u2013 2027 Conf\u00e8rence juillet 2027 &#8211; Wolfville, Nova Scotia &nbsp; Conf\u00e9rence pass\u00e9e consultez notre site d&#8217;archives Visitez notre galerie de photos<\/p>\n","protected":false},"author":2,"featured_media":0,"parent":0,"menu_order":0,"comment_status":"closed","ping_status":"closed","template":"page-fullwidth.php","meta":{"kt_blocks_editor_width":"","footnotes":""},"class_list":["post-69","page","type-page","status-publish","hentry"],"_links":{"self":[{"href":"https:\/\/www.cfmta.org\/fr\/wp-json\/wp\/v2\/pages\/69","targetHints":{"allow":["GET"]}}],"collection":[{"href":"https:\/\/www.cfmta.org\/fr\/wp-json\/wp\/v2\/pages"}],"about":[{"href":"https:\/\/www.cfmta.org\/fr\/wp-json\/wp\/v2\/types\/page"}],"author":[{"embeddable":true,"href":"https:\/\/www.cfmta.org\/fr\/wp-json\/wp\/v2\/users\/2"}],"replies":[{"embeddable":true,"href":"https:\/\/www.cfmta.org\/fr\/wp-json\/wp\/v2\/comments?post=69"}],"version-history":[{"count":41,"href":"https:\/\/www.cfmta.org\/fr\/wp-json\/wp\/v2\/pages\/69\/revisions"}],"predecessor-version":[{"id":3383,"href":"https:\/\/www.cfmta.org\/fr\/wp-json\/wp\/v2\/pages\/69\/revisions\/3383"}],"wp:attachment":[{"href":"https:\/\/www.cfmta.org\/fr\/wp-json\/wp\/v2\/media?parent=69"}],"curies":[{"name":"wp","href":"https:\/\/api.w.org\/{rel}","templated":true}]}}