{"id":722,"date":"2017-04-02T10:22:42","date_gmt":"2017-04-02T17:22:42","guid":{"rendered":"http:\/\/www.cfmta.org\/fr\/?page_id=722"},"modified":"2025-08-11T10:15:00","modified_gmt":"2025-08-11T17:15:00","slug":"directives-relatives-aux-inscriptions","status":"publish","type":"page","link":"https:\/\/www.cfmta.org\/fr\/directives-relatives-aux-inscriptions\/","title":{"rendered":"Concours national d&#8217;essai &#8211; Lignes directrices"},"content":{"rendered":"<div id=\"pl-722\"  class=\"panel-layout\" ><div id=\"pg-722-0\"  class=\"panel-grid panel-no-style\" ><div id=\"pgc-722-0-0\"  class=\"panel-grid-cell panel-grid-cell-empty\" ><\/div><div id=\"pgc-722-0-1\"  class=\"panel-grid-cell panel-grid-cell-mobile-last\" ><div id=\"panel-722-0-1-0\" class=\"so-panel widget widget_black-studio-tinymce widget_black_studio_tinymce panel-first-child panel-last-child\" data-index=\"0\" ><div class=\"textwidget\"><h5>Prix pour le niveau doctoral<\/h5>\n<p>1000,00 $ et publication sur le site Web de CFMTA\/FCAPM en revue de l\u2019ann\u00e9e du professeur de musique canadien.<\/p>\n<h5>Prix pour le niveau de ma\u00eetrise<\/h5>\n<p>750,00 $ et publication sur le site Web de CFMTA\/FCAPM en revue de l\u2019ann\u00e9e du professeur de musique canadien.<\/p>\n<h5>Prix pour le niveau de premier cycle<\/h5>\n<p>500,00 $ et publication sur le site Web de CFMTA\/FCAPM en revue de l\u2019anne\u00e9 du professeur de musique canadien.<\/p>\n<h5>Prix pour le niveau \u00e9cole secondaire (9e ann\u00e9e minimum)<\/h5>\n<p>250,00 $ et publication sur le site Web de CFMTA\/FCAPM dans l\u2019ann\u00e9e en revue du professeur de musique canadien.<\/p>\n<p>Les candidatures seront jug\u00e9es par des chercheurs reconnus \u00e0 l\u2019\u00e9chelle nationale dans les domaines de la p\u00e9dagogie musicale et de la performance. Il n\u2019y a pas de frais pour entrer.<\/p>\n<p><strong>Date butoir d\u2019inscription : 1<sup>er<\/sup> mai 2026<\/strong><\/p>\n<p><strong>Consignes pour l\u2019inscription<\/strong><\/p>\n<ol>\n<li>Le concours est ouvert aux r\u00e9sidents canadiens.<\/li>\n<li>Les candidatures d\u2019\u00e9tudiants du secondaire, de premier cycle, des cycles sup\u00e9rieurs et du doctorat de toutes les disciplines qui \u00e9tudient \u00e0 temps plein dans une \u00e9cole secondaire ou une universit\u00e9 canadienne seront prises en consid\u00e9ration.<\/li>\n<li>Les inscriptions doivent inclure un essai dactylograph\u00e9 in\u00e9dit. La longueur des mots (veuillez inclure le nombre de mots sur le formulaire d'inscription) exclut les notes de bas de page et les bibliographies.<\/li>\n<li>Longueur : 5,000 \u00e0 7,000 mots pour les cat\u00e9gories ma\u00eetrise et doctorat ( Les articles de synth\u00e8se ou les th\u00e8ses ne sont pas accept\u00e9s ); 3,000 mots au minimum pour la cat\u00e9gorie baccalaur\u00e9at; au minimum 1,500 - 2,000 mots pour le niveau secondaire\/coll\u00e9gial. Le nombre de mots exclut les notes de bas de page et la bibliographie. <strong>Assurez-vous de respecter la limite requise du nombre de mots,<\/strong> \u00e0 d\u00e9faut de quoi vous seriez passible de disqualification.<br \/>\n<em><strong>Veuillez noter :<\/strong> L'\u00e9l\u00e8ve du secondaire peut faire des recherches et r\u00e9diger un texte sur un \u00e9v\u00e9nement particulier et sur le processus qui l\u2019ont men\u00e9(e) \u00e0 un niveau de performance; sur ce qu\u2019il ou elle a ressenti lors d'une \u00e9valuation ou comment celle-ci l'a aid\u00e9(e) \u00e0 progresser; sur ce qu'il ou elle aimerait voir int\u00e9gr\u00e9 \u00e0 son programme d'\u00e9tudes et pourquoi; sur une m\u00e9thode particuli\u00e8re couramment utilis\u00e9e par son enseignant, en expliquant pourquoi il la juge efficace, en quoi elle l\u2019a influenc\u00e9 ou encore pourquoi il souhaiterait devenir enseignant \u00e0 son tour. Les dissertations r\u00e9dig\u00e9es pour les examens d\u2019histoire du RCM peuvent \u00eatre adapt\u00e9es et d\u00e9velopp\u00e9es afin de r\u00e9pondre aux crit\u00e8res du concours.<\/em><\/li>\n<li style=\"font-weight: 400;\">Les noms, adresse postale, num\u00e9ro de t\u00e9l\u00e9phone, adresse courriel, \u00e2ge, niveau et sp\u00e9cialisation doivent figurer sur le formulaire d\u2019inscription. <strong>Ne pas inclure de donn\u00e9es d\u2019identification dans le corps du document, dans les r\u00e9f\u00e9rences ou sur la page titre.<\/strong><\/li>\n<li><span lang=\"FR-CA\">La mise en page doit \u00eatre en format num\u00e9rique seulement.<\/span><\/li>\n<li>Les inscriptions seront accept\u00e9es en anglais ou en Fran\u00e7ais.<\/li>\n<li>Si vous utilisez des r\u00e9f\u00e9rences provenant de sources acad\u00e9miques, la r\u00e9f\u00e9rence compl\u00e8te doit \u00eatre:inclus. Tout style de r\u00e9f\u00e9rencement acceptable sur le plan acad\u00e9mique peut \u00eatre utilis\u00e9.<\/li>\n<li>Les inscriptions doivent \u00eatre soumises par courriel sous forme de fichier pdf.<\/li>\n<li>Une participation par personne.<\/li>\n<li>Les candidatures seront jug\u00e9es dans le processus d\u2019examen \u00e0 l\u2019aveugle par des chercheurs reconnus \u00e0 l\u2019\u00e9chelle nationale dans le domaine de la p\u00e9dagogie musicale et \/ ou de l\u2019interpr\u00e9tation. Les crit\u00e8res seront ax\u00e9s sur l\u2019originalit\u00e9, l\u2019expression claire des id\u00e9es et la compr\u00e9hension du sujet.<\/li>\n<li style=\"font-weight: 400;\">Les essais soumis deviennent la propri\u00e9t\u00e9 de la FCAPM. Les essais gagnants, en plus de m\u00e9riter des bourses en argent, seront publi\u00e9s sur le site Web de la FCAPM et dans l\u2019\u00e9dition \u00ab\u00a0Revue de l\u2019ann\u00e9e\u00a0\u00bb du \u00a0magazine <em>Le professeur de musique canadien<\/em>.<\/li>\n<li style=\"font-weight: 400;\">Pour les\u00a0 niveaux secondaire\/coll\u00e9gial, veuillez indiquer le nom du professeur\/mentor qui vous a guid\u00e9 dans votre d\u00e9marche d\u2019inscription.<\/li>\n<li>Un concurrent du concours d'essai litt\u00e9raire ne peut s'inscrire dans un niveau pour lequel il a d\u00e9j\u00e0 gagn\u00e9 un prix lors d'ann\u00e9es pr\u00e9c\u00e9dentes.<\/li>\n<li>Toute forme de plagiat dans les textes entra\u00eenera une disqualification.<\/li>\n<li>Veuillez lire les consignes avec soin. Tout manquement sera passible de disqualification.<\/li>\n<li>\u00c0 des fins fiscales (feuillets T4), les gagnants de prix de 500 $ et plus devront fournir des informations suppl\u00e9mentaires \u00e0 la tr\u00e9sori\u00e8re.<\/li>\n<\/ol>\n<\/div><\/div><\/div><div id=\"pgc-722-0-2\"  class=\"panel-grid-cell panel-grid-cell-empty\" ><\/div><\/div><\/div>","protected":false},"excerpt":{"rendered":"<p>Prix pour le niveau doctoral 1000,00 $ et publication sur le site Web de CFMTA\/FCAPM en revue de l\u2019ann\u00e9e du professeur de musique canadien. Prix pour le niveau de ma\u00eetrise 750,00 $ et publication sur le site Web de CFMTA\/FCAPM &hellip; <a class=\"kt-excerpt-readmore\" href=\"https:\/\/www.cfmta.org\/fr\/directives-relatives-aux-inscriptions\/\" aria-label=\"Concours national d&#8217;essai &#8211; Lignes directrices\">Read More<\/a><\/p>\n","protected":false},"author":2,"featured_media":0,"parent":0,"menu_order":0,"comment_status":"closed","ping_status":"closed","template":"page-fullwidth.php","meta":{"kt_blocks_editor_width":"","footnotes":""},"class_list":["post-722","page","type-page","status-publish","hentry"],"_links":{"self":[{"href":"https:\/\/www.cfmta.org\/fr\/wp-json\/wp\/v2\/pages\/722","targetHints":{"allow":["GET"]}}],"collection":[{"href":"https:\/\/www.cfmta.org\/fr\/wp-json\/wp\/v2\/pages"}],"about":[{"href":"https:\/\/www.cfmta.org\/fr\/wp-json\/wp\/v2\/types\/page"}],"author":[{"embeddable":true,"href":"https:\/\/www.cfmta.org\/fr\/wp-json\/wp\/v2\/users\/2"}],"replies":[{"embeddable":true,"href":"https:\/\/www.cfmta.org\/fr\/wp-json\/wp\/v2\/comments?post=722"}],"version-history":[{"count":21,"href":"https:\/\/www.cfmta.org\/fr\/wp-json\/wp\/v2\/pages\/722\/revisions"}],"predecessor-version":[{"id":3400,"href":"https:\/\/www.cfmta.org\/fr\/wp-json\/wp\/v2\/pages\/722\/revisions\/3400"}],"wp:attachment":[{"href":"https:\/\/www.cfmta.org\/fr\/wp-json\/wp\/v2\/media?parent=722"}],"curies":[{"name":"wp","href":"https:\/\/api.w.org\/{rel}","templated":true}]}}