{"id":73,"date":"2015-11-12T12:22:35","date_gmt":"2015-11-12T20:22:35","guid":{"rendered":"http:\/\/www.cfmta.org\/fr\/?page_id=73"},"modified":"2023-02-28T10:48:48","modified_gmt":"2023-02-28T18:48:48","slug":"certificat-daccreditation-fcapm","status":"publish","type":"page","link":"https:\/\/www.cfmta.org\/fr\/certificat-daccreditation-fcapm\/","title":{"rendered":"Certificat d&#8217;accr\u00e9ditation FCAPM"},"content":{"rendered":"<div id=\"pl-73\"  class=\"panel-layout\" ><div id=\"pg-73-0\"  class=\"panel-grid panel-no-style\" ><div id=\"pgc-73-0-0\"  class=\"panel-grid-cell panel-grid-cell-empty\" ><\/div><div id=\"pgc-73-0-1\"  class=\"panel-grid-cell panel-grid-cell-mobile-last\" ><div id=\"panel-73-0-1-0\" class=\"so-panel widget widget_black-studio-tinymce widget_black_studio_tinymce panel-first-child panel-last-child\" data-index=\"0\" ><div class=\"textwidget\"><h4>Lens rapides<\/h4>\n<ul>\n<li><a href=\"https:\/\/www.cfmta.org\/en\/certificat-de-reconnaissance-de-reussite-professionnelle-de-la-cfmta-fcapm\/\" target=\"_blank\" rel=\"noopener\">candidature en ligne<\/a><\/li>\n<\/ul>\n<hr \/>\n<p>La CFMTA\/FCAPM est une organisation professionnelle qui regroupe des professeurs de musique de l'ensemble du Canada. Afin d'encourager la formation professionnelle continue aupr\u00e8s de nos membres, nous offrons un programme de \u00ab Certificat de reconnaissance de r\u00e9ussite professionnelle de la CFMTA\/FCAPM \u00bb pour les encourager \u00e0 se d\u00e9velopper en tant que musiciens, enseignants et mentors.<\/p>\n<p>La F\u00e9d\u00e9ration canadienne des associations de professeurs de musique a mis sur pied un programme visant \u00e0 r\u00e9compenser les individus qui se perfectionnent professionnellement et de fa\u00e7on concr\u00e8te tout au long de l'ann\u00e9e en leur remettant ce certificat. Le certificat est renouvelable tous les deux ans. Un montant de 20,00 $ visant \u00e0 couvrir les frais aff\u00e9rents \u00e0 l'administration, au certificat et \u00e0 l'envoi postal doit accompagner le formulaire de demande. Ces attestations de qualit\u00e9 sup\u00e9rieure peuvent \u00eatre affich\u00e9es dans les studios et leur attribution peut \u00eatre soulign\u00e9e \u00e0 des fins publicitaires. Veuillez prendre note que la participation des membres individuels \u00e0 ce programme se fait sur une base volontaire et ne fait d'aucune fa\u00e7on partie du processus d'adh\u00e9sion \u00e0 la FCAPM qui rel\u00e8ve de nos associations provinciales.<\/p>\n<p>Les candidats aux certificats de reconnaissance devront remplir une \u00ab Documentation en ligne du professionnalisme \u00bb. Les certificats seront d\u00e9livr\u00e9s par le secr\u00e9taire du CFMTA \/ FCAPM apr\u00e8s v\u00e9rification par le pr\u00e9sident des prix et comp\u00e9titions. Le certificat peut \u00eatre renouvel\u00e9 tous les deux ans.<\/p>\n<h5><\/h5>\n<h5>AVANTAGES<\/h5>\n<ul>\n<li>Engagement envers la formation continue en enseignement de la musique<\/li>\n<li>Engagement \u00e0 fournir \u00e0 nos membres des objectifs professionnels personnels en tant que professeurs de musique<\/li>\n<li>Engagement \u00e0 valider et \u00e0 r\u00e9compenser ceux qui atteignent la r\u00e9ussite professionnelle<\/li>\n<li>Am\u00e9lioration de la qualit\u00e9 de l'enseignement musical offert aux \u00e9l\u00e8ves canadiens par le biais de la formation continue<\/li>\n<li>Augmentation de la participation et renforcement du leadership lors des \u00e9v\u00e9nements musicaux nationaux, provinciaux et r\u00e9gionaux<\/li>\n<li>Promotion du professionnalisme en contribuant au progr\u00e8s de la profession, en \u00e9tablissant des partenariats, en favorisant la participation des \u00e9l\u00e8ves et l'auto\u00e9valuation<\/li>\n<li>Promotion du mentorat et \u00e9tablissement de partenariats avec des d\u00e9fenseurs de la p\u00e9dagogie<\/li>\n<\/ul>\n<p><strong>La CFMTA\/FCAPM s'est engag\u00e9e \u00e0 promouvoir le professionnalisme et le perfectionnement professionnel aupr\u00e8s de ses membres.<\/strong><\/p>\n<p>Cliquez\u00a0<a href=\"https:\/\/www.cfmta.org\/fr\/wp-content\/uploads\/2021\/10\/Requirements-for-Prof.-Achievement-Cert.-with-letterhead_FR.pdf\" target=\"_blank\" rel=\"noopener\"><strong>ICI<\/strong><\/a>\u00a0pour t\u00e9l\u00e9charger les informations dont vous aurez besoin pour remplir le formulaire en ligne.<\/p>\n<p>&nbsp;<\/p>\n<p>Pour plus d'informations, contactez<br \/>\n<a href=\"mailto:professional-development@cfmta.org\">professional-development@cfmta.org<\/a><\/p>\n<p>&nbsp;<\/p>\n<\/div><\/div><\/div><div id=\"pgc-73-0-2\"  class=\"panel-grid-cell panel-grid-cell-empty\" ><\/div><\/div><\/div>","protected":false},"excerpt":{"rendered":"<p>Lens rapides candidature en ligne La CFMTA\/FCAPM est une organisation professionnelle qui regroupe des professeurs de musique de l&#8217;ensemble du Canada. Afin d&#8217;encourager la formation professionnelle continue aupr\u00e8s de nos membres, nous offrons un programme de \u00ab Certificat de reconnaissance &hellip; <a class=\"kt-excerpt-readmore\" href=\"https:\/\/www.cfmta.org\/fr\/certificat-daccreditation-fcapm\/\" aria-label=\"Certificat d&#8217;accr\u00e9ditation FCAPM\">Read More<\/a><\/p>\n","protected":false},"author":2,"featured_media":0,"parent":0,"menu_order":0,"comment_status":"closed","ping_status":"closed","template":"page-fullwidth.php","meta":{"kt_blocks_editor_width":"","footnotes":""},"class_list":["post-73","page","type-page","status-publish","hentry"],"_links":{"self":[{"href":"https:\/\/www.cfmta.org\/fr\/wp-json\/wp\/v2\/pages\/73","targetHints":{"allow":["GET"]}}],"collection":[{"href":"https:\/\/www.cfmta.org\/fr\/wp-json\/wp\/v2\/pages"}],"about":[{"href":"https:\/\/www.cfmta.org\/fr\/wp-json\/wp\/v2\/types\/page"}],"author":[{"embeddable":true,"href":"https:\/\/www.cfmta.org\/fr\/wp-json\/wp\/v2\/users\/2"}],"replies":[{"embeddable":true,"href":"https:\/\/www.cfmta.org\/fr\/wp-json\/wp\/v2\/comments?post=73"}],"version-history":[{"count":19,"href":"https:\/\/www.cfmta.org\/fr\/wp-json\/wp\/v2\/pages\/73\/revisions"}],"predecessor-version":[{"id":2758,"href":"https:\/\/www.cfmta.org\/fr\/wp-json\/wp\/v2\/pages\/73\/revisions\/2758"}],"wp:attachment":[{"href":"https:\/\/www.cfmta.org\/fr\/wp-json\/wp\/v2\/media?parent=73"}],"curies":[{"name":"wp","href":"https:\/\/api.w.org\/{rel}","templated":true}]}}