{"id":763,"date":"2017-04-21T18:53:42","date_gmt":"2017-04-22T01:53:42","guid":{"rendered":"http:\/\/www.cfmta.org\/fr\/?page_id=763"},"modified":"2025-08-27T07:50:59","modified_gmt":"2025-08-27T14:50:59","slug":"concours-national-multidisciplinaire","status":"publish","type":"page","link":"https:\/\/www.cfmta.org\/fr\/concours-national-multidisciplinaire\/","title":{"rendered":"Concours national multidisciplinaire 2027"},"content":{"rendered":"<div id=\"pl-763\"  class=\"panel-layout\" ><div id=\"pg-763-0\"  class=\"panel-grid panel-no-style\" ><div id=\"pgc-763-0-0\"  class=\"panel-grid-cell panel-grid-cell-empty\" ><\/div><div id=\"pgc-763-0-1\"  class=\"panel-grid-cell panel-grid-cell-mobile-last\" ><div id=\"panel-763-0-1-0\" class=\"so-panel widget widget_black-studio-tinymce widget_black_studio_tinymce panel-first-child panel-last-child\" data-index=\"0\" ><div class=\"textwidget\"><h4>Liens rapides<\/h4>\n<ul>\n<li class=\"entry-title\"><a href=\"https:\/\/www.cfmta.org\/en\/national-piano-competition-piano\/\" target=\"_blank\" rel=\"noopener\">Concurrents du Concours national de piano 2025<\/a><\/li>\n<li>Si vous avez des questions, veuillez communiquer at <a href=\"mailto:competitions@cfmta.org\">competitions@cfmta.org<\/a><\/li>\n<li>Inscripton en ligne<\/li>\n<\/ul>\n<hr \/>\n<h4 style=\"font-weight: 400; text-align: center;\">Pour participer \u00e0 ce concours national, le concurrent doit avoir \u00e9t\u00e9 s\u00e9lectionn\u00e9<br \/>\npar son association provinciale\/territoriale.<\/h4>\n<hr \/>\n<h4 style=\"font-weight: 400; text-align: center;\">Concours national multidisciplinaire\u00a0CFMTA\/FCAPM 2027<br \/>\nConsignes et r\u00e8glements<\/h4>\n<h4 style=\"font-weight: 400; text-align: center;\">Date limite d'inscription : 1\u1d49\u02b3 mars\u00a02027<\/h4>\n<p>&nbsp;<\/p>\n<ol>\n<li><strong>Le concours national multidisciplinaire de la CFMTA\/FCAPM est ouvert aux personnes r\u00e9pondant aux crit\u00e8res suivants :<\/strong><\/li>\n<\/ol>\n<ul>\n<li>D\u00e9tenir la citoyennet\u00e9 canadienne ou un statut l\u00e9gal de r\u00e9sidence au Canada<\/li>\n<li>Pour les disciplines instrumentales, ne pas avoir atteint son 25\u1d49 anniversaire au 1\u1d49\u02b3 janvier 2027<\/li>\n<li>Pour les disciplines vocales, ne pas avoir atteint son 33\u1d49 anniversaire au 1\u1d49\u02b3 janvier 2027<\/li>\n<li>\u00catre inscrit aupr\u00e8s d'un membre en r\u00e8gle de la CFMTA au moment de l'inscription et du concours<\/li>\n<li>Ne jamais avoir re\u00e7u de premier prix \u00e0 un concours national de la FCAPM<\/li>\n<\/ul>\n<p><strong>2. Les filiales provinciales\/territoriales\u00a0<\/strong><\/p>\n<ul style=\"font-weight: 400;\">\n<li>Peuvent inscrire un maximum de deux concurrents, en deux disciplines distinctes<\/li>\n<li>Doivent prendre en charge les frais li\u00e9s \u00e0 la s\u00e9lection des concurrent.e.s<\/li>\n<li>Doivent assumer les frais de participation nationale selon les modalit\u00e9s suivantes\u00a0:\n<ul>\n<li>Chaque personne inscrite organise son propre d\u00e9placement et soumet une demande de remboursement aupr\u00e8s de la tr\u00e9sori\u00e8re de la FCAPM. La personne responsable de la tr\u00e9sorerie de la FCAPM totalisera les frais de d\u00e9placement de toutes les personnes inscrites, divisera le montant obtenu par le nombre d\u2019inscriptions, puis facturera \u00e0 chaque filiale un montant au prorata du nombre d'inscriptions qu'elle aura soumises.<\/li>\n<li>Les frais li\u00e9s \u00e0 l'h\u00e9bergement, aux repas et autres d\u00e9penses connexes rel\u00e8vent soit de la personne participante, soit de l'association qui assure le parrainage, selon les conditions \u00e9tablies \u00e0 l'avance.<\/li>\n<\/ul>\n<\/li>\n<\/ul>\n<p><strong>3. Exigences g\u00e9n\u00e9rales du programme musical<\/strong><\/p>\n<ul style=\"font-weight: 400;\">\n<li>Le niveau du programme doit correspondre \u00e0 celui d'un concert de fin d'\u00e9tudes ou sup\u00e9rieur.<\/li>\n<li>Il est permis d'interpr\u00e9ter des mouvements isol\u00e9s d'une \u0153uvre en plusieurs parties (comme une sonate), sans obligation de pr\u00e9senter l'\u0153uvre int\u00e9grale.<\/li>\n<li>Aucune substitution de pi\u00e8ce ne sera autoris\u00e9e apr\u00e8s r\u00e9ception de la candidature\u00a0; l'ordre du programme doit \u00eatre confirm\u00e9 au plus tard le 1\u1d49\u02b3 mai.<\/li>\n<li>La m\u00e9morisation du programme est vivement recommand\u00e9e.<\/li>\n<li>Il convient de fournir au jury des partitions originales ou des copies conformes aux droits d'auteur. Une seconde copie est requise en cas de collaboration musicale.<\/li>\n<\/ul>\n<p><strong>4. \u00a0Dur\u00e9e de la prestation<\/strong><\/p>\n<ul style=\"font-weight: 400;\">\n<li>Le temps de sc\u00e8ne est d\u00e9fini comme l'intervalle compris entre la premi\u00e8re note de la premi\u00e8re pi\u00e8ce et la derni\u00e8re note de la derni\u00e8re pi\u00e8ce.<\/li>\n<li>Un chronom\u00e9treur officiel sera pr\u00e9sent durant le concours. Si la dur\u00e9e maximale est atteinte, le chronom\u00e9trage se poursuivra et la personne sera autoris\u00e9e \u00e0 compl\u00e9ter son programme. La dur\u00e9e exacte sera valid\u00e9e par la coordination du concours avant la d\u00e9lib\u00e9ration finale, et toute disqualification sera communiqu\u00e9e au jury.<\/li>\n<li>La dur\u00e9e officielle du programme du concurrent sera inscrite sur la feuille d\u2019\u00e9valuation. Tout concurrent dont la prestation d\u00e9passe la limite de dur\u00e9e recevra une \u00e9valuation uniquement et sera disqualifi\u00e9 du concours national. Les concurrents disqualifi\u00e9s ne seront pas admissibles \u00e0 une progression ni \u00e0 un prix.<\/li>\n<\/ul>\n<p><strong>5. Informations sur la ronde de demi-finale<\/strong><\/p>\n<ul style=\"font-weight: 400;\">\n<li>Les personnes qui participent \u00e0 la ronde de demi-finale nationale doivent pr\u00e9senter un programme \u00e9quilibr\u00e9 sur le plan stylistique. Le r\u00e9pertoire doit \u00eatre choisi avec soin afin de refl\u00e9ter l'exp\u00e9rience et la maturit\u00e9 artistique de l'\u00e9tudiant.<\/li>\n<li>Le programme doit comporter entre 25 et 30 minutes de temps de sc\u00e8ne.<\/li>\n<li>Exigences relatives au programme\n<ul>\n<li>Les programmes des instrumentistes doivent inclure\u00a0:\n<ul>\n<li>Une composition canadienne<\/li>\n<li>Une \u0153uvre majeure de la p\u00e9riode baroque ou classique<\/li>\n<li>Une s\u00e9lection de pi\u00e8ces plus courtes formant un programme bien \u00e9quilibr\u00e9<\/li>\n<\/ul>\n<\/li>\n<li>Les programmes des chanteuses et chanteurs doivent inclure\u00a0:\n<ul>\n<li>Une composition canadienne<\/li>\n<li>Un air d'op\u00e9ra ou d'oratorio<\/li>\n<li>Une s\u00e9lection de pi\u00e8ces plus courtes formant un programme bien \u00e9quilibr\u00e9<\/li>\n<\/ul>\n<\/li>\n<\/ul>\n<\/li>\n<li>Trois finalistes seront s\u00e9lectionn\u00e9s \u00e0 l'issue de la ronde de demi-finale du concours pour acc\u00e9der \u00e0 la ronde finale du concours.<\/li>\n<li>Prix\n<ul>\n<li>Des prix sp\u00e9ciaux sont attribu\u00e9s \u00e0 partir de la ronde de demi-finale, et pr\u00e9sent\u00e9s apr\u00e8s la ronde de finale.<\/li>\n<li>Des d\u00e9tails seront annonc\u00e9s avant le concours.<\/li>\n<\/ul>\n<\/li>\n<\/ul>\n<p><strong>6. Informations sur l'\u00e9preuve finale\u00a0<\/strong><\/p>\n<ul style=\"font-weight: 400;\">\n<li>Les personnes qui participent \u00e0 la ronde finale doivent pr\u00e9senter un programme \u00e9quilibr\u00e9 sur le plan stylistique. Le r\u00e9pertoire doit \u00eatre choisi avec soin afin de refl\u00e9ter l'exp\u00e9rience et la maturit\u00e9 artistique de l'\u00e9tudiant.<\/li>\n<li>Le programme musical doit \u00eatre enti\u00e8rement renouvel\u00e9.<\/li>\n<li>La dur\u00e9e du programme doit \u00eatre comprise entre 30 et 45 minutes de temps de sc\u00e8ne.<\/li>\n<\/ul>\n<p><strong>7. Formulaire d'inscription en ligne - ouvre 1er d\u00e9cembre 2026<\/strong><\/p>\n<p>Le formulaire d'inscription est disponible en ligne sur le site Web<\/p>\n<p><strong>Seules les inscriptions en ligne seront accept\u00e9es.\u00a0\u00a0 <\/strong><\/p>\n<p>Vous aurez besoin des informations suivantes pour vous inscrire en ligne\u00a0:<\/p>\n<p style=\"padding-left: 30px;\">\u00a0\u00a0\u00a0\u00a0\u00a0\u00a0\u00a0 *\u00a0 frais d\u2019inscription (250,00$) les options de paiement sont sur le formulaire d'inscription<\/p>\n<p style=\"padding-left: 30px;\">\u00a0\u00a0\u00a0\u00a0\u00a0\u00a0\u00a0 *\u00a0 photo \u2013 copie num\u00e9rique (1 000 Ko)<\/p>\n<p style=\"padding-left: 30px;\">\u00a0\u00a0\u00a0\u00a0\u00a0\u00a0\u00a0 *\u00a0 CV (100 \u00e0 150 mots)<\/p>\n<p style=\"padding-left: 30px;\">\u00a0\u00a0\u00a0\u00a0\u00a0\u00a0\u00a0 *\u00a0 list du r\u00e9pertoire, par ordre de performance, pour les programmes de demi-finales et finales incluant le\u00a0titre (complet), le compositeur (pr\u00e9nom et nom) et la dur\u00e9e de chaque piece<\/p>\n<p style=\"padding-left: 60px;\">* Nom\/adresse\/coordonn\u00e9es de votre professeur et de votre repr\u00e9sentant FCAPM provincial<\/p>\n<p style=\"padding-left: 60px;\">* Au moment de\u00a0 votre inscription, vous devez soumettre une num\u00e9risation lisible et sans marques ni annotations, de chaque partition musicale originale pr\u00e9sent\u00e9e en demi-finale, avec les mesures num\u00e9rot\u00e9es en d\u00e9but de chaque ligne. (Veuillez fournir le lien vers le(s) fichier(s))<\/p>\n<\/div><\/div><\/div><div id=\"pgc-763-0-2\"  class=\"panel-grid-cell panel-grid-cell-empty\" ><\/div><\/div><\/div>","protected":false},"excerpt":{"rendered":"<p>Liens rapides Concurrents du Concours national de piano 2025 Si vous avez des questions, veuillez communiquer at competitions@cfmta.org Inscripton en ligne Pour participer \u00e0 ce concours national, le concurrent doit avoir \u00e9t\u00e9 s\u00e9lectionn\u00e9 par son association provinciale\/territoriale. Concours national multidisciplinaire\u00a0CFMTA\/FCAPM &hellip; <a class=\"kt-excerpt-readmore\" href=\"https:\/\/www.cfmta.org\/fr\/concours-national-multidisciplinaire\/\" aria-label=\"Concours national multidisciplinaire 2027\">Read More<\/a><\/p>\n","protected":false},"author":2,"featured_media":0,"parent":0,"menu_order":0,"comment_status":"closed","ping_status":"closed","template":"page-fullwidth.php","meta":{"kt_blocks_editor_width":"","footnotes":""},"class_list":["post-763","page","type-page","status-publish","hentry"],"_links":{"self":[{"href":"https:\/\/www.cfmta.org\/fr\/wp-json\/wp\/v2\/pages\/763","targetHints":{"allow":["GET"]}}],"collection":[{"href":"https:\/\/www.cfmta.org\/fr\/wp-json\/wp\/v2\/pages"}],"about":[{"href":"https:\/\/www.cfmta.org\/fr\/wp-json\/wp\/v2\/types\/page"}],"author":[{"embeddable":true,"href":"https:\/\/www.cfmta.org\/fr\/wp-json\/wp\/v2\/users\/2"}],"replies":[{"embeddable":true,"href":"https:\/\/www.cfmta.org\/fr\/wp-json\/wp\/v2\/comments?post=763"}],"version-history":[{"count":31,"href":"https:\/\/www.cfmta.org\/fr\/wp-json\/wp\/v2\/pages\/763\/revisions"}],"predecessor-version":[{"id":3413,"href":"https:\/\/www.cfmta.org\/fr\/wp-json\/wp\/v2\/pages\/763\/revisions\/3413"}],"wp:attachment":[{"href":"https:\/\/www.cfmta.org\/fr\/wp-json\/wp\/v2\/media?parent=763"}],"curies":[{"name":"wp","href":"https:\/\/api.w.org\/{rel}","templated":true}]}}