{"id":8,"date":"2015-11-09T13:54:21","date_gmt":"2015-11-09T21:54:21","guid":{"rendered":"http:\/\/www.cfmta.org\/fr\/?page_id=8"},"modified":"2026-04-02T18:01:52","modified_gmt":"2026-04-03T01:01:52","slug":"accueil","status":"publish","type":"page","link":"https:\/\/www.cfmta.org\/fr\/","title":{"rendered":"Accueil"},"content":{"rendered":"<div class=\"wp-block-image\">\n<figure class=\"aligncenter size-large\"><img loading=\"lazy\" decoding=\"async\" width=\"1024\" height=\"307\" src=\"https:\/\/www.cfmta.org\/fr\/wp-content\/uploads\/2026\/04\/Banner-3-1024x307.jpg\" alt=\"\" class=\"wp-image-3491\" srcset=\"https:\/\/www.cfmta.org\/fr\/wp-content\/uploads\/2026\/04\/Banner-3-1024x307.jpg 1024w, https:\/\/www.cfmta.org\/fr\/wp-content\/uploads\/2026\/04\/Banner-3-300x90.jpg 300w, https:\/\/www.cfmta.org\/fr\/wp-content\/uploads\/2026\/04\/Banner-3-768x230.jpg 768w, https:\/\/www.cfmta.org\/fr\/wp-content\/uploads\/2026\/04\/Banner-3-1536x461.jpg 1536w, https:\/\/www.cfmta.org\/fr\/wp-content\/uploads\/2026\/04\/Banner-3-2048x614.jpg 2048w\" sizes=\"auto, (max-width: 1024px) 100vw, 1024px\" \/><figcaption class=\"wp-element-caption\"><a href=\"https:\/\/www.cfmta.org\/fr\/connectons-le-canada\/\">https:\/\/www.cfmta.org\/fr\/connectons-le-canada\/<\/a><\/figcaption><\/figure>\n<\/div>\n\n<style>.kb-row-layout-id8_f308c8-51 > .kt-row-column-wrap{align-content:start;}:where(.kb-row-layout-id8_f308c8-51 > .kt-row-column-wrap) > .wp-block-kadence-column{justify-content:start;}.kb-row-layout-id8_f308c8-51 > .kt-row-column-wrap{column-gap:var(--global-kb-gap-md, 2rem);row-gap:var(--global-kb-gap-md, 2rem);padding-top:var(--global-kb-spacing-sm, 1.5rem);padding-bottom:var(--global-kb-spacing-sm, 1.5rem);}.kb-row-layout-id8_f308c8-51 > .kt-row-column-wrap > div:not(.added-for-specificity){grid-column:initial;}.kb-row-layout-id8_f308c8-51 > .kt-row-column-wrap{grid-template-columns:minmax(0, 1fr) minmax(0, 6fr) minmax(0, 1fr);}.kb-row-layout-id8_f308c8-51 > .kt-row-layout-overlay{opacity:0.30;}@media all and (max-width: 1024px){.kb-row-layout-id8_f308c8-51 > .kt-row-column-wrap > div:not(.added-for-specificity){grid-column:initial;}}@media all and (max-width: 1024px){.kb-row-layout-id8_f308c8-51 > .kt-row-column-wrap{grid-template-columns:minmax(0, 1fr) minmax(0, 6fr) minmax(0, 1fr);}}@media all and (max-width: 767px){.kb-row-layout-id8_f308c8-51 > .kt-row-column-wrap > div:not(.added-for-specificity){grid-column:initial;}.kb-row-layout-id8_f308c8-51 > .kt-row-column-wrap{grid-template-columns:minmax(0, 1fr);}}<\/style><div class=\"kb-row-layout-wrap kb-row-layout-id8_f308c8-51 alignnone wp-block-kadence-rowlayout\"><div class=\"kt-row-column-wrap kt-has-3-columns kt-row-layout-center-exwide kt-tab-layout-inherit kt-mobile-layout-row kt-row-valign-top\">\n<style>.kadence-column8_f71557-20 > .kt-inside-inner-col,.kadence-column8_f71557-20 > .kt-inside-inner-col:before{border-top-left-radius:0px;border-top-right-radius:0px;border-bottom-right-radius:0px;border-bottom-left-radius:0px;}.kadence-column8_f71557-20 > .kt-inside-inner-col{column-gap:var(--global-kb-gap-sm, 1rem);}.kadence-column8_f71557-20 > .kt-inside-inner-col{flex-direction:column;}.kadence-column8_f71557-20 > .kt-inside-inner-col > .aligncenter{width:100%;}.kadence-column8_f71557-20 > .kt-inside-inner-col:before{opacity:0.3;}.kadence-column8_f71557-20{position:relative;}@media all and (max-width: 1024px){.kadence-column8_f71557-20 > .kt-inside-inner-col{flex-direction:column;justify-content:center;}}@media all and (max-width: 767px){.kadence-column8_f71557-20 > .kt-inside-inner-col{flex-direction:column;justify-content:center;}}<\/style>\n<div class=\"wp-block-kadence-column kadence-column8_f71557-20 inner-column-1\"><div class=\"kt-inside-inner-col\"><\/div><\/div>\n\n\n<style>.kadence-column8_57b410-c3 > .kt-inside-inner-col,.kadence-column8_57b410-c3 > .kt-inside-inner-col:before{border-top-left-radius:0px;border-top-right-radius:0px;border-bottom-right-radius:0px;border-bottom-left-radius:0px;}.kadence-column8_57b410-c3 > .kt-inside-inner-col{column-gap:var(--global-kb-gap-sm, 1rem);}.kadence-column8_57b410-c3 > .kt-inside-inner-col{flex-direction:column;}.kadence-column8_57b410-c3 > .kt-inside-inner-col > .aligncenter{width:100%;}.kadence-column8_57b410-c3 > .kt-inside-inner-col:before{opacity:0.3;}.kadence-column8_57b410-c3{text-align:center;}.kadence-column8_57b410-c3{position:relative;}@media all and (max-width: 1024px){.kadence-column8_57b410-c3 > .kt-inside-inner-col{flex-direction:column;justify-content:center;}}@media all and (max-width: 767px){.kadence-column8_57b410-c3 > .kt-inside-inner-col{flex-direction:column;justify-content:center;}}<\/style>\n<div class=\"wp-block-kadence-column kadence-column8_57b410-c3 inner-column-2\"><div class=\"kt-inside-inner-col\">\n<p>La FCAPM se fait le porte-\u00e9tendard du plus haut niveau de qualit\u00e9 d&#8217;\u00e9ducation musicale chez tous les Canadiens. <\/p>\n\n\n\n<p>En travaillant avec les associations provinciales et territoriales de professeurs de musique certifi\u00e9s, la FCAPM soutient les musiciens canadiens et leur contribution \u00e0 notre culture canadienne unique. Tout en offrant des opportunit\u00e9s \u00e0 nos membres d&#8217;optimiser leur exp\u00e9rience musicale aupr\u00e8s de leurs communaut\u00e9s, la FCAPM est fi\u00e8re de repr\u00e9senter nos membres aupr\u00e8s des organisations d&#8217;\u00e9ducation musicale au niveau tant national qu&#8217;international.<\/p>\n<\/div><\/div>\n\n\n<style>.kadence-column8_1c6519-32 > .kt-inside-inner-col,.kadence-column8_1c6519-32 > .kt-inside-inner-col:before{border-top-left-radius:0px;border-top-right-radius:0px;border-bottom-right-radius:0px;border-bottom-left-radius:0px;}.kadence-column8_1c6519-32 > .kt-inside-inner-col{column-gap:var(--global-kb-gap-sm, 1rem);}.kadence-column8_1c6519-32 > .kt-inside-inner-col{flex-direction:column;}.kadence-column8_1c6519-32 > .kt-inside-inner-col > .aligncenter{width:100%;}.kadence-column8_1c6519-32 > .kt-inside-inner-col:before{opacity:0.3;}.kadence-column8_1c6519-32{position:relative;}@media all and (max-width: 1024px){.kadence-column8_1c6519-32 > .kt-inside-inner-col{flex-direction:column;justify-content:center;}}@media all and (max-width: 767px){.kadence-column8_1c6519-32 > .kt-inside-inner-col{flex-direction:column;justify-content:center;}}<\/style>\n<div class=\"wp-block-kadence-column kadence-column8_1c6519-32 inner-column-3\"><div class=\"kt-inside-inner-col\"><\/div><\/div>\n\n<\/div><\/div>","protected":false},"excerpt":{"rendered":"<p>La FCAPM se fait le porte-\u00e9tendard du plus haut niveau de qualit\u00e9 d&#8217;\u00e9ducation musicale chez tous les Canadiens. En travaillant avec les associations provinciales et territoriales de professeurs de musique certifi\u00e9s, la FCAPM soutient les musiciens canadiens et leur contribution &hellip; <a class=\"kt-excerpt-readmore\" href=\"https:\/\/www.cfmta.org\/fr\/\" aria-label=\"Accueil\">Read More<\/a><\/p>\n","protected":false},"author":2,"featured_media":0,"parent":0,"menu_order":0,"comment_status":"closed","ping_status":"closed","template":"page-landing.php","meta":{"kt_blocks_editor_width":"","footnotes":""},"class_list":["post-8","page","type-page","status-publish","hentry"],"_links":{"self":[{"href":"https:\/\/www.cfmta.org\/fr\/wp-json\/wp\/v2\/pages\/8","targetHints":{"allow":["GET"]}}],"collection":[{"href":"https:\/\/www.cfmta.org\/fr\/wp-json\/wp\/v2\/pages"}],"about":[{"href":"https:\/\/www.cfmta.org\/fr\/wp-json\/wp\/v2\/types\/page"}],"author":[{"embeddable":true,"href":"https:\/\/www.cfmta.org\/fr\/wp-json\/wp\/v2\/users\/2"}],"replies":[{"embeddable":true,"href":"https:\/\/www.cfmta.org\/fr\/wp-json\/wp\/v2\/comments?post=8"}],"version-history":[{"count":67,"href":"https:\/\/www.cfmta.org\/fr\/wp-json\/wp\/v2\/pages\/8\/revisions"}],"predecessor-version":[{"id":3500,"href":"https:\/\/www.cfmta.org\/fr\/wp-json\/wp\/v2\/pages\/8\/revisions\/3500"}],"wp:attachment":[{"href":"https:\/\/www.cfmta.org\/fr\/wp-json\/wp\/v2\/media?parent=8"}],"curies":[{"name":"wp","href":"https:\/\/api.w.org\/{rel}","templated":true}]}}