{"id":862,"date":"2017-08-29T08:05:39","date_gmt":"2017-08-29T15:05:39","guid":{"rendered":"http:\/\/www.cfmta.org\/fr\/?page_id=862"},"modified":"2026-01-01T18:42:11","modified_gmt":"2026-01-02T02:42:11","slug":"regles-du-concours-de-composition-pour-jeunes","status":"publish","type":"page","link":"https:\/\/www.cfmta.org\/fr\/regles-du-concours-de-composition-pour-jeunes\/","title":{"rendered":"R\u00e8gles du concours pour jeunes compositeurs"},"content":{"rendered":"<div id=\"pl-862\"  class=\"panel-layout\" ><div id=\"pg-862-0\"  class=\"panel-grid panel-no-style\" ><div id=\"pgc-862-0-0\"  class=\"panel-grid-cell panel-grid-cell-empty\" ><\/div><div id=\"pgc-862-0-1\"  class=\"panel-grid-cell\" ><div id=\"panel-862-0-1-0\" class=\"so-panel widget widget_black-studio-tinymce widget_black_studio_tinymce panel-first-child panel-last-child\" data-index=\"0\" ><div class=\"textwidget\"><h4>Date limite le 1er juin 2026<\/h4>\n<h5>R\u00c8GLES DU CONCOURS POUR JEUNES COMPOSITION<\/h5>\n<ol>\n<li>Seuls les manuscrits provinciaux gagnants peuvent \u00eatre transmis aux coordonnateurs de la Semaine de la musique canadienne\u00a0afin d'\u00eatre jug\u00e9s dans le cadre du concours pancanadien, et ce avant le 1<sup>er<\/sup> juin 2026. Les versions enregistr\u00e9es des \u0153uvres sont optionnelles.<\/li>\n<li>Admissibilit\u00e9 - Le ou la concurrent.e doit :\n<ul>\n<li>citoyen.ne canadien.ne ou <a href=\"https:\/\/ircc.canada.ca\/francais\/centre-aide\/reponse.asp?qnum=515&amp;top=15\" target=\"_blank\" rel=\"noopener\"><strong>r\u00e9sident.e permanent.e<\/strong><\/a> du Canada<\/li>\n<li>suivre des \u00e9tudes musicales avec un.e professeur.e membre de la FCAPM<\/li>\n<\/ul>\n<\/li>\n<li>Le ou la concurrent.e doit \u00eatre admissible dans le groupe d'\u00e2ge choisi en date du 1<sup>er<\/sup> juin 2026.<\/li>\n<li>Un ou une concurrent.e peut soumettre plus d'une composition, et ce, dans plus d'une cat\u00e9gorie, mais doit se limiter \u00e0 un seul groupe d'\u00e2ge. La composition doit \u00eatre in\u00e9dite et ne jamais avoir \u00e9t\u00e9 soumise au Concours de composition pour \u00e9l\u00e8ves de la FCAPM.<\/li>\n<li>Chaque composition doit \u00eatre l'\u0153uvre originale de l'individu dont le nom appara\u00eet sur le formulaire d'inscription joint au manuscrit. Enfreindre cette r\u00e8gle pourrait entra\u00eener la disqualification du participant.<\/li>\n<li>L'ensemble des droits qui se rattachent \u00e0 l'\u0153uvre originale demeurent la propri\u00e9t\u00e9 du concurrent, mais les compositions gagnantes pourront \u00eatre publi\u00e9es, enregistr\u00e9es ou t\u00e9l\u00e9chargeables pour utilisation publique sur le site de la FCAPM, ou encore \u00eatre utilis\u00e9es afin de promouvoir la FCAPM apr\u00e8s avoir au pr\u00e9alable consult\u00e9 et obtenu l'accord du concurrent.<\/li>\n<li>Les manuscrits doivent \u00eatre transmis par t\u00e9l\u00e9versement en format PDF. Il est pr\u00e9f\u00e9rable de transmettre des manuscrits imprim\u00e9s \u00e0 partir d'un ordinateur. Si vous soumettez une photo d'un manuscrit \u00e9crit \u00e0 la main, celui-ci doit \u00eatre propre et lisible, r\u00e9dig\u00e9 \u00e0 l'encre noire, dans la taille d'\u00e9criture exig\u00e9e, et vous devez inclure les d\u00e9tails concernant les nuances, l'\u00e9dition et le tempo, et num\u00e9roter la partition toutes les dix mesures.<\/li>\n<li><strong>Noms des concurrent.es<\/strong>\u00a0- Veuillez vous assurer que le nom du concurrent n\u2019apparaisse nulle part dans son inscription, soit dans le titre, en ent\u00eate ou en bas de page, dans l\u2019avis de droit d\u2019auteur (copyright notice), dans les appellations de fichiers (documents ou audio), ou \u00e0 tout autre endroit.<\/li>\n<li>\n<p style=\"font-weight: 400;\"><strong>Soumission du coordinateur<\/strong> - Les coordinateurs\/trices effectuent les \u00e9tapes suivantes au nom des laur\u00e9ats et paient les frais d'inscription.<\/p>\n<p style=\"font-weight: 400;\"><strong>- Fichier de notation<\/strong> - Pour les partitions comportant plusieurs pages, veuillez soumettre un seul fichier PDF pour chaque composition, en regroupant plusieurs pages en un seul document, plut\u00f4t que de soumettre chaque page s\u00e9par\u00e9ment.<\/p>\n<p style=\"font-weight: 400;\"><strong>- Fichier audio<\/strong> - Le fichier audio est facultatif, non obligatoire. Les soumissions vid\u00e9o sont accept\u00e9es en tant qu'enregistrements, mais l'interpr\u00e8te ne doit pas \u00eatre visible.<\/p>\n<\/li>\n<li><strong>Soumission des fichiers<\/strong> - Pour les partitions comportant de multiples pages, veuillez combiner toutes les pages afin de soumettre par t\u00e9l\u00e9versement un seul PDF plut\u00f4t que chaque page individuelle.\n<ul>\n<li><strong>Fichier audio<\/strong> - La soumission d\u2019un fichier audio est facultative (non requise).<\/li>\n<li><strong>Photo d'\u00e9tudiant<\/strong> - Inclure un fichier photo d'\u00e9tudiant est\u00a0facultatif, pas obligatoire.<\/li>\n<li><strong>Information<\/strong> - Il n\u2019est pas n\u00e9cessaire de fournir le niveau de difficult\u00e9 de la pi\u00e8ce ou une lettre d\u2019introduction.<\/li>\n<li><strong>Les biographies<\/strong> des candidats ne doivent pas exc\u00e9der 100 mots.<\/li>\n<\/ul>\n<\/li>\n<li>La d\u00e9cision du juge est finale et il n'y aura aucune correspondance une fois le jugement final rendu.<\/li>\n<li>Pour \u00eatre jug\u00e9e dans le cadre du concours pancanadien, chaque composition doit \u00eatre accompagn\u00e9e du paiement des frais d'inscription.<\/li>\n<\/ol>\n<ul>\n<li>NIVEAU PR\u00c9PARATOIRE \u2013 25 $<\/li>\n<li>CAT\u00c9GORIE A \u2013 25 $<\/li>\n<li>CAT\u00c9GORIE B \u2013 35 $<\/li>\n<li>CAT\u00c9GORIE C ET D \u2013 45 $<\/li>\n<\/ul>\n<p>\u00c0 toute personne recevant un prix d'une valeur de 500 $ et plus, un T4A sera \u00e9mis conform\u00e9ment aux r\u00e8gles de l'ARC. Pour des raisons de s\u00e9curit\u00e9, le tr\u00e9sorier communiquera avec les personnes pour obtenir les informations requises avant d'\u00e9mettre le ch\u00e8que.<\/p>\n<p style=\"font-weight: 400;\">Si le juge consid\u00e8re que le niveau des \u0153uvres ne correspond pas aux normes requises, les prix ne seront pas octroy\u00e9s.<\/p>\n<p><strong>CAT\u00c9GORIES D'INSCRIPTION<\/strong><\/p>\n<p><strong>8 ANS ET MOINS \u2013 PR\u00c9PARATOIRE (PRIX DE 75 $ DANS CHAQUE SOUS-CAT\u00c9GORIE)<\/strong><\/p>\n<p style=\"font-weight: 400;\">Sous-cat\u00e9gorie 1 \u2014\u00a0 Composer une \u0153uvre in\u00e9dite pour instrument solo ou plusieurs instruments<br \/>\nSous-cat\u00e9gorie 2 \u2014\u00a0 Composer une \u0153uvre in\u00e9dite pour voix, avec ou sans accompagnement<\/p>\n<p><strong>11 ANS ET MOINS \u2013 CAT\u00c9GORIE A (PRIX DE 150 $ DANS CHAQUE SOUS-CAT\u00c9GORIE)<\/strong><\/p>\n<p style=\"font-weight: 400;\">Sous-cat\u00e9gorie 1 \u2014\u00a0 Composer une \u0153uvre in\u00e9dite pour instrument solo ou plusieurs instruments<br \/>\nSous-cat\u00e9gorie 2 \u2014\u00a0 Composer une \u0153uvre in\u00e9dite pour voix, avec ou sans accompagnement<\/p>\n<p><strong>15 ANS ET MOINS \u2013 CAT\u00c9GORIE B (PRIX DE 225 $ DANS CHAQUE SOUS-CAT\u00c9GORIE)<\/strong><\/p>\n<p style=\"font-weight: 400;\">Sous-cat\u00e9gorie 1 \u2014\u00a0 Composer une \u0153uvre in\u00e9dite pour instrument solo ou plusieurs instruments<br \/>\nSous-cat\u00e9gorie 2 \u2014\u00a0 Composer une \u0153uvre in\u00e9dite pour voix, avec ou sans accompagnement<\/p>\n<p><strong>19 ANS ET MOINS \u2013 CAT\u00c9GORIE C (PRIX DE 350 $ DANS CHAQUE SOUS-CAT\u00c9GORIE)<\/strong><\/p>\n<p style=\"font-weight: 400;\">Sous-cat\u00e9gorie 1 \u2014\u00a0 Composer une \u0153uvre in\u00e9dite pour un instrument solo ou plusieurs instruments, ou pour une ou plusieurs voix avec instruments d'accompagnement si un accompagnement est n\u00e9cessaire \u00e0 la prestation.<\/p>\n<p><strong>OUVERTE \u2013 CAT\u00c9GORIE D (PRIX DE 400 $ DANS CHAQUE SOUS-CAT\u00c9GORIE)<\/strong><\/p>\n<p style=\"font-weight: 400;\">Classe 1 \u2014 \u00a0\u00a0\u00c9crire une composition originale pour n'importe quel instrument ou toute combinaison d'instruments, ou pour voix ou toute combinaison de voix et d'instruments avec accompagnement lorsque n\u00e9cessaire pour l'ex\u00e9cution.<\/p>\n<p style=\"font-weight: 400;\"><strong>PRIX HELEN DAHLSTROM<\/strong> \u2013 Chaque ann\u00e9e, un prix d'une valeur de 250\u00a0$ est remis pour la meilleure composition nationale s\u00e9lectionn\u00e9e par le juge parmi les compositions gagnantes de premiers prix. Helen Dahlstrom est la fondatrice de la Semaine de la musique canadienne.<\/p>\n<p>Veuillez communiquer avec la coordonnatrice de la Semaine de la musique canadienne ou la coordonnatrice du Concours de composition pour \u00e9l\u00e8ves de votre province pour obtenir plus d'informations ou conna\u00eetre les dates limites d'inscription.<\/p>\n<\/div><\/div><\/div><div id=\"pgc-862-0-2\"  class=\"panel-grid-cell\" ><div id=\"panel-862-0-2-0\" class=\"so-panel widget widget_black-studio-tinymce widget_black_studio_tinymce panel-first-child panel-last-child\" data-index=\"1\" ><div class=\"textwidget\"><p><img loading=\"lazy\" decoding=\"async\" class=\"aligncenter size-medium wp-image-3460\" src=\"https:\/\/www.cfmta.org\/fr\/wp-content\/uploads\/2026\/01\/Student-Composer_2026-fr-232x300.jpg\" alt=\"\" width=\"232\" height=\"300\" srcset=\"https:\/\/www.cfmta.org\/fr\/wp-content\/uploads\/2026\/01\/Student-Composer_2026-fr-232x300.jpg 232w, https:\/\/www.cfmta.org\/fr\/wp-content\/uploads\/2026\/01\/Student-Composer_2026-fr-791x1024.jpg 791w, https:\/\/www.cfmta.org\/fr\/wp-content\/uploads\/2026\/01\/Student-Composer_2026-fr-768x994.jpg 768w, https:\/\/www.cfmta.org\/fr\/wp-content\/uploads\/2026\/01\/Student-Composer_2026-fr-1187x1536.jpg 1187w, https:\/\/www.cfmta.org\/fr\/wp-content\/uploads\/2026\/01\/Student-Composer_2026-fr-1583x2048.jpg 1583w, https:\/\/www.cfmta.org\/fr\/wp-content\/uploads\/2026\/01\/Student-Composer_2026-fr-520x672.jpg 520w, https:\/\/www.cfmta.org\/fr\/wp-content\/uploads\/2026\/01\/Student-Composer_2026-fr-260x336.jpg 260w, https:\/\/www.cfmta.org\/fr\/wp-content\/uploads\/2026\/01\/Student-Composer_2026-fr.jpg 1700w\" sizes=\"auto, (max-width: 232px) 100vw, 232px\" \/><\/p>\n<\/div><\/div><\/div><\/div><div id=\"pg-862-1\"  class=\"panel-grid panel-no-style\" ><div id=\"pgc-862-1-0\"  class=\"panel-grid-cell panel-grid-cell-empty\" ><\/div><div id=\"pgc-862-1-1\"  class=\"panel-grid-cell panel-grid-cell-mobile-last\" ><div id=\"panel-862-1-1-0\" class=\"so-panel widget widget_black-studio-tinymce widget_black_studio_tinymce panel-first-child panel-last-child\" data-index=\"2\" ><div class=\"textwidget\"><h4>Anciens laur\u00e9ats<\/h4>\n<ul>\n<li>Pour les anciens gagnants - consultez notre <a href=\"https:\/\/www.cfmta.org\/archive\/student-composer-competition\/\"><strong>site d'archives<\/strong><\/a><\/li>\n<\/ul>\n<\/div><\/div><\/div><div id=\"pgc-862-1-2\"  class=\"panel-grid-cell panel-grid-cell-empty\" ><\/div><\/div><\/div>","protected":false},"excerpt":{"rendered":"<p>Date limite le 1er juin 2026 R\u00c8GLES DU CONCOURS POUR JEUNES COMPOSITION Seuls les manuscrits provinciaux gagnants peuvent \u00eatre transmis aux coordonnateurs de la Semaine de la musique canadienne\u00a0afin d&#8217;\u00eatre jug\u00e9s dans le cadre du concours pancanadien, et ce avant &hellip; <a class=\"kt-excerpt-readmore\" href=\"https:\/\/www.cfmta.org\/fr\/regles-du-concours-de-composition-pour-jeunes\/\" aria-label=\"R\u00e8gles du concours pour jeunes compositeurs\">Read More<\/a><\/p>\n","protected":false},"author":2,"featured_media":0,"parent":0,"menu_order":0,"comment_status":"closed","ping_status":"closed","template":"page-fullwidth.php","meta":{"kt_blocks_editor_width":"","footnotes":""},"class_list":["post-862","page","type-page","status-publish","hentry"],"_links":{"self":[{"href":"https:\/\/www.cfmta.org\/fr\/wp-json\/wp\/v2\/pages\/862","targetHints":{"allow":["GET"]}}],"collection":[{"href":"https:\/\/www.cfmta.org\/fr\/wp-json\/wp\/v2\/pages"}],"about":[{"href":"https:\/\/www.cfmta.org\/fr\/wp-json\/wp\/v2\/types\/page"}],"author":[{"embeddable":true,"href":"https:\/\/www.cfmta.org\/fr\/wp-json\/wp\/v2\/users\/2"}],"replies":[{"embeddable":true,"href":"https:\/\/www.cfmta.org\/fr\/wp-json\/wp\/v2\/comments?post=862"}],"version-history":[{"count":21,"href":"https:\/\/www.cfmta.org\/fr\/wp-json\/wp\/v2\/pages\/862\/revisions"}],"predecessor-version":[{"id":3461,"href":"https:\/\/www.cfmta.org\/fr\/wp-json\/wp\/v2\/pages\/862\/revisions\/3461"}],"wp:attachment":[{"href":"https:\/\/www.cfmta.org\/fr\/wp-json\/wp\/v2\/media?parent=862"}],"curies":[{"name":"wp","href":"https:\/\/api.w.org\/{rel}","templated":true}]}}