{"id":876,"date":"2017-08-29T08:17:30","date_gmt":"2017-08-29T15:17:30","guid":{"rendered":"http:\/\/www.cfmta.org\/fr\/?page_id=876"},"modified":"2025-08-15T21:55:00","modified_gmt":"2025-08-16T04:55:00","slug":"concours-de-composition-pour-eleves-gagnants","status":"publish","type":"page","link":"https:\/\/www.cfmta.org\/fr\/concours-de-composition-pour-eleves-gagnants\/","title":{"rendered":"Concours pour jeunes composition  &#8211;  Gagnants"},"content":{"rendered":"<div id=\"pl-876\"  class=\"panel-layout\" ><div id=\"pg-876-0\"  class=\"panel-grid panel-no-style\" ><div id=\"pgc-876-0-0\"  class=\"panel-grid-cell panel-grid-cell-empty\" ><\/div><div id=\"pgc-876-0-1\"  class=\"panel-grid-cell panel-grid-cell-mobile-last\" ><div id=\"panel-876-0-1-0\" class=\"so-panel widget widget_black-studio-tinymce widget_black_studio_tinymce panel-first-child panel-last-child\" data-index=\"0\" ><div class=\"textwidget\"><p>Le Concours pour jeunes composition \u00a0de la FCAPM\/CFMTA est un concours national r\u00e9serv\u00e9 aux laur\u00e9ats des concours de composition provinciaux. Les \u0153uvres sont soumises \u00e0 un jury pancanadien par les coordonnateurs provinciaux de la Semaine de la musique canadienne \u00a0avant le 1<sup>er<\/sup> juin de chaque an. Des bourses d'\u00e9tudes sont remises aux laur\u00e9ats de chacune des cat\u00e9gories et le prix Helen Dahlstrom est remis annuellement pour la meilleure composition nationale s\u00e9lectionn\u00e9e par le juge. Helen Dahlstrom est la fondatrice de la Semaine de la musique canadienne.<\/p>\n<h4>La FCAPM f\u00e9licite les laur\u00e9ats suivants du Concours <span lang=\"FR-CA\">pour jeunes <\/span><span lang=\"FR-CA\">composition <\/span><span style=\"font-family: inherit;\">2025:<\/span><\/h4>\n<table border=\"0\" width=\"765\" cellspacing=\"0\" cellpadding=\"0\">\n<tbody>\n<tr>\n<td class=\"xl75\" colspan=\"5\" width=\"678\" height=\"21\"><strong>Niveau pr\u00e9paratoire \u2013 8 ans et moins, cat\u00e9gorie de composition 1 pour instrument solo<\/strong><\/td>\n<\/tr>\n<tr>\n<td class=\"xl68\" height=\"21\">Premi\u00e8re place<\/td>\n<td class=\"xl68\">Kayley Lu<\/td>\n<td class=\"xl70\">ON<\/td>\n<td class=\"xl69\">A Sunny Trip<\/td>\n<td class=\"xl77\" align=\"right\">$75<\/td>\n<\/tr>\n<tr>\n<td class=\"xl68\" height=\"21\">Deuxi\u00e8me place<\/td>\n<td class=\"xl68\">Sylvie Hay<\/td>\n<td class=\"xl70\">SK<\/td>\n<td class=\"xl69\">Cotton Candy Clouds<\/td>\n<td class=\"xl63\"><\/td>\n<\/tr>\n<tr>\n<td class=\"xl68\" height=\"21\">Troisi\u00e8me place<\/td>\n<td class=\"xl68\">Amaru Rojas-Chan<\/td>\n<td class=\"xl70\">MB<\/td>\n<td class=\"xl69\">Bouncy<\/td>\n<td class=\"xl63\"><\/td>\n<\/tr>\n<tr>\n<td class=\"xl68\" height=\"21\"><\/td>\n<td class=\"xl68\"><\/td>\n<td class=\"xl70\"><\/td>\n<td class=\"xl69\"><\/td>\n<td class=\"xl63\"><\/td>\n<\/tr>\n<tr>\n<td class=\"xl75\" colspan=\"5\" height=\"21\"><strong>Niveau pr\u00e9paratoire \u2013 8 ans et moins, cat\u00e9gorie de composition 2 pour voix<\/strong><\/td>\n<\/tr>\n<tr>\n<td class=\"xl68\" height=\"21\">Premi\u00e8re place<\/td>\n<td class=\"xl68\">Marianna Sutherland<\/td>\n<td class=\"xl70\">ON<\/td>\n<td class=\"xl69\">I\u2019m Nobody! Who are You?<\/td>\n<td class=\"xl77\" align=\"right\">$75<\/td>\n<\/tr>\n<tr>\n<td class=\"xl68\" height=\"21\">Deuxi\u00e8me place<\/td>\n<td class=\"xl68\">Emily Dietrich<\/td>\n<td class=\"xl70\">AB<\/td>\n<td class=\"xl69\">Stars<\/td>\n<td class=\"xl63\"><\/td>\n<\/tr>\n<tr>\n<td class=\"xl76\" height=\"21\">roisi\u00e8me place<\/td>\n<td class=\"xl66\">Timisire Falode<\/td>\n<td class=\"xl63\">NS<\/td>\n<td class=\"xl67\">What\u2019s in the Sky?<\/td>\n<td class=\"xl63\"><\/td>\n<\/tr>\n<tr>\n<td class=\"xl76\" height=\"21\"><\/td>\n<td class=\"xl66\"><\/td>\n<td class=\"xl63\"><\/td>\n<td class=\"xl67\"><\/td>\n<td class=\"xl63\"><\/td>\n<\/tr>\n<tr>\n<td class=\"xl75\" colspan=\"5\" height=\"21\"><strong>Niveau A \u2013 11 ans et moins, cat\u00e9gorie de composition 1 pour instrument solo<\/strong><\/td>\n<\/tr>\n<tr>\n<td class=\"xl68\" height=\"21\">Premi\u00e8re place<\/td>\n<td class=\"xl68\">Nathan Syyong<\/td>\n<td class=\"xl70\">BC<\/td>\n<td class=\"xl69\">Don\u2019t Ever Underestimate the Smallest Elephant<\/td>\n<td class=\"xl77\" align=\"right\">$150<\/td>\n<\/tr>\n<tr>\n<td class=\"xl68\" height=\"21\">Deuxi\u00e8me place<\/td>\n<td class=\"xl68\">Jia He Andy Zhang<\/td>\n<td class=\"xl70\">QC<\/td>\n<td class=\"xl69\">12 contes<\/td>\n<td class=\"xl63\"><\/td>\n<\/tr>\n<tr>\n<td class=\"xl68\" height=\"21\">Troisi\u00e8me place<\/td>\n<td class=\"xl68\">Sarah Wolfe<\/td>\n<td class=\"xl70\">ON<\/td>\n<td class=\"xl69\">Octopus Song<\/td>\n<td class=\"xl63\"><\/td>\n<\/tr>\n<tr>\n<td class=\"xl68\" height=\"21\">Mention d'honneur<\/td>\n<td class=\"xl68\">Ian Turcotte<\/td>\n<td class=\"xl70\">YT<\/td>\n<td class=\"xl69\">Memories of a Blue House<\/td>\n<td class=\"xl63\"><\/td>\n<\/tr>\n<tr>\n<td class=\"xl76\" height=\"21\"><\/td>\n<td class=\"xl66\"><\/td>\n<td class=\"xl63\"><\/td>\n<td class=\"xl67\"><\/td>\n<td class=\"xl63\"><\/td>\n<\/tr>\n<tr>\n<td class=\"xl74\" colspan=\"5\" height=\"21\"><strong>Niveau A \u2013 11 ans et moins, cat\u00e9gorie de composition 2 pour voix<\/strong><\/td>\n<\/tr>\n<tr>\n<td class=\"xl68\" height=\"21\">Premi\u00e8re place<\/td>\n<td class=\"xl68\">Valerie Anyigwe<\/td>\n<td class=\"xl70\">NS<\/td>\n<td class=\"xl69\">Doggy, Doggy, Doggy<\/td>\n<td class=\"xl77\" align=\"right\">$150<\/td>\n<\/tr>\n<tr>\n<td class=\"xl68\" height=\"21\">Deuxi\u00e8me place<\/td>\n<td class=\"xl68\">Olivia Chung<\/td>\n<td class=\"xl70\">AB<\/td>\n<td class=\"xl69\">Always Family<\/td>\n<td class=\"xl63\"><\/td>\n<\/tr>\n<tr>\n<td class=\"xl68\" height=\"21\">Troisi\u00e8me place<\/td>\n<td class=\"xl68\">Nathaniel Mercer<\/td>\n<td class=\"xl70\">MB<\/td>\n<td class=\"xl69\">Dreamin\u2019 in My Memories<\/td>\n<td class=\"xl63\"><\/td>\n<\/tr>\n<tr>\n<td class=\"xl76\" height=\"21\"><\/td>\n<td class=\"xl66\"><\/td>\n<td class=\"xl63\"><\/td>\n<td class=\"xl67\"><\/td>\n<td class=\"xl63\"><\/td>\n<\/tr>\n<tr>\n<td class=\"xl75\" colspan=\"5\" height=\"21\"><strong>Niveau B \u2013 15 ans et moins, cat\u00e9gorie de composition 1 pour instrument solo<\/strong><\/td>\n<\/tr>\n<tr>\n<td class=\"xl68\" height=\"21\">Premi\u00e8re place<\/td>\n<td class=\"xl68\">Will Zhu<\/td>\n<td class=\"xl70\">BC<\/td>\n<td class=\"xl69\">Aeris<\/td>\n<td class=\"xl77\" align=\"right\">$225<\/td>\n<\/tr>\n<tr>\n<td class=\"xl68\" height=\"21\">Deuxi\u00e8me place<\/td>\n<td class=\"xl68\">Gaoyuan Cheng<\/td>\n<td class=\"xl70\">MB<\/td>\n<td class=\"xl69\">A Snowy Stroll<\/td>\n<td class=\"xl63\"><\/td>\n<\/tr>\n<tr>\n<td class=\"xl68\" height=\"21\">Troisi\u00e8me place<\/td>\n<td class=\"xl68\">Liv Makarenko<\/td>\n<td class=\"xl70\">PE<\/td>\n<td class=\"xl69\">Pegasus<\/td>\n<td class=\"xl63\"><\/td>\n<\/tr>\n<tr>\n<td class=\"xl68\" height=\"21\"><\/td>\n<td class=\"xl68\"><\/td>\n<td class=\"xl70\"><\/td>\n<td class=\"xl69\"><\/td>\n<td class=\"xl63\"><\/td>\n<\/tr>\n<tr>\n<td class=\"xl75\" colspan=\"5\" height=\"21\"><strong>Niveau B \u2013 15 ans et moins, cat\u00e9gorie de composition 2 pour voix<\/strong><\/td>\n<\/tr>\n<tr>\n<td class=\"xl68\" height=\"21\">Premi\u00e8re place<\/td>\n<td class=\"xl68\">Harley Spencer-Lowe<\/td>\n<td class=\"xl70\">NS<\/td>\n<td class=\"xl69\">Hide and Seek<\/td>\n<td class=\"xl77\" align=\"right\">$225<\/td>\n<\/tr>\n<tr>\n<td class=\"xl76\" height=\"21\">Deuxi\u00e8me place<\/td>\n<td class=\"xl66\">Kalyse Hemsing<\/td>\n<td class=\"xl63\">AB<\/td>\n<td class=\"xl67\">Harder<\/td>\n<td class=\"xl63\"><\/td>\n<\/tr>\n<tr>\n<td class=\"xl76\" height=\"21\"><\/td>\n<td class=\"xl66\"><\/td>\n<td class=\"xl63\"><\/td>\n<td class=\"xl67\"><\/td>\n<td class=\"xl63\"><\/td>\n<\/tr>\n<tr>\n<td class=\"xl74\" colspan=\"5\" height=\"21\"><strong>Niveau C \u2013 19 ans et moins<\/strong><\/td>\n<\/tr>\n<tr>\n<td class=\"xl68\" height=\"21\">Premi\u00e8re place<\/td>\n<td class=\"xl68\">Eason Fan<\/td>\n<td class=\"xl70\">SK<\/td>\n<td class=\"xl69\">Musique de Danse<\/td>\n<td class=\"xl77\" align=\"right\">$350<\/td>\n<\/tr>\n<tr>\n<td class=\"xl68\" height=\"21\">Deuxi\u00e8me place<\/td>\n<td class=\"xl68\">Anders Currah<\/td>\n<td class=\"xl70\">AB<\/td>\n<td class=\"xl69\">The Roads not Taken<\/td>\n<td class=\"xl63\"><\/td>\n<\/tr>\n<tr>\n<td class=\"xl68\" height=\"21\">Troisi\u00e8me place<\/td>\n<td class=\"xl68\">Louis Duffayet<\/td>\n<td class=\"xl70\">QC<\/td>\n<td class=\"xl69\">Quatre miniatures<\/td>\n<td class=\"xl63\"><\/td>\n<\/tr>\n<tr>\n<td class=\"xl68\" height=\"21\"><\/td>\n<td class=\"xl68\"><\/td>\n<td class=\"xl70\"><\/td>\n<td class=\"xl69\"><\/td>\n<td class=\"xl63\"><\/td>\n<\/tr>\n<tr>\n<td class=\"xl74\" colspan=\"5\" height=\"21\"><strong>Niveau D \u2013 Ouvert<\/strong><\/td>\n<\/tr>\n<tr>\n<td class=\"xl68\" height=\"21\">Premi\u00e8re place<\/td>\n<td class=\"xl68\">Sarah Mercer<\/td>\n<td class=\"xl70\">MB<\/td>\n<td class=\"xl69\">Easy as Cake<\/td>\n<td class=\"xl77\" align=\"right\">$400<\/td>\n<\/tr>\n<tr>\n<td class=\"xl68\" height=\"21\">Deuxi\u00e8me place<\/td>\n<td class=\"xl68\">Kurt Stenner<\/td>\n<td class=\"xl70\">AB<\/td>\n<td class=\"xl69\">Avro Arrow<\/td>\n<td class=\"xl63\"><\/td>\n<\/tr>\n<tr>\n<td class=\"xl68\" height=\"21\">Troisi\u00e8me place<\/td>\n<td class=\"xl68\">Max Francis<\/td>\n<td class=\"xl70\">BC<\/td>\n<td class=\"xl69\">Quartet op. 6<\/td>\n<td class=\"xl63\"><\/td>\n<\/tr>\n<tr>\n<td class=\"xl68\" height=\"21\"><\/td>\n<td class=\"xl68\"><\/td>\n<td class=\"xl70\"><\/td>\n<td class=\"xl69\"><\/td>\n<td class=\"xl63\"><\/td>\n<\/tr>\n<tr>\n<td class=\"xl74\" colspan=\"5\" height=\"21\">\n<div><b><strong>Prix Helen Dahlstrom<\/strong><\/b><\/div>\n<\/td>\n<\/tr>\n<tr>\n<td class=\"xl66\" height=\"21\"><\/td>\n<td class=\"xl68\">Will Zhu<\/td>\n<td class=\"xl70\">BC<\/td>\n<td class=\"xl69\">Aeris<\/td>\n<td class=\"xl77\" align=\"right\">$250<\/td>\n<\/tr>\n<tr>\n<td class=\"xl64\" height=\"21\"><\/td>\n<td class=\"xl64\"><\/td>\n<td><\/td>\n<td class=\"xl65\"><\/td>\n<td><\/td>\n<\/tr>\n<tr>\n<td class=\"xl78\" height=\"21\"><strong>Adjudicator<\/strong><\/td>\n<td class=\"xl64\">Corie Rose Soumah<\/td>\n<td><\/td>\n<td><\/td>\n<td><\/td>\n<\/tr>\n<\/tbody>\n<\/table>\n<\/div><\/div><\/div><div id=\"pgc-876-0-2\"  class=\"panel-grid-cell panel-grid-cell-empty\" ><\/div><\/div><\/div>","protected":false},"excerpt":{"rendered":"<p>Le Concours pour jeunes composition \u00a0de la FCAPM\/CFMTA est un concours national r\u00e9serv\u00e9 aux laur\u00e9ats des concours de composition provinciaux. Les \u0153uvres sont soumises \u00e0 un jury pancanadien par les coordonnateurs provinciaux de la Semaine de la musique canadienne \u00a0avant &hellip; <a class=\"kt-excerpt-readmore\" href=\"https:\/\/www.cfmta.org\/fr\/concours-de-composition-pour-eleves-gagnants\/\" aria-label=\"Concours pour jeunes composition  &#8211;  Gagnants\">Read More<\/a><\/p>\n","protected":false},"author":2,"featured_media":0,"parent":0,"menu_order":0,"comment_status":"closed","ping_status":"closed","template":"page-fullwidth.php","meta":{"kt_blocks_editor_width":"","footnotes":""},"class_list":["post-876","page","type-page","status-publish","hentry"],"_links":{"self":[{"href":"https:\/\/www.cfmta.org\/fr\/wp-json\/wp\/v2\/pages\/876","targetHints":{"allow":["GET"]}}],"collection":[{"href":"https:\/\/www.cfmta.org\/fr\/wp-json\/wp\/v2\/pages"}],"about":[{"href":"https:\/\/www.cfmta.org\/fr\/wp-json\/wp\/v2\/types\/page"}],"author":[{"embeddable":true,"href":"https:\/\/www.cfmta.org\/fr\/wp-json\/wp\/v2\/users\/2"}],"replies":[{"embeddable":true,"href":"https:\/\/www.cfmta.org\/fr\/wp-json\/wp\/v2\/comments?post=876"}],"version-history":[{"count":22,"href":"https:\/\/www.cfmta.org\/fr\/wp-json\/wp\/v2\/pages\/876\/revisions"}],"predecessor-version":[{"id":3407,"href":"https:\/\/www.cfmta.org\/fr\/wp-json\/wp\/v2\/pages\/876\/revisions\/3407"}],"wp:attachment":[{"href":"https:\/\/www.cfmta.org\/fr\/wp-json\/wp\/v2\/media?parent=876"}],"curies":[{"name":"wp","href":"https:\/\/api.w.org\/{rel}","templated":true}]}}