{"id":890,"date":"2017-08-29T08:45:05","date_gmt":"2017-08-29T15:45:05","guid":{"rendered":"http:\/\/www.cfmta.org\/fr\/?page_id=890"},"modified":"2025-08-01T10:05:13","modified_gmt":"2025-08-01T17:05:13","slug":"concours-national-dessai-gagnant","status":"publish","type":"page","link":"https:\/\/www.cfmta.org\/fr\/concours-national-dessai-gagnant\/","title":{"rendered":"Concours national d\u2019essai &#8211;  Gagnants 2025"},"content":{"rendered":"<div id=\"pl-890\"  class=\"panel-layout\" ><div id=\"pg-890-0\"  class=\"panel-grid panel-no-style\" ><div id=\"pgc-890-0-0\"  class=\"panel-grid-cell panel-grid-cell-empty\" ><\/div><div id=\"pgc-890-0-1\"  class=\"panel-grid-cell panel-grid-cell-mobile-last\" ><div id=\"panel-890-0-1-0\" class=\"so-panel widget widget_black-studio-tinymce widget_black_studio_tinymce panel-first-child panel-last-child\" data-index=\"0\" ><div class=\"textwidget\"><p style=\"font-weight: 400;\">Le prix cr\u00e9\u00e9 par la FCAPM, en l'honneur de Lorna Wanzel, docteure en \u00e9ducation, est d\u00e9cern\u00e9 au laur\u00e9at ou \u00e0 la laur\u00e9ate de la premi\u00e8re place de la cat\u00e9gorie doctorat. Le prix pour la cat\u00e9gorie ma\u00eetrise est offert par les donatrices Dr Margaret Fitch. Cette ann\u00e9e, le prix pour la cat\u00e9gorie premier cycle (baccalaur\u00e9at) est fourni par Catherine Barlett. Le prix pour la cat\u00e9gorie du niveau secondaire <span lang=\"EN-US\">Dr. Bronwyn Schuman, Dr. Emily Logan, Kathy Normandeau.<\/span><\/p>\n<p style=\"font-weight: 400;\">La FCAPM a le plaisir de f\u00e9liciter les gagnants du concours d\u2019essai litt\u00e9raire de 2025.<\/p>\n<p>&nbsp;<\/p>\n<p><strong>Niveau universitaire doctoral <\/strong><\/p>\n<p>1<sup>re<\/sup> place\u00a0 ($1000.00)<br \/>\nSponsored by CFMTA\/FCAPM in honour of founder Dr. Lorna Wanzel<\/p>\n<p><strong>Jenna Richards, <\/strong>University of Ottawa, Ontario<strong><br \/>\n<a href=\"https:\/\/www.cfmta.org\/docs\/essays\/2025\/Jenna-Richards-Doctoral.pdf\" target=\"_blank\" rel=\"noopener\"><em>Reimagining the Undergraduate-to-Career Pipeline in Music Performance:<\/em><\/a><\/strong>\u00a0<em>An Autoethnography from the Perspective of a Portfolio Careerist.<\/em><\/p>\n<p>&nbsp;<\/p>\n<p><strong>Niveau universitaire \u2013 deuxi\u00e8me cycle<\/strong><\/p>\n<p>1<sup>re<\/sup> place ($750.00)<br \/>\nSponsored by <span lang=\"EN-US\">Dr. Margaret Fitch <\/span><\/p>\n<p><strong>Anika-France Forget, <\/strong>University of Ottawa, Ontario<strong><br \/>\n<\/strong><a href=\"https:\/\/www.cfmta.org\/docs\/essays\/2025\/Anika-France-Forgot-Grad.pdf\" target=\"_blank\" rel=\"noopener\"><strong><em>On Teaching Musical Perfectionism<\/em><\/strong><strong><em>: <\/em><\/strong><\/a><em>An Outlook on the Adversities of Systematic Teaching and its Ideologies<\/em><\/p>\n<p><strong>\u00a0 \u00a0 \u00a0 \u00a0 \u00a0 \u00a0 \u00a0 \u00a0 \u00a0 \u00a0 \u00a0<\/strong><\/p>\n<p><strong>Premier cycle universitaire\u00a0<\/strong><\/p>\n<p>1<sup>re<\/sup> place ($500.00)<br \/>\nSponsored by <span lang=\"EN-US\">Catherine Bartlett<\/span><\/p>\n<p><strong>Nicola Cameron, <\/strong>Ambrose University, Calgary, Alberta<strong><em><br \/>\n<a href=\"https:\/\/www.cfmta.org\/docs\/essays\/2025\/Nicola-Cameron-undergrad.pdf\" target=\"_blank\" rel=\"noopener\">World Music and Cultural Intelligence in the Classroom<\/a><\/em><\/strong><\/p>\n<p><strong>\u00a0 \u00a0 \u00a0 \u00a0 \u00a0 \u00a0 \u00a0 \u00a0 \u00a0<\/strong><\/p>\n<p><strong>\u00c9l\u00e8ves du secondaire<\/strong><\/p>\n<p>1<sup>re<\/sup> place ($250.00)<br \/>\nSponsored by <span lang=\"EN-US\">Dr. Bronwyn Schuman, Dr. Emily Logan, Kathy Normandeau\u00a0 <\/span><\/p>\n<p><strong>Amy Pham, <\/strong>Michael Power St. Joseph High School\/Business and Arts International Baccalaureate, Toronto, Ontario<strong><em><br \/>\n<a href=\"http:\/\/cfmta.org\/docs\/essays\/2025\/Amy-Pham-Highschool.pdf\" target=\"_blank\" rel=\"noopener\">Examining the influence of Romantic Style on Classical Form in Johannes Brahms' Piano Compositions:<\/a> <\/em><\/strong><em>Adapting Sonata Form, Scherzo and Rondo Form to Romantic Era Style in Piano Sonata No.3 in F Minor Op.5<\/em><\/p>\n<p>&nbsp;<\/p>\n<p>Nos juges pour le concours 2025 \u00e9taient :<\/p>\n<ul>\n<li>Dr. Terence Dawson<\/li>\n<li>Dr. Emily Logan<\/li>\n<li>Dr. Lori Lynn Penny<\/li>\n<li>Dr. Bronwyn Schuman<\/li>\n<li>Olivia Adams<\/li>\n<li>Susan Shantora<\/li>\n<li>Kathy Normandeau<\/li>\n<\/ul>\n<\/div><\/div><\/div><div id=\"pgc-890-0-2\"  class=\"panel-grid-cell panel-grid-cell-empty\" ><\/div><\/div><\/div>","protected":false},"excerpt":{"rendered":"<p>Le prix cr\u00e9\u00e9 par la FCAPM, en l&#8217;honneur de Lorna Wanzel, docteure en \u00e9ducation, est d\u00e9cern\u00e9 au laur\u00e9at ou \u00e0 la laur\u00e9ate de la premi\u00e8re place de la cat\u00e9gorie doctorat. Le prix pour la cat\u00e9gorie ma\u00eetrise est offert par les &hellip; <a class=\"kt-excerpt-readmore\" href=\"https:\/\/www.cfmta.org\/fr\/concours-national-dessai-gagnant\/\" aria-label=\"Concours national d\u2019essai &#8211;  Gagnants 2025\">Read More<\/a><\/p>\n","protected":false},"author":2,"featured_media":0,"parent":0,"menu_order":0,"comment_status":"closed","ping_status":"closed","template":"page-fullwidth.php","meta":{"kt_blocks_editor_width":"","footnotes":""},"class_list":["post-890","page","type-page","status-publish","hentry"],"_links":{"self":[{"href":"https:\/\/www.cfmta.org\/fr\/wp-json\/wp\/v2\/pages\/890","targetHints":{"allow":["GET"]}}],"collection":[{"href":"https:\/\/www.cfmta.org\/fr\/wp-json\/wp\/v2\/pages"}],"about":[{"href":"https:\/\/www.cfmta.org\/fr\/wp-json\/wp\/v2\/types\/page"}],"author":[{"embeddable":true,"href":"https:\/\/www.cfmta.org\/fr\/wp-json\/wp\/v2\/users\/2"}],"replies":[{"embeddable":true,"href":"https:\/\/www.cfmta.org\/fr\/wp-json\/wp\/v2\/comments?post=890"}],"version-history":[{"count":24,"href":"https:\/\/www.cfmta.org\/fr\/wp-json\/wp\/v2\/pages\/890\/revisions"}],"predecessor-version":[{"id":3388,"href":"https:\/\/www.cfmta.org\/fr\/wp-json\/wp\/v2\/pages\/890\/revisions\/3388"}],"wp:attachment":[{"href":"https:\/\/www.cfmta.org\/fr\/wp-json\/wp\/v2\/media?parent=890"}],"curies":[{"name":"wp","href":"https:\/\/api.w.org\/{rel}","templated":true}]}}